{"id":21432,"date":"2022-06-16T19:03:10","date_gmt":"2022-06-16T11:03:10","guid":{"rendered":"http:\/\/pandamech.com\/?post_type=product&#038;p=21432"},"modified":"2025-08-23T01:08:25","modified_gmt":"2025-08-22T17:08:25","slug":"2-axle-flatbed-tractor-trailer-for-sale","status":"publish","type":"product","link":"https:\/\/www.pandamech.com\/spanish\/product\/2-axle-flatbed-tractor-trailer-for-sale\/","title":{"rendered":"2 Axle Flatbed Tractor Trailer For Sale"},"content":{"rendered":"<p>El remolque tractor de plataforma plana tambi\u00e9n se conoce como remolque semirremolque de plataforma plana. El remolque tractor de plataforma plana es un semirremolque con estructura de contenedor. Se utiliza principalmente en sistemas log\u00edsticos de apoyo a buques, puertos, rutas, autopistas, estaciones de transferencia, puentes, t\u00faneles y transporte multimodal.<\/p>\n<p>El tama\u00f1o de la parte de carga del remolque tractor de plataforma se determina en funci\u00f3n del tama\u00f1o del contenedor est\u00e1ndar, y se proporciona un dispositivo de bloqueo por torsi\u00f3n para fijar el contenedor en la posici\u00f3n correspondiente a las cuatro esquinas de la parte inferior del contenedor.<\/p>\n<p style=\"text-align: center;\"><a class=\"product_button\" href=\"#elementor-action%3Aaction%3Dpopup%3Aopen%26settings%3DeyJpZCI6Ijk5MDciLCJ0b2dnbGUiOmZhbHNlfQ%3D%3D\">Haga clic para m\u00e1s detalles<\/a><\/p>\n<h2>2 Ejes 40 pies remolque tractor plano im\u00e1genes<\/h2>\n<p><img fetchpriority=\"high\" decoding=\"async\" class=\"alignnone size-full wp-image-22131\" src=\"https:\/\/pandamech.com\/wp-content\/uploads\/2021\/08\/7-82-1.jpg\" alt=\"tractor remolque plano en venta\" width=\"800\" height=\"533\" title=\"\"><br \/>\nveh\u00edculo de transporte de contenedores de gran tonelaje con eje t\u00e1ndem<\/p>\n<p>Relacionado: <span style=\"color: #0000ff;\"><a style=\"color: #0000ff;\" href=\"https:\/\/www.pandamech.com\/spanish\/product\/3-axle-40-foot-flatbed-semi-trailer\/\" target=\"_blank\" rel=\"noopener\">Remolque de cami\u00f3n de plataforma de 3 ejes<\/a><\/span>, <a href=\"https:\/\/www.pandamech.com\/spanish\/product\/4-axle-flatbed-trailer-for-sale\/\" target=\"_blank\" rel=\"noopener\"><span style=\"color: #0000ff;\">Semirremolque de plataforma de 4 ejes<\/span><\/a><\/p>\n<h2>Especificaciones del remolque tractor de plataforma de 2 ejes<\/h2>\n<table style=\"width: 800px;\" border=\"1\" cellspacing=\"1\" cellpadding=\"1\">\n<tbody>\n<tr>\n<td width=\"297\" height=\"30\">\u00a0Fabricante<\/td>\n<td width=\"495\">\u00a0Panda Mech 2 ejes remolque tractor plano<\/td>\n<\/tr>\n<tr>\n<td width=\"297\" height=\"30\">\u00a0Ejes<\/td>\n<td width=\"495\">\u00a02 ejes BPW\/SAF\/FUWA Marca<\/td>\n<\/tr>\n<tr>\n<td width=\"297\" height=\"30\">\u00a0Dimensiones del remolque tractor de plataforma<\/td>\n<td width=\"495\">\u00a012500 \u00d72500\u00d71500 mm<\/td>\n<\/tr>\n<tr>\n<td width=\"297\" height=\"30\">\u00a0Peso<\/td>\n<td width=\"495\">\u00a07 toneladas<\/td>\n<\/tr>\n<tr>\n<td width=\"297\" height=\"30\">\u00a0Cierre giratorio<\/td>\n<td width=\"495\">\u00a08 series<\/td>\n<\/tr>\n<tr>\n<td width=\"297\" height=\"30\">\u00a0Material<\/td>\n<td width=\"495\">\u00a0Vigas principales Q345B, brida superior:14mm, media:8mm, inferior:16mm<\/td>\n<\/tr>\n<tr>\n<td width=\"297\" height=\"30\">\u00a0Alfiler de rey<\/td>\n<td width=\"495\">\u00a02 pulgadas o 3,5 pulgadas Marca JOST<\/td>\n<\/tr>\n<tr>\n<td width=\"297\" height=\"30\">\u00a0Chasis<\/td>\n<td width=\"495\">\u00a03mm,4mm,6mm, acero al carbono o aleaci\u00f3n de aluminio<\/td>\n<\/tr>\n<tr>\n<td width=\"297\" height=\"30\">\u00a0Suspensi\u00f3n<\/td>\n<td width=\"495\">\u00a0Suspensi\u00f3n mec\u00e1nica, neum\u00e1tica, de bogies<\/td>\n<\/tr>\n<tr>\n<td width=\"297\" height=\"36\">\u00a0Neum\u00e1tico<\/td>\n<td width=\"495\">\u00a011.00R20, 12.00R20,12R22.5, 385\/65R22.5 Triangle\/Hankook\/ Marca Bridgestone<\/td>\n<\/tr>\n<tr>\n<td width=\"297\" height=\"30\">\u00a0Sistema de frenos<\/td>\n<td width=\"495\">\u00a0V\u00e1lvula WABCO con c\u00e1mara grande<\/td>\n<\/tr>\n<\/tbody>\n<\/table>\n<p style=\"text-align: center;\"><a class=\"product_button\" href=\"#elementor-action%3Aaction%3Dpopup%3Aopen%26settings%3DeyJpZCI6Ijk5MDciLCJ0b2dnbGUiOmZhbHNlfQ%3D%3D\">Haga clic para m\u00e1s detalles<\/a><\/p>\n<h2 style=\"color: #444444;\">Aplicaci\u00f3n<\/h2>\n<p>El remolque de plataforma de 2 ejes se utiliza generalmente para el transporte de contenedores, carga a granel, cemento a granel, arroz a granel, etc. Se utiliza principalmente para el transporte de larga distancia. Generalmente, el remolque plataforma puede transportar 30-60 toneladas.<\/p>\n<p>Si se trata de una gran cantidad de transporte o diferentes necesidades, podemos personalizarlo, o remolque de plataforma algunos veh\u00edculos deformados.<\/p>\n<p style=\"text-align: center;\"><a class=\"product_button\" href=\"#elementor-action%3Aaction%3Dpopup%3Aopen%26settings%3DeyJpZCI6Ijk5MDciLCJ0b2dnbGUiOmZhbHNlfQ%3D%3D\">Haga clic para m\u00e1s detalles<\/a><\/p>\n<h2>Caracter\u00edstica<\/h2>\n<h3>Piezas multisoporte<\/h3>\n<p>8, 12 juegos de esclusas de contenedor para transportar 1 unidad de contenedor de 30 pies, 40 pies, 45 pies y 2 unidades de contenedor de 20 pies.<\/p>\n<p>Euphroes de cuerda y ganchos ayudan a sujetar la carga, adecuado para el transporte de carga m\u00faltiple.<\/p>\n<h3>Buena pintura<\/h3>\n<p>Limpieza de las superficies mediante granallado. Un revestimiento epoxi y un revestimiento de acabado acr\u00edlico.<\/p>\n<p>Duradero contra el \u00f3xido, soporta un buen aspecto y una vida \u00fatil m\u00e1s largos.<\/p>\n<h3>Soldadura autom\u00e1tica<\/h3>\n<p>Arco sumergido Construcci\u00f3n de soldadura autom\u00e1tica, punto clave refuerza y soldadura a prop\u00f3sito evitar algunas partes m\u00e1s f\u00e1cil perder la soldadura de acuerdo con la experiencia de apoyo veh\u00edculo m\u00e1s tiempo trabajando sin reparar.<\/p>\n<h3>Ejes, suspensiones y sistemas de frenado de calidad<\/h3>\n<p>BPW, FUWA en todo el mundo mejores ejes de trabajo con v\u00e1lvula de freno WABCO, m\u00e1s eficaz de freno para la seguridad y ahorrar costes de neum\u00e1ticos<\/p>\n<p>Fijar muelles y suspensiones de calidad, apoyar una vida \u00fatil m\u00e1s larga, ahorrar costes de mantenimiento.<\/p>\n<p style=\"text-align: center;\"><a class=\"product_button\" href=\"#elementor-action%3Aaction%3Dpopup%3Aopen%26settings%3DeyJpZCI6Ijk5MDciLCJ0b2dnbGUiOmZhbHNlfQ%3D%3D\">Haga clic para m\u00e1s detalles<\/a><\/p>\n<h2>Transporte y transporte mar\u00edtimo de remolques plataforma de contenedores<\/h2>\n<p>A la hora de transportar remolques de plataforma, muchos clientes optan por el transporte en contenedor, ya que \u00e9ste puede tener unos costes de transporte m\u00e1s bajos y un tiempo de transporte m\u00e1s corto.<\/p>\n<p>Semirremolques de plataforma plana se utilizan generalmente para los buques de carga a granel o ro-ro para el transporte. Nos aseguraremos de que Panda Mech comercial semirremolques de plataforma ser\u00e1 encerado y cubierto con lonas cuando los buques de carga a granel.<\/p>\n<p><img decoding=\"async\" class=\"alignnone size-full wp-image-32264\" src=\"https:\/\/pandamech.com\/wp-content\/uploads\/2022\/08\/flatbed-semi-trailer-transport1.jpg\" alt=\"transporte semirremolque plataforma\" width=\"800\" height=\"547\" title=\"\"><\/p>\n<h2>Panda Mech<\/h2>\n<p>Somos un fabricante de 2 ejes remolque tractor de plataforma de China. Suministramos 2 ejes remolques de plataforma plana de contenedores de tractores para la venta. Podemos personalizar de acuerdo a sus necesidades.<\/p>\n<p>Los fabricantes de Panda Mech han tenido \u00e9xito en el Sudeste Asi\u00e1tico, Oriente Medio, \u00c1frica y Sudam\u00e9rica, como Filipinas, Tanzania, etc.\u00a0\u00a0<a href=\"https:\/\/www.pandamech.com\/spanish\/about\/\" rel=\"nofollow noopener\" name=\"662ae8fb-4e4e-4cc5-876a-6bfaecae5a2d\" target=\"_blank\">M\u00e1s sobre el panda<\/a><\/p>\n<p><a href=\"\/spanish\/contact-us\/\" rel=\"nofollow\"><img decoding=\"async\" src=\"https:\/\/pandamech.com\/wp-content\/uploads\/u_file\/db8ce19fe3.jpg\" alt=\"Semirremolque portacontenedores de 2 ejes\" title=\"\"><\/a><\/p>","protected":false},"excerpt":{"rendered":"<p>Tipo: remolque tractor plano<\/p>\n<p>Gama de precios: $9,990-15,500<\/p>\n<p>Plazo de entrega: 7-25 d\u00edas<\/p>\n<p>Capacidad de carga: 20-50 toneladas<\/p>\n<p>Aplicaci\u00f3n: carga a granel, contenedores<\/p>","protected":false},"featured_media":57868,"template":"","meta":{"_acf_changed":false,"_kad_blocks_custom_css":"","_kad_blocks_head_custom_js":"","_kad_blocks_body_custom_js":"","_kad_blocks_footer_custom_js":"","_kad_post_transparent":"default","_kad_post_title":"","_kad_post_layout":"default","_kad_post_sidebar_id":"","_kad_post_content_style":"default","_kad_post_vertical_padding":"default","_kad_post_feature":"","_kad_post_feature_position":"","_kad_post_header":false,"_kad_post_footer":false,"_kad_post_classname":""},"product_brand":[],"product_cat":[77],"product_tag":[],"class_list":{"0":"post-21432","1":"product","2":"type-product","3":"status-publish","4":"has-post-thumbnail","6":"product_cat-flatbed-semi-trailer","8":"first","9":"instock","10":"sold-individually","11":"shipping-taxable","12":"purchasable","13":"product-type-simple","14":"entry","15":"content-bg","16":"loop-entry"},"acf":[],"taxonomy_info":{"product_cat":[{"value":77,"label":"Flatbed Semi Trailer"}]},"featured_image_src_large":["https:\/\/www.pandamech.com\/wp-content\/uploads\/2022\/08\/7-2-axle-flatbed-semi-trailer-500x333.jpg",500,333,true],"author_info":[],"comment_info":"","_links":{"self":[{"href":"https:\/\/www.pandamech.com\/spanish\/wp-json\/wp\/v2\/product\/21432","targetHints":{"allow":["GET"]}}],"collection":[{"href":"https:\/\/www.pandamech.com\/spanish\/wp-json\/wp\/v2\/product"}],"about":[{"href":"https:\/\/www.pandamech.com\/spanish\/wp-json\/wp\/v2\/types\/product"}],"version-history":[{"count":1,"href":"https:\/\/www.pandamech.com\/spanish\/wp-json\/wp\/v2\/product\/21432\/revisions"}],"predecessor-version":[{"id":91386,"href":"https:\/\/www.pandamech.com\/spanish\/wp-json\/wp\/v2\/product\/21432\/revisions\/91386"}],"wp:featuredmedia":[{"embeddable":true,"href":"https:\/\/www.pandamech.com\/spanish\/wp-json\/wp\/v2\/media\/57868"}],"wp:attachment":[{"href":"https:\/\/www.pandamech.com\/spanish\/wp-json\/wp\/v2\/media?parent=21432"}],"wp:term":[{"taxonomy":"product_brand","embeddable":true,"href":"https:\/\/www.pandamech.com\/spanish\/wp-json\/wp\/v2\/product_brand?post=21432"},{"taxonomy":"product_cat","embeddable":true,"href":"https:\/\/www.pandamech.com\/spanish\/wp-json\/wp\/v2\/product_cat?post=21432"},{"taxonomy":"product_tag","embeddable":true,"href":"https:\/\/www.pandamech.com\/spanish\/wp-json\/wp\/v2\/product_tag?post=21432"}],"curies":[{"name":"wp","href":"https:\/\/api.w.org\/{rel}","templated":true}]}}