{"id":21399,"date":"2023-06-15T19:02:48","date_gmt":"2023-06-15T11:02:48","guid":{"rendered":"http:\/\/pandamech.com\/?post_type=product&#038;p=21399"},"modified":"2025-08-23T01:07:06","modified_gmt":"2025-08-22T17:07:06","slug":"3-axle-low-bed-trailer-p00122p1-html","status":"publish","type":"product","link":"https:\/\/www.pandamech.com\/spanish\/product\/3-axle-low-bed-trailer-p00122p1-html\/","title":{"rendered":"3 Axle Lowbed Trailer For Sale"},"content":{"rendered":"<p>Remolque de plataforma baja de 3 ejes tambi\u00e9n conocido como remolque de plataforma baja de 40 pies, remolque de plataforma baja de tres ejes. Generalmente se utilizan para transportar maquinaria de construcci\u00f3n y equipos de gran tama\u00f1o. Generalmente, muchos lugares son limitados, especialmente en algunos puentes. El uso de <a style=\"color: #3366ff;\" href=\"https:\/\/www.pandamech.com\/spanish\/category\/cargo-trailer\/flatbed-semi-trailer\/\" target=\"_blank\" rel=\"noopener\">semirremolques planos<\/a> no se puede transportar, por lo que la gente utiliza un remolque lowboy de triple eje para el transporte.<\/p>\n<h2>3 Axle 40ft remolque cama baja im\u00e1genes<\/h2>\n<p><img decoding=\"async\" style=\"width: 800px;\" src=\"https:\/\/pandamech.com\/wp-content\/uploads\/2021\/08\/7-95.jpg\" alt=\"remolque bajo de 3 ejes\" height=\"533\" title=\"\"><\/p>\n<p>3 ejes 50\/55\/60 toneladas lowbed cami\u00f3n semi remolque de equipo para la venta<\/p>\n<p><img decoding=\"async\" style=\"width: 800px;\" src=\"https:\/\/pandamech.com\/wp-content\/uploads\/2021\/08\/8-82.jpg\" alt=\"tri axle lowboy for sale\" height=\"533\" title=\"\"><\/p>\n<p>3 ejes de 40 pies de carga baja remolques de equipos de transporte para la venta<\/p>\n<h2>Especificaciones del remolque de plataforma baja de 3 ejes<\/h2>\n<h3>Marcas de semirremolques de plataforma baja<\/h3>\n<p>- Panda Mech<\/p>\n<h3>Capacidad de carga del semirremolque de plataforma baja: 20-120 toneladas<\/h3>\n<p>- Capacidad del remolque bajo de 3 ejes: 50-70 toneladas<\/p>\n<h3>Semirremolque de plataforma baja<\/h3>\n<p>- Semirremolque cama baja 3 ejes dimensiones: 14500x3000x1750\/1250 mm<\/p>\n<h3>Peso del semirremolque de plataforma baja<\/h3>\n<p>- 3 ejes de cuello de cisne remolque de plataforma: 10-12 toneladas<\/p>\n<h3>Anchura de remolque lowboy de tres ejes<\/h3>\n<p>- 3000mm, 3metros, M\u00e1s utilizados<\/p>\n<h3>remolque de plataforma baja altura desde el suelo<\/h3>\n<p>- 1250 mm<\/p>\n<h3>Altura del remolque semi bajo:<\/h3>\n<p>- 850-1250 mm<\/p>\n<h3>Remolques bajos de 50 toneladas de longitud<\/h3>\n<p>- 850-1250 mm, personalizar seg\u00fan sus necesidades.<\/p>\n<p>- Altura m\u00e1xima del remolque de plataforma baja de 50 toneladas: 1250 mm, 1,25 metros<\/p>\n<h3>Ruedas de semirremolque de plataforma baja<\/h3>\n<p>- 3 ejes: 3\u00d74+1<\/p>\n<h3>V\u00e1lvula de remolque de plataforma baja de 60 toneladas<\/h3>\n<p>- BPW, FUWA<\/p>\n<h3>Suspensi\u00f3n de remolque bajo de 60 toneladas<\/h3>\n<p>- Suspensi\u00f3n mec\u00e1nica\/ suspensi\u00f3n neum\u00e1tica<\/p>\n<h3>Neum\u00e1ticos para remolques bajos de 3 ejes<\/h3>\n<p>- 235\/70 R 17.5<\/p>\n<p>- 245\/70 R 17.5<\/p>\n<p>- 295\/60 R 22.5<\/p>\n<p>- 11 R 22.5<\/p>\n<p>- 12 R 22.5<\/p>\n<p>- 315\/80 R 22.5<\/p>\n<h3>Piezas\/accesorios<\/h3>\n<p>- Rampas hidr\u00e1ulicas, bomba hidr\u00e1ulica, v\u00e1lvula de semirremolque Low Bed, booster, zapatas de freno, tambores de freno, estabilizadores, suspensi\u00f3n, tren de aterrizaje, intentos, luces,<\/p>\n<h3>Tipos<\/h3>\n<p>\u2013 \u00a0<a style=\"color: #3366ff;\" href=\"https:\/\/www.pandamech.com\/spanish\/category\/low-bed-trailers\/detachable-gooseneck-trailer\/\" target=\"_blank\" rel=\"noopener\">Remolques desmontables de plataforma baja<\/a>, Remolques de plataforma baja con cuello de cisne, remolques de plataforma baja escalonados, remolques de plataforma baja con rampas hidr\u00e1ulicas, remolques de plataforma baja especiales (personalizados).<\/p>\n<h2>Dibujo de remolque de plataforma baja de 60 toneladas<\/h2>\n<p><img decoding=\"async\" style=\"width: 800px;\" src=\"https:\/\/pandamech.com\/wp-content\/uploads\/2022\/06\/3-axle-60-ton-lowbed-trailer-drawing.jpg\" alt=\"Dibujo de remolque de plataforma baja de 3 ejes y 60 toneladas\" height=\"461\" title=\"\"><\/p>\n<p>dibujo de remolque de 3 ejes y 60 toneladas de plataforma baja<\/p>\n<h2>Caracter\u00edstica<\/h2>\n<ul>\n<li>1. Longitud de superficie optimizada para una mejor carga, un centro de gravedad m\u00e1s bajo y una mayor seguridad.<\/li>\n<li>2. Cargas puntuales elevadas debido a la escasa distancia entre travesa\u00f1os<\/li>\n<li>3. Los ejes son de marcas de fabricantes conocidos como FUWA BPW<\/li>\n<li>4. Suspensi\u00f3n neum\u00e1tica con dispositivo de elevaci\u00f3n para un manejo m\u00e1s c\u00f3modo.<\/li>\n<\/ul>\n<h2>Panda Mech<\/h2>\n<p>Panda Mech es un fabricante de remolques bajos de 3 ejes de China. Tenemos una amplia experiencia en la fabricaci\u00f3n de remolques bajos de 3 ejes. Ofrecemos una variedad de remolques bajos de 3 ejes para la venta. Podemos personalizarlo de acuerdo a sus necesidades. Hemos logrado el \u00e9xito en \u00c1frica, Am\u00e9rica del Sur y el Sudeste Asi\u00e1tico, como Tanzania, Nigeria, Kenia ...<\/p>\n<p>Panda Mech suministro de 40 pies semi remolque cama baja, 50\/55\/60 toneladas remolque lowboy para la venta, podemos personalizar de acuerdo a sus necesidades.<\/p>\n<p><a href=\"https:\/\/www.pandamech.com\/spanish\/contact-us\/\" target=\"_blank\" rel=\"noopener\"><img fetchpriority=\"high\" decoding=\"async\" src=\"https:\/\/pandamech.com\/wp-content\/uploads\/2021\/08\/quotation.jpg\" alt=\"presupuesto\" width=\"864\" height=\"213\" title=\"\"><\/a><\/p>","protected":false},"excerpt":{"rendered":"<p>Tipo: Remolque bajo de 3 ejes 50\/55 toneladas<\/p>\n<p>Gama de precios: $17.500-36.500<\/p>\n<p>Entrega: 7-28 d\u00edas<\/p>\n<p>Dimensiones: a medida<\/p>\n<p>Aplicaci\u00f3n: para transportar excavadoras, cargadoras de ruedas u otra maquinaria.<\/p>","protected":false},"featured_media":57772,"template":"","meta":{"_acf_changed":false,"_kad_blocks_custom_css":"","_kad_blocks_head_custom_js":"","_kad_blocks_body_custom_js":"","_kad_blocks_footer_custom_js":"","_kad_post_transparent":"default","_kad_post_title":"","_kad_post_layout":"default","_kad_post_sidebar_id":"","_kad_post_content_style":"default","_kad_post_vertical_padding":"default","_kad_post_feature":"","_kad_post_feature_position":"","_kad_post_header":false,"_kad_post_footer":false,"_kad_post_classname":""},"product_brand":[],"product_cat":[112],"product_tag":[60,65],"class_list":{"0":"post-21399","1":"product","2":"type-product","3":"status-publish","4":"has-post-thumbnail","6":"product_cat-low-boy-trailer","7":"product_tag-3-axle-trailer","8":"product_tag-40ft-trailer","10":"first","11":"instock","12":"sold-individually","13":"shipping-taxable","14":"purchasable","15":"product-type-simple","16":"entry","17":"content-bg","18":"loop-entry"},"acf":[],"taxonomy_info":{"product_cat":[{"value":112,"label":"Low Boy Trailer"}],"product_tag":[{"value":60,"label":"3 Axle Trailer"},{"value":65,"label":"40Ft Trailer"}]},"featured_image_src_large":["https:\/\/www.pandamech.com\/wp-content\/uploads\/2022\/08\/2-72-500x500.jpg",500,500,true],"author_info":[],"comment_info":"","_links":{"self":[{"href":"https:\/\/www.pandamech.com\/spanish\/wp-json\/wp\/v2\/product\/21399","targetHints":{"allow":["GET"]}}],"collection":[{"href":"https:\/\/www.pandamech.com\/spanish\/wp-json\/wp\/v2\/product"}],"about":[{"href":"https:\/\/www.pandamech.com\/spanish\/wp-json\/wp\/v2\/types\/product"}],"version-history":[{"count":1,"href":"https:\/\/www.pandamech.com\/spanish\/wp-json\/wp\/v2\/product\/21399\/revisions"}],"predecessor-version":[{"id":91239,"href":"https:\/\/www.pandamech.com\/spanish\/wp-json\/wp\/v2\/product\/21399\/revisions\/91239"}],"wp:featuredmedia":[{"embeddable":true,"href":"https:\/\/www.pandamech.com\/spanish\/wp-json\/wp\/v2\/media\/57772"}],"wp:attachment":[{"href":"https:\/\/www.pandamech.com\/spanish\/wp-json\/wp\/v2\/media?parent=21399"}],"wp:term":[{"taxonomy":"product_brand","embeddable":true,"href":"https:\/\/www.pandamech.com\/spanish\/wp-json\/wp\/v2\/product_brand?post=21399"},{"taxonomy":"product_cat","embeddable":true,"href":"https:\/\/www.pandamech.com\/spanish\/wp-json\/wp\/v2\/product_cat?post=21399"},{"taxonomy":"product_tag","embeddable":true,"href":"https:\/\/www.pandamech.com\/spanish\/wp-json\/wp\/v2\/product_tag?post=21399"}],"curies":[{"name":"wp","href":"https:\/\/api.w.org\/{rel}","templated":true}]}}