{"id":21398,"date":"2025-09-03T11:45:48","date_gmt":"2025-09-03T03:45:48","guid":{"rendered":"http:\/\/pandamech.com\/?post_type=product&#038;p=21398"},"modified":"2025-09-06T16:21:15","modified_gmt":"2025-09-06T08:21:15","slug":"tipping-semi-trailer-p00126p1-html","status":"publish","type":"product","link":"https:\/\/www.pandamech.com\/spanish\/product\/tipping-semi-trailer-p00126p1-html\/","title":{"rendered":"25 Ton Dump Trailer For Sale"},"content":{"rendered":"<p>Remolque basculante de 25 toneladas tambi\u00e9n conocido como semirremolque basculante de acero de 25 toneladas, <u><a href=\"https:\/\/www.pandamech.com\/spanish\/product\/40-ton-half-round-end-dump-trailer\/\" target=\"_blank\" rel=\"noopener\">remolque volquete semirredondo<\/a><\/u>, La estructura incluye chasis, caja y sistema de elevaci\u00f3n. El trabajo por el aceite de la fuente del PTO al cilindro, caja de elevaci\u00f3n hasta al \u00e1ngulo del dise\u00f1o, diapositiva de la carga hacia fuera, mejora eficacia de la descarga.<\/p>\n<h2>Aplicaci\u00f3n de remolque basculante de 25 toneladas<\/h2>\n<p data-start=\"1704\" data-end=\"1753\">Transporte de carb\u00f3n, arena, grava, mineral Transporte, ampliamente utilizado en plantas de arenisca, obras de construcci\u00f3n y minas.<\/p>\n<h2>3 ejes 25 toneladas volquete im\u00e1genes<\/h2>\n<p><img fetchpriority=\"high\" decoding=\"async\" class=\"alignnone wp-image-32374 size-full\" src=\"https:\/\/pandamech.com\/wp-content\/uploads\/2022\/10\/28cbm-tipper-trailer-8.jpg\" alt=\"tri axle 25 toneladas remolque volquete para la venta de f\u00e1brica\" width=\"750\" height=\"450\" title=\"\"><\/p>\n<p>U Shape 25 Ton Remolque Volquete para la venta en China<\/p>\n<p><img decoding=\"async\" class=\"alignnone wp-image-32375 size-full\" src=\"https:\/\/pandamech.com\/wp-content\/uploads\/2022\/10\/28cbm-tipper-trailer-9.jpg\" alt=\"tri axle 25 ton dump trailer for sale supplier\" width=\"750\" height=\"399\" title=\"\"><br \/>\nU Shape 3 ejes 25 toneladas fabricante de remolques basculantes<\/p>\n<h2>Especificaciones del remolque basculante de 25 toneladas<\/h2>\n<table style=\"width: 800px;\" border=\"1\" cellspacing=\"1\" cellpadding=\"1\">\n<tbody>\n<tr>\n<td width=\"208\" height=\"28\">\u00a0Marca<\/td>\n<td width=\"606\">\u00a0Panda Mech<\/td>\n<\/tr>\n<tr>\n<td height=\"28\">\u00a0Capacidad<\/td>\n<td>\u00a025 toneladas<\/td>\n<\/tr>\n<tr>\n<td height=\"28\">\u00a0Dimensiones totales (mm)<\/td>\n<td>\u00a08000*2500*3500 mm<\/td>\n<\/tr>\n<tr>\n<td height=\"28\">\u00a0Dimensiones del cuerpo (mm)<\/td>\n<td>\u00a07784*2400*1380 mm<\/td>\n<\/tr>\n<tr>\n<td height=\"28\">\u00a0Peso<\/td>\n<td>\u00a022.100 lbs Est\u00e1ndar<\/td>\n<\/tr>\n<tr>\n<td height=\"28\">\u00a0Chasis<\/td>\n<td>\u00a0Viga en I de dise\u00f1o resistente y durabilidad extra<\/td>\n<\/tr>\n<tr>\n<td height=\"28\">\u00a0Peso por eje<\/td>\n<td>\u00a02,3 Ejes<\/td>\n<\/tr>\n<tr>\n<td height=\"28\">\u00a0Peso de tara<\/td>\n<td>\u00a0&lt;9 toneladas<\/td>\n<\/tr>\n<tr>\n<td height=\"28\">\u00a0Sistema hidr\u00e1ulico<\/td>\n<td>\u00a0Cilindro hidr\u00e1ulico HYVA<\/td>\n<\/tr>\n<tr>\n<td height=\"28\">\u00a0Cilindro<\/td>\n<td>\u00a0175, 191, 202, 214 \/ 4TG, 5TG<\/td>\n<\/tr>\n<tr>\n<td height=\"28\">\u00a0Suspensi\u00f3n<\/td>\n<td>\u00a0Suspensi\u00f3n mec\u00e1nica<\/td>\n<\/tr>\n<tr>\n<td height=\"28\">\u00a0Kingpin<\/td>\n<td>\u00a0Tipo desmontable JOST 2\u2033 o 3,5<\/td>\n<\/tr>\n<tr>\n<td height=\"28\">\u00a0Tren de aterrizaje<\/td>\n<td>\u00a0JOST 28T<\/td>\n<\/tr>\n<tr>\n<td height=\"28\">\u00a0Sistema de frenado<\/td>\n<td>\u00a0ABS o EBS (opcional)<\/td>\n<\/tr>\n<tr>\n<td height=\"28\">\u00a0Material<\/td>\n<td>\u00a05 mm o 6 mm<\/td>\n<\/tr>\n<tr>\n<td height=\"28\">\u00a0Neum\u00e1tico<\/td>\n<td>\u00a012R 22.5 315\/80 R22.5<\/td>\n<\/tr>\n<tr>\n<td height=\"28\">\u00a0Soporte para rueda de repuesto<\/td>\n<td>\u00a0un juego de la rueda de repuesto que incluye un soporte<\/td>\n<\/tr>\n<tr>\n<td height=\"28\">\u00a0Accesorios<\/td>\n<td>\u00a0Una caja de herramientas est\u00e1ndar, un mango basculante, una llave de eje<\/td>\n<\/tr>\n<tr>\n<td height=\"28\">\u00a0C\u00e1maras de freno<\/td>\n<td>\u00a0T30\/30<\/td>\n<\/tr>\n<tr>\n<td height=\"28\">\u00a0piezas<\/td>\n<td>\u00a0Sistema el\u00e9ctrico, sistema de frenos, eje, neum\u00e1tico, suspensi\u00f3n, cierre, kit. rampas de acero para remolques basculantes<\/td>\n<\/tr>\n<tr>\n<td><a href=\"\/spanish\/contact-us\/\">Consulta<\/a><\/td>\n<td><a href=\"\/spanish\/contact-us\/\">Obtener presupuesto gratuito<\/a><\/td>\n<\/tr>\n<\/tbody>\n<\/table>\n<h2>25 Ton Vs 30 Ton Vs 40 Ton Dump Trailer<\/h2>\n<table style=\"width: 800px;\" border=\"1\" cellspacing=\"1\" cellpadding=\"1\">\n<thead>\n<tr>\n<th>Modelo<\/th>\n<th>Capacidad<\/th>\n<th>Eje<\/th>\n<th>Precios<\/th>\n<th>Aplicaci\u00f3n<\/th>\n<\/tr>\n<\/thead>\n<tbody>\n<tr>\n<td>Remolque basculante de 25 toneladas<\/td>\n<td style=\"text-align: center;\">25 toneladas<\/td>\n<td style=\"text-align: center;\">3 ejes<\/td>\n<td style=\"text-align: center;\">$12.500-20.000<\/td>\n<td style=\"text-align: center;\">Arena, carb\u00f3n, grava, mineral<\/td>\n<\/tr>\n<tr>\n<td>Remolque basculante de 30 toneladas<\/td>\n<td style=\"text-align: center;\">30 toneladas<\/td>\n<td style=\"text-align: center;\">3 ejes<\/td>\n<td style=\"text-align: center;\">$13.500-22.000<\/td>\n<td style=\"text-align: center;\">Arena, carb\u00f3n, grava, mineral<\/td>\n<\/tr>\n<tr>\n<td>Remolque basculante de 40 toneladas<\/td>\n<td style=\"text-align: center;\">40 toneladas<\/td>\n<td style=\"text-align: center;\">3-4 Ejes<\/td>\n<td style=\"text-align: center;\">$15.000-25.000<\/td>\n<td style=\"text-align: center;\">Arena, carb\u00f3n, grava, mineral<\/td>\n<\/tr>\n<\/tbody>\n<\/table>\n<h2>Ventaja del remolque basculante de 25 toneladas<\/h2>\n<p><strong>Material:<\/strong><\/p>\n<p>Caja de material Hardox 450 o igual resistente al desgaste y a la abrasi\u00f3n, viga de alta tensi\u00f3n T700, tara m\u00e1s ligera 2000kg que el volquete de material normal, mayor tiempo de servicio y menor consumo de combustible.<\/p>\n<p><strong>Caja de secci\u00f3n en U:<\/strong><\/p>\n<p>Dise\u00f1o y an\u00e1lisis de la caja modelo U, mayor \u00e1rea de secci\u00f3n con menor baricentro, carga m\u00e1s y descarga m\u00e1s f\u00e1cil, segura y eficiente.<\/p>\n<p><strong>Chasis:<\/strong><\/p>\n<p>Doble alma para el dise\u00f1o de la viga principal, m\u00e1s fuerte para condiciones de carreteras m\u00faltiples<\/p>\n<p><strong>Cilindro:<\/strong><\/p>\n<p>Modelo FC y FE opcional, mayor presi\u00f3n de funcionamiento, ayuda \u00c1ngulo de inclinaci\u00f3n m\u00e1x. 45\u00b0, reducci\u00f3n del tiempo de giro con mayor velocidad de rasgado, aumento del tiempo de funcionamiento con largos intervalos de servicio<\/p>\n<p><strong>Soportes<\/strong>:<\/p>\n<p>Dise\u00f1o mejorado con mayor resistencia a la tensi\u00f3n y la fatiga<\/p>\n<p><strong>Knock off:<\/strong><\/p>\n<p>Dise\u00f1o robusto accionamiento preciso proteger la caja trabajando en \u00e1ngulo de seguridad<\/p>\n<p><strong>Eje de inclinaci\u00f3n:<\/strong><\/p>\n<p>Dise\u00f1o resistente que permite trabajar de forma estable cuando se inclina, m\u00e1s duradero y seguro<\/p>\n<p><strong>Fijar Sys:<\/strong><\/p>\n<p>Cierre autom\u00e1tico de la puerta trasera, dise\u00f1o ajustable para mantener la situaci\u00f3n adecuada, f\u00e1cil mantenimiento y sustituci\u00f3n.<\/p>\n<p><strong>Bastidor de soporte auxiliar:<\/strong><\/p>\n<p>Un bastidor auxiliar de soporte de la caja con el chasis, evitar la inclinaci\u00f3n de la caja, con el fin de trabajar con mayor seguridad<\/p>\n<h2>25 Ton remolque volquete para la venta<\/h2>\n<p>Panda Mech es un fabricante de remolques volquete de acero de 25 toneladas de China. Suministramos remolques volquete de 25 toneladas para la venta. Los fabricantes de Panda Mech han tenido \u00e9xito en el sudeste asi\u00e1tico, Oriente Medio, \u00c1frica y Am\u00e9rica del Sur, como Filipinas, Tanzania, Nigeria, etc....<u><a href=\"https:\/\/www.pandamech.com\/spanish\/about\/\" rel=\"nofollow noopener\" name=\"662ae8fb-4e4e-4cc5-876a-6bfaecae5a2d\" target=\"_blank\">M\u00e1s sobre el panda<\/a><\/u><\/p>\n<p><a href=\"\/spanish\/contact-us\/\" rel=\"nofollow\"><img decoding=\"async\" src=\"https:\/\/pandamech.com\/wp-content\/uploads\/u_file\/db8ce19fe3.jpg\" alt=\"Remolques basculantes de acero \" title=\"\"><\/a><\/p>\n<p>Si tiene alg\u00fan problema t\u00e9cnico con el semirremolque volquete de 25 toneladas, por favor env\u00ede un correo electr\u00f3nico directamente a manager@pandamech.com, nuestros ingenieros le responder\u00e1n tan pronto como sea posible despu\u00e9s de recibirlo.<\/p>\n<h2>FAQ<\/h2>\n<h3>\u00bfCu\u00e1l es el precio de un remolque volquete de 25 toneladas?<\/h3>\n<p>El precio de un <strong data-start=\"15\" data-end=\"54\">Remolque basculante de 25 toneladas de Panda Mech<\/strong> suele comenzar en torno a <strong data-start=\"77\" data-end=\"98\">15.000-25.000 USD<\/strong>, en funci\u00f3n del material, el sistema hidr\u00e1ulico y las opciones de personalizaci\u00f3n. Con <strong data-start=\"173\" data-end=\"196\">acero de alta resistencia<\/strong>, fiable <strong data-start=\"207\" data-end=\"232\">Sistema hidr\u00e1ulico HYVA<\/strong>, y los m\u00e1s de 20 a\u00f1os de experiencia de Panda Mech, obtendr\u00e1 un remolque construido para <strong data-start=\"303\" data-end=\"341\">durabilidad, eficiencia y beneficios<\/strong>.<\/p>\n<h3>\u00bfSuministran remolques basculantes de acero o Hardox de 25 toneladas?<\/h3>\n<p>S\u00ed \u2705 En Panda Mech, suministramos diferentes remolques basculantes tanto en opciones de acero al manganeso\/est\u00e1ndar como de acero resistente al desgaste Hardox.<\/p>\n<h3>\u00bfEs mejor un remolque volquete en forma de U para arena y grava?<\/h3>\n<p>S\u00ed \ud83d\udc4d A <strong data-start=\"9\" data-end=\"33\">Remolque basculante en forma de U<\/strong> es generalmente <strong data-start=\"47\" data-end=\"77\">mejor para arena y grava<\/strong> en comparaci\u00f3n con un dise\u00f1o de caja cuadrada. El sitio <strong data-start=\"115\" data-end=\"132\">cuerpo curvo en U<\/strong> permite que la arena, la grava y los \u00e1ridos sueltos <strong data-start=\"178\" data-end=\"205\">se deslizan m\u00e1s suavemente<\/strong>, reduciendo los residuos de material y acelerando la descarga.<\/p>","protected":false},"excerpt":{"rendered":"<p>Modelo: 3 ejes 25 toneladas volquete \/ volquete cami\u00f3n semirremolque para la venta<\/p>\n<p>Rango de precios: USD 13.000-25.000<\/p>\n<p>Plazo de entrega: 7-25 d\u00edas<\/p>\n<p>Aplicaci\u00f3n: transporte Carb\u00f3n, mineral, materiales de construcci\u00f3n<\/p>\n<p>\u00c1ngulo de inclinaci\u00f3n: 45\u00b0<\/p>\n<p>Sistema hidr\u00e1ulico: Cilindro HYVA<\/p>","protected":false},"featured_media":58110,"template":"","meta":{"_acf_changed":false,"_kad_blocks_custom_css":"","_kad_blocks_head_custom_js":"","_kad_blocks_body_custom_js":"","_kad_blocks_footer_custom_js":"","_kad_post_transparent":"default","_kad_post_title":"","_kad_post_layout":"default","_kad_post_sidebar_id":"","_kad_post_content_style":"default","_kad_post_vertical_padding":"default","_kad_post_feature":"","_kad_post_feature_position":"","_kad_post_header":false,"_kad_post_footer":false,"_kad_post_classname":""},"product_brand":[],"product_cat":[106],"product_tag":[],"class_list":{"0":"post-21398","1":"product","2":"type-product","3":"status-publish","4":"has-post-thumbnail","6":"product_cat-semi-dump-trailer","8":"first","9":"instock","10":"sold-individually","11":"shipping-taxable","12":"purchasable","13":"product-type-simple","14":"entry","15":"content-bg","16":"loop-entry"},"acf":[],"taxonomy_info":{"product_cat":[{"value":106,"label":"End Dump Trailer"}]},"featured_image_src_large":["https:\/\/www.pandamech.com\/wp-content\/uploads\/2022\/10\/28cbm-tipper-trailer-1-500x500.jpg",500,500,true],"author_info":[],"comment_info":"","_links":{"self":[{"href":"https:\/\/www.pandamech.com\/spanish\/wp-json\/wp\/v2\/product\/21398","targetHints":{"allow":["GET"]}}],"collection":[{"href":"https:\/\/www.pandamech.com\/spanish\/wp-json\/wp\/v2\/product"}],"about":[{"href":"https:\/\/www.pandamech.com\/spanish\/wp-json\/wp\/v2\/types\/product"}],"version-history":[{"count":3,"href":"https:\/\/www.pandamech.com\/spanish\/wp-json\/wp\/v2\/product\/21398\/revisions"}],"predecessor-version":[{"id":91579,"href":"https:\/\/www.pandamech.com\/spanish\/wp-json\/wp\/v2\/product\/21398\/revisions\/91579"}],"wp:featuredmedia":[{"embeddable":true,"href":"https:\/\/www.pandamech.com\/spanish\/wp-json\/wp\/v2\/media\/58110"}],"wp:attachment":[{"href":"https:\/\/www.pandamech.com\/spanish\/wp-json\/wp\/v2\/media?parent=21398"}],"wp:term":[{"taxonomy":"product_brand","embeddable":true,"href":"https:\/\/www.pandamech.com\/spanish\/wp-json\/wp\/v2\/product_brand?post=21398"},{"taxonomy":"product_cat","embeddable":true,"href":"https:\/\/www.pandamech.com\/spanish\/wp-json\/wp\/v2\/product_cat?post=21398"},{"taxonomy":"product_tag","embeddable":true,"href":"https:\/\/www.pandamech.com\/spanish\/wp-json\/wp\/v2\/product_tag?post=21398"}],"curies":[{"name":"wp","href":"https:\/\/api.w.org\/{rel}","templated":true}]}}