{"id":21393,"date":"2023-02-12T19:02:48","date_gmt":"2023-02-12T11:02:48","guid":{"rendered":"http:\/\/pandamech.com\/?post_type=product&#038;p=21393"},"modified":"2025-08-23T01:07:07","modified_gmt":"2025-08-22T17:07:07","slug":"3-axle-30000-liters-tanker","status":"publish","type":"product","link":"https:\/\/www.pandamech.com\/spanish\/product\/3-axle-30000-liters-tanker\/","title":{"rendered":"Cisterna de 3 ejes de 30000 litros"},"content":{"rendered":"<p>El remolque cisterna de combustible se utiliza principalmente para el transporte de gasolina, diesel, petr\u00f3leo, gasolina, aceite, etc. Se utiliza principalmente para el transporte de larga distancia. El remolque cisterna puede cargar 30-60Kl litros.<\/p>\n<h2>Especificaciones del remolque cisterna de combustible de 3 ejes y 30 kl<\/h2>\n<table style=\"width: 800px;\" border=\"1\" cellspacing=\"1\" cellpadding=\"1\">\n<tbody>\n<tr>\n<td width=\"300\" height=\"41\">\u00a0Marca<\/td>\n<td width=\"706\">\u00a0PANDA mech remolque cisterna de combustible<\/td>\n<\/tr>\n<tr>\n<td height=\"41\">\u00a0Art\u00edculo<\/td>\n<td>\u00a0Cisterna de combustible de 30000 litros<\/td>\n<\/tr>\n<tr>\n<td height=\"41\">\u00a0Dimensi\u00f3n del remolque cisterna de combustible<\/td>\n<td>\u00a010500*2500*3500 (Referencia, personalizado seg\u00fan necesidades)<\/td>\n<\/tr>\n<tr>\n<td height=\"41\">\u00a0Capacidad del dep\u00f3sito de combustible del remolque<\/td>\n<td>\u00a030 KL 30.000 litros, 7925 galones<\/td>\n<\/tr>\n<tr>\n<td height=\"41\">\u00a0Compartimento<\/td>\n<td>\u00a02-10<\/td>\n<\/tr>\n<tr>\n<td height=\"41\">\u00a0Carga \u00fatil<\/td>\n<td>\u00a039-41T (Referencia)<\/td>\n<\/tr>\n<tr>\n<td height=\"41\">\u00a0Peso del remolque del dep\u00f3sito de combustible<\/td>\n<td>\u00a010.6T<\/td>\n<\/tr>\n<tr>\n<td height=\"41\">\u00a0Material<\/td>\n<td>\u00a0Hierro Acero, Acero inoxidable<\/td>\n<\/tr>\n<tr>\n<td height=\"41\">\u00a0Chasis<\/td>\n<td>\u00a0Acero de alta resistencia<\/td>\n<\/tr>\n<tr>\n<td height=\"41\">\u00a0V\u00e1lvula<\/td>\n<td>\u00a0Civacon, EMCO, HELI, JLME, HENGE<\/td>\n<\/tr>\n<tr>\n<td height=\"41\">\u00a0Eje<\/td>\n<td>\u00a02\/3\/4 ejes; BPW, FUWA, L1, HO'S, SAF, PDME<\/td>\n<\/tr>\n<tr>\n<td height=\"41\">\u00a0Suspensi\u00f3n<\/td>\n<td>\u00a0Suspensi\u00f3n neum\u00e1tica, Mec\u00e1nica, Bogie<\/td>\n<\/tr>\n<tr>\n<td height=\"41\">\u00a0Sistema de frenos<\/td>\n<td>\u00a0Sistema de frenos Dual Line, c\u00e1mara T30\/30, v\u00e1lvula de emergencia Wabco, ABS\/EBS opcional<\/td>\n<\/tr>\n<tr>\n<td height=\"41\">\u00a0Piezas de remolques cisterna de combustible<\/td>\n<td>\u00a0Guardabarros, Escalera, 1 caja de herramientas est\u00e1ndar, 1 capa de imprimaci\u00f3n anticorrosiva, 2 capas de pintura final, Pintura de poliuretano, Tren de aterrizaje, Llanta de acero 9.0-22.5, Extintor, V\u00e1lvula de fondo neum\u00e1tica de 4 pulgadas, Tapa de registro de aleaci\u00f3n de aluminio de 500mm, Chapa de acero Q345\/6mm, conforme ADR (Seg\u00fan necesidades del cliente).<\/td>\n<\/tr>\n<tr>\n<td height=\"41\">\u00a0Aplicaci\u00f3n<\/td>\n<td>\u00a0Combustible, petr\u00f3leo, crudo, gas\u00f3leo, gasolina, petr\u00f3leo, gasolina<\/td>\n<\/tr>\n<tr>\n<td height=\"41\"><a href=\"\/spanish\/contact-us\/\">Consulta<\/a><\/td>\n<td><a href=\"https:\/\/www.pandamech.com\/spanish\/about\/\" target=\"_blank\" rel=\"noopener\">Acerca de Panda Mech<\/a><\/td>\n<\/tr>\n<\/tbody>\n<\/table>\n<h2>30 im\u00e1genes de KL Remolque cisterna para combustible<\/h2>\n<p><img decoding=\"async\" style=\"width: 800px;\" src=\"https:\/\/pandamech.com\/wp-content\/uploads\/2021\/11\/8-3.jpg\" alt=\"Remolque cisterna de 3000 litros\" height=\"533\" title=\"\">\u00a0<img decoding=\"async\" style=\"width: 800px;\" src=\"https:\/\/pandamech.com\/wp-content\/uploads\/2021\/11\/9.jpg\" alt=\"v\" height=\"533\" title=\"\"><\/p>\n<h2>Aplicaci\u00f3n:<\/h2>\n<p>El remolque cisterna de combustible se utiliza generalmente para transportar gasolina, queroseno, diesel, aceite vegetal, aceite comestible, aceite pesado, alquitr\u00e1n de hulla y productos no derivados del petr\u00f3leo como alcohol, aldeh\u00eddo, benceno, \u00e9ter y otras sustancias l\u00edquidas.<\/p>\n<p>El remolque cisterna de combustible tiene una capacidad de 30000-60000 litros, que se utiliza generalmente para el transporte de larga distancia, el transporte de sustancias l\u00edquidas a todo el mundo, a fin de realizar la distribuci\u00f3n razonable y el uso de los recursos.<\/p>\n<h2>Ventaja del remolque cisterna<\/h2>\n<p>1. Adopta aceros de alta resistencia como Q345, SS304, etc.<\/p>\n<p>2. La gran bobinadora de 9,5 metros se utiliza para moldear a la vez. La resistencia es mayor, y es m\u00e1s seguro y duradero.<\/p>\n<p>3. Despu\u00e9s de moldear el cuerpo de la lata, el gas a alta presi\u00f3n se somete a pruebas de fugas para que el cuerpo del dep\u00f3sito tenga una alta resistencia.<\/p>\n<p>4. La estabilidad del centro de gravedad y el transporte suave y seguro del veh\u00edculo garantizan las horas de trabajo de los remolques cisterna.<\/p>\n<h2>Transporte mar\u00edtimo de remolques cisterna de combustible<\/h2>\n<p>Para evitar que la pintura del remolque cisterna de combustible se corroa por el agua de mar, rociaremos una capa de cera en la superficie del remolque cisterna de combustible antes del transporte.<\/p>","protected":false},"excerpt":{"rendered":"<p>Tipo: Remolques cisterna de combustible de 30.000 litros<\/p>\n<p>Gama de precios: $12.900-31.500<\/p>\n<p>Plazo de entrega: 7-25 d\u00edas<\/p>\n<p>Material: aluminio<\/p>\n<p>Aplicaciones: transporte de gasolina, petr\u00f3leo crudo, lubricantes, alquitr\u00e1n de hulla, etc.<\/p>","protected":false},"featured_media":57811,"template":"","meta":{"_acf_changed":false,"_kad_blocks_custom_css":"","_kad_blocks_head_custom_js":"","_kad_blocks_body_custom_js":"","_kad_blocks_footer_custom_js":"","_kad_post_transparent":"default","_kad_post_title":"","_kad_post_layout":"default","_kad_post_sidebar_id":"","_kad_post_content_style":"default","_kad_post_vertical_padding":"default","_kad_post_feature":"","_kad_post_feature_position":"","_kad_post_header":false,"_kad_post_footer":false,"_kad_post_classname":""},"product_brand":[],"product_cat":[109],"product_tag":[],"class_list":{"0":"post-21393","1":"product","2":"type-product","3":"status-publish","4":"has-post-thumbnail","6":"product_cat-fuel-tanker","8":"first","9":"instock","10":"sold-individually","11":"shipping-taxable","12":"purchasable","13":"product-type-simple","14":"entry","15":"content-bg","16":"loop-entry"},"acf":[],"taxonomy_info":{"product_cat":[{"value":109,"label":"Fuel Tanker Trailer"}]},"featured_image_src_large":["https:\/\/www.pandamech.com\/wp-content\/uploads\/2022\/08\/3-43-500x500.jpg",500,500,true],"author_info":[],"comment_info":"","_links":{"self":[{"href":"https:\/\/www.pandamech.com\/spanish\/wp-json\/wp\/v2\/product\/21393","targetHints":{"allow":["GET"]}}],"collection":[{"href":"https:\/\/www.pandamech.com\/spanish\/wp-json\/wp\/v2\/product"}],"about":[{"href":"https:\/\/www.pandamech.com\/spanish\/wp-json\/wp\/v2\/types\/product"}],"version-history":[{"count":1,"href":"https:\/\/www.pandamech.com\/spanish\/wp-json\/wp\/v2\/product\/21393\/revisions"}],"predecessor-version":[{"id":91256,"href":"https:\/\/www.pandamech.com\/spanish\/wp-json\/wp\/v2\/product\/21393\/revisions\/91256"}],"wp:featuredmedia":[{"embeddable":true,"href":"https:\/\/www.pandamech.com\/spanish\/wp-json\/wp\/v2\/media\/57811"}],"wp:attachment":[{"href":"https:\/\/www.pandamech.com\/spanish\/wp-json\/wp\/v2\/media?parent=21393"}],"wp:term":[{"taxonomy":"product_brand","embeddable":true,"href":"https:\/\/www.pandamech.com\/spanish\/wp-json\/wp\/v2\/product_brand?post=21393"},{"taxonomy":"product_cat","embeddable":true,"href":"https:\/\/www.pandamech.com\/spanish\/wp-json\/wp\/v2\/product_cat?post=21393"},{"taxonomy":"product_tag","embeddable":true,"href":"https:\/\/www.pandamech.com\/spanish\/wp-json\/wp\/v2\/product_tag?post=21393"}],"curies":[{"name":"wp","href":"https:\/\/api.w.org\/{rel}","templated":true}]}}