{"id":21389,"date":"2025-09-05T16:50:48","date_gmt":"2025-09-05T08:50:48","guid":{"rendered":"http:\/\/pandamech.com\/?post_type=product&#038;p=21389"},"modified":"2025-09-06T20:07:57","modified_gmt":"2025-09-06T12:07:57","slug":"4-axle-tipper-trailer-for-sale","status":"publish","type":"product","link":"https:\/\/www.pandamech.com\/spanish\/product\/4-axle-tipper-trailer-for-sale\/","title":{"rendered":"4 ejes volquete semirremolque en venta"},"content":{"rendered":"<p>Remolque basculante de 4 ejes tambi\u00e9n conocido como remolque basculante de 4 ejes, remolque basculante trasero de 4 ejes.  Remolques volquete de 4 ejes se utilizan generalmente para el transporte de materiales de construcci\u00f3n tales como arena, bauxita, manganeso, m\u00e1rmol, roca, acero y tambi\u00e9n puede ser utilizado para el transporte de trigo, grano, etc..<\/p>\n<p>El semirremolque basculante de 4 ejes es un compartimento que puede inclinarse en un \u00e1ngulo determinado para permitir la descarga de la carga que contiene. La inclinaci\u00f3n de la cabina es impulsada por el motor del semirremolque basculante y se realiza mediante un mecanismo de descarga.<\/p>\n<p>Los remolques basculantes de 4 ejes cargan y descargan las mercanc\u00edas de forma sencilla y eficaz. Adem\u00e1s, el meticuloso dise\u00f1o de descarga garantiza la seguridad. Al mismo tiempo, el semirremolque basculante de 4 ejes tiene diferentes formas y tipos, podemos comprarlo de acuerdo a nuestro propio uso y personalizarlo para usted de acuerdo a sus necesidades.<\/p>\n<p style=\"text-align: center;\"><a class=\"product_button\" href=\"#elementor-action%3Aaction%3Dpopup%3Aopen%26settings%3DeyJpZCI6Ijk5MDciLCJ0b2dnbGUiOmZhbHNlfQ%3D%3D\">Haga clic para m\u00e1s detalles<\/a><\/p>\n<h2>U Shape 4 Axle 60 Ton Tipper Semi Trailer images<\/h2>\n<p><img fetchpriority=\"high\" decoding=\"async\" class=\"alignnone wp-image-31197 size-full\" src=\"https:\/\/pandamech.com\/wp-content\/uploads\/2022\/10\/7.jpg\" alt=\"Venta al por mayor y China F\u00e1brica de suministro de 4 ejes volquete semirremolques\" width=\"800\" height=\"533\" title=\"\"><\/p>\n<p data-start=\"1076\" data-end=\"1112\">Semirremolque basculante de 4 ejes en forma de U <span style=\"letter-spacing: 0.015em;\">fabricante<\/span><\/p>\n<p><img decoding=\"async\" class=\"alignnone wp-image-31198 size-full\" src=\"https:\/\/pandamech.com\/wp-content\/uploads\/2022\/10\/8-1.jpg\" alt=\"Se vende remolque volquete de 4 ejes\" width=\"800\" height=\"533\" title=\"\"><\/p>\n<p>Venta de remolques basculantes Hardox de 4 ejes<\/p>\n<p><img decoding=\"async\" class=\"alignnone wp-image-31199 size-full\" src=\"https:\/\/pandamech.com\/wp-content\/uploads\/2022\/10\/9-1.jpg\" alt=\"Semirremolque basculante de 60 toneladas en forma de U - Transporte pesado\" width=\"800\" height=\"533\" title=\"\"><\/p>\n<p>Venta al por mayor semirremolque basculante de 4 ejes en China<\/p>\n<p>Relacionado: <a href=\"https:\/\/www.pandamech.com\/product\/38-cbm-tipper-truck-trailer\/\" target=\"_blank\" rel=\"noopener\"><span style=\"color: #0000ff;\">Remolque de cami\u00f3n volquete de 38 cbm<\/span><\/a>, <a href=\"https:\/\/www.pandamech.com\/product\/30-cbm-dump-semi-trailer\/\" target=\"_blank\" rel=\"noopener\"><span style=\"color: #0000ff;\">remolque tractor basculante de 30 cbm<\/span><\/a><\/p>\n<p style=\"text-align: center;\"><a class=\"product_button\" href=\"#elementor-action%3Aaction%3Dpopup%3Aopen%26settings%3DeyJpZCI6Ijk5MDciLCJ0b2dnbGUiOmZhbHNlfQ%3D%3D\">Obtenga un presupuesto instant\u00e1neo<\/a><\/p>\n<h2>V\u00eddeo del semirremolque basculante de 4 ejes<\/h2>\n<p><iframe title=\"Reproductor de v\u00eddeo YouTube\" src=\"https:\/\/www.youtube.com\/embed\/HF5wUIISeIs\" width=\"800\" height=\"533\" frameborder=\"0\" allowfullscreen=\"allowfullscreen\"><span data-mce-type=\"bookmark\" style=\"display: inline-block; width: 0px; overflow: hidden; line-height: 0;\" class=\"mce_SELRES_start\"><\/span><\/iframe><\/p>\n<h2>Ventaja de los semirremolques basculantes de 4 ejes<\/h2>\n<p><strong>Material:<\/strong><\/p>\n<p>Caja de material Hardox 450 o igual resistente al desgaste y a la abrasi\u00f3n, viga de alta tensi\u00f3n T700, tara m\u00e1s ligera 2000kg que el volquete de material normal, mayor tiempo de servicio y menor consumo de combustible.<\/p>\n<p><strong>Caja de secci\u00f3n en U:<\/strong><\/p>\n<p>Dise\u00f1o y an\u00e1lisis de la caja modelo U, mayor \u00e1rea de secci\u00f3n con menor baricentro, carga m\u00e1s y descarga m\u00e1s f\u00e1cil, segura y eficiente.<\/p>\n<p><strong>Chasis:<\/strong><\/p>\n<p>Doble alma para el dise\u00f1o de la viga principal, m\u00e1s robusta para condiciones de carreteras m\u00faltiples<\/p>\n<p><strong>Cilindro:<\/strong><\/p>\n<p>Modelo FC y FE opcional, mayor presi\u00f3n de funcionamiento, ayuda \u00c1ngulo de inclinaci\u00f3n m\u00e1x. 45\u00b0, reducci\u00f3n del tiempo de giro con mayor velocidad de rasgado, aumento del tiempo de funcionamiento con largos intervalos de servicio<\/p>\n<p><strong>Soportes<\/strong>:<\/p>\n<p>Dise\u00f1o mejorado con mayor resistencia a la tensi\u00f3n y la fatiga<\/p>\n<p><strong>Knock off:<\/strong><\/p>\n<p>Dise\u00f1o robusto accionamiento preciso proteger la caja trabajando en \u00e1ngulo de seguridad<\/p>\n<p><strong>Eje de inclinaci\u00f3n:<\/strong><\/p>\n<p>Dise\u00f1o resistente que permite trabajar de forma estable cuando se inclina, m\u00e1s duradero y seguro<\/p>\n<p><strong>Fijar Sys:<\/strong><\/p>\n<p>Cierre autom\u00e1tico de la puerta trasera, dise\u00f1o ajustable para mantener la situaci\u00f3n adecuada, f\u00e1cil mantenimiento y sustituci\u00f3n.<\/p>\n<p><strong>Bastidor de soporte auxiliar:<\/strong><\/p>\n<p>Una caja de soporte auxiliar con chasis, evita la inclinaci\u00f3n de la caja, para trabajar con m\u00e1s seguridad<\/p>\n<p style=\"text-align: center;\"><a class=\"product_button\" href=\"#elementor-action%3Aaction%3Dpopup%3Aopen%26settings%3DeyJpZCI6Ijk5MDciLCJ0b2dnbGUiOmZhbHNlfQ%3D%3D\">Haga clic para m\u00e1s detalles<\/a><\/p>\n<h2>Especificaciones del semirremolque basculante de 4 ejes<\/h2>\n<table style=\"width: 800px;\" border=\"1\" cellspacing=\"1\" cellpadding=\"1\">\n<tbody>\n<tr>\n<td width=\"208\" height=\"33\">\u00a0Fabricante<\/td>\n<td width=\"598\">\u00a0Remolque basculante Panda Mech de 4 ejes<\/td>\n<\/tr>\n<tr>\n<td>\u00a0Capacidad del remolque basculante<\/td>\n<td>\u00a060 toneladas<\/td>\n<\/tr>\n<tr>\n<td>\u00a0Dimensiones totales (mm)<\/td>\n<td>\u00a010500*2500*3500 mm<\/td>\n<\/tr>\n<tr>\n<td>\u00a0Dimensiones del cuerpo (mm)<\/td>\n<td>9775*2400*1380 mm<\/td>\n<\/tr>\n<tr>\n<td>\u00a0Longitud del remolque basculante<\/td>\n<td>\u00a032,1 pies<\/td>\n<\/tr>\n<tr>\n<td>\u00a0Altura final del remolque basculante<\/td>\n<td>\u00a011 pies<\/td>\n<\/tr>\n<tr>\n<td>\u00a0Anchura del remolque basculante<\/td>\n<td>\u00a08 pies<\/td>\n<\/tr>\n<tr>\n<td>\u00a0Chasis<\/td>\n<td>\u00a0Viga en I de dise\u00f1o resistente y durabilidad extra<\/td>\n<\/tr>\n<tr>\n<td>\u00a0Eje<\/td>\n<td>\u00a04 ejes<\/td>\n<\/tr>\n<tr>\n<td>\u00a0Sistema hidr\u00e1ulico<\/td>\n<td>\u00a0Cilindro hidr\u00e1ulico HYVA<\/td>\n<\/tr>\n<tr>\n<td>\u00a0Cilindro<\/td>\n<td>\u00a0175, 191, 202, 214 \/ 4TG, 5TG<\/td>\n<\/tr>\n<tr>\n<td>\u00a0Suspensi\u00f3n<\/td>\n<td>\u00a0Suspensi\u00f3n mec\u00e1nica \/ Suspensi\u00f3n por muelles<\/td>\n<\/tr>\n<tr>\n<td>\u00a0Kingpin<\/td>\n<td>\u00a0Tipo desmontable JOST 2\u2033 o 3,5<\/td>\n<\/tr>\n<tr>\n<td>\u00a0Tren de aterrizaje<\/td>\n<td>\u00a0JOST 28T<\/td>\n<\/tr>\n<tr>\n<td>\u00a0Sistema de frenado<\/td>\n<td>\u00a0ABS o EBS (opcional)<\/td>\n<\/tr>\n<tr>\n<td>\u00a0Material<\/td>\n<td>\u00a0Acero de alta resistencia de 5 mm o 6 mm<\/td>\n<\/tr>\n<tr>\n<td>\u00a0Neum\u00e1tico<\/td>\n<td>\u00a012R 22.5 315\/80 R22.5<\/td>\n<\/tr>\n<tr>\n<td>\u00a0Soporte para rueda de repuesto<\/td>\n<td>\u00a0un juego de la rueda de repuesto que incluye un soporte<\/td>\n<\/tr>\n<tr>\n<td>\u00a0Accesorios<\/td>\n<td>\u00a0Una caja de herramientas est\u00e1ndar, un mango basculante, una llave de eje<\/td>\n<\/tr>\n<tr>\n<td>\u00a0C\u00e1maras de freno<\/td>\n<td>\u00a0T30\/30<\/td>\n<\/tr>\n<tr>\n<td>\u00a0Piezas<\/td>\n<td>\u00a0El\u00e9ctrico, freno, eje, neum\u00e1tico, suspensi\u00f3n, pestillo, kit.<\/td>\n<\/tr>\n<tr>\n<td><u><a href=\"\/spanish\/contact-us\/\">Consulta<\/a><\/u><\/td>\n<td><u><a href=\"\/spanish\/contact-us\/\">Obtener presupuesto gratuito<\/a><\/u><\/td>\n<\/tr>\n<\/tbody>\n<\/table>\n<p style=\"text-align: center;\"><a class=\"product_button\" href=\"#elementor-action%3Aaction%3Dpopup%3Aopen%26settings%3DeyJpZCI6Ijk5MDciLCJ0b2dnbGUiOmZhbHNlfQ%3D%3D\">Haga clic para m\u00e1s detalles<\/a><\/p>\n<h2>Venta de semirremolques basculantes de 4 ejes<\/h2>\n<p>Panda Mech es un fabricante de remolques volquete de 4 ejes de China. Suministramos remolques volquete de 4 ejes para la venta. Los fabricantes de Panda Mech han tenido \u00e9xito en el sudeste asi\u00e1tico, Oriente Medio, \u00c1frica y Am\u00e9rica del Sur, como Filipinas, Tanzania, Nigeria, etc ...<\/p>\n<p><a href=\"\/spanish\/contact-us\/\" rel=\"nofollow\"><img decoding=\"async\" src=\"https:\/\/pandamech.com\/wp-content\/uploads\/u_file\/db8ce19fe3.jpg\" alt=\"remolque basculante east end\" title=\"\"><\/a><\/p>\n<h2>FAQ<\/h2>\n<h3 data-start=\"2066\" data-end=\"2113\">\u00bfCu\u00e1l es el precio de un remolque volquete de 4 ejes?<\/h3>\n<p>El precio de un <strong data-start=\"15\" data-end=\"56\">Remolque basculante de 4 ejes de Panda Mech<\/strong> oscila generalmente entre <strong data-start=\"82\" data-end=\"103\">18.000-32.000 USD<\/strong>, En funci\u00f3n del material (acero est\u00e1ndar o Hardox), el sistema hidr\u00e1ulico y las opciones de personalizaci\u00f3n. \ud83d\ude9b Con Panda Mech, no solo compras un remolque, inviertes en <strong data-start=\"279\" data-end=\"356\">mayor capacidad de carga \u00fatil, mayor vida \u00fatil y menores costes de explotaci\u00f3n<\/strong>.<\/p>\n<h3 data-start=\"2066\" data-end=\"2113\">\u00bfPuedo comprar al por mayor remolques volquete de 4 ejes de China?<\/h3>\n<p>S\u00ed, puede comprar remolques volquete de 4 ejes al por mayor de China, una pr\u00e1ctica habitual entre muchos compradores internacionales, especialmente en los sectores de la ingenier\u00eda, la miner\u00eda y la construcci\u00f3n.<\/p>","protected":false},"excerpt":{"rendered":"<p><strong>Modelo<\/strong>: 4 ejes 60 toneladas<\/p>\n<p><strong>Precios<\/strong>: USD 15.000-25.000<\/p>\n<p><strong>Fecha de entrega<\/strong>7-25 d\u00edas<\/p>\n<p><strong>Aplicaci\u00f3n<\/strong>Transporte Carb\u00f3n, mineral, materiales de construcci\u00f3n<\/p>\n<p><strong>\u00c1ngulo de inclinaci\u00f3n<\/strong>: 45\u00b0<\/p>\n<p><strong>Sistema hidr\u00e1ulico<\/strong>: Cilindro HYVA<\/p>","protected":false},"featured_media":58088,"template":"","meta":{"_acf_changed":false,"_kad_blocks_custom_css":"","_kad_blocks_head_custom_js":"","_kad_blocks_body_custom_js":"","_kad_blocks_footer_custom_js":"","_kad_post_transparent":"default","_kad_post_title":"","_kad_post_layout":"default","_kad_post_sidebar_id":"","_kad_post_content_style":"default","_kad_post_vertical_padding":"default","_kad_post_feature":"","_kad_post_feature_position":"","_kad_post_header":false,"_kad_post_footer":false,"_kad_post_classname":""},"product_brand":[],"product_cat":[106],"product_tag":[61],"class_list":{"0":"post-21389","1":"product","2":"type-product","3":"status-publish","4":"has-post-thumbnail","6":"product_cat-semi-dump-trailer","7":"product_tag-4-axle-trailer","9":"first","10":"instock","11":"sold-individually","12":"shipping-taxable","13":"purchasable","14":"product-type-simple","15":"entry","16":"content-bg","17":"loop-entry"},"acf":[],"taxonomy_info":{"product_cat":[{"value":106,"label":"End Dump Trailer"}],"product_tag":[{"value":61,"label":"4 Axle Trailer"}]},"featured_image_src_large":["https:\/\/www.pandamech.com\/wp-content\/uploads\/2022\/10\/2-500x500.jpg",500,500,true],"author_info":[],"comment_info":"","_links":{"self":[{"href":"https:\/\/www.pandamech.com\/spanish\/wp-json\/wp\/v2\/product\/21389","targetHints":{"allow":["GET"]}}],"collection":[{"href":"https:\/\/www.pandamech.com\/spanish\/wp-json\/wp\/v2\/product"}],"about":[{"href":"https:\/\/www.pandamech.com\/spanish\/wp-json\/wp\/v2\/types\/product"}],"version-history":[{"count":3,"href":"https:\/\/www.pandamech.com\/spanish\/wp-json\/wp\/v2\/product\/21389\/revisions"}],"predecessor-version":[{"id":91587,"href":"https:\/\/www.pandamech.com\/spanish\/wp-json\/wp\/v2\/product\/21389\/revisions\/91587"}],"wp:featuredmedia":[{"embeddable":true,"href":"https:\/\/www.pandamech.com\/spanish\/wp-json\/wp\/v2\/media\/58088"}],"wp:attachment":[{"href":"https:\/\/www.pandamech.com\/spanish\/wp-json\/wp\/v2\/media?parent=21389"}],"wp:term":[{"taxonomy":"product_brand","embeddable":true,"href":"https:\/\/www.pandamech.com\/spanish\/wp-json\/wp\/v2\/product_brand?post=21389"},{"taxonomy":"product_cat","embeddable":true,"href":"https:\/\/www.pandamech.com\/spanish\/wp-json\/wp\/v2\/product_cat?post=21389"},{"taxonomy":"product_tag","embeddable":true,"href":"https:\/\/www.pandamech.com\/spanish\/wp-json\/wp\/v2\/product_tag?post=21389"}],"curies":[{"name":"wp","href":"https:\/\/api.w.org\/{rel}","templated":true}]}}