{"id":21384,"date":"2025-12-02T11:52:47","date_gmt":"2025-12-02T03:52:47","guid":{"rendered":"http:\/\/pandamech.com\/?post_type=product&#038;p=21384"},"modified":"2025-12-07T10:07:12","modified_gmt":"2025-12-07T02:07:12","slug":"45ft-shipping-container-chassis-trailer","status":"publish","type":"product","link":"https:\/\/www.pandamech.com\/spanish\/product\/45ft-shipping-container-chassis-trailer\/","title":{"rendered":"Venta de chasis de contenedor de 45 pies"},"content":{"rendered":"<p>Chasis portacontenedores de 45 pies, tambi\u00e9n llamado semirremolque esquel\u00e9tico de 45 pies, remolque portacontenedores, etc. Se utilizan generalmente para el transporte de contenedores ISO en puertos, astilleros, rutas, puentes, t\u00faneles, estaciones de transferencia, y el apoyo a los sistemas log\u00edsticos de transporte multimodal. 45 pies de largo caben de 4 a 14 juegos de esclusas de contenedores adecuados para 45\u2032 contenedor seco, contenedor cisterna y contenedor refrigerado, etc.<\/p>\n<h2>Im\u00e1genes de chasis de contenedor de 45 pies<\/h2>\n<p><img fetchpriority=\"high\" decoding=\"async\" class=\"alignnone wp-image-40158 size-full\" src=\"https:\/\/pandamech.com\/wp-content\/uploads\/2023\/05\/45ft-chassis-7.jpg\" alt=\"45 Ft remolque contenedor chasis para la venta\" width=\"750\" height=\"399\" title=\"\"><\/p>\n<p>Venta de remolques chasis para contenedores de 45 pies<\/p>\n<p><img decoding=\"async\" class=\"alignnone wp-image-40159 size-full\" src=\"https:\/\/pandamech.com\/wp-content\/uploads\/2023\/05\/45ft-chassis-8.jpg\" alt=\"45 Ft remolque contenedor chasis para la venta\" width=\"750\" height=\"399\" title=\"\"><\/p>\n<p>45 pies de contenedores de transporte chasis remolques para la venta<\/p>\n<h2>Especificaci\u00f3n del chasis del contenedor de 45 pies<\/h2>\n<table style=\"width: 800px;\" border=\"1\" cellspacing=\"1\" cellpadding=\"1\">\n<tbody>\n<tr>\n<td width=\"457\" height=\"32\">Dimensi\u00f3n<\/td>\n<td width=\"492\">13950*2500*1550mm<\/td>\n<\/tr>\n<tr>\n<td width=\"457\" height=\"32\">Altura<\/td>\n<td>1550 mm<\/td>\n<\/tr>\n<tr>\n<td width=\"457\" height=\"32\">Anchura<\/td>\n<td>2500mm<\/td>\n<\/tr>\n<tr>\n<td width=\"457\" height=\"32\">Peso esquel\u00e9tico del remolque<\/td>\n<td>6500Kg<\/td>\n<\/tr>\n<tr>\n<td width=\"457\" height=\"32\">Viga principal<\/td>\n<td>\u201cSecci\u00f3n \u201dI\" altura 500mm Material Q345\/T700<\/td>\n<\/tr>\n<tr>\n<td width=\"457\" height=\"32\">Twist-Lock<\/td>\n<td>12\/14 set Norma ISO<\/td>\n<\/tr>\n<tr>\n<td width=\"457\" height=\"32\">Suspensi\u00f3n<\/td>\n<td>Mec\u00e1nica \/ Aire \/ Bogie<\/td>\n<\/tr>\n<tr>\n<td width=\"457\" height=\"32\">Eje<\/td>\n<td>3 ejes BPW\/FUWA\/PDME, etc.<\/td>\n<\/tr>\n<tr>\n<td width=\"457\" height=\"32\">Llanta<\/td>\n<td>8\/12\/16 piezas 9,0-22,5 Acero\/Aluminio<\/td>\n<\/tr>\n<tr>\n<td width=\"457\" height=\"32\">Neum\u00e1tico<\/td>\n<td>8\/12\/16 piezas 12R22.5 Bridgestone\/Triangle\/Linglong etc<\/td>\n<\/tr>\n<tr>\n<td width=\"457\" height=\"32\">V\u00e1lvula de freno<\/td>\n<td>WABCO<\/td>\n<\/tr>\n<tr>\n<td width=\"457\" height=\"32\">C\u00e1mara de frenado<\/td>\n<td>4\/6 series T30\/30<\/td>\n<\/tr>\n<tr>\n<td width=\"457\" height=\"32\">Dep\u00f3sito de aire<\/td>\n<td>28L<\/td>\n<\/tr>\n<tr>\n<td width=\"457\" height=\"32\">Tubo de freno<\/td>\n<td>Tubo de alambre de nailon<\/td>\n<\/tr>\n<tr>\n<td width=\"457\" height=\"32\">Tren de aterrizaje<\/td>\n<td>28T Elevaci\u00f3n JOST\/YAHUA<\/td>\n<\/tr>\n<tr>\n<td width=\"457\" height=\"32\">Kingpin<\/td>\n<td>2\u2033(50mm)\/3.5\u2033(90mm) Tipo de atornillado JOST<\/td>\n<\/tr>\n<tr>\n<td width=\"457\" height=\"32\">Luces<\/td>\n<td>12v\/24v LED estancos<\/td>\n<\/tr>\n<tr>\n<td width=\"457\" height=\"32\">Color<\/td>\n<td>Personalizado<\/td>\n<\/tr>\n<\/tbody>\n<\/table>\n<h2>Caracter\u00edsticas del chasis de contenedor de 45 pies<\/h2>\n<ul>\n<li data-start=\"86\" data-end=\"210\">\n<p data-start=\"88\" data-end=\"210\"><strong data-start=\"88\" data-end=\"110\">Compatibilidad con 45\u2032:<\/strong> Bastidor de cuello de cisne con posiciones de bloqueo delanteras ampliadas, que aseguran los contenedores ISO de 45\u2032 (y 40\u2032) de forma segura.<\/p>\n<\/li>\n<li data-start=\"211\" data-end=\"331\">\n<p data-start=\"213\" data-end=\"331\"><strong data-start=\"213\" data-end=\"237\">Disposici\u00f3n de 8 twist-lock:<\/strong> Admite 1\u00d745\u2032 o 1\u00d740\u2032; pares delanteros\/traseros opcionales habilitados. <strong data-start=\"296\" data-end=\"305\" data-is-only-node=\"\">2\u00d720\u2032<\/strong> operaciones donde sea legal.<\/p>\n<\/li>\n<li data-start=\"332\" data-end=\"478\">\n<p data-start=\"334\" data-end=\"478\"><strong data-start=\"334\" data-end=\"361\">Vigas principales ligeras:<\/strong> Vigas en I de alta resistencia T700\/Q345, travesa\u00f1os optimizados, resistentes pero ligeros para una mayor carga \u00fatil neta y ahorro de combustible.<\/p>\n<\/li>\n<li data-start=\"479\" data-end=\"609\">\n<p data-start=\"481\" data-end=\"609\"><strong data-start=\"481\" data-end=\"503\">Eje y suspensi\u00f3n:<\/strong> T\u00e1ndem o trieje; suspensi\u00f3n mec\u00e1nica de ballestas o neum\u00e1tica ajustada para ofrecer estabilidad, confort de marcha y vida \u00fatil de los neum\u00e1ticos.<\/p>\n<\/li>\n<li data-start=\"610\" data-end=\"744\">\n<p data-start=\"612\" data-end=\"744\"><strong data-start=\"612\" data-end=\"629\">Sistema de frenos:<\/strong> Frenos neum\u00e1ticos de doble l\u00ednea con c\u00e1maras T30\/30, rel\u00e9 WABCO; <strong data-start=\"686\" data-end=\"697\" data-is-only-node=\"\">ABS\/EBS<\/strong> opciones para mejorar el control y el cumplimiento.<\/p>\n<\/li>\n<\/ul>\n<h2>Panda Mech<\/h2>\n<p>Panda Mech es un fabricante de chasis de contenedor de 45 pies de China. Suministramos 45Ft chasis de contenedores para la venta. PANDA MECH fabricantes han tenido \u00e9xito en el sudeste de Asia, Oriente Medio, \u00c1frica y Am\u00e9rica del Sur, como Filipinas, Tanzania, etc ...<\/p>\n<p><a href=\"\/spanish\/contact-us\/\" rel=\"nofollow\"><img decoding=\"async\" src=\"https:\/\/pandamech.com\/wp-content\/uploads\/u_file\/db8ce19fe3.jpg\" alt=\"Chasis de contenedor de 40 pies\" title=\"\"><\/a><\/p>\n<h2>FAQ<\/h2>\n<h3 class=\"JlqpRe\"><span class=\"JCzEY tNxQIb\"><span class=\"CSkcDe\">\u00bfHay disponible un contenedor de 45 pies?<\/span><\/span><\/h3>\n<p data-start=\"0\" data-end=\"116\"><strong data-start=\"0\" data-end=\"114\">S\u00ed, hay contenedores de 45 pies, pero su disponibilidad depende de la naviera, la ruta y la regi\u00f3n.<\/strong><\/p>\n<p data-start=\"118\" data-end=\"489\" data-is-last-node=\"\" data-is-only-node=\"\">En muchas de las principales rutas comerciales, especialmente en las rutas Asia-Europa y transpac\u00edficas, los contenedores c\u00fabicos altos de 45 pies se utilizan habitualmente para cargas que necesitan longitud y volumen adicionales. Sin embargo, no todos los dep\u00f3sitos o puertos los mantienen en grandes existencias como las unidades de 20 o 40 pies, por lo que es importante confirmar la disponibilidad y el tipo de equipo con su transitario o proveedor de contenedores con antelaci\u00f3n.<\/p>\n<div>\n<h3 class=\"JlqpRe\"><span class=\"JCzEY tNxQIb\"><span class=\"CSkcDe\">\u00bfCu\u00e1nto pesa un chasis contenedor de 40 pies?<\/span><\/span><\/h3>\n<p data-start=\"0\" data-end=\"131\"><strong data-start=\"0\" data-end=\"129\">Un chasis de contenedor t\u00edpico de 40 pies pesa alrededor de 6.000-7.500 libras (unos 2.700-3.400 kg), dependiendo del dise\u00f1o y las opciones.<\/strong><\/p>\n<p data-start=\"133\" data-end=\"450\">Los chasis est\u00e1ndar de cuello de cisne de 40 pies utilizados para contenedores ISO entran dentro de este rango, mientras que los modelos de alta resistencia o de tres ejes con vigas m\u00e1s fuertes, acero m\u00e1s grueso o equipamiento adicional (cajas de herramientas, opciones de suspensi\u00f3n, etc.) pueden ser ligeramente m\u00e1s pesados. La tara exacta debe confirmarse en la hoja de especificaciones del fabricante.<\/p>\n<div class=\"p8Jhnd\">\n<div class=\"aj35ze\">\n<h3 class=\"JlqpRe\"><span class=\"JCzEY tNxQIb\"><span class=\"CSkcDe\">\u00bfCu\u00e1l es la diferencia entre un contenedor de 40 y 45 pies?<\/span><\/span><\/h3>\n<p data-start=\"0\" data-end=\"186\"><strong data-start=\"0\" data-end=\"184\">La principal diferencia entre un contenedor de 40 pies y uno de 45 pies es la longitud y la capacidad interna, con el contenedor de 45 pies proporcionando unos 5 pies extra de espacio utilizable y un mayor volumen c\u00fabico.<\/strong><\/p>\n<p data-start=\"188\" data-end=\"502\">Ambos suelen tener la misma anchura y altura (a menudo High Cube de 9\u20196\u2033), se adaptan al equipo de manipulaci\u00f3n est\u00e1ndar y utilizan las mismas piezas ISO para las esquinas. Sin embargo, las unidades de 45 pies son menos comunes, pueden tener gastos de equipamiento y flete m\u00e1s elevados y suelen estar restringidas en determinadas rutas o terminales en comparaci\u00f3n con los contenedores de 40 pies.<\/p>\n<div class=\"p8Jhnd\">\n<div class=\"aj35ze\">\n<h3 class=\"JlqpRe\"><span class=\"JCzEY tNxQIb\"><span class=\"CSkcDe\">\u00bfSe puede poner un contenedor de 20 pies en un chasis de 40 pies?<\/span><\/span><\/h3>\n<p data-start=\"0\" data-end=\"142\"><strong data-start=\"0\" data-end=\"140\">S\u00ed, pero s\u00f3lo si el chasis de 40 pies est\u00e1 espec\u00edficamente dise\u00f1ado y certificado para transportar contenedores de 20 pies con las posiciones correctas de cierre por torsi\u00f3n.<\/strong><\/p>\n<p data-start=\"144\" data-end=\"387\">Muchos chasis \u201c20\/40\u201d o \u201ccombo\u201d tienen cierres ajustables o adicionales para asegurar con seguridad una caja de 20 pies. El uso de un chasis fijo est\u00e1ndar de 40 pies sin los puntos de bloqueo adecuados es inseguro, no cumple las normas y, por lo general, no est\u00e1 permitido por la normativa de transporte.<\/p>\n<\/div>\n<\/div>\n<\/div>\n<\/div>\n<\/div>","protected":false},"excerpt":{"rendered":"<p>Tipo: 3 ejes 45ft contenedor chasis remolque para la venta<\/p>\n<p>Gama de precios: $7,800-15,600<\/p>\n<p>Plazo de entrega: 7-25 d\u00edas<\/p>\n<p>Aplicaci\u00f3n: contenedor de transporte<\/p>\n<p>Capacidad de carga: 20-50 toneladas<\/p>","protected":false},"featured_media":55893,"template":"","meta":{"_acf_changed":false,"_kad_blocks_custom_css":"","_kad_blocks_head_custom_js":"","_kad_blocks_body_custom_js":"","_kad_blocks_footer_custom_js":"","_kad_post_transparent":"default","_kad_post_title":"","_kad_post_layout":"default","_kad_post_sidebar_id":"","_kad_post_content_style":"default","_kad_post_vertical_padding":"default","_kad_post_feature":"","_kad_post_feature_position":"","_kad_post_header":false,"_kad_post_footer":false,"_kad_post_classname":""},"product_brand":[],"product_cat":[103],"product_tag":[],"class_list":{"0":"post-21384","1":"product","2":"type-product","3":"status-publish","4":"has-post-thumbnail","6":"product_cat-container-chassis-trailer","8":"first","9":"instock","10":"sold-individually","11":"shipping-taxable","12":"purchasable","13":"product-type-simple","14":"entry","15":"content-bg","16":"loop-entry"},"acf":[],"taxonomy_info":{"product_cat":[{"value":103,"label":"Container Chassis"}]},"featured_image_src_large":["https:\/\/www.pandamech.com\/wp-content\/uploads\/2023\/05\/45ft-chassis-2-500x500.jpg",500,500,true],"author_info":[],"comment_info":"","_links":{"self":[{"href":"https:\/\/www.pandamech.com\/spanish\/wp-json\/wp\/v2\/product\/21384","targetHints":{"allow":["GET"]}}],"collection":[{"href":"https:\/\/www.pandamech.com\/spanish\/wp-json\/wp\/v2\/product"}],"about":[{"href":"https:\/\/www.pandamech.com\/spanish\/wp-json\/wp\/v2\/types\/product"}],"version-history":[{"count":4,"href":"https:\/\/www.pandamech.com\/spanish\/wp-json\/wp\/v2\/product\/21384\/revisions"}],"predecessor-version":[{"id":92439,"href":"https:\/\/www.pandamech.com\/spanish\/wp-json\/wp\/v2\/product\/21384\/revisions\/92439"}],"wp:featuredmedia":[{"embeddable":true,"href":"https:\/\/www.pandamech.com\/spanish\/wp-json\/wp\/v2\/media\/55893"}],"wp:attachment":[{"href":"https:\/\/www.pandamech.com\/spanish\/wp-json\/wp\/v2\/media?parent=21384"}],"wp:term":[{"taxonomy":"product_brand","embeddable":true,"href":"https:\/\/www.pandamech.com\/spanish\/wp-json\/wp\/v2\/product_brand?post=21384"},{"taxonomy":"product_cat","embeddable":true,"href":"https:\/\/www.pandamech.com\/spanish\/wp-json\/wp\/v2\/product_cat?post=21384"},{"taxonomy":"product_tag","embeddable":true,"href":"https:\/\/www.pandamech.com\/spanish\/wp-json\/wp\/v2\/product_tag?post=21384"}],"curies":[{"name":"wp","href":"https:\/\/api.w.org\/{rel}","templated":true}]}}