{"id":21381,"date":"2025-09-03T17:26:47","date_gmt":"2025-09-03T09:26:47","guid":{"rendered":"http:\/\/pandamech.com\/?post_type=product&#038;p=21381"},"modified":"2025-09-06T15:56:16","modified_gmt":"2025-09-06T07:56:16","slug":"aggregate-tipping-trailers-for-sale","status":"publish","type":"product","link":"https:\/\/www.pandamech.com\/spanish\/product\/aggregate-tipping-trailers-for-sale\/","title":{"rendered":"Se Vende Remolque Volquete para \u00c1ridos"},"content":{"rendered":"<p>Un remolque basculante para \u00e1ridos, tambi\u00e9n conocido como\u00a0<a style=\"color: #3366ff;\" href=\"https:\/\/www.pandamech.com\/spanish\/category\/tipper-trailer\/semi-dump-trailer\/\" target=\"_blank\" rel=\"noopener\">semirremolque basculante<\/a>, La estructura incluye chasis, caja y sistema de elevaci\u00f3n. Trabajo por PTO suministra aceite al cilindro, caja de elevaci\u00f3n hasta el \u00e1ngulo deseado, carga se desliza hacia fuera, mejorar la eficiencia de descarga.<\/p>\n<p>Ampliamente utilizado en plantas de arenisca, obras de construcci\u00f3n y minas, transporte de \u00e1ridos, arena, grava, movimiento de tierras y miner\u00eda.<\/p>\n<h2>Im\u00e1genes de remolques volquete para \u00e1ridos<\/h2>\n<p><img fetchpriority=\"high\" decoding=\"async\" class=\"alignnone wp-image-32434 size-full\" src=\"https:\/\/pandamech.com\/wp-content\/uploads\/2022\/08\/40cbm-3axle-tipepr-trailer-7.jpg\" alt=\"Mayorista remolque volquete para \u00e1ridos fabricante China\" width=\"800\" height=\"533\" title=\"\"><\/p>\n<p>Suministro de remolques basculantes de tres ejes para la venta en China<\/p>\n<p><img decoding=\"async\" class=\"alignnone wp-image-32435 size-full\" src=\"https:\/\/pandamech.com\/wp-content\/uploads\/2022\/08\/40cbm-3axle-tipepr-trailer-8.jpg\" alt=\"venta de remolques basculantes de tres ejes para \u00e1ridos\" width=\"800\" height=\"533\" title=\"\"><\/p>\n<p>fabricante de remolques basculantes para \u00e1ridos<u><\/u><\/p>\n<h2>V\u00eddeo del remolque de volteo de \u00e1ridos<\/h2>\n<p><iframe title=\"Reproductor de v\u00eddeo YouTube\" src=\"https:\/\/www.youtube.com\/embed\/uV4awegJhLI\" width=\"800\" height=\"533\" frameborder=\"0\" allowfullscreen=\"allowfullscreen\" data-mce-fragment=\"1\"><\/iframe><\/p>\n<h2>Especificaciones del remolque volquete para \u00e1ridos<\/h2>\n<table style=\"width: 800px;\" border=\"1\" cellspacing=\"1\" cellpadding=\"1\">\n<tbody>\n<tr>\n<td width=\"208\" height=\"33\">\u00a0Fabricante<\/td>\n<td width=\"598\">\u00a0Panda Mech<\/td>\n<\/tr>\n<tr>\n<td height=\"33\">\u00a0Capacidad<\/td>\n<td>\u00a030 - 60 toneladas<\/td>\n<\/tr>\n<tr>\n<td height=\"33\">\u00a0Dimensiones totales (mm)<\/td>\n<td>\u00a0(9.360 - 10.803) * (2.500 - 2.550) * (3.262 - 3.830) mm<\/td>\n<\/tr>\n<tr>\n<td height=\"33\">\u00a0Dimensiones del cuerpo (mm)<\/td>\n<td>\u00a0(8,270 - 9,600) * 2,300 * (1,400-1850) <span style=\"font-family: inherit; font-size: inherit; letter-spacing: 0.015em;\">mm<\/span><\/td>\n<\/tr>\n<tr>\n<td height=\"33\">\u00a0Longitud<\/td>\n<td>\u00a030,71 - 35,44 pies<\/td>\n<\/tr>\n<tr>\n<td height=\"33\">\u00a0Altura<\/td>\n<td>\u00a010,7 - 12,57 pies<\/td>\n<\/tr>\n<tr>\n<td height=\"33\">\u00a0Anchura<\/td>\n<td>\u00a08,2 - 8,37 pies<\/td>\n<\/tr>\n<tr>\n<td height=\"33\">\u00a0Chasis<\/td>\n<td>\u00a0Viga en I de dise\u00f1o resistente y durabilidad extra<\/td>\n<\/tr>\n<tr>\n<td height=\"33\">\u00a0Eje<\/td>\n<td>\u00a03 ejes<\/td>\n<\/tr>\n<tr>\n<td height=\"33\">\u00a0Sistema hidr\u00e1ulico<\/td>\n<td>\u00a0Cilindro hidr\u00e1ulico HYVA<\/td>\n<\/tr>\n<tr>\n<td height=\"33\">\u00a0Cilindro<\/td>\n<td>\u00a0175, 191, 202, 214 \/ 4TG, 5TG<\/td>\n<\/tr>\n<tr>\n<td height=\"33\">\u00a0Suspensi\u00f3n<\/td>\n<td>\u00a0Suspensi\u00f3n mec\u00e1nica \/ Suspensi\u00f3n por muelles<\/td>\n<\/tr>\n<tr>\n<td height=\"33\">\u00a0Kingpin<\/td>\n<td>\u00a0Tipo desmontable JOST 2\u2033 o 3,5<\/td>\n<\/tr>\n<tr>\n<td height=\"33\">\u00a0Tren de aterrizaje<\/td>\n<td>\u00a0JOST 28T<\/td>\n<\/tr>\n<tr>\n<td height=\"33\">\u00a0Sistema de frenado<\/td>\n<td>\u00a0ABS o EBS (opcional)<\/td>\n<\/tr>\n<tr>\n<td height=\"33\">\u00a0Material<\/td>\n<td>\u00a0Acero de alta resistencia de 5 mm o 6 mm, cuerpo de acero<\/td>\n<\/tr>\n<tr>\n<td height=\"33\">\u00a0Neum\u00e1tico<\/td>\n<td>\u00a012R 22.5 315\/80 R22.5<\/td>\n<\/tr>\n<tr>\n<td height=\"33\">\u00a0Accesorios<\/td>\n<td>\u00a0Una caja de herramientas est\u00e1ndar, un mango basculante, una llave de eje<\/td>\n<\/tr>\n<tr>\n<td height=\"33\">\u00a0C\u00e1maras de freno<\/td>\n<td>\u00a0T30\/30<\/td>\n<\/tr>\n<\/tbody>\n<\/table>\n<p style=\"text-align: center;\"><a class=\"product_button\" href=\"#elementor-action%3Aaction%3Dpopup%3Aopen%26settings%3DeyJpZCI6Ijk5MDciLCJ0b2dnbGUiOmZhbHNlfQ%3D%3D\">Haga clic para m\u00e1s detalles<\/a><\/p>\n<h2>Ventajas del remolque volquete para \u00e1ridos<\/h2>\n<h3>\u26a1 Descarga eficaz<\/h3>\n<p>El remolque volquete para \u00e1ridos utiliza un potente sistema hidr\u00e1ulico o un dise\u00f1o de descarga por gravedad, lo que permite descargar grandes vol\u00famenes en poco tiempo, mejorando significativamente la eficiencia operativa en obras de construcci\u00f3n o zonas mineras.<\/p>\n<h3>\ud83d\udee0\ufe0f Estructura resistente al desgaste<\/h3>\n<p>La carrocer\u00eda del remolque volquete para \u00e1ridos est\u00e1 construida con acero de alta resistencia o revestimiento resistente al desgaste, lo que ofrece la ventaja de soportar el impacto y la abrasi\u00f3n a largo plazo de la arena y la grava, alargando as\u00ed su vida \u00fatil.<\/p>\n<h3>\ud83d\udcb0 Ahorro de costes<\/h3>\n<p>El remolque volquete para \u00e1ridos puede cargar un gran n\u00famero de art\u00edculos a la vez, ofreciendo una mayor eficiencia de transporte que los volquetes monovolumen, reduciendo los costes de mano de obra y tiempo y logrando un mayor rendimiento de la inversi\u00f3n.<\/p>\n<h3>\ud83c\udfd7\ufe0f Amplia gama de aplicaciones<\/h3>\n<p>El Remolque Basculante para \u00c1ridos es especialmente adecuado para las diversas necesidades de transporte de materiales de plantas de grava, minas, obras de construcci\u00f3n y otras aplicaciones. La compra de un Remolque Basculante para \u00c1ridos le permite satisfacer una gran variedad de necesidades de transporte, proporcion\u00e1ndole tranquilidad.<\/p>\n<h3>F\u00e1cil mantenimiento<\/h3>\n<p>El sistema hidr\u00e1ulico optimizado y la estructura de la carrocer\u00eda del remolque volquete para \u00e1ridos minimizan el mantenimiento, lo que permite un funcionamiento eficaz y un mantenimiento rutinario que ahorra tiempo.<\/p>\n<h3>\ud83c\udf0d Mayor competitividad<\/h3>\n<p>La velocidad de transporte eficiente y la fiabilidad del remolque volquete para \u00e1ridos pueden ayudar a los contratistas y a las empresas de log\u00edstica a conseguir una mayor ventaja competitiva en sus operaciones.<\/p>\n<p style=\"text-align: center;\"><a class=\"product_button\" href=\"#elementor-action%3Aaction%3Dpopup%3Aopen%26settings%3DeyJpZCI6Ijk5MDciLCJ0b2dnbGUiOmZhbHNlfQ%3D%3D\">Haga clic para m\u00e1s detalles<\/a><\/p>\n<h2>Panda Mech<\/h2>\n<p>Panda Mech es un fabricante de remolques basculantes de agregados de China. Suministramos remolques <a href=\"https:\/\/www.pandamech.com\/spanish\/category\/tipper-trailer\/\" target=\"_blank\" rel=\"noopener\">venta de volquetes<\/a>. Los fabricantes de PANDA MECH han tenido \u00e9xito en el Sudeste Asi\u00e1tico, Oriente Medio, \u00c1frica y Sudam\u00e9rica, como Filipinas, Tanzania, Nigeria, etc...<\/p>\n<p><a href=\"\/spanish\/contact-us\/\" rel=\"nofollow\"><img decoding=\"async\" src=\"https:\/\/pandamech.com\/wp-content\/uploads\/u_file\/db8ce19fe3.jpg\" alt=\"venta de semirremolques basculantes\" title=\"\"><\/a><\/p>\n<p>Relacionado:<\/p>\n<p><span style=\"color: #0000ff;\"><a style=\"color: #0000ff;\" href=\"https:\/\/www.pandamech.com\/spanish\/product\/80-ton-dump-truck-trailer\/\" target=\"_blank\" rel=\"noopener\">Remolque volquete de 80 toneladas<\/a><\/span><\/p>\n<p><span style=\"color: #0000ff;\"><a style=\"color: #0000ff;\" href=\"https:\/\/www.pandamech.com\/product\/50-ton-tipper-truck-trailer\/\" target=\"_blank\" rel=\"noopener\">Remolque volquete de 50 toneladas<\/a><\/span><\/p>\n<p><span style=\"color: #0000ff;\"><a style=\"color: #0000ff;\" href=\"https:\/\/www.pandamech.com\/product\/container-tipper-chassis-for-sale-p00253p1-html\/\">Venta de remolques esqueleto basculantes<\/a><\/span><\/p>\n<p><span style=\"color: #0000ff;\"><a style=\"color: #0000ff;\" href=\"https:\/\/www.pandamech.com\/spanish\/product\/china-45m3-tipper-trailer-wholesale\/\">Suministro Fabricante de remolques volquete de 45 m3<\/a><\/span><\/p>\n<p><span style=\"color: #0000ff;\"><a style=\"color: #0000ff;\" href=\"https:\/\/www.pandamech.com\/spanish\/product\/a-double-tipper-trailer-p00251p1-html\/\">Venta de remolques basculantes con lanza<\/a><\/span><\/p>\n<p><span style=\"color: #0000ff;\"><a style=\"color: #0000ff;\" href=\"https:\/\/www.pandamech.com\/spanish\/product\/3-axle-rear-end-tipper-semi-trailer-price\/\">Semirremolque basculante trasero 3axl barato<\/a><\/span><\/p>\n<p><span style=\"color: #0000ff;\"><a style=\"color: #0000ff;\" href=\"https:\/\/haletrailer.com\/used\/tipper\/\" target=\"_blank\" rel=\"noopener\">Semirremolques basculantes usados<\/a><\/span><\/p>\n<p>Referencia:<\/p>\n<p><a href=\"https:\/\/www.tdi.texas.gov\/pubs\/videoresource\/fsdumptrucktip.pdf\" target=\"_blank\" rel=\"nofollow noopener\">https:\/\/www.tdi.texas.gov\/pubs\/videoresource\/fsdumptrucktip.pdf<\/a><\/p>","protected":false},"excerpt":{"rendered":"<p><strong>Modelo<\/strong>: 3 ejes 30-60 toneladas<\/p>\n<p><strong>Precios<\/strong>: USD 13.000-29.000<\/p>\n<p><strong>Fecha de entrega<\/strong>7-25 d\u00edas<\/p>\n<p><strong>Aplicaci\u00f3n<\/strong>: agregado de transporte<\/p>\n<p><strong>\u00c1ngulo de inclinaci\u00f3n<\/strong>: 45\u00b0<\/p>\n<p><strong>Sistema hidr\u00e1ulico<\/strong>: Cilindro HYVA<\/p>","protected":false},"featured_media":57743,"template":"","meta":{"_acf_changed":false,"_kad_blocks_custom_css":"","_kad_blocks_head_custom_js":"","_kad_blocks_body_custom_js":"","_kad_blocks_footer_custom_js":"","_kad_post_transparent":"default","_kad_post_title":"","_kad_post_layout":"default","_kad_post_sidebar_id":"","_kad_post_content_style":"default","_kad_post_vertical_padding":"default","_kad_post_feature":"","_kad_post_feature_position":"","_kad_post_header":false,"_kad_post_footer":false,"_kad_post_classname":""},"product_brand":[],"product_cat":[106],"product_tag":[],"class_list":{"0":"post-21381","1":"product","2":"type-product","3":"status-publish","4":"has-post-thumbnail","6":"product_cat-semi-dump-trailer","8":"first","9":"instock","10":"sold-individually","11":"shipping-taxable","12":"purchasable","13":"product-type-simple","14":"entry","15":"content-bg","16":"loop-entry"},"acf":[],"taxonomy_info":{"product_cat":[{"value":106,"label":"End Dump Trailer"}]},"featured_image_src_large":["https:\/\/www.pandamech.com\/wp-content\/uploads\/2022\/08\/2-21-500x500.jpg",500,500,true],"author_info":[],"comment_info":"","_links":{"self":[{"href":"https:\/\/www.pandamech.com\/spanish\/wp-json\/wp\/v2\/product\/21381","targetHints":{"allow":["GET"]}}],"collection":[{"href":"https:\/\/www.pandamech.com\/spanish\/wp-json\/wp\/v2\/product"}],"about":[{"href":"https:\/\/www.pandamech.com\/spanish\/wp-json\/wp\/v2\/types\/product"}],"version-history":[{"count":5,"href":"https:\/\/www.pandamech.com\/spanish\/wp-json\/wp\/v2\/product\/21381\/revisions"}],"predecessor-version":[{"id":91531,"href":"https:\/\/www.pandamech.com\/spanish\/wp-json\/wp\/v2\/product\/21381\/revisions\/91531"}],"wp:featuredmedia":[{"embeddable":true,"href":"https:\/\/www.pandamech.com\/spanish\/wp-json\/wp\/v2\/media\/57743"}],"wp:attachment":[{"href":"https:\/\/www.pandamech.com\/spanish\/wp-json\/wp\/v2\/media?parent=21381"}],"wp:term":[{"taxonomy":"product_brand","embeddable":true,"href":"https:\/\/www.pandamech.com\/spanish\/wp-json\/wp\/v2\/product_brand?post=21381"},{"taxonomy":"product_cat","embeddable":true,"href":"https:\/\/www.pandamech.com\/spanish\/wp-json\/wp\/v2\/product_cat?post=21381"},{"taxonomy":"product_tag","embeddable":true,"href":"https:\/\/www.pandamech.com\/spanish\/wp-json\/wp\/v2\/product_tag?post=21381"}],"curies":[{"name":"wp","href":"https:\/\/api.w.org\/{rel}","templated":true}]}}