{"id":21376,"date":"2022-05-20T19:02:46","date_gmt":"2022-05-20T11:02:46","guid":{"rendered":"http:\/\/pandamech.com\/?post_type=product&#038;p=21376"},"modified":"2025-10-13T15:40:26","modified_gmt":"2025-10-13T07:40:26","slug":"lpg-gas-tank-trailer-p00129p1-html","status":"publish","type":"product","link":"https:\/\/www.pandamech.com\/spanish\/product\/lpg-gas-tank-trailer-p00129p1-html\/","title":{"rendered":"Venta de remolques cisterna para GLP"},"content":{"rendered":"<p>GLP es la abreviatura de gas licuado de petr\u00f3leo. El remolque cisterna para GLP, tambi\u00e9n conocido como cami\u00f3n cisterna para venta de GLP, cami\u00f3n cisterna para propano, se utiliza principalmente para transportar diversos gases licuados, como amon\u00edaco l\u00edquido, propano, propileno, dimetil \u00e9ter, grasa isobut\u00edlica y butadieno.<\/p>\n<p>Otros gases licuados que pueden transportarse en los remolques de GLP son la metilamina y el acetaldeh\u00eddo. En condiciones ideales, la presi\u00f3n m\u00e1xima de trabajo del transportador es superior o igual a 0,1 MPa.<\/p>\n<h2>Aplicaci\u00f3n<\/h2>\n<p>Seg\u00fan su uso, puede dividirse en semirremolque de transporte de propano, semirremolque de transporte de propileno, semirremolque de transporte de \u00e9ter dimet\u00edlico, semirremolque de transporte de amon\u00edaco l\u00edquido, semirremolque de transporte de metilamina, semirremolque de transporte de acetaldeh\u00eddo.<\/p>\n<p>El cami\u00f3n cisterna de GLP puede cargar 6000 litros, por lo que, en t\u00e9rminos generales, el remolque cisterna de GLP se utiliza para el transporte de larga distancia, si es para el transporte de corta distancia, generalmente se utiliza el cami\u00f3n cisterna de GLP.<\/p>\n<h2>Im\u00e1genes del remolque GLP<\/h2>\n<p><img fetchpriority=\"high\" decoding=\"async\" class=\"size-full wp-image-22174\" src=\"https:\/\/pandamech.com\/wp-content\/uploads\/2021\/08\/8-62-1.jpg\" alt=\"venta de remolques cisterna glp\" width=\"800\" height=\"533\" title=\"\"><br \/>\nRemolque cisterna para GLP<\/p>\n<p><img decoding=\"async\" class=\"size-full wp-image-22175\" src=\"https:\/\/pandamech.com\/wp-content\/uploads\/2021\/08\/9-31-1.jpg\" alt=\"venta de remolques cisterna glp\" width=\"800\" height=\"533\" title=\"\"><br \/>\nVenta de remolques cisterna de gas LP<\/p>\n<p><img decoding=\"async\" class=\"size-full wp-image-22176\" src=\"https:\/\/pandamech.com\/wp-content\/uploads\/2021\/08\/10-5-1.jpg\" alt=\"venta de remolques cisterna glp\" width=\"800\" height=\"533\" title=\"\"><\/p>\n<p><a href=\"\/category\/gas-tanker\/lpg\/\">Remolque GLP<\/a> fabricantes<\/p>\n<h2>Especificaciones del remolque GLP<\/h2>\n<table style=\"width: 800px;\" border=\"1\" cellspacing=\"1\" cellpadding=\"1\">\n<tbody>\n<tr style=\"height: 30px;\">\n<td style=\"height: 30px;\" width=\"306\">\u00a0Fabricante<\/td>\n<td style=\"height: 30px;\" width=\"421\">\u00a0Remolque GLP Panda Mech<\/td>\n<\/tr>\n<tr style=\"height: 106px;\">\n<td style=\"height: 106px;\">\u00a0C\u00f3digo de dise\u00f1o y fabricaci\u00f3n<\/td>\n<td style=\"height: 106px;\">\u00a0Norma ASME<\/td>\n<\/tr>\n<tr style=\"height: 30px;\">\n<td style=\"height: 30px;\">\u00a0Capacidad de la cisterna de gas<\/td>\n<td style=\"height: 30px;\">\u00a057,5 m3, 59,5 m3, 60,3 m3, 10000-16000 galones.<\/td>\n<\/tr>\n<tr style=\"height: 46px;\">\n<td style=\"height: 46px;\">\u00a0L\u00edquido<\/td>\n<td style=\"height: 46px;\">\u00a0LP. GAS (No corrosivo)<\/td>\n<\/tr>\n<tr style=\"height: 46px;\">\n<td style=\"height: 46px;\">\u00a0Eje<\/td>\n<td style=\"height: 46px;\">\u00a02 ejes, 3 ejes, 4 ejes<\/td>\n<\/tr>\n<tr style=\"height: 106px;\">\n<td style=\"height: 106px;\">\u00a0Tara de cisterna de propano<\/td>\n<td style=\"height: 106px;\">\u00a017300kg<\/td>\n<\/tr>\n<tr style=\"height: 106px;\">\n<td style=\"height: 106px;\">\u00a0Masa m\u00e1xima admisible<\/td>\n<td style=\"height: 106px;\">\u00a026130kg<\/td>\n<\/tr>\n<tr style=\"height: 30px;\">\n<td style=\"height: 30px;\">\u00a0Peso bruto del veh\u00edculo<\/td>\n<td style=\"height: 30px;\">\u00a043430kg<\/td>\n<\/tr>\n<tr style=\"height: 46px;\">\n<td style=\"height: 46px;\">\u00a0Rey Ping<\/td>\n<td style=\"height: 46px;\">\u00a017300kg<\/td>\n<\/tr>\n<tr style=\"height: 46px;\">\n<td style=\"height: 46px;\">\u00a0Equipamiento<\/td>\n<td style=\"height: 46px;\">\u00a026130kg<\/td>\n<\/tr>\n<tr style=\"height: 46px;\">\n<td style=\"height: 46px;\">\u00a0Peso del dep\u00f3sito<\/td>\n<td style=\"height: 46px;\">\u00a011700kg<\/td>\n<\/tr>\n<tr style=\"height: 30px;\">\n<td style=\"height: 30px;\">\u00a0Presi\u00f3n de dise\u00f1o<\/td>\n<td style=\"height: 30px;\">\u00a01,724 MPa<\/td>\n<\/tr>\n<tr style=\"height: 30px;\">\n<td style=\"height: 30px;\">\u00a0Temperatura de dise\u00f1o<\/td>\n<td style=\"height: 30px;\">\u00a0-23.3\/51.7,<\/td>\n<\/tr>\n<tr style=\"height: 30px;\">\n<td style=\"height: 30px;\">\u00a0Di\u00e1metro interior<\/td>\n<td style=\"height: 30px;\">\u00a02470 mm<\/td>\n<\/tr>\n<tr style=\"height: 30px;\">\n<td style=\"height: 30px;\">\u00a0Eslora total del buque<\/td>\n<td style=\"height: 30px;\">\u00a012938 mm<\/td>\n<\/tr>\n<tr style=\"height: 30px;\">\n<td style=\"height: 30px;\">\u00a0Prueba de presi\u00f3n hidrost\u00e1tica<\/td>\n<td style=\"height: 30px;\">\u00a02,25 MPa<\/td>\n<\/tr>\n<tr style=\"height: 30px;\">\n<td style=\"height: 30px;\">\u00a0Presi\u00f3n de prueba de fuga de aire<\/td>\n<td style=\"height: 30px;\">\u00a01,724 MPa<\/td>\n<\/tr>\n<tr style=\"height: 30px;\">\n<td style=\"height: 30px;\">\u00a0Espesor nominal<\/td>\n<td style=\"height: 30px;\">\u00a014Concha \/8mm<\/td>\n<\/tr>\n<tr style=\"height: 30px;\">\n<td style=\"height: 30px;\">\u00a0Tama\u00f1os de cisternas de propano<\/td>\n<td style=\"height: 30px;\">\u00a013238(L)\/2640(An)\/4050(Al) mm<\/td>\n<\/tr>\n<tr style=\"height: 46px;\">\n<td style=\"height: 46px;\">\u00a0Distanciador de rueda<\/td>\n<td style=\"height: 46px;\">\u00a07785+1320+1320 mm<\/td>\n<\/tr>\n<tr style=\"height: 46px;\">\n<td style=\"height: 46px;\">\u00a0Materiales<\/td>\n<td style=\"height: 46px;\">\u00a0SA-612M(N)<\/td>\n<\/tr>\n<tr style=\"height: 46px;\">\n<td style=\"height: 46px;\"><a href=\"\/spanish\/contact-us\/\">Consulta<\/a><\/td>\n<td style=\"height: 46px;\"><a href=\"\/spanish\/contact-us\/\">Obtener presupuesto gratuito<\/a><\/td>\n<\/tr>\n<\/tbody>\n<\/table>\n<h2>Caracter\u00edsticas de los remolques GLP<\/h2>\n<ul>\n<li>Accionamiento de la bomba hidr\u00e1ulica<\/li>\n<li>Sistema de bloqueo de los frenos<\/li>\n<li>Suspensi\u00f3n neum\u00e1tica<\/li>\n<li>V\u00e1lvulas internas neum\u00e1ticas<\/li>\n<li>Acero inoxidable<\/li>\n<li>tren de rodaje<\/li>\n<li>Eje elevador<\/li>\n<li>M\u00e1ximo transporte de carga \u00fatil<\/li>\n<li>igual peso<\/li>\n<li>distribuci\u00f3n entre<\/li>\n<li>ejes<\/li>\n<li>Pintura personalizada<\/li>\n<\/ul>\n<h2>Precio de los camiones cisterna de GLP:<\/h2>\n<p>Precio del gasero GLP: $22.500-45.000 (Las tarifas de flete mar\u00edtimo cambian con frecuencia y le recomendaremos el momento adecuado para comprar).<\/p>\n<h2>Panda Mech - Fabricante de remolques cisterna para GLP<\/h2>\n<p>Panda Mech es un fabricante de remolques cisterna de GLP de China. Suministramos 59.6 CBM de remolques cisterna de transporte de GLP para la venta. Podemos personalizarlo de acuerdo a sus necesidades.<\/p>\n<p>Los fabricantes de Panda Mech han tenido \u00e9xito en el Sudeste Asi\u00e1tico, Oriente Medio, \u00c1frica y Sudam\u00e9rica, como Filipinas, Tanzania, etc.\u00a0<u><a href=\"https:\/\/www.pandamech.com\/spanish\/about\/\" rel=\"nofollow noopener\" name=\"662ae8fb-4e4e-4cc5-876a-6bfaecae5a2d\" target=\"_blank\">M\u00e1s sobre el panda<\/a><\/u><\/p>","protected":false},"excerpt":{"rendered":"<p>Tipo: Remolque cisterna GLP<\/p>\n<p>Gama de precios: $22.500-45.000<\/p>\n<p>Plazo de entrega: 7-25 d\u00edas<\/p>\n<p>Certificaci\u00f3n: ISO9001, CCC<\/p>\n<p>Aplicaci\u00f3n: transporte de glp, amon\u00edaco l\u00edquido, propano, propileno, dimetil \u00e9ter, grasa isobut\u00edlica y butadieno.<\/p>","protected":false},"featured_media":57774,"template":"","meta":{"_acf_changed":false,"_kad_blocks_custom_css":"","_kad_blocks_head_custom_js":"","_kad_blocks_body_custom_js":"","_kad_blocks_footer_custom_js":"","_kad_post_transparent":"default","_kad_post_title":"","_kad_post_layout":"default","_kad_post_sidebar_id":"","_kad_post_content_style":"default","_kad_post_vertical_padding":"default","_kad_post_feature":"","_kad_post_feature_position":"","_kad_post_header":false,"_kad_post_footer":false,"_kad_post_classname":""},"product_brand":[],"product_cat":[15],"product_tag":[],"class_list":{"0":"post-21376","1":"product","2":"type-product","3":"status-publish","4":"has-post-thumbnail","6":"product_cat-uncategorized","8":"first","9":"instock","10":"sold-individually","11":"shipping-taxable","12":"purchasable","13":"product-type-simple","14":"entry","15":"content-bg","16":"loop-entry"},"acf":[],"taxonomy_info":{"product_cat":[{"value":15,"label":"Uncategorized"}]},"featured_image_src_large":["https:\/\/www.pandamech.com\/wp-content\/uploads\/2022\/08\/2-77-500x500.jpg",500,500,true],"author_info":[],"comment_info":"","_links":{"self":[{"href":"https:\/\/www.pandamech.com\/spanish\/wp-json\/wp\/v2\/product\/21376","targetHints":{"allow":["GET"]}}],"collection":[{"href":"https:\/\/www.pandamech.com\/spanish\/wp-json\/wp\/v2\/product"}],"about":[{"href":"https:\/\/www.pandamech.com\/spanish\/wp-json\/wp\/v2\/types\/product"}],"version-history":[{"count":1,"href":"https:\/\/www.pandamech.com\/spanish\/wp-json\/wp\/v2\/product\/21376\/revisions"}],"predecessor-version":[{"id":91410,"href":"https:\/\/www.pandamech.com\/spanish\/wp-json\/wp\/v2\/product\/21376\/revisions\/91410"}],"wp:featuredmedia":[{"embeddable":true,"href":"https:\/\/www.pandamech.com\/spanish\/wp-json\/wp\/v2\/media\/57774"}],"wp:attachment":[{"href":"https:\/\/www.pandamech.com\/spanish\/wp-json\/wp\/v2\/media?parent=21376"}],"wp:term":[{"taxonomy":"product_brand","embeddable":true,"href":"https:\/\/www.pandamech.com\/spanish\/wp-json\/wp\/v2\/product_brand?post=21376"},{"taxonomy":"product_cat","embeddable":true,"href":"https:\/\/www.pandamech.com\/spanish\/wp-json\/wp\/v2\/product_cat?post=21376"},{"taxonomy":"product_tag","embeddable":true,"href":"https:\/\/www.pandamech.com\/spanish\/wp-json\/wp\/v2\/product_tag?post=21376"}],"curies":[{"name":"wp","href":"https:\/\/api.w.org\/{rel}","templated":true}]}}