{"id":21375,"date":"2025-09-02T17:02:46","date_gmt":"2025-09-02T09:02:46","guid":{"rendered":"http:\/\/pandamech.com\/?post_type=product&#038;p=21375"},"modified":"2025-09-06T15:20:43","modified_gmt":"2025-09-06T07:20:43","slug":"coal-side-tipper-trailer-p00248p1-html","status":"publish","type":"product","link":"https:\/\/www.pandamech.com\/spanish\/product\/coal-side-tipper-trailer-p00248p1-html\/","title":{"rendered":"Venta de remolques volquete para carb\u00f3n"},"content":{"rendered":"<p>El remolque volquete para carb\u00f3n tambi\u00e9n es conocido como cami\u00f3n volquete para carb\u00f3n. El remolque volquete para carb\u00f3n se utiliza principalmente para transportar carb\u00f3n porque tiene algunos dise\u00f1os \u00fanicos. A menudo podemos verlo en las minas. La mayor ventaja de este cami\u00f3n sobre un semirremolque basculante est\u00e1ndar es su mayor capacidad de acarreo y su mayor eficiencia. Dijo que cada acarreo puede ahorrar unos 5% en comparaci\u00f3n con los m\u00e9todos anteriores. Esto es lo que me dijo mi primer cliente.<\/p>\n<p>&nbsp;<\/p>\n<h2>Im\u00e1genes del remolque volquete para carb\u00f3n<\/h2>\n<p><img fetchpriority=\"high\" decoding=\"async\" class=\"alignnone\" src=\"\/wp-content\/uploads\/u_file\/a07996dc2e.jpg\" alt=\"fabricante de camiones volquete para carb\u00f3n\" width=\"800\" height=\"533\" title=\"\"><\/p>\n<p>semirremolque volquete para carb\u00f3n en venta en China<\/p>\n<p><img decoding=\"async\" class=\"alignnone\" src=\"\/wp-content\/uploads\/u_file\/565902e265.jpg\" alt=\"f\u00e1brica de remolques volquete para carb\u00f3n en China\" width=\"800\" height=\"533\" title=\"\"><\/p>\n<p>Carb\u00f3n de tres ejes <a href=\"https:\/\/www.pandamech.com\/spanish\/category\/tipper-trailer\/\" target=\"_blank\" rel=\"noopener\">venta de volquetes<\/a><\/p>\n<p>&nbsp;<\/p>\n<h2>Especificaciones del remolque volquete para carb\u00f3n<\/h2>\n<table style=\"width: 800px;\" border=\"1\" cellspacing=\"1\" cellpadding=\"1\">\n<tbody>\n<tr>\n<td width=\"313\" height=\"34\">\u00a0Fabricante<\/td>\n<td width=\"425\">\u00a0Panda Mech<\/td>\n<\/tr>\n<tr>\n<td height=\"34\">\u00a0Dimensi\u00f3n<\/td>\n<td>\u00a010230\u00d72.500\u00d73.230mm * 2<\/td>\n<\/tr>\n<tr>\n<td height=\"34\">\u00a0Cuerpo interior<\/td>\n<td><\/td>\n<\/tr>\n<tr>\n<td height=\"34\">\u00a0Volumen<\/td>\n<td>\u00a040-100 toneladas<\/td>\n<\/tr>\n<tr>\n<td height=\"34\">\u00a0Suelo<\/td>\n<td>\u00a06-8mm Acero de alta resistencia<\/td>\n<\/tr>\n<tr>\n<td height=\"34\">\u00a0Pared lateral<\/td>\n<td>\u00a03-5mm Acero de alta resistencia<\/td>\n<\/tr>\n<tr>\n<td height=\"34\">\u00a0Viga<\/td>\n<td>\u00a0Domex 600 o igual secci\u00f3n en \u201cI\u201d de acero de doble alma<\/td>\n<\/tr>\n<tr>\n<td height=\"34\">\u00a0Cilindro<\/td>\n<td>\u00a06 juego cilindro inferior<\/td>\n<\/tr>\n<tr>\n<td height=\"34\">\u00a0Eje<\/td>\n<td>\u00a03 ejes, eje t\u00e1ndem<\/td>\n<\/tr>\n<tr>\n<td height=\"34\">\u00a0Neum\u00e1tico<\/td>\n<td>\u00a012.00R20 \/ 13R22.5 o personalizado<\/td>\n<\/tr>\n<tr>\n<td height=\"34\">\u00a0Suspensi\u00f3n<\/td>\n<td>\u00a0Mec\u00e1nica \/ Aire \/ Bogie opcional<\/td>\n<\/tr>\n<tr>\n<td height=\"34\">\u00a0Pierna<\/td>\n<td>\u00a0Tipo intercambiable JOST<\/td>\n<\/tr>\n<tr>\n<td height=\"34\">\u00a0Freno<\/td>\n<td>\u00a0Sistema de freno neum\u00e1tico doble, c\u00e1mara y v\u00e1lvula WABCO<\/td>\n<\/tr>\n<tr>\n<td height=\"34\">\u00a0Sistema el\u00e9ctrico<\/td>\n<td>\u00a012v\/24v, cable de 7 l\u00edneas, luz Led<\/td>\n<\/tr>\n<tr>\n<td height=\"28\">\u00a0 Piezas<\/td>\n<td>\u00a0Sistema el\u00e9ctrico, sistema de frenos, eje, neum\u00e1tico, suspensi\u00f3n, pestillo, kit.<\/td>\n<\/tr>\n<tr>\n<td height=\"28\"><a href=\"\/spanish\/contact-us\/\">Consulta<\/a><\/td>\n<td><a href=\"\/spanish\/contact-us\/\">Obtener presupuesto gratuito<\/a><\/td>\n<\/tr>\n<\/tbody>\n<\/table>\n<p>&nbsp;<\/p>\n<h2>Ventaja del remolque volquete para carb\u00f3n<\/h2>\n<h3>1. Gran capacidad para el transporte de carb\u00f3n a granel<\/h3>\n<p>Los remolques volquete para carb\u00f3n est\u00e1n construidos con carrocer\u00edas de gran volumen, lo que permite a los operadores mover una gran cantidad de carb\u00f3n en un solo viaje. Esto reduce los viajes de ida y vuelta, disminuye el consumo de combustible y maximiza la eficiencia del transporte. El coste de transporte puede reducirse en unos 5% cada vez.<\/p>\n<h3>2. Descarga r\u00e1pida y eficaz<\/h3>\n<p>Remolque volquete para carb\u00f3n equipado con un potente sistema hidr\u00e1ulico frontal (cilindros HYVA), el remolque volquete para carb\u00f3n puede levantar r\u00e1pidamente la carrocer\u00eda, asegurando que el carb\u00f3n se vierta suavemente desde la parte trasera. El \u00e1ngulo de vuelco pronunciado evita que el material se adhiera al interior, ahorrando tiempo de descarga y reduciendo los costes de mano de obra.<\/p>\n<h3>3. Dise\u00f1o robusto y durabilidad a largo plazo<\/h3>\n<p>La caja del remolque volquete para carb\u00f3n est\u00e1 fabricada en acero de alta resistencia al desgaste con una placa inferior de 8 mm y paredes laterales reforzadas, dise\u00f1adas para soportar la naturaleza abrasiva del carb\u00f3n. El dise\u00f1o en forma de U o de caja aumenta la resistencia estructural, mientras que los ejes y suspensiones de alta resistencia garantizan la estabilidad incluso a plena carga.<\/p>\n<h3>4. Mayor seguridad de funcionamiento<\/h3>\n<p>Los remolques volquete para carb\u00f3n est\u00e1n equipados con frenos neum\u00e1ticos de doble circuito, escaleras antideslizantes y v\u00e1lvulas hidr\u00e1ulicas de seguridad para evitar ca\u00eddas repentinas. Las marcas reflectantes y los dispositivos de protecci\u00f3n antiempotramiento garantizan a\u00fan m\u00e1s la seguridad durante el transporte por carretera y en los lugares de carga.<\/p>\n<p>&nbsp;<\/p>\n<h2>Panda Mech<\/h2>\n<p>Panda Mech es un fabricante de remolques volquete para carb\u00f3n de China. Suministramos remolques volquete para carb\u00f3n en venta. Los fabricantes de Panda Mech han tenido \u00e9xito en el sudeste asi\u00e1tico, Oriente Medio, \u00c1frica y Am\u00e9rica del Sur, como Filipinas, Tanzania, Nigeria, etc....<u><a href=\"https:\/\/www.pandamech.com\/spanish\/about\/\" rel=\"nofollow noopener\" name=\"662ae8fb-4e4e-4cc5-876a-6bfaecae5a2d\" target=\"_blank\">M\u00e1s sobre el panda<\/a><\/u><\/p>\n<p><a href=\"\/spanish\/contact-us\/\" rel=\"nofollow\"><img decoding=\"async\" src=\"https:\/\/pandamech.com\/wp-content\/uploads\/u_file\/db8ce19fe3.jpg\" alt=\"cami\u00f3n volquete lateral semirremolque en venta\" title=\"\"><\/a><\/p>\n<p>Relacionado:<\/p>\n<p><a href=\"https:\/\/www.pandamech.com\/spanish\/product\/40-ton-half-round-end-dump-trailer\/\">semirremolque basculante de 40 toneladas<\/a><\/p>\n<p><a href=\"https:\/\/www.pandamech.com\/spanish\/product\/50-ton-high-side-end-dump-trailer\/\">semirremolque basculante de 50 toneladas<\/a><\/p>\n<p><a href=\"https:\/\/www.pandamech.com\/spanish\/product\/4-axle-tipper-trailer-for-sale\/\">semirremolque basculante 4 alxe<\/a><\/p>","protected":false},"excerpt":{"rendered":"<p><strong>Modelo<\/strong>: volquete lateral de carb\u00f3n<\/p>\n<p><strong>Precios<\/strong>: USD 25.000-59.000<\/p>\n<p><strong>Fecha de entrega<\/strong>7-25 d\u00edas<\/p>\n<p><strong>Aplicaci\u00f3n<\/strong>Transporte Carb\u00f3n<\/p>\n<p><strong>Sistema hidr\u00e1ulico<\/strong>: Marca HYVA Holland<\/p>\n<p><strong>Caja<\/strong>: Hardox450 e iguales<\/p>","protected":false},"featured_media":57752,"template":"","meta":{"_acf_changed":false,"_kad_blocks_custom_css":"","_kad_blocks_head_custom_js":"","_kad_blocks_body_custom_js":"","_kad_blocks_footer_custom_js":"","_kad_post_transparent":"default","_kad_post_title":"","_kad_post_layout":"default","_kad_post_sidebar_id":"","_kad_post_content_style":"default","_kad_post_vertical_padding":"default","_kad_post_feature":"","_kad_post_feature_position":"","_kad_post_header":false,"_kad_post_footer":false,"_kad_post_classname":""},"product_brand":[],"product_cat":[113],"product_tag":[],"class_list":{"0":"post-21375","1":"product","2":"type-product","3":"status-publish","4":"has-post-thumbnail","6":"product_cat-side-tipper","8":"first","9":"instock","10":"sold-individually","11":"shipping-taxable","12":"purchasable","13":"product-type-simple","14":"entry","15":"content-bg","16":"loop-entry"},"acf":[],"taxonomy_info":{"product_cat":[{"value":113,"label":"Side Tipper"}]},"featured_image_src_large":["https:\/\/www.pandamech.com\/wp-content\/uploads\/2022\/08\/2-30-500x500.jpg",500,500,true],"author_info":[],"comment_info":"","_links":{"self":[{"href":"https:\/\/www.pandamech.com\/spanish\/wp-json\/wp\/v2\/product\/21375","targetHints":{"allow":["GET"]}}],"collection":[{"href":"https:\/\/www.pandamech.com\/spanish\/wp-json\/wp\/v2\/product"}],"about":[{"href":"https:\/\/www.pandamech.com\/spanish\/wp-json\/wp\/v2\/types\/product"}],"version-history":[{"count":5,"href":"https:\/\/www.pandamech.com\/spanish\/wp-json\/wp\/v2\/product\/21375\/revisions"}],"predecessor-version":[{"id":91540,"href":"https:\/\/www.pandamech.com\/spanish\/wp-json\/wp\/v2\/product\/21375\/revisions\/91540"}],"wp:featuredmedia":[{"embeddable":true,"href":"https:\/\/www.pandamech.com\/spanish\/wp-json\/wp\/v2\/media\/57752"}],"wp:attachment":[{"href":"https:\/\/www.pandamech.com\/spanish\/wp-json\/wp\/v2\/media?parent=21375"}],"wp:term":[{"taxonomy":"product_brand","embeddable":true,"href":"https:\/\/www.pandamech.com\/spanish\/wp-json\/wp\/v2\/product_brand?post=21375"},{"taxonomy":"product_cat","embeddable":true,"href":"https:\/\/www.pandamech.com\/spanish\/wp-json\/wp\/v2\/product_cat?post=21375"},{"taxonomy":"product_tag","embeddable":true,"href":"https:\/\/www.pandamech.com\/spanish\/wp-json\/wp\/v2\/product_tag?post=21375"}],"curies":[{"name":"wp","href":"https:\/\/api.w.org\/{rel}","templated":true}]}}