{"id":21374,"date":"2022-05-22T19:02:46","date_gmt":"2022-05-22T11:02:46","guid":{"rendered":"http:\/\/pandamech.com\/?post_type=product&#038;p=21374"},"modified":"2025-08-23T01:08:27","modified_gmt":"2025-08-22T17:08:27","slug":"a-double-drop-side-semi-trailer","status":"publish","type":"product","link":"https:\/\/www.pandamech.com\/spanish\/product\/a-double-drop-side-semi-trailer\/","title":{"rendered":"Remolque de Pared Lateral con Barra de Tracci\u00f3n"},"content":{"rendered":"<p>El remolque de laterales abatibles es esencialmente un tractor-remolque est\u00e1ndar con un remolque adicional acoplado. Los camiones de laterales abatibles se utilizan a menudo cuando se viaja largas distancias o cuando se deben entregar grandes cantidades de carga de un lugar a otro.<\/p>\n<p>Panda Mech fabricante suministra semirremolques laterales con barra de tracci\u00f3n para la venta. Seg\u00fan los requisitos de clientes, podemos dise\u00f1ar diferentes tipos de un doble <a href=\"https:\/\/www.pandamech.com\/spanish\/category\/cargo-trailer\/side-wall-trailer\/\" target=\"_blank\" rel=\"noopener\"><span style=\"color: #0000ff;\">remolques laterales abatibles<\/span><\/a> para satisfacer el transporte de diversas mercanc\u00edas concretas.<\/p>\n<h2>Caracter\u00edsticas del remolque de pared lateral con barra de tracci\u00f3n<\/h2>\n<ul>\n<li>Estructura de acero muy robusta con capacidad de tracci\u00f3n y carga elevada, capacidad de carga de 60 toneladas.<\/li>\n<li>Las paredes laterales de 800 mm son est\u00e1ndar, las de 600 mm son opcionales.<\/li>\n<li>Suspensi\u00f3n mec\u00e1nica de muelle de tipo pesado para necesidades de cargas elevadas.<\/li>\n<li>Longitud y anchura de la cama baja disponibles a medida.<\/li>\n<\/ul>\n<p style=\"text-align: center;\"><a class=\"product_button\" href=\"#elementor-action%3Aaction%3Dpopup%3Aopen%26settings%3DeyJpZCI6Ijk5MDciLCJ0b2dnbGUiOmZhbHNlfQ%3D%3D\">Haga clic para m\u00e1s detalles<\/a><\/p>\n<h2>Especificaciones del remolque de pared lateral con barra de tracci\u00f3n<\/h2>\n<table style=\"width: 800px;\" border=\"1\" cellspacing=\"1\" cellpadding=\"1\">\n<tbody>\n<tr>\n<td width=\"216\" height=\"36\">\u00a0Fabricante<\/td>\n<td width=\"493\">\u00a0Remolque de pared lateral con lanza Panda Mech<\/td>\n<\/tr>\n<tr>\n<td height=\"36\">\u00a0Haz principal<\/td>\n<td width=\"493\">\u00a0Q345Acero; la altura es de 500mm; la placa intermedia es de 8mm; la placa inferior es de 16mm.<\/td>\n<\/tr>\n<tr>\n<td height=\"36\">\u00a0Travesa\u00f1o<\/td>\n<td width=\"493\">\u00a010# canal de acero<\/td>\n<\/tr>\n<tr>\n<td height=\"36\">\u00a0Viga lateral<\/td>\n<td width=\"493\">\u00a016# canal acero<\/td>\n<\/tr>\n<tr>\n<td height=\"36\">\u00a0Alfiler de rey<\/td>\n<td width=\"493\">\u00a0Pasador de tracci\u00f3n de 2\u201d o 3,5<\/td>\n<\/tr>\n<tr>\n<td height=\"36\">\u00a0Suelo<\/td>\n<td width=\"493\">\u00a0Chapa de acero diamantada de 3 mm<\/td>\n<\/tr>\n<tr>\n<td height=\"36\">\u00a0Suspensi\u00f3n<\/td>\n<td width=\"493\">\u00a0suspensi\u00f3n mec\u00e1nica o neum\u00e1tica<\/td>\n<\/tr>\n<tr>\n<td height=\"36\">\u00a0Eje<\/td>\n<td width=\"493\">\u00a03 ejes Marca Fuwa<\/td>\n<\/tr>\n<tr>\n<td height=\"36\">\u00a0Llanta<\/td>\n<td width=\"493\">\u00a0Llanta de acero 9.0-22.5<\/td>\n<\/tr>\n<tr>\n<td height=\"36\">\u00a0Neum\u00e1tico<\/td>\n<td width=\"493\">\u00a0Spe:12R22.5; N\u00famero de neum\u00e1ticos:12 piezas<\/td>\n<\/tr>\n<tr>\n<td height=\"36\">\u00a0C\u00e1mara de frenado<\/td>\n<td width=\"493\">\u00a06 c\u00e1mara grande (WEBCO opcional)<\/td>\n<\/tr>\n<tr>\n<td height=\"36\">\u00a0Sistema de frenos<\/td>\n<td width=\"493\">\u00a0Sistema de frenos de doble l\u00ednea<\/td>\n<\/tr>\n<\/tbody>\n<\/table>\n<p style=\"text-align: center;\"><a class=\"product_button\" href=\"#elementor-action%3Aaction%3Dpopup%3Aopen%26settings%3DeyJpZCI6Ijk5MDciLCJ0b2dnbGUiOmZhbHNlfQ%3D%3D\">Obtenga un presupuesto instant\u00e1neo<\/a><\/p>\n<h2>Aplicaci\u00f3n de remolque de pared lateral con barra de tracci\u00f3n:<\/h2>\n<p>El cami\u00f3n remolque de pared lateral con barra de tracci\u00f3n se utiliza generalmente para el transporte de carga a granel. Se utiliza principalmente para el transporte de larga distancia. T\u00edpicamente, el remolque completo lateral de la gota puede transportar 30-80 toneladas.<\/p>\n<p>Si se trata de una gran cantidad de transporte o diferentes necesidades, podemos personalizarlo o barra de tracci\u00f3n de la pared lateral del remolque del tractor algunos veh\u00edculos deformados.<\/p>\n<h2>Remolque de pared lateral con barra de tracci\u00f3n im\u00e1genes<\/h2>\n<p><img fetchpriority=\"high\" decoding=\"async\" class=\"alignnone wp-image-22101 size-full\" src=\"https:\/\/pandamech.com\/wp-content\/uploads\/2021\/08\/7-112.jpg\" alt=\"remolque tractor de pared lateral con barra de tracci\u00f3n\" width=\"800\" height=\"533\" title=\"\"><\/p>\n<p>Venta de remolques de transporte con barra de tracci\u00f3n<\/p>\n<p><img decoding=\"async\" class=\"alignnone wp-image-22102 size-full\" src=\"https:\/\/pandamech.com\/wp-content\/uploads\/2021\/08\/8-95.jpg\" alt=\"se vende remolque completo de pared lateral\" width=\"800\" height=\"533\" title=\"\"><\/p>\n<p>remolque completo con barra de tracci\u00f3n<\/p>\n<p><img decoding=\"async\" class=\"alignnone wp-image-22103 size-full\" src=\"https:\/\/pandamech.com\/wp-content\/uploads\/2021\/08\/9-51.jpg\" alt=\"remolque de carga a granel de pared lateral con barra de tracci\u00f3n\" width=\"800\" height=\"533\" title=\"\"><\/p>\n<p>remolque plano de carga con barra de tracci\u00f3n lateral - <a href=\"https:\/\/www.pandamech.com\/spanish\/product\/60-ton-drop-side-wall-trailer\/\" target=\"_blank\" rel=\"noopener\"><span style=\"color: #0000ff;\">Remolque de pared lateral de 60 toneladas<\/span><\/a><\/p>\n<p>Relacionado: <span style=\"color: #0000ff;\"><a style=\"color: #0000ff;\" href=\"https:\/\/www.pandamech.com\/spanish\/category\/tipper-trailer\/semi-dump-trailer\/\" target=\"_blank\" rel=\"noopener\">semirremolque basculante<\/a><\/span>, <a href=\"https:\/\/www.pandamech.com\/spanish\/category\/cargo-trailer\/flatbed-semi-trailer\/\" target=\"_blank\" rel=\"noopener\"><span style=\"color: #0000ff;\">remolque plano<\/span><\/a><\/p>\n<p style=\"text-align: center;\"><a class=\"product_button\" href=\"#elementor-action%3Aaction%3Dpopup%3Aopen%26settings%3DeyJpZCI6Ijk5MDciLCJ0b2dnbGUiOmZhbHNlfQ%3D%3D\">Haga clic para m\u00e1s detalles<\/a><\/p>\n<h2>Venta de remolques de pared lateral con lanza<\/h2>\n<p>Somos fabricantes de remolques con barra de tracci\u00f3n lateral en China. Suministramos remolques con barra de tracci\u00f3n lateral para la venta. Podemos personalizarlo de acuerdo a sus necesidades. Panda Mech fabricantes han tenido \u00e9xito en el sudeste de Asia, Oriente Medio, \u00c1frica y Am\u00e9rica del Sur, como Filipinas, Tanzania, etc ...<\/p>\n<p><a href=\"\/spanish\/contact-us\/\" rel=\"nofollow\"><img decoding=\"async\" src=\"https:\/\/pandamech.com\/wp-content\/uploads\/u_file\/db8ce19fe3.jpg\" alt=\"Se vende un semirremolque de doble ca\u00edda lateral\" title=\"\"><\/a><\/p>","protected":false},"excerpt":{"rendered":"<p>Tipo: remolque de doble ca\u00edda lateral<\/p>\n<p>Rango de precios: $10900-23,900<\/p>\n<p>Plazo de entrega: 7-25 d\u00edas<\/p>\n<p>Peso de la carga: 30-60 toneladas<\/p>\n<p>Aplicaci\u00f3n: Para transportar carga a granel, cemento en sacos<\/p>","protected":false},"featured_media":62923,"template":"","meta":{"_acf_changed":false,"_kad_blocks_custom_css":"","_kad_blocks_head_custom_js":"","_kad_blocks_body_custom_js":"","_kad_blocks_footer_custom_js":"","_kad_post_transparent":"default","_kad_post_title":"","_kad_post_layout":"default","_kad_post_sidebar_id":"","_kad_post_content_style":"default","_kad_post_vertical_padding":"default","_kad_post_feature":"","_kad_post_feature_position":"","_kad_post_header":false,"_kad_post_footer":false,"_kad_post_classname":""},"product_brand":[],"product_cat":[75],"product_tag":[],"class_list":{"0":"post-21374","1":"product","2":"type-product","3":"status-publish","4":"has-post-thumbnail","6":"product_cat-side-wall-trailer","8":"first","9":"instock","10":"sold-individually","11":"shipping-taxable","12":"purchasable","13":"product-type-simple","14":"entry","15":"content-bg","16":"loop-entry"},"acf":[],"taxonomy_info":{"product_cat":[{"value":75,"label":"Drop Side Trailer"}]},"featured_image_src_large":["https:\/\/www.pandamech.com\/wp-content\/uploads\/2022\/05\/1-1-500x500.jpg",500,500,true],"author_info":[],"comment_info":"","_links":{"self":[{"href":"https:\/\/www.pandamech.com\/spanish\/wp-json\/wp\/v2\/product\/21374","targetHints":{"allow":["GET"]}}],"collection":[{"href":"https:\/\/www.pandamech.com\/spanish\/wp-json\/wp\/v2\/product"}],"about":[{"href":"https:\/\/www.pandamech.com\/spanish\/wp-json\/wp\/v2\/types\/product"}],"version-history":[{"count":1,"href":"https:\/\/www.pandamech.com\/spanish\/wp-json\/wp\/v2\/product\/21374\/revisions"}],"predecessor-version":[{"id":91408,"href":"https:\/\/www.pandamech.com\/spanish\/wp-json\/wp\/v2\/product\/21374\/revisions\/91408"}],"wp:featuredmedia":[{"embeddable":true,"href":"https:\/\/www.pandamech.com\/spanish\/wp-json\/wp\/v2\/media\/62923"}],"wp:attachment":[{"href":"https:\/\/www.pandamech.com\/spanish\/wp-json\/wp\/v2\/media?parent=21374"}],"wp:term":[{"taxonomy":"product_brand","embeddable":true,"href":"https:\/\/www.pandamech.com\/spanish\/wp-json\/wp\/v2\/product_brand?post=21374"},{"taxonomy":"product_cat","embeddable":true,"href":"https:\/\/www.pandamech.com\/spanish\/wp-json\/wp\/v2\/product_cat?post=21374"},{"taxonomy":"product_tag","embeddable":true,"href":"https:\/\/www.pandamech.com\/spanish\/wp-json\/wp\/v2\/product_tag?post=21374"}],"curies":[{"name":"wp","href":"https:\/\/api.w.org\/{rel}","templated":true}]}}