{"id":21373,"date":"2025-09-18T16:55:46","date_gmt":"2025-09-18T08:55:46","guid":{"rendered":"http:\/\/pandamech.com\/?post_type=product&#038;p=21373"},"modified":"2025-09-21T18:26:48","modified_gmt":"2025-09-21T10:26:48","slug":"3-axle-20-ft-container-chassis-trailers-for-sale","status":"publish","type":"product","link":"https:\/\/www.pandamech.com\/spanish\/product\/3-axle-20-ft-container-chassis-trailers-for-sale\/","title":{"rendered":"Remolque Chasis Contenedor 3 Ejes 20FT"},"content":{"rendered":"<p>Remolque chasis portacontenedores de 3 ejes, tambi\u00e9n conocido como semirremolque esqueleto de 3 ejes, remolque portacontenedores, etc. Generalmente utilizado para el transporte de contenedores ISO en puertos, astilleros, rutas, puentes, t\u00faneles, estaciones de transferencia, apoyando el sistema log\u00edstico de transporte multimodal. 20Ft largo ajuste 4 a 14 juegos de cerraduras de contenedor adecuado para 10\u2032, 20\u2032 contenedor seco, contenedor cisterna y contenedor refrigerado etc..<\/p>\n<h2>\u00a03 Axle 20FT contenedor chasis remolque im\u00e1genes<\/h2>\n<p><img decoding=\"async\" style=\"width: 800px;\" src=\"https:\/\/pandamech.com\/wp-content\/uploads\/2022\/04\/2.jpg\" alt=\"Se vende remolque chasis de 3 ejes\" height=\"533\" title=\"\"><\/p>\n<p>Se vende remolque chasis de 3 ejes<\/p>\n<h2>3 Eje 20FT contenedor chasis remolque especificaci\u00f3n<\/h2>\n<table style=\"width: 800px;\" border=\"1\" cellspacing=\"1\" cellpadding=\"1\">\n<tbody>\n<tr>\n<td width=\"208\" height=\"32\">Dimensi\u00f3n<\/td>\n<td width=\"457\">7500*2500*1550mm<\/td>\n<\/tr>\n<tr>\n<td height=\"32\">Altura<\/td>\n<td>1550 mm<\/td>\n<\/tr>\n<tr>\n<td height=\"32\">Anchura<\/td>\n<td>2500mm<\/td>\n<\/tr>\n<tr>\n<td height=\"32\">Peso<\/td>\n<td>5600Kg<\/td>\n<\/tr>\n<tr>\n<td height=\"32\">Viga principal<\/td>\n<td>\u201cSecci\u00f3n \u201dI\" 500mm altura Q345\/T700 material<\/td>\n<\/tr>\n<tr>\n<td height=\"32\">Bloqueo giratorio<\/td>\n<td>4\/8 set Norma ISO<\/td>\n<\/tr>\n<tr>\n<td height=\"32\">Suspensi\u00f3n<\/td>\n<td>Mec\u00e1nica \/ Aire \/ Bogie<\/td>\n<\/tr>\n<tr>\n<td height=\"32\">Eje<\/td>\n<td>3 ejes BPW\/FUWA\/PDME, etc.<\/td>\n<\/tr>\n<tr>\n<td height=\"32\">Llanta<\/td>\n<td>8\/12 piezas 9,0-22,5 Acero\/Aluminio<\/td>\n<\/tr>\n<tr>\n<td height=\"32\">Neum\u00e1tico<\/td>\n<td>8\/12 piezas 12R22.5 Bridgeston\/Triangle\/Linglong etc.<\/td>\n<\/tr>\n<tr>\n<td height=\"32\">V\u00e1lvula de freno<\/td>\n<td>WABCO<\/td>\n<\/tr>\n<tr>\n<td height=\"32\">C\u00e1mara de frenado<\/td>\n<td>4\/6 juegos T30\/30<\/td>\n<\/tr>\n<tr>\n<td height=\"32\">Dep\u00f3sito de aire<\/td>\n<td>28L<\/td>\n<\/tr>\n<tr>\n<td height=\"32\">Tubo de freno<\/td>\n<td>Tubo de alambre de nailon<\/td>\n<\/tr>\n<tr>\n<td height=\"32\">Tren de aterrizaje<\/td>\n<td>28T Elevaci\u00f3n JOST\/YAHUA<\/td>\n<\/tr>\n<tr>\n<td height=\"32\">Kingpin<\/td>\n<td>2\u2033(50mm)\/3.5\u2033(90mm) Tipo de atornillado JOST<\/td>\n<\/tr>\n<tr>\n<td height=\"32\">Luces<\/td>\n<td>12v\/24v LED estancos<\/td>\n<\/tr>\n<tr>\n<td height=\"32\">Color<\/td>\n<td>Personalizado<\/td>\n<\/tr>\n<tr>\n<td height=\"32\"><u><a href=\"\/spanish\/contact-us\/\">Consulta<\/a><\/u><\/td>\n<td><u><a href=\"\/spanish\/contact-us\/\">Obtener presupuesto<\/a><\/u><\/td>\n<\/tr>\n<\/tbody>\n<\/table>\n<h2>3 Eje 20FT contenedor chasis remolque aplicaci\u00f3n<\/h2>\n<p>El remolque chasis de 3 ejes se utiliza generalmente en puertos, barcos, carreteras, rutas, puentes, t\u00faneles, estaciones de transferencia, apoyando los sistemas log\u00edsticos de transporte multimodal.<\/p>\n<p>El remolque de 3 ejes se utiliza principalmente para el transporte de media y larga distancia y se utiliza generalmente para el transporte de contenedores. Seg\u00fan sus necesidades, proporcionamos de 4 a 14 juegos de cerraduras.<\/p>\n<h2>3 Eje 20ft contenedor chasis remolque ventaja<\/h2>\n<p><strong>Viga principal:<\/strong><\/p>\n<p>Material de acero de alta resistencia Q345 o T700 soldado por arco sumergido<\/p>\n<p><strong>Twist Lock:<\/strong><\/p>\n<p>Cerradura est\u00e1ndar ISO apta para contenedores de todo el mundo, interruptor de protecci\u00f3n adicional para evitar errores de funcionamiento<\/p>\n<p><strong>Kingpin:<\/strong><\/p>\n<p>Tipo de atornillado marca JOST, posibilidad de cambio entre 2\u201d o 3,5\u2033.<\/p>\n<p><strong>Eje:\u00a0<\/strong><\/p>\n<p>Las marcas BPW, FUWA y PD admiten opcionalmente un funcionamiento m\u00e1s prolongado sin mantenimiento<\/p>\n<p><strong>Neum\u00e1tico:<\/strong><\/p>\n<p>Neum\u00e1tico de marca famosa opcional, tama\u00f1o personalizado<\/p>\n<p><strong>Llanta:<\/strong><\/p>\n<p>Llanta de acero o aluminio de calidad personalizada<\/p>\n<p><strong>Suspensi\u00f3n:\u00a0<\/strong><\/p>\n<p>Suspensi\u00f3n mec\u00e1nica de alta resistencia con muelle de calidad ecualizador<\/p>\n<p><strong>Sistema de frenos:<\/strong><\/p>\n<p>Sistema de freno neum\u00e1tico de doble l\u00ednea, c\u00e1mara T30\/30 y v\u00e1lvula de emergencia de rel\u00e9 WABCO, ABS y sistema EBS opcionales<\/p>\n<p><strong>Tubo de freno:<\/strong><\/p>\n<p>Tubo de alambre de nylon m\u00e1s seguridad para el frenado de alta presi\u00f3n<\/p>\n<h2>Panda Mech<\/h2>\n<p>Panda Mech es un fabricante de remolques chasis portacontenedores de 3 ejes y 20 pies de China. Suministramos remolques chasis portacontenedores de 3 ejes y 20 pies para la venta. Los fabricantes de PANDA MECH han tenido \u00e9xito en el sudeste asi\u00e1tico, Oriente Medio, \u00c1frica y Am\u00e9rica del Sur, como Filipinas, Tanzania, Nigeria, etc ...<\/p>\n<p><a href=\"\/spanish\/contact-us\/\" rel=\"nofollow\"><img decoding=\"async\" src=\"https:\/\/pandamech.com\/wp-content\/uploads\/u_file\/db8ce19fe3.jpg\" alt=\"Chasis de contenedor de 40 pies\" title=\"\"><\/a><\/p>","protected":false},"excerpt":{"rendered":"<p>Tipo: Remolque chasis contenedor de 20 pies<\/p>\n<p>Rango de precios: $6,800-12,900<\/p>\n<p>Entrega: 7-23 d\u00edas<\/p>\n<p>Aplicaci\u00f3n: transporte de contenedores de 1*20 pies o 2*10 pies.<\/p>\n<p>Material: acero al carbono de alta resistencia<\/p>","protected":false},"featured_media":57733,"template":"","meta":{"_acf_changed":false,"_kad_blocks_custom_css":"","_kad_blocks_head_custom_js":"","_kad_blocks_body_custom_js":"","_kad_blocks_footer_custom_js":"","_kad_post_transparent":"default","_kad_post_title":"","_kad_post_layout":"default","_kad_post_sidebar_id":"","_kad_post_content_style":"default","_kad_post_vertical_padding":"default","_kad_post_feature":"","_kad_post_feature_position":"","_kad_post_header":false,"_kad_post_footer":false,"_kad_post_classname":""},"product_brand":[],"product_cat":[103],"product_tag":[60],"class_list":{"0":"post-21373","1":"product","2":"type-product","3":"status-publish","4":"has-post-thumbnail","6":"product_cat-container-chassis-trailer","7":"product_tag-3-axle-trailer","9":"first","10":"instock","11":"sold-individually","12":"shipping-taxable","13":"purchasable","14":"product-type-simple","15":"entry","16":"content-bg","17":"loop-entry"},"acf":[],"taxonomy_info":{"product_cat":[{"value":103,"label":"Container Chassis"}],"product_tag":[{"value":60,"label":"3 Axle Trailer"}]},"featured_image_src_large":["https:\/\/www.pandamech.com\/wp-content\/uploads\/2022\/08\/2-107-500x500.jpg",500,500,true],"author_info":[],"comment_info":"","_links":{"self":[{"href":"https:\/\/www.pandamech.com\/spanish\/wp-json\/wp\/v2\/product\/21373","targetHints":{"allow":["GET"]}}],"collection":[{"href":"https:\/\/www.pandamech.com\/spanish\/wp-json\/wp\/v2\/product"}],"about":[{"href":"https:\/\/www.pandamech.com\/spanish\/wp-json\/wp\/v2\/types\/product"}],"version-history":[{"count":1,"href":"https:\/\/www.pandamech.com\/spanish\/wp-json\/wp\/v2\/product\/21373\/revisions"}],"predecessor-version":[{"id":91406,"href":"https:\/\/www.pandamech.com\/spanish\/wp-json\/wp\/v2\/product\/21373\/revisions\/91406"}],"wp:featuredmedia":[{"embeddable":true,"href":"https:\/\/www.pandamech.com\/spanish\/wp-json\/wp\/v2\/media\/57733"}],"wp:attachment":[{"href":"https:\/\/www.pandamech.com\/spanish\/wp-json\/wp\/v2\/media?parent=21373"}],"wp:term":[{"taxonomy":"product_brand","embeddable":true,"href":"https:\/\/www.pandamech.com\/spanish\/wp-json\/wp\/v2\/product_brand?post=21373"},{"taxonomy":"product_cat","embeddable":true,"href":"https:\/\/www.pandamech.com\/spanish\/wp-json\/wp\/v2\/product_cat?post=21373"},{"taxonomy":"product_tag","embeddable":true,"href":"https:\/\/www.pandamech.com\/spanish\/wp-json\/wp\/v2\/product_tag?post=21373"}],"curies":[{"name":"wp","href":"https:\/\/api.w.org\/{rel}","templated":true}]}}