{"id":21371,"date":"2022-05-23T19:02:46","date_gmt":"2022-05-23T11:02:46","guid":{"rendered":"http:\/\/pandamech.com\/?post_type=product&#038;p=21371"},"modified":"2025-10-13T14:26:19","modified_gmt":"2025-10-13T06:26:19","slug":"100-cbm-cement-trailers-for-sale-p00183p1-html","status":"publish","type":"product","link":"https:\/\/www.pandamech.com\/spanish\/product\/100-cbm-cement-trailers-for-sale-p00183p1-html\/","title":{"rendered":"Remolque cisterna de cemento de 120 toneladas"},"content":{"rendered":"<p>120 Ton remolque cisterna de cemento utilizado para el transporte de cemento a granel seco, cal en polvo, arena, y las clases de di\u00e1metro \u2264 0,1 mm de materiales en polvo a granel.<\/p>\n<p>Remolque cisterna neum\u00e1tico de 100 metros c\u00fabicos y 120 toneladas de capacidad.<\/p>\n<h2>Caracter\u00edstica<\/h2>\n<ul>\n<li>1. El mejor acero en bruto: El cuerpo y la construcci\u00f3n del tanque hechos de acero de alta resistencia YP \u2265 620 garantizan una vida \u00fatil m\u00e1s larga y un peso m\u00e1s ligero.<\/li>\n<li>2. Soldadura de calidad:  Un buen acero con soldadura de calidad soporta una garant\u00eda m\u00e1s extendida para 100 m\u00b3. <span style=\"color: #0000ff;\"><a style=\"color: #0000ff;\" href=\"https:\/\/www.pandamech.com\/spanish\/category\/pneumatic-trailer\/cement-tanker\/\" target=\"_blank\" rel=\"noopener\">remolques de cemento a granel<\/a><\/span>.<\/li>\n<li>3. Pintura duradera: todo el veh\u00edculo de granallado base limpia para la pintura, dos veces imprimaci\u00f3n de apoyo m\u00e1s larga vida de la pintura.<\/li>\n<li>4. Dise\u00f1o de remolque cisterna neum\u00e1tico de 100 m\u00b3: dibujo 3D con Ansys &amp; Hypermesh Analyze soporte buen dise\u00f1o.<\/li>\n<\/ul>\n<p style=\"text-align: center;\"><a class=\"product_button\" href=\"#elementor-action%3Aaction%3Dpopup%3Aopen%26settings%3DeyJpZCI6Ijk5MDciLCJ0b2dnbGUiOmZhbHNlfQ%3D%3D\">Haga clic para m\u00e1s detalles<\/a><\/p>\n<h2>V\u00eddeo del remolque para cemento de 120 toneladas<\/h2>\n<p><iframe title=\"Reproductor de v\u00eddeo YouTube\" src=\"https:\/\/www.youtube.com\/embed\/ovpjICiWNiQ\" width=\"800\" height=\"533\" frameborder=\"0\" allowfullscreen=\"allowfullscreen\"><span data-mce-type=\"bookmark\" style=\"display: inline-block; width: 0px; overflow: hidden; line-height: 0;\" class=\"mce_SELRES_start\"><\/span><\/iframe><\/p>\n<h2>Especificaciones del remolque para cemento de 120 toneladas<\/h2>\n<table style=\"width: 800px;\" border=\"1\" cellspacing=\"1\" cellpadding=\"1\">\n<tbody>\n<tr>\n<td width=\"221\" height=\"40\">Marca<\/td>\n<td width=\"515\">Remolques de cemento PANDA Mech 100 m\u00b3<\/td>\n<\/tr>\n<tr>\n<td width=\"221\" height=\"40\">Volumen<\/td>\n<td width=\"515\">100 m\u00b3<\/td>\n<\/tr>\n<tr>\n<td width=\"221\" height=\"40\">Capacidad de los buques cisterna de cemento a granel<\/td>\n<td width=\"515\">120 toneladas<\/td>\n<\/tr>\n<tr>\n<td width=\"221\" height=\"40\">Motor<\/td>\n<td width=\"515\">WeiCai Deutz diesel moto<\/td>\n<\/tr>\n<tr>\n<td width=\"221\" height=\"40\">Compresor<\/td>\n<td width=\"515\">SK 12m3<\/td>\n<\/tr>\n<tr>\n<td width=\"221\" height=\"40\">V\u00e1lvula de descarga<\/td>\n<td width=\"515\">V\u00e1lvula de disco de 4<\/td>\n<\/tr>\n<tr>\n<td width=\"221\" height=\"40\">Dimensi\u00f3n<\/td>\n<td>14500*2500*3950 mm<\/td>\n<\/tr>\n<tr>\n<td width=\"221\" height=\"40\">Material del dep\u00f3sito<\/td>\n<td width=\"515\">Acero de alta resistencia de 5 mm o 6 mm<\/td>\n<\/tr>\n<tr>\n<td width=\"221\" height=\"40\">Suspensi\u00f3n<\/td>\n<td width=\"515\">Suspensi\u00f3n mec\u00e1nica o neum\u00e1tica<\/td>\n<\/tr>\n<tr>\n<td width=\"221\" height=\"40\">Eje<\/td>\n<td width=\"515\">1 a 4 juegos, ejes de 13,16,20 toneladas, BPW o SAF<\/td>\n<\/tr>\n<tr>\n<td width=\"221\" height=\"40\">Neum\u00e1tico<\/td>\n<td width=\"515\">12R22.5, 385\/65R22.5, 13R22.5, 12.00R24, 315\/80R22.5<\/td>\n<\/tr>\n<tr>\n<td width=\"221\" height=\"76\">Piezas<\/td>\n<td width=\"515\">Barandilla neum\u00e1tica, Motor de marca famosa, Eje, Neum\u00e1tico, Alambres impermeables, Tubo semim\u00e9trico, V\u00e1lvulas, V\u00e1lvula de escape, Airbag interior, Tren de aterrizaje, Dispositivo de rociado de agua, Protector lateral y caja de herramientas, Tapa de alcantarilla, Soplador neum\u00e1tico de remolque.<\/td>\n<\/tr>\n<\/tbody>\n<\/table>\n<p style=\"text-align: center;\"><a class=\"product_button\" href=\"#elementor-action%3Aaction%3Dpopup%3Aopen%26settings%3DeyJpZCI6Ijk5MDciLCJ0b2dnbGUiOmZhbHNlfQ%3D%3D\">Haga clic para m\u00e1s detalles<\/a><\/p>\n<h2>Especificaciones del remolque para cemento de 120 toneladas<\/h2>\n<p><img decoding=\"async\" class=\"alignnone size-full wp-image-18926\" style=\"width: 800px;\" title=\"Remolque cisterna de cemento de 120 toneladas\" src=\"https:\/\/pandamech.com\/wp-content\/uploads\/2022\/06\/120-ton-cement-tank-trailer.jpg\" alt=\"Remolque cisterna de cemento de 120 toneladas\" height=\"533\" \/><\/p>\n<p>fabricante de remolques cisterna de cemento de 120 toneladas<\/p>\n<p><img decoding=\"async\" class=\"alignnone size-full wp-image-18927\" style=\"width: 800px;\" title=\"Remolque cisterna de cemento de 120 toneladas\" src=\"https:\/\/pandamech.com\/wp-content\/uploads\/2022\/06\/120-ton-cement-tank-trailer-1.jpg\" alt=\"Remolque cisterna de cemento de 120 toneladas\" height=\"533\" \/><\/p>\n<p>Venta de remolque para cemento de 120 toneladas<\/p>\n<p>Relacionado: <span style=\"color: #0000ff;\"><a style=\"color: #0000ff;\" href=\"https:\/\/www.pandamech.com\/spanish\/product\/25-80-ton-cement-silo-semi-trailer\/\" target=\"_blank\" rel=\"noopener\">venta de silos de cemento<\/a><\/span>, <a href=\"https:\/\/www.pandamech.com\/spanish\/category\/pneumatic-trailer\/cement-tanker\/\" target=\"_blank\" rel=\"noopener\"><span style=\"color: #0000ff;\">PANDA cisterna de cemento<\/span><\/a><\/p>\n<p style=\"text-align: center;\"><a class=\"product_button\" href=\"#elementor-action%3Aaction%3Dpopup%3Aopen%26settings%3DeyJpZCI6Ijk5MDciLCJ0b2dnbGUiOmZhbHNlfQ%3D%3D\">Obtenga un presupuesto instant\u00e1neo<\/a><\/p>\n<h2>Transporte mar\u00edtimo del remolque cisterna de cemento<\/h2>\n<p>Pediremos el Freightliner antes de que se complete la producci\u00f3n y lo inspeccionaremos despu\u00e9s de la salida. El remolque inspeccionado se le enviar\u00e1 de acuerdo con el \u00faltimo plazo de env\u00edo.<\/p>\n<p>Para evitar que la pintura del remolque de transporte de cemento y arena se corroa por el agua de mar, rociaremos una capa de cera en la superficie del remolque cisterna de cemento antes del transporte.<\/p>\n<p>Envolveremos todos los motores diesel de cemento <span style=\"color: #0000ff;\"><a style=\"color: #0000ff;\" href=\"https:\/\/www.pandamech.com\/spanish\/product\/bulk-powder-tanker-p00149p1-html\/\" target=\"_blank\" rel=\"noopener\">remolques cisterna para polvo<\/a><\/span> con tela de lluvia.<\/p>\n<p><img fetchpriority=\"high\" decoding=\"async\" class=\"alignnone wp-image-30042 size-full\" src=\"https:\/\/pandamech.com\/wp-content\/uploads\/2022\/08\/Panda-Cement-Bulker-Emily-3-2.jpg\" alt=\"transporte mar\u00edtimo de cemento remolque de 120 toneladas\" width=\"800\" height=\"533\" title=\"\"><\/p>\n<h2>Panda Mech<\/h2>\n<p>Panda Mech es un fabricante de remolques de cemento de 120 toneladas de China. Suministramos remolques cisterna de cemento de 120 toneladas para la venta. Los fabricantes de Panda Mech han tenido \u00e9xito en el sudeste asi\u00e1tico, Oriente Medio, \u00c1frica y Am\u00e9rica del Sur, como Filipinas, Tanzania, etc....<\/p>\n<p><a href=\"https:\/\/www.pandamech.com\/spanish\/contact-us\/\" target=\"_blank\" rel=\"noopener\"><img decoding=\"async\" class=\"alignnone\" src=\"https:\/\/pandamech.com\/wp-content\/uploads\/2021\/08\/quotation.jpg\" alt=\"Oferta de remolque para cemento de 120 toneladas\" width=\"864\" height=\"213\" title=\"\"><\/a><\/p>","protected":false},"excerpt":{"rendered":"<p>Tipo: Remolque cisterna de cemento de 3 ejes y 120 toneladas<\/p>\n<p>Rango de precios: $18.900-32.500<\/p>\n<p>Plazo de entrega: 7-25 d\u00edas<\/p>\n<p>Descarga m\u00e1s r\u00e1pida: &gt;1,5 toneladas\/min<\/p>\n<p>Aplicaci\u00f3n: transporte de cemento, part\u00edculas de PVC, cenizas volantes, materiales granulares, etc.<\/p>","protected":false},"featured_media":57761,"template":"","meta":{"_acf_changed":false,"_kad_blocks_custom_css":"","_kad_blocks_head_custom_js":"","_kad_blocks_body_custom_js":"","_kad_blocks_footer_custom_js":"","_kad_post_transparent":"default","_kad_post_title":"","_kad_post_layout":"default","_kad_post_sidebar_id":"","_kad_post_content_style":"default","_kad_post_vertical_padding":"default","_kad_post_feature":"","_kad_post_feature_position":"","_kad_post_header":false,"_kad_post_footer":false,"_kad_post_classname":""},"product_brand":[],"product_cat":[101],"product_tag":[],"class_list":{"0":"post-21371","1":"product","2":"type-product","3":"status-publish","4":"has-post-thumbnail","6":"product_cat-cement-tanker","8":"first","9":"instock","10":"sold-individually","11":"shipping-taxable","12":"purchasable","13":"product-type-simple","14":"entry","15":"content-bg","16":"loop-entry"},"acf":[],"taxonomy_info":{"product_cat":[{"value":101,"label":"Cement Tanker For Sale"}]},"featured_image_src_large":["https:\/\/www.pandamech.com\/wp-content\/uploads\/2022\/08\/2-46-500x500.jpg",500,500,true],"author_info":[],"comment_info":"","_links":{"self":[{"href":"https:\/\/www.pandamech.com\/spanish\/wp-json\/wp\/v2\/product\/21371","targetHints":{"allow":["GET"]}}],"collection":[{"href":"https:\/\/www.pandamech.com\/spanish\/wp-json\/wp\/v2\/product"}],"about":[{"href":"https:\/\/www.pandamech.com\/spanish\/wp-json\/wp\/v2\/types\/product"}],"version-history":[{"count":1,"href":"https:\/\/www.pandamech.com\/spanish\/wp-json\/wp\/v2\/product\/21371\/revisions"}],"predecessor-version":[{"id":91407,"href":"https:\/\/www.pandamech.com\/spanish\/wp-json\/wp\/v2\/product\/21371\/revisions\/91407"}],"wp:featuredmedia":[{"embeddable":true,"href":"https:\/\/www.pandamech.com\/spanish\/wp-json\/wp\/v2\/media\/57761"}],"wp:attachment":[{"href":"https:\/\/www.pandamech.com\/spanish\/wp-json\/wp\/v2\/media?parent=21371"}],"wp:term":[{"taxonomy":"product_brand","embeddable":true,"href":"https:\/\/www.pandamech.com\/spanish\/wp-json\/wp\/v2\/product_brand?post=21371"},{"taxonomy":"product_cat","embeddable":true,"href":"https:\/\/www.pandamech.com\/spanish\/wp-json\/wp\/v2\/product_cat?post=21371"},{"taxonomy":"product_tag","embeddable":true,"href":"https:\/\/www.pandamech.com\/spanish\/wp-json\/wp\/v2\/product_tag?post=21371"}],"curies":[{"name":"wp","href":"https:\/\/api.w.org\/{rel}","templated":true}]}}