{"id":21343,"date":"2022-05-17T19:02:24","date_gmt":"2022-05-17T11:02:24","guid":{"rendered":"http:\/\/pandamech.com\/?post_type=product&#038;p=21343"},"modified":"2025-08-23T01:08:27","modified_gmt":"2025-08-22T17:08:27","slug":"3-axle-40ft-dropside-flatbed-trailers","status":"publish","type":"product","link":"https:\/\/www.pandamech.com\/spanish\/product\/3-axle-40ft-dropside-flatbed-trailers\/","title":{"rendered":"40Ft Drop Side Remolques En Venta"},"content":{"rendered":"<p>El remolque lateral abatible de 40 pies puede utilizarse para transportar muchos tipos de objetos, desde cajas hasta carga a granel. Su panel lateral se puede abrir, por lo que es m\u00e1s conveniente para descargar la carga. Las empresas de transporte en la industria de la log\u00edstica utilizan ampliamente los remolques de cami\u00f3n de plataforma lateral.<\/p>\n<p>Panda Mech 70t <span style=\"color: #0000ff;\"><a style=\"color: #0000ff;\" href=\"https:\/\/www.pandamech.com\/spanish\/category\/cargo-trailer\/side-wall-trailer\/\" target=\"_blank\" rel=\"noopener\">remolque de carga de plataforma abatible<\/a><\/span> se destaca por su estructura de acero altamente robusta; podemos ofrecer diferentes configuraciones de nuestro remolque tractor de carga a granel de 70t con laterales abatibles para satisfacer sus necesidades de transporte.<\/p>\n<h2>40Ft drop side trailer im\u00e1genes<\/h2>\n<p><img fetchpriority=\"high\" decoding=\"async\" class=\"alignnone wp-image-32642 size-full\" src=\"https:\/\/pandamech.com\/wp-content\/uploads\/2022\/10\/side-wall-trailers-9.jpg\" alt=\"40 pies 70 toneladas de pared lateral remolque de cami\u00f3n para la venta\" width=\"750\" height=\"400\" title=\"\"><\/p>\n<p>3 ejes 70t pared lateral semirremolque de transporte para la venta<\/p>\n<p><img decoding=\"async\" class=\"alignnone wp-image-32641 size-full\" src=\"https:\/\/pandamech.com\/wp-content\/uploads\/2022\/10\/side-wall-trailers-8.jpg\" alt=\"3 ejes 40ft 70t sidewall carga a granel semirremolque para la venta\" width=\"750\" height=\"399\" title=\"\"><\/p>\n<p>40ft drop side container trailer manufacturer<\/p>\n<p>Relacionado: <span style=\"color: #0000ff;\"><a style=\"color: #0000ff;\" href=\"https:\/\/www.pandamech.com\/spanish\/category\/tipper-trailer\/side-tipper\/\" target=\"_blank\" rel=\"noopener\">volquete lateral<\/a><\/span>, <span style=\"color: #0000ff;\"><a style=\"color: #0000ff;\" href=\"https:\/\/www.pandamech.com\/spanish\/category\/low-bed-trailers\/low-boy-trailer\/\" target=\"_blank\" rel=\"noopener\">remolque bajo<\/a><\/span>, <a href=\"https:\/\/www.pandamech.com\/category\/cargo-trailer\/fence-trailer\/\" target=\"_blank\" rel=\"noopener\"><span style=\"color: #0000ff;\">remolque valla<\/span><\/a><\/p>\n<p style=\"text-align: center;\"><a class=\"product_button\" href=\"#elementor-action%3Aaction%3Dpopup%3Aopen%26settings%3DeyJpZCI6Ijk5MDciLCJ0b2dnbGUiOmZhbHNlfQ%3D%3D\">Haga clic para m\u00e1s detalles<\/a><\/p>\n<h2>Especificaciones del remolque lateral abatible de 40 pies<\/h2>\n<table style=\"width: 800px;\" border=\"1\" cellspacing=\"1\" cellpadding=\"1\">\n<tbody>\n<tr>\n<td width=\"216\" height=\"36\">\u00a0Fabricante<\/td>\n<td width=\"493\">\u00a0Remolque de pared lateral Panda Mech<\/td>\n<\/tr>\n<tr>\n<td height=\"36\">\u00a0Haz principal<\/td>\n<td width=\"493\">\u00a0Q345Acero; La placa media es de 8mm; La placa inferior es de 16mm.<\/td>\n<\/tr>\n<tr>\n<td height=\"36\">\u00a0Viga lateral<\/td>\n<td width=\"493\">\u00a016# canal acero<\/td>\n<\/tr>\n<tr>\n<td height=\"36\">\u00a0Alfiler de rey<\/td>\n<td width=\"493\">\u00a0Pasador de tracci\u00f3n de 2\u201d o 3,5<\/td>\n<\/tr>\n<tr>\n<td height=\"36\">\u00a0Suelo<\/td>\n<td width=\"493\">\u00a0Chapa de acero diamantada de 3 mm<\/td>\n<\/tr>\n<tr>\n<td height=\"36\">\u00a0Suspensi\u00f3n<\/td>\n<td width=\"493\">\u00a0Suspensi\u00f3n mec\u00e1nica o neum\u00e1tica<\/td>\n<\/tr>\n<tr>\n<td height=\"36\">\u00a0Eje<\/td>\n<td width=\"493\">\u00a03 ejes, BPW, Fuwa<\/td>\n<\/tr>\n<tr>\n<td height=\"36\">\u00a0Llanta<\/td>\n<td width=\"493\">\u00a0Llanta de acero 9.0-22.5<\/td>\n<\/tr>\n<tr>\n<td height=\"36\">\u00a0Neum\u00e1tico<\/td>\n<td width=\"493\">\u00a0Spe:12R22.5; N\u00famero de neum\u00e1ticos:12 piezas<\/td>\n<\/tr>\n<tr>\n<td height=\"36\">\u00a0V\u00e1lvula de freno<\/td>\n<td width=\"493\">\u00a0Marca KTL\/WEBCO<\/td>\n<\/tr>\n<tr>\n<td height=\"36\">\u00a0Luz<\/td>\n<td width=\"493\">\u00a0Luz trasera con intermitente, luz de freno y luz lateral, etc.<\/td>\n<\/tr>\n<tr>\n<td height=\"36\">\u00a0Engranaje principal<\/td>\n<td width=\"493\">\u00a028T Accionamiento manual, Tren de aterrizaje de alta resistencia<\/td>\n<\/tr>\n<\/tbody>\n<\/table>\n<p style=\"text-align: center;\"><a class=\"product_button\" href=\"#elementor-action%3Aaction%3Dpopup%3Aopen%26settings%3DeyJpZCI6Ijk5MDciLCJ0b2dnbGUiOmZhbHNlfQ%3D%3D\">Obtenga un presupuesto instant\u00e1neo<\/a><\/p>\n<h2>Dibujo de un remolque de 40 pies<\/h2>\n<p><img decoding=\"async\" class=\"alignnone\" style=\"width: 800px;\" src=\"https:\/\/pandamech.com\/wp-content\/uploads\/2022\/06\/40ft-dropside-trailers-drawing.jpg\" alt=\"40ft 70 toneladas remolques de plataforma abatible dibujo\" width=\"800\" height=\"533\" title=\"\"><\/p>\n<p>Plano del remolque de plataforma de 70 t<\/p>\n<h2>Remolque lateral abatible de 40 pies<\/h2>\n<p><strong>Buena pintura<\/strong><\/p>\n<p>Las superficies se limpian mediante granallado: una capa de epoxi y una capa de acabado acr\u00edlico.<\/p>\n<p>Durable contra el \u00f3xido soporta m\u00e1s tiempo bueno, mirando, y la vida de servicio.<\/p>\n<p><strong>Soldadura autom\u00e1tica<\/strong><\/p>\n<p>Arco sumergido Construcci\u00f3n de soldadura autom\u00e1tica, Keypoint refuerzo, y la soldadura a prop\u00f3sito evitar algunas partes m\u00e1s accesibles perder la soldadura de acuerdo a la experiencia de apoyo veh\u00edculo m\u00e1s tiempo de trabajo sin necesidad de reparaci\u00f3n.<\/p>\n<p><strong>Ejes, suspensiones y sistemas de frenado de calidad<\/strong><\/p>\n<p>BPW, FUWA en todo el mundo mejores ejes de trabajo con v\u00e1lvula de freno WABCO, m\u00e1s eficaz de freno para la seguridad y ahorrar costes de neum\u00e1ticos<\/p>\n<p>Fije muelles y suspensiones de calidad, prolongue su vida \u00fatil y ahorre costes de mantenimiento.<\/p>\n<p style=\"text-align: center;\"><a class=\"product_button\" href=\"#elementor-action%3Aaction%3Dpopup%3Aopen%26settings%3DeyJpZCI6Ijk5MDciLCJ0b2dnbGUiOmZhbHNlfQ%3D%3D\">Haga clic para m\u00e1s detalles<\/a><\/p>\n<h2>Aplicaci\u00f3n de remolque lateral abatible de 40 pies<\/h2>\n<p>El remolque lateral abatible de 40 pies se utiliza generalmente para el transporte de carga a granel. Se utiliza principalmente para el transporte de larga distancia. T\u00edpicamente, el remolque Sidewall puede transportar 30-80 toneladas.<\/p>\n<p>Si se trata de una gran cantidad de transporte o diferentes necesidades, podemos personalizarlo o remolque de la plataforma algunos veh\u00edculos deformados.<\/p>\n<h2>Panda Mech<\/h2>\n<p>Somos fabricantes de remolques laterales abatibles de 40 pies en China. Suministramos remolques laterales abatibles de 40 pies y 70 toneladas para la venta. Podemos personalizarlo de acuerdo a sus necesidades. Panda Mech fabricantes han tenido \u00e9xito en el sudeste de Asia, Oriente Medio, \u00c1frica y Am\u00e9rica del Sur, como Filipinas, Tanzania, etc ...<u><\/u><\/p>\n<p><a href=\"\/spanish\/contact-us\/\" rel=\"nofollow\"><img decoding=\"async\" src=\"https:\/\/pandamech.com\/wp-content\/uploads\/u_file\/db8ce19fe3.jpg\" alt=\"venta de remolques de plataforma\" title=\"\"><\/a><\/p>","protected":false},"excerpt":{"rendered":"<p>Tipo: Remolque laterales abatibles de 3 ejes<\/p>\n<p>Rango de precios: $13900-25,900<\/p>\n<p>Plazo de entrega: 7-25 d\u00edas<\/p>\n<p>Peso de la carga: 30-60 toneladas<\/p>\n<p>Aplicaci\u00f3n: Para transportar carga a granel, cemento en sacos<\/p>","protected":false},"featured_media":58408,"template":"","meta":{"_acf_changed":false,"_kad_blocks_custom_css":"","_kad_blocks_head_custom_js":"","_kad_blocks_body_custom_js":"","_kad_blocks_footer_custom_js":"","_kad_post_transparent":"default","_kad_post_title":"","_kad_post_layout":"default","_kad_post_sidebar_id":"","_kad_post_content_style":"default","_kad_post_vertical_padding":"default","_kad_post_feature":"","_kad_post_feature_position":"","_kad_post_header":false,"_kad_post_footer":false,"_kad_post_classname":""},"product_brand":[],"product_cat":[75],"product_tag":[60,65],"class_list":{"0":"post-21343","1":"product","2":"type-product","3":"status-publish","4":"has-post-thumbnail","6":"product_cat-side-wall-trailer","7":"product_tag-3-axle-trailer","8":"product_tag-40ft-trailer","10":"first","11":"instock","12":"sold-individually","13":"shipping-taxable","14":"purchasable","15":"product-type-simple","16":"entry","17":"content-bg","18":"loop-entry"},"acf":[],"taxonomy_info":{"product_cat":[{"value":75,"label":"Drop Side Trailer"}],"product_tag":[{"value":60,"label":"3 Axle Trailer"},{"value":65,"label":"40Ft Trailer"}]},"featured_image_src_large":["https:\/\/www.pandamech.com\/wp-content\/uploads\/2022\/10\/side-wall-trailers-1-500x500.jpg",500,500,true],"author_info":[],"comment_info":"","_links":{"self":[{"href":"https:\/\/www.pandamech.com\/spanish\/wp-json\/wp\/v2\/product\/21343","targetHints":{"allow":["GET"]}}],"collection":[{"href":"https:\/\/www.pandamech.com\/spanish\/wp-json\/wp\/v2\/product"}],"about":[{"href":"https:\/\/www.pandamech.com\/spanish\/wp-json\/wp\/v2\/types\/product"}],"version-history":[{"count":1,"href":"https:\/\/www.pandamech.com\/spanish\/wp-json\/wp\/v2\/product\/21343\/revisions"}],"predecessor-version":[{"id":91413,"href":"https:\/\/www.pandamech.com\/spanish\/wp-json\/wp\/v2\/product\/21343\/revisions\/91413"}],"wp:featuredmedia":[{"embeddable":true,"href":"https:\/\/www.pandamech.com\/spanish\/wp-json\/wp\/v2\/media\/58408"}],"wp:attachment":[{"href":"https:\/\/www.pandamech.com\/spanish\/wp-json\/wp\/v2\/media?parent=21343"}],"wp:term":[{"taxonomy":"product_brand","embeddable":true,"href":"https:\/\/www.pandamech.com\/spanish\/wp-json\/wp\/v2\/product_brand?post=21343"},{"taxonomy":"product_cat","embeddable":true,"href":"https:\/\/www.pandamech.com\/spanish\/wp-json\/wp\/v2\/product_cat?post=21343"},{"taxonomy":"product_tag","embeddable":true,"href":"https:\/\/www.pandamech.com\/spanish\/wp-json\/wp\/v2\/product_tag?post=21343"}],"curies":[{"name":"wp","href":"https:\/\/api.w.org\/{rel}","templated":true}]}}