{"id":21342,"date":"2025-12-02T17:35:24","date_gmt":"2025-12-02T09:35:24","guid":{"rendered":"http:\/\/pandamech.com\/?post_type=product&#038;p=21342"},"modified":"2025-12-10T16:45:17","modified_gmt":"2025-12-10T08:45:17","slug":"40ft-goosneck-double-tire-415-p00296p1-html","status":"publish","type":"product","link":"https:\/\/www.pandamech.com\/spanish\/product\/40ft-goosneck-double-tire-415-p00296p1-html\/","title":{"rendered":"40Ft Air Ride chasis de contenedores para la venta"},"content":{"rendered":"<h2>\u00bfQu\u00e9 es un chasis de contenedor neum\u00e1tico?<\/h2>\n<p>Chasis portacontenedores Air Ride, tambi\u00e9n llamado remolque esquel\u00e9tico Air Ride, etc. Generalmente utilizado para el transporte de contenedores ISO en puertos, astilleros, rutas, puentes, t\u00faneles y estaciones de transferencia, y el apoyo a los sistemas log\u00edsticos de transporte multimodal. 40 pies de largo caben de 4 a 14 juegos de esclusas de contenedores adecuados para contenedores secos de 10\u2032, 20\u2032, 40\u2032, contenedores cisterna, contenedores refrigerados, etc.<\/p>\n<h3>Aplicaciones en transporte de contenedores y puertos<\/h3>\n<p>En el transporte de contenedores y en los puertos, los chasis portacontenedores Air Ride se utilizan para el transporte r\u00e1pido puerto-ferrocarril, lanzaderas terminal-patio, transferencias de dep\u00f3sito fuera del muelle, y entregas DC, despejando oleadas de buques y reduciendo los movimientos de la puerta. Un 40Ft Air Ride Container Chassis brilla en 40\u2032\/40\u2032 HC carriles: el cuello de cisne reduce la altura total de los altos cubos, mientras que el aire amortigua delantales \u00e1speros y rampas de ferrocarril, la protecci\u00f3n de refrigerados, fr\u00e1giles, y de alto valor de carga. Tambi\u00e9n facilita los trayectos nocturnos en corredores con sobrepeso, mejora la distribuci\u00f3n legal por ejes y acorta los tiempos de giro durante las horas punta.<\/p>\n<h3>\u00bfPor qu\u00e9 elegir un chasis de contenedor neum\u00e1tico?<\/h3>\n<ul>\n<li>Una conducci\u00f3n m\u00e1s suave reduce los impactos sobre la carga, el bastidor y los componentes.<\/li>\n<li>La altura de desplazamiento ajustable facilita la alineaci\u00f3n del muelle y las transiciones en rampa.<\/li>\n<li>La nivelaci\u00f3n autom\u00e1tica reparte el peso uniformemente entre los ejes para garantizar la legalidad.<\/li>\n<li>Menos vibraciones mejoran el contacto con el neum\u00e1tico, alargando la vida \u00fatil de la banda de rodadura.<\/li>\n<li>Protege los contenedores frigor\u00edficos, los componentes electr\u00f3nicos y las cargas fr\u00e1giles de los da\u00f1os por impacto.<\/li>\n<li>Mayor estabilidad en petos rugosos, baches y carreteras irregulares.<\/li>\n<\/ul>\n<h2>40Ft Air Ride Contenedor Chasis im\u00e1genes<\/h2>\n<p><img fetchpriority=\"high\" decoding=\"async\" class=\"alignnone\" src=\"\/wp-content\/uploads\/u_file\/b7551a3d00.jpg\" alt=\"40Ft Air Ride Contenedor Chasis Remolque para la venta\" width=\"800\" height=\"533\" title=\"\"><\/p>\n<p>40Ft Air Ride f\u00e1brica de chasis de contenedores en China<\/p>\n<p><img decoding=\"async\" class=\"alignnone\" src=\"\/wp-content\/uploads\/u_file\/ff61ab719e.jpg\" alt=\"40Ft Air Ride Container Chassis Trailer fabricante\" width=\"800\" height=\"533\" title=\"\"><\/p>\n<p>Fabricante de chasis portacontenedores neum\u00e1tico de 40 pies en China<\/p>\n<h2>40Ft Air Ride Contenedor Chasis especificaci\u00f3n<\/h2>\n<table style=\"width: 800px;\" border=\"1\" cellspacing=\"1\" cellpadding=\"1\">\n<tbody>\n<tr>\n<td width=\"457\" height=\"32\">Dimensi\u00f3n<\/td>\n<td width=\"492\">12500*2500*1550mm<\/td>\n<\/tr>\n<tr>\n<td width=\"457\" height=\"32\">Altura<\/td>\n<td>1550 mm<\/td>\n<\/tr>\n<tr>\n<td width=\"457\" height=\"32\">Anchura<\/td>\n<td>2500mm<\/td>\n<\/tr>\n<tr>\n<td width=\"457\" height=\"32\">Peso<\/td>\n<td>5600Kg<\/td>\n<\/tr>\n<tr>\n<td width=\"457\" height=\"32\">Viga principal<\/td>\n<td>\u201cSecci\u00f3n \u201dI\" altura 500mm Material Q345\/T700<\/td>\n<\/tr>\n<tr>\n<td width=\"457\" height=\"32\">Bloqueo giratorio<\/td>\n<td>12\/14 set Norma ISO<\/td>\n<\/tr>\n<tr>\n<td width=\"457\" height=\"32\">Suspensi\u00f3n<\/td>\n<td>Suspensi\u00f3n neum\u00e1tica<\/td>\n<\/tr>\n<tr>\n<td width=\"457\" height=\"32\">Eje<\/td>\n<td>2\/3\/4 ejes BPW\/FUWA\/PDME, etc.<\/td>\n<\/tr>\n<tr>\n<td width=\"457\" height=\"32\">Llanta<\/td>\n<td>8\/12\/16 piezas 9,0-22,5 Acero\/Aluminio<\/td>\n<\/tr>\n<tr>\n<td width=\"457\" height=\"32\">Neum\u00e1tico<\/td>\n<td>8\/12\/16 piezas 12R22.5 Bridgestone\/Triangle\/Linglong etc<\/td>\n<\/tr>\n<tr>\n<td width=\"457\" height=\"32\">V\u00e1lvula de freno<\/td>\n<td>WABCO<\/td>\n<\/tr>\n<tr>\n<td width=\"457\" height=\"32\">C\u00e1mara de frenado<\/td>\n<td>4\/6\/8 series T30\/30<\/td>\n<\/tr>\n<tr>\n<td width=\"457\" height=\"32\">Dep\u00f3sito de aire<\/td>\n<td>28L<\/td>\n<\/tr>\n<tr>\n<td width=\"457\" height=\"32\">Tubo de freno<\/td>\n<td>Tubo de alambre de nailon<\/td>\n<\/tr>\n<tr>\n<td width=\"457\" height=\"32\">Tren de aterrizaje<\/td>\n<td>28T Elevaci\u00f3n JOST\/YAHUA<\/td>\n<\/tr>\n<tr>\n<td width=\"457\" height=\"32\">Kingpin<\/td>\n<td>2\u2033(50mm)\/3.5\u2033(90mm) Tipo de atornillado JOST<\/td>\n<\/tr>\n<tr>\n<td width=\"457\" height=\"32\">Luces<\/td>\n<td>12v\/24v LED estancos<\/td>\n<\/tr>\n<tr>\n<td width=\"457\" height=\"32\">Color<\/td>\n<td>Personalizado<\/td>\n<\/tr>\n<tr>\n<td width=\"457\" height=\"32\"><a href=\"\/spanish\/contact-us\/\"><u>Consulta<\/u><\/a><\/td>\n<td><a href=\"\/spanish\/contact-us\/\"><u>Obtener presupuesto<\/u><\/a><\/td>\n<\/tr>\n<\/tbody>\n<\/table>\n<h2>Caracter\u00edsticas del chasis portacontenedores neum\u00e1tico<\/h2>\n<ul>\n<li>La geometr\u00eda del cuello de cisne rebaja la altura de la cubierta para obtener un espacio libre de 40\u2032 de cubo alto, lo que mejora la estabilidad y la conformidad del puente, mientras que las vigas en I de alta resistencia a la tracci\u00f3n preservan la rigidez torsional con una tara m\u00ednima.<\/li>\n<li>La suspensi\u00f3n neum\u00e1tica con nivelaci\u00f3n autom\u00e1tica iguala las cargas de los ejes, reduce las vibraciones y mantiene una altura de conducci\u00f3n constante para suavizar muelles, rampas y plataformas irregulares.<\/li>\n<li>La geometr\u00eda afinada y la mayor distancia entre ejes trazan las curvas con nitidez; el menor rebote mejora la frenada, la respuesta del ABS\/EBS y el control del conductor a velocidad.<\/li>\n<li>Disposici\u00f3n de f\u00e1cil mantenimiento: arn\u00e9s sellado, airbags y amortiguadores atornillados, v\u00e1lvulas protegidas y trazado claro de los conductos acortan las inspecciones y reducen el tiempo de inactividad por mantenimiento.<\/li>\n<\/ul>\n<h2>40Ft Air Ride Contenedor Chasis para la venta<\/h2>\n<p>Panda Mech es un 40 pies Air Ride Container Chasis fabricante de China. Suministramos 40 pies Air Ride chasis de contenedores para la venta. PANDA MECH fabricantes han tenido \u00e9xito en el sudeste de Asia, Oriente Medio, \u00c1frica y Am\u00e9rica del Sur, como Filipinas, Tanzania, etc ...<\/p>\n<p><a href=\"\/spanish\/contact-us\/\" rel=\"nofollow\"><img decoding=\"async\" src=\"https:\/\/pandamech.com\/wp-content\/uploads\/u_file\/db8ce19fe3.jpg\" alt=\"Chasis de contenedor de 40 pies\" title=\"\"><\/a><\/p>\n<h2>FAQ<\/h2>\n<h3 data-start=\"2242\" data-end=\"2468\"><strong data-start=\"2242\" data-end=\"2317\">\u00bfQu\u00e9 diferencia hay entre la suspensi\u00f3n neum\u00e1tica y la suspensi\u00f3n mec\u00e1nica?<\/strong><\/h3>\n<p data-start=\"2242\" data-end=\"2468\">La suspensi\u00f3n neum\u00e1tica proporciona una altura de conducci\u00f3n ajustable y un manejo m\u00e1s suave, ideal para cargas fr\u00e1giles. La suspensi\u00f3n mec\u00e1nica es m\u00e1s barata pero menos flexible.<\/p>\n<h3 data-start=\"2473\" data-end=\"2620\"><strong data-start=\"2473\" data-end=\"2540\">\u00bfCu\u00e1l es la capacidad de carga de un remolque de cuello de cisne con suspensi\u00f3n neum\u00e1tica de 40 pies?<\/strong><\/h3>\n<p data-start=\"2473\" data-end=\"2620\">Entre <strong data-start=\"2557\" data-end=\"2571\">17-40 toneladas<\/strong>, dependiendo de la configuraci\u00f3n del eje y del material.<\/p>\n<h3 data-start=\"2625\" data-end=\"2775\"><strong data-start=\"2625\" data-end=\"2686\">\u00bfPuedo utilizar este remolque para contenedores de 20 y 40 pies?<\/strong><\/h3>\n<p data-start=\"2625\" data-end=\"2775\">S\u00ed. Admite cierres giratorios 4-14 adecuados para <strong data-start=\"2736\" data-end=\"2772\">Contenedores ISO de 10, 20 y 40 pies<\/strong>.<\/p>\n<h3 data-start=\"2780\" data-end=\"2923\"><strong data-start=\"2780\" data-end=\"2837\">\u00bfCu\u00e1nto cuesta un chasis contenedor neum\u00e1tico de 40 pies?<\/strong><\/h3>\n<p data-start=\"2780\" data-end=\"2923\">Precios de f\u00e1brica <strong data-start=\"2861\" data-end=\"2878\">$8.500-16.900<\/strong>, dependiendo de la personalizaci\u00f3n y del tipo de eje.<\/p>","protected":false},"excerpt":{"rendered":"<p>Tipo: 40 pies de suspensi\u00f3n neum\u00e1tica de cuello de cisne remolque esquel\u00e9tico<\/p>\n<p>Rango de precios: $8500-16,900<\/p>\n<p>Plazo de entrega: 7-25 d\u00edas<\/p>\n<p>Capacidad de carga: 17-40 toneladas<\/p>\n<p>Aplicaciones: contenedor de transporte<\/p>","protected":false},"featured_media":58608,"template":"","meta":{"_acf_changed":false,"_kad_blocks_custom_css":"","_kad_blocks_head_custom_js":"","_kad_blocks_body_custom_js":"","_kad_blocks_footer_custom_js":"","_kad_post_transparent":"default","_kad_post_title":"","_kad_post_layout":"default","_kad_post_sidebar_id":"","_kad_post_content_style":"default","_kad_post_vertical_padding":"default","_kad_post_feature":"","_kad_post_feature_position":"","_kad_post_header":false,"_kad_post_footer":false,"_kad_post_classname":""},"product_brand":[],"product_cat":[103,110],"product_tag":[65],"class_list":{"0":"post-21342","1":"product","2":"type-product","3":"status-publish","4":"has-post-thumbnail","6":"product_cat-container-chassis-trailer","7":"product_cat-gooseneck-container-chassis","8":"product_tag-40ft-trailer","10":"first","11":"instock","12":"sold-individually","13":"shipping-taxable","14":"purchasable","15":"product-type-simple","16":"entry","17":"content-bg","18":"loop-entry"},"acf":[],"taxonomy_info":{"product_cat":[{"value":103,"label":"Container Chassis"},{"value":110,"label":"Gooseneck Container Chassis"}],"product_tag":[{"value":65,"label":"40Ft Trailer"}]},"featured_image_src_large":["https:\/\/www.pandamech.com\/wp-content\/uploads\/2022\/05\/1-500x500.jpg",500,500,true],"author_info":[],"comment_info":"","_links":{"self":[{"href":"https:\/\/www.pandamech.com\/spanish\/wp-json\/wp\/v2\/product\/21342","targetHints":{"allow":["GET"]}}],"collection":[{"href":"https:\/\/www.pandamech.com\/spanish\/wp-json\/wp\/v2\/product"}],"about":[{"href":"https:\/\/www.pandamech.com\/spanish\/wp-json\/wp\/v2\/types\/product"}],"version-history":[{"count":4,"href":"https:\/\/www.pandamech.com\/spanish\/wp-json\/wp\/v2\/product\/21342\/revisions"}],"predecessor-version":[{"id":92441,"href":"https:\/\/www.pandamech.com\/spanish\/wp-json\/wp\/v2\/product\/21342\/revisions\/92441"}],"wp:featuredmedia":[{"embeddable":true,"href":"https:\/\/www.pandamech.com\/spanish\/wp-json\/wp\/v2\/media\/58608"}],"wp:attachment":[{"href":"https:\/\/www.pandamech.com\/spanish\/wp-json\/wp\/v2\/media?parent=21342"}],"wp:term":[{"taxonomy":"product_brand","embeddable":true,"href":"https:\/\/www.pandamech.com\/spanish\/wp-json\/wp\/v2\/product_brand?post=21342"},{"taxonomy":"product_cat","embeddable":true,"href":"https:\/\/www.pandamech.com\/spanish\/wp-json\/wp\/v2\/product_cat?post=21342"},{"taxonomy":"product_tag","embeddable":true,"href":"https:\/\/www.pandamech.com\/spanish\/wp-json\/wp\/v2\/product_tag?post=21342"}],"curies":[{"name":"wp","href":"https:\/\/api.w.org\/{rel}","templated":true}]}}