{"id":21341,"date":"2022-05-09T19:02:23","date_gmt":"2022-05-09T11:02:23","guid":{"rendered":"http:\/\/pandamech.com\/?post_type=product&#038;p=21341"},"modified":"2025-08-23T01:08:28","modified_gmt":"2025-08-22T17:08:28","slug":"25-120-ton-aluminum-cement-trailer","status":"publish","type":"product","link":"https:\/\/www.pandamech.com\/spanish\/product\/25-120-ton-aluminum-cement-trailer\/","title":{"rendered":"Remolque de aluminio para cemento"},"content":{"rendered":"<p>Los remolques cisterna de aluminio para cemento a granel tambi\u00e9n son llamados camiones cisterna de aluminio para cemento, cami\u00f3n cisterna de aluminio para polvo. El remolque cisterna de aluminio para cemento se utiliza principalmente para transportar materiales en polvo con un di\u00e1metro no superior a 0,1 mm, incluyendo principalmente cenizas volantes, cal, etc.<\/p>\n<p>El \u00e1rea de aplicaci\u00f3n del cami\u00f3n remolque de aluminio es muy amplia, incluyendo la agricultura, la industria, la construcci\u00f3n, la industria el\u00e9ctrica, etc., que es el m\u00e1s utilizado en la industria de la construcci\u00f3n, especialmente en plantas de cemento, obras de construcci\u00f3n.<\/p>\n<h2>Remolque de aluminio para cemento<\/h2>\n<ul>\n<li>1. Cami\u00f3n cisterna de cemento est\u00e1 hecho de acero resistente al desgaste de alta resistencia, para el mercado africano, las condiciones de la carretera son relativamente pobres, para la estructura del cuerpo es una prueba, el cuerpo de la calidad de la soldadura y el uso de accesorios es muy importante, remolque de cemento bueno y malo en malas condiciones de la carretera es m\u00e1s probable que reflejan.<\/li>\n<li>2. M\u00e1quina autom\u00e1tica de empalme de chapas para la soldadura a doble cara de chapas de acero, para garantizar una mejor calidad de la costura de soldadura, una vida \u00fatil m\u00e1s larga y un buen aspecto del tanque.<\/li>\n<li>3. Una vez finalizada la producci\u00f3n del bulker de cemento, se realizar\u00e1n primero la prueba de presi\u00f3n y la prueba de estanqueidad para garantizar que no hay ning\u00fan problema.<\/li>\n<\/ul>\n<p style=\"text-align: center;\"><a class=\"product_button\" href=\"#elementor-action%3Aaction%3Dpopup%3Aopen%26settings%3DeyJpZCI6Ijk5MDciLCJ0b2dnbGUiOmZhbHNlfQ%3D%3D\">Haga clic para m\u00e1s detalles<\/a><\/p>\n<h2>Especificaciones del remolque de aluminio para cemento<\/h2>\n<p>Esta es la especificaci\u00f3n del cami\u00f3n remolque de aluminio para cemento. Suministramos 25-120 toneladas de aluminio a granel seco remolques de cemento para la venta.<\/p>\n<table style=\"width: 800px;\" border=\"1\" cellspacing=\"1\" cellpadding=\"1\">\n<tbody>\n<tr>\n<td width=\"165\" height=\"38\">\u00a0Marca<\/td>\n<td width=\"532\">\u00a0Remolque de aluminio para carga seca a granel Panda Mech<\/td>\n<\/tr>\n<tr>\n<td width=\"165\" height=\"38\">\u00a0Longitud<\/td>\n<td width=\"532\">\u00a09,5-14,5 metros<\/td>\n<\/tr>\n<tr>\n<td width=\"165\" height=\"38\">\u00a0Capacidad<\/td>\n<td width=\"532\">\u00a025-120 toneladas<\/td>\n<\/tr>\n<tr>\n<td width=\"165\" height=\"38\">\u00a0Peso<\/td>\n<td width=\"532\">\u00a0Opcional, 4,5-6 toneladas<\/td>\n<\/tr>\n<tr>\n<td width=\"165\" height=\"55\">\u00a0Dimensiones<\/td>\n<td width=\"532\">\u00a0(9500-12500)*2500*(3300-4000)mm<\/td>\n<\/tr>\n<tr>\n<td width=\"165\" height=\"37\">\u00a0Material de la carrocer\u00eda<\/td>\n<td width=\"532\">\u00a0Acero o aluminio<\/td>\n<\/tr>\n<tr>\n<td width=\"165\" height=\"38\">\u00a0Motor diesel<\/td>\n<td width=\"532\">\u00a0WEICHAI 4100\/4102 Marca<\/td>\n<\/tr>\n<tr>\n<td width=\"165\" height=\"38\">\u00a0Compresor<\/td>\n<td width=\"532\">\u00a0BOHAI, FUDA 10m3\/12 m3u otras marcas<\/td>\n<\/tr>\n<tr>\n<td width=\"165\" height=\"55\">\u00a0V\u00e1lvula de descarga<\/td>\n<td width=\"532\">\u00a0Di\u00e1metro de 3 \u00f3 4 pulgadas<\/td>\n<\/tr>\n<tr>\n<td width=\"165\" height=\"38\">\u00a0Vigas principales<\/td>\n<td width=\"532\">\u00a0Dise\u00f1o soldado, acero de alta resistencia<\/td>\n<\/tr>\n<tr>\n<td width=\"165\" height=\"55\">\u00a0Eje<\/td>\n<td width=\"532\">\u00a03 ejes, 14 toneladas<\/td>\n<\/tr>\n<tr>\n<td width=\"165\" height=\"38\">\u00a0Suspensi\u00f3n<\/td>\n<td width=\"532\">\u00a0Suspensi\u00f3n mec\u00e1nica o neum\u00e1tica<\/td>\n<\/tr>\n<tr>\n<td width=\"165\" height=\"37\">\u00a0Neum\u00e1tico<\/td>\n<td width=\"532\">\u00a012R22.5<\/td>\n<\/tr>\n<\/tbody>\n<\/table>\n<p style=\"text-align: center;\"><a class=\"product_button\" href=\"#elementor-action%3Aaction%3Dpopup%3Aopen%26settings%3DeyJpZCI6Ijk5MDciLCJ0b2dnbGUiOmZhbHNlfQ%3D%3D\">Haga clic para m\u00e1s detalles<\/a><\/p>\n<h2>Remolque de aluminio para cemento imagen<\/h2>\n<p><img fetchpriority=\"high\" decoding=\"async\" class=\"alignnone\" style=\"width: 800px;\" src=\"https:\/\/pandamech.com\/wp-content\/uploads\/2021\/08\/7-92.jpg\" alt=\"remolque cementero neum\u00e1tico de aluminio\" width=\"800\" height=\"533\" title=\"\"><\/p>\n<p>35cbm aluminio cemento granel remolque de transporte<\/p>\n<p><img decoding=\"async\" class=\"alignnone\" style=\"width: 800px;\" src=\"https:\/\/pandamech.com\/wp-content\/uploads\/2021\/08\/8-79.jpg\" alt=\"35cbm aluminio cemento transporte remolque a granel\" width=\"800\" height=\"533\" title=\"\"><\/p>\n<p>35cbm aluminio remolque de cemento a granel seco<\/p>\n<p>Relacionado: <span style=\"color: #0000ff;\"><a style=\"color: #0000ff;\" href=\"https:\/\/www.pandamech.com\/spanish\/product\/30-ton-bulk-flour-tanker-trailer\/\" target=\"_blank\" rel=\"noopener\">cisterna de harina<\/a><\/span>, <span style=\"color: #0000ff;\"><a style=\"color: #0000ff;\" href=\"https:\/\/www.pandamech.com\/spanish\/product\/50-ton-cement-bulk-trailer-for-sale\/\" target=\"_blank\" rel=\"noopener\">Remolque cisterna para cemento de 50 toneladas<\/a><\/span><\/p>\n<p style=\"text-align: center;\"><a class=\"product_button\" href=\"#elementor-action%3Aaction%3Dpopup%3Aopen%26settings%3DeyJpZCI6Ijk5MDciLCJ0b2dnbGUiOmZhbHNlfQ%3D%3D\">Obtenga un presupuesto instant\u00e1neo<\/a><\/p>\n<h2>Transporte mar\u00edtimo de remolques de aluminio para cemento<\/h2>\n<p>Pediremos el Freightliner por adelantado antes de que se complete la producci\u00f3n y realizaremos una inspecci\u00f3n despu\u00e9s de que se complete la producci\u00f3n. El remolque inspeccionado se le enviar\u00e1 de acuerdo con el \u00faltimo plazo de env\u00edo.<\/p>\n<p>Para evitar que el agua de mar corroa la pintura del remolque de transporte de arena de cemento, rociaremos una capa de cera sobre la superficie de aluminio. <span class=\"VlHyHc\">remolque para cemento<\/span> antes del transporte.<\/p>\n<p>Envolveremos todos los remolques graneleros de cemento de aluminio de motores di\u00e9sel con tela impermeable.<\/p>\n<h2>Panda Mech<\/h2>\n<p>Panda Mech es un fabricante de remolques de aluminio para cemento de China. Suministramos remolques de aluminio para cemento a la venta. Los fabricantes de Panda Mech han tenido \u00e9xito en el sudeste asi\u00e1tico, Oriente Medio, \u00c1frica y Am\u00e9rica del Sur, como Filipinas, Tanzania, etc....<\/p>\n<p><a href=\"https:\/\/www.pandamech.com\/spanish\/contact-us\/\" target=\"_blank\" rel=\"noopener\"><img decoding=\"async\" class=\"alignnone\" src=\"https:\/\/pandamech.com\/wp-content\/uploads\/2021\/08\/quotation.jpg\" alt=\"cenizas volantes cemento bulker remolque cotizaci\u00f3n\" width=\"864\" height=\"213\" title=\"\"><\/a><\/p>","protected":false},"excerpt":{"rendered":"<p>Tipo: remolque cisterna de aluminio para cemento<\/p>\n<p>Gama de precios: $20.900-42.500<\/p>\n<p>Plazo de entrega: 7-25 d\u00edas<\/p>\n<p>Descarga m\u00e1s r\u00e1pida: &gt;1,5 toneladas\/min<\/p>\n<p>Aplicaci\u00f3n: transporte de cemento, part\u00edculas de PVC, cenizas volantes, materiales granulares, etc.<\/p>","protected":false},"featured_media":58317,"template":"","meta":{"_acf_changed":false,"_kad_blocks_custom_css":"","_kad_blocks_head_custom_js":"","_kad_blocks_body_custom_js":"","_kad_blocks_footer_custom_js":"","_kad_post_transparent":"default","_kad_post_title":"","_kad_post_layout":"default","_kad_post_sidebar_id":"","_kad_post_content_style":"default","_kad_post_vertical_padding":"default","_kad_post_feature":"","_kad_post_feature_position":"","_kad_post_header":false,"_kad_post_footer":false,"_kad_post_classname":""},"product_brand":[],"product_cat":[101],"product_tag":[],"class_list":{"0":"post-21341","1":"product","2":"type-product","3":"status-publish","4":"has-post-thumbnail","6":"product_cat-cement-tanker","8":"first","9":"instock","10":"sold-individually","11":"shipping-taxable","12":"purchasable","13":"product-type-simple","14":"entry","15":"content-bg","16":"loop-entry"},"acf":[],"taxonomy_info":{"product_cat":[{"value":101,"label":"Cement Tanker For Sale"}]},"featured_image_src_large":["https:\/\/www.pandamech.com\/wp-content\/uploads\/2022\/10\/aluminum-cement-2-500x500.jpg",500,500,true],"author_info":[],"comment_info":"","_links":{"self":[{"href":"https:\/\/www.pandamech.com\/spanish\/wp-json\/wp\/v2\/product\/21341","targetHints":{"allow":["GET"]}}],"collection":[{"href":"https:\/\/www.pandamech.com\/spanish\/wp-json\/wp\/v2\/product"}],"about":[{"href":"https:\/\/www.pandamech.com\/spanish\/wp-json\/wp\/v2\/types\/product"}],"version-history":[{"count":1,"href":"https:\/\/www.pandamech.com\/spanish\/wp-json\/wp\/v2\/product\/21341\/revisions"}],"predecessor-version":[{"id":91420,"href":"https:\/\/www.pandamech.com\/spanish\/wp-json\/wp\/v2\/product\/21341\/revisions\/91420"}],"wp:featuredmedia":[{"embeddable":true,"href":"https:\/\/www.pandamech.com\/spanish\/wp-json\/wp\/v2\/media\/58317"}],"wp:attachment":[{"href":"https:\/\/www.pandamech.com\/spanish\/wp-json\/wp\/v2\/media?parent=21341"}],"wp:term":[{"taxonomy":"product_brand","embeddable":true,"href":"https:\/\/www.pandamech.com\/spanish\/wp-json\/wp\/v2\/product_brand?post=21341"},{"taxonomy":"product_cat","embeddable":true,"href":"https:\/\/www.pandamech.com\/spanish\/wp-json\/wp\/v2\/product_cat?post=21341"},{"taxonomy":"product_tag","embeddable":true,"href":"https:\/\/www.pandamech.com\/spanish\/wp-json\/wp\/v2\/product_tag?post=21341"}],"curies":[{"name":"wp","href":"https:\/\/api.w.org\/{rel}","templated":true}]}}