{"id":21339,"date":"2022-05-11T19:02:23","date_gmt":"2022-05-11T11:02:23","guid":{"rendered":"http:\/\/pandamech.com\/?post_type=product&#038;p=21339"},"modified":"2026-01-05T15:01:43","modified_gmt":"2026-01-05T07:01:43","slug":"3-axle-vacuum-cement-trailer","status":"publish","type":"product","link":"https:\/\/www.pandamech.com\/spanish\/product\/3-axle-vacuum-cement-trailer\/","title":{"rendered":"Remolque de cemento de vac\u00edo de 3 ejes"},"content":{"rendered":"<h2>\u00bfQu\u00e9 es un autocargador?<\/h2>\n<p><strong>Sobre todo, el cemento entra r\u00e1pidamente en el remolque sin la ayuda de un descargador de cemento ni de ning\u00fan otro equipo. Le ofrecemos tolvas en V de vac\u00edo con sistema de autocarga, totalmente independientes de las instalaciones de la cementera.<\/strong><\/p>\n<p>Podemos modificar todos los detalles t\u00e9cnicos seg\u00fan las necesidades del cliente. Panda Trailer es una marca nacional e internacional certificada para este tipo de remolque, que puede producirse en diferentes capacidades. Nuestros productos se exportan a todo el mundo. Los camiones cisterna de cemento al vac\u00edo se venden en todo el mundo.<\/p>\n<h2>Caracter\u00edstica<\/h2>\n<ul>\n<li>1. El mejor acero en bruto: El cuerpo y la construcci\u00f3n del tanque hechos de acero de alta resistencia YP \u2265 620, garantizan una vida \u00fatil m\u00e1s larga y una tara m\u00e1s ligera.<\/li>\n<li>2. Excelente rendimiento, dise\u00f1o \u00fanico asegura la tasa de descarga, 1.3t\/min, 30m distancia de descarga vertical.<\/li>\n<li>3. 3. Soldadura de calidad:  Un buen acero con soldadura de calidad soporta una garant\u00eda m\u00e1s larga para los remolques de cemento al vac\u00edo.<\/li>\n<li>4. Pintura duradera: Todo el veh\u00edculo Shot blasting base limpia para la pintura, dos veces imprimaci\u00f3n apoyo m\u00e1s larga vida de la pintura.<\/li>\n<li>5. Dise\u00f1o: Dibujo en 3D con Ansys &amp; Hypermesh Analizar el soporte razonable Dise\u00f1o del remolque de cemento Vacuum bulker.<\/li>\n<\/ul>\n<p style=\"text-align: center;\"><a class=\"product_button\" href=\"#elementor-action%3Aaction%3Dpopup%3Aopen%26settings%3DeyJpZCI6Ijk5MDciLCJ0b2dnbGUiOmZhbHNlfQ%3D%3D\">Haga clic para m\u00e1s detalles<\/a><\/p>\n<h2>V\u00eddeo del remolque de cemento<\/h2>\n<p><iframe title=\"Reproductor de v\u00eddeo YouTube\" src=\"https:\/\/www.youtube.com\/embed\/6jNy8uXFBjc\" width=\"800\" height=\"533\" frameborder=\"0\" allowfullscreen=\"allowfullscreen\"><\/iframe><\/p>\n<h2>Aplicaci\u00f3n<\/h2>\n<p>La autocarga es una tecnolog\u00eda beneficiosa; el bulker autocargable puede aspirar cemento desde barcos, buques o cualquier lugar hasta el remolque.<\/p>\n<p>Remolque de cemento al vac\u00edo utilizado para el transporte de cemento, cal, arena, y tipos de di\u00e1metro \u2264 0,1 mm de materiales en polvo a granel.<\/p>\n<p>Buque autocargador para cemento con capacidad de 25 a 120 toneladas y volumen de 22 a 100 cbm.<\/p>\n<h2>Especificaciones del remolque autocargador para camiones hormigonera<\/h2>\n<table style=\"width: 800px;\" border=\"1\" cellspacing=\"1\" cellpadding=\"1\">\n<tbody>\n<tr>\n<td width=\"221\" height=\"37\">Marca<\/td>\n<td width=\"475\">Granelero autocargante Panda Mech<\/td>\n<\/tr>\n<tr>\n<td width=\"221\" height=\"37\">Dimensi\u00f3n<\/td>\n<td width=\"475\">12000x2500x3300-3800mm (optional)<\/td>\n<\/tr>\n<tr>\n<td width=\"221\" height=\"37\">Capacidad\/Volumen<\/td>\n<td width=\"475\">55 toneladas \/ 45 m\u00b3<\/td>\n<\/tr>\n<tr>\n<td width=\"221\" height=\"37\">Motor<\/td>\n<td width=\"475\">WeiCai Deutz diesel moto<\/td>\n<\/tr>\n<tr>\n<td width=\"221\" height=\"37\">Tapa de alcantarilla<\/td>\n<td width=\"475\">De 2 a 4 juegos de 500 mm de di\u00e1metro<\/td>\n<\/tr>\n<tr>\n<td width=\"221\" height=\"37\">V\u00e1lvula de descarga<\/td>\n<td width=\"475\">V\u00e1lvula de disco de 4<\/td>\n<\/tr>\n<tr>\n<td width=\"221\" height=\"37\">Material de la carrocer\u00eda\/chasis<\/td>\n<td width=\"475\">Acero de alta resistencia de 5 mm o 6 mm<\/td>\n<\/tr>\n<tr>\n<td width=\"221\" height=\"37\">Estructura<\/td>\n<td width=\"475\">Q345 acero de alta resistencia<\/td>\n<\/tr>\n<tr>\n<td width=\"221\" height=\"37\">Suspensi\u00f3n<\/td>\n<td width=\"475\">Suspensi\u00f3n mec\u00e1nica, suspensi\u00f3n neum\u00e1tica<\/td>\n<\/tr>\n<tr>\n<td width=\"221\" height=\"37\">Eje<\/td>\n<td width=\"475\">De 1 a 4 juegos, ejes de 13,16,20 toneladas<\/td>\n<\/tr>\n<tr>\n<td width=\"221\" height=\"37\">Neum\u00e1tico<\/td>\n<td width=\"475\">12R22.5, 385\/65R22.5, 13R22.5, 12.00R24, 315\/80R22.5<\/td>\n<\/tr>\n<tr>\n<td width=\"221\" height=\"95\"><\/td>\n<td width=\"475\">Barandilla neum\u00e1tica, Motor de marca famosa, Eje, Neum\u00e1tico, Alambres impermeables, Granallado, Sistema de descarga de graneleros de cemento, Tuber\u00eda semim\u00e9trica, V\u00e1lvula, V\u00e1lvula de escape, Airbag interior, Tren de aterrizaje, Dispositivo de rociado de agua, Protecci\u00f3n lateral y caja de herramientas, Tapa de alcantarilla, Soplador de aire neum\u00e1tico.<\/td>\n<\/tr>\n<\/tbody>\n<\/table>\n<p style=\"text-align: center;\"><a class=\"product_button\" href=\"#elementor-action%3Aaction%3Dpopup%3Aopen%26settings%3DeyJpZCI6Ijk5MDciLCJ0b2dnbGUiOmZhbHNlfQ%3D%3D\">Haga clic para m\u00e1s detalles<\/a><\/p>\n<h2>3 Axle vacuum cement bulker trailer images<\/h2>\n<p><img fetchpriority=\"high\" decoding=\"async\" class=\"size-full wp-image-22414\" title=\"Remolque de cemento de vac\u00edo de 3 ejes\" src=\"https:\/\/pandamech.com\/wp-content\/uploads\/2022\/08\/7-3-1.jpg\" alt=\"7-3-1\" width=\"800\" height=\"533\" \/><\/p>\n<p>venta de autocargadores de cemento<\/p>\n<p><img decoding=\"async\" class=\"size-full wp-image-22415\" title=\"Remolque de cemento de vac\u00edo de 3 ejes\" src=\"https:\/\/pandamech.com\/wp-content\/uploads\/2022\/08\/8-1-1.jpg\" alt=\"8-1-1\" width=\"800\" height=\"533\" \/><\/p>\n<p>venta de remolques autocargadores de cemento a granel<\/p>\n<p style=\"text-align: center;\"><a class=\"product_button\" href=\"#elementor-action%3Aaction%3Dpopup%3Aopen%26settings%3DeyJpZCI6Ijk5MDciLCJ0b2dnbGUiOmZhbHNlfQ%3D%3D\">Obtenga un presupuesto instant\u00e1neo<\/a><\/p>\n<h2>Transporte mar\u00edtimo<\/h2>\n<p>Pediremos el Freightliner antes de que se complete la producci\u00f3n y lo inspeccionaremos despu\u00e9s de la salida. El remolque inspeccionado se le enviar\u00e1 de acuerdo con el \u00faltimo plazo de env\u00edo.<\/p>\n<p>Para evitar que la pintura del remolque de transporte de cemento y arena se corroa por el agua de mar, rociaremos una capa de cera en la superficie del remolque cisterna de polvo antes del transporte.<\/p>\n<p>Envolveremos todos los motores di\u00e9sel de los remolques cisterna de cemento con tela impermeable.<\/p>\n<p><img decoding=\"async\" class=\"alignnone size-full wp-image-33094\" src=\"https:\/\/pandamech.com\/wp-content\/uploads\/2022\/10\/cement-trailer-transport-1.jpg\" alt=\"remolque cisterna para el transporte de cemento\" width=\"750\" height=\"400\" title=\"\"><\/p>\n<h2>Panda Mech<\/h2>\n<p>Panda Mech es un fabricante de remolques autocargadores de China. Suministramos remolques autocargadores para la venta. Los fabricantes de Panda Mech han tenido \u00e9xito en el sudeste asi\u00e1tico, Oriente Medio, \u00c1frica y Am\u00e9rica del Sur, como Filipinas, Tanzania, etc....<\/p>\n<p><a href=\"https:\/\/www.pandamech.com\/spanish\/contact-us\/\" target=\"_blank\" rel=\"noopener\"><img loading=\"lazy\" decoding=\"async\" title=\"Remolque de cemento de vac\u00edo de 3 ejes\" src=\"https:\/\/pandamech.com\/wp-content\/uploads\/2021\/08\/quotation.jpg\" alt=\"\" width=\"864\" height=\"213\"><\/a><\/p>","protected":false},"excerpt":{"rendered":"<p>Tipo: granelero autocargante<\/p>\n<p>Precio: $17.800-35.900<\/p>\n<p>Plazo de entrega: 7-25 d\u00edas<\/p>\n<p>Descarga m\u00e1s r\u00e1pida: &gt;1,5 toneladas\/min<\/p>\n<p>Aplicaci\u00f3n: transporte de cemento, arena y otros materiales granulares<\/p>","protected":false},"featured_media":58403,"template":"","meta":{"_acf_changed":false,"_kad_blocks_custom_css":"","_kad_blocks_head_custom_js":"","_kad_blocks_body_custom_js":"","_kad_blocks_footer_custom_js":"","_kad_post_transparent":"default","_kad_post_title":"","_kad_post_layout":"default","_kad_post_sidebar_id":"","_kad_post_content_style":"default","_kad_post_vertical_padding":"default","_kad_post_feature":"","_kad_post_feature_position":"","_kad_post_header":false,"_kad_post_footer":false,"_kad_post_classname":""},"product_brand":[],"product_cat":[101],"product_tag":[],"class_list":{"0":"post-21339","1":"product","2":"type-product","3":"status-publish","4":"has-post-thumbnail","6":"product_cat-cement-tanker","8":"first","9":"instock","10":"sold-individually","11":"shipping-taxable","12":"purchasable","13":"product-type-simple","14":"entry","15":"content-bg","16":"loop-entry"},"acf":[],"taxonomy_info":{"product_cat":[{"value":101,"label":"Cement Tanker For Sale"}]},"featured_image_src_large":["https:\/\/www.pandamech.com\/wp-content\/uploads\/2022\/10\/selfloading-cement-trailer-1-500x500.jpg",500,500,true],"author_info":[],"comment_info":"","_links":{"self":[{"href":"https:\/\/www.pandamech.com\/spanish\/wp-json\/wp\/v2\/product\/21339","targetHints":{"allow":["GET"]}}],"collection":[{"href":"https:\/\/www.pandamech.com\/spanish\/wp-json\/wp\/v2\/product"}],"about":[{"href":"https:\/\/www.pandamech.com\/spanish\/wp-json\/wp\/v2\/types\/product"}],"version-history":[{"count":1,"href":"https:\/\/www.pandamech.com\/spanish\/wp-json\/wp\/v2\/product\/21339\/revisions"}],"predecessor-version":[{"id":91419,"href":"https:\/\/www.pandamech.com\/spanish\/wp-json\/wp\/v2\/product\/21339\/revisions\/91419"}],"wp:featuredmedia":[{"embeddable":true,"href":"https:\/\/www.pandamech.com\/spanish\/wp-json\/wp\/v2\/media\/58403"}],"wp:attachment":[{"href":"https:\/\/www.pandamech.com\/spanish\/wp-json\/wp\/v2\/media?parent=21339"}],"wp:term":[{"taxonomy":"product_brand","embeddable":true,"href":"https:\/\/www.pandamech.com\/spanish\/wp-json\/wp\/v2\/product_brand?post=21339"},{"taxonomy":"product_cat","embeddable":true,"href":"https:\/\/www.pandamech.com\/spanish\/wp-json\/wp\/v2\/product_cat?post=21339"},{"taxonomy":"product_tag","embeddable":true,"href":"https:\/\/www.pandamech.com\/spanish\/wp-json\/wp\/v2\/product_tag?post=21339"}],"curies":[{"name":"wp","href":"https:\/\/api.w.org\/{rel}","templated":true}]}}