{"id":21338,"date":"2023-02-05T19:02:23","date_gmt":"2023-02-05T11:02:23","guid":{"rendered":"http:\/\/pandamech.com\/?post_type=product&#038;p=21338"},"modified":"2025-08-23T01:07:08","modified_gmt":"2025-08-22T17:07:08","slug":"a-double-fuel-tanker-trailer","status":"publish","type":"product","link":"https:\/\/www.pandamech.com\/spanish\/product\/a-double-fuel-tanker-trailer\/","title":{"rendered":"Un remolque cisterna doble para combustible"},"content":{"rendered":"<p>Un cami\u00f3n cisterna doble se utiliza principalmente para el transporte de aceite de palma, que es generalmente adecuado para el transporte de larga distancia. El remolque cisterna de aceite de palma con una capa de aislamiento puede garantizar que el aceite de palma no se solidifique.<\/p>\n<h2>25.000 litros por cisterna de combustible doble especificaci\u00f3n<\/h2>\n<table border=\"1\" width=\"700\" cellspacing=\"01\" cellpadding=\"1\">\n<tbody>\n<tr>\n<td width=\"300\" height=\"41\">\u00a0Marca<\/td>\n<td width=\"706\">\u00a0Panda Mech<\/td>\n<\/tr>\n<tr>\n<td height=\"41\">\u00a0Art\u00edculo<\/td>\n<td>\u00a0Un remolque cisterna doble<\/td>\n<\/tr>\n<tr>\n<td height=\"41\">\u00a0Una dimensi\u00f3n de doble cisterna<\/td>\n<td>\u00a09500*2500*3600mm<\/td>\n<\/tr>\n<tr>\n<td height=\"41\">\u00a0Una cisterna de doble capacidad<\/td>\n<td>\u00a025.000 litros<\/td>\n<\/tr>\n<tr>\n<td height=\"41\">\u00a0Compartimento<\/td>\n<td>\u00a02-10<\/td>\n<\/tr>\n<tr>\n<td height=\"41\">\u00a0Carga \u00fatil<\/td>\n<td>\u00a030-60 Kl<\/td>\n<\/tr>\n<tr>\n<td height=\"41\">\u00a0Peso<\/td>\n<td>\u00a05600KG<\/td>\n<\/tr>\n<tr>\n<td height=\"41\">\u00a0Material<\/td>\n<td>\u00a0Hierro Acero, Acero inoxidable<\/td>\n<\/tr>\n<tr>\n<td height=\"41\">\u00a0Chasis<\/td>\n<td>\u00a0Acero de alta resistencia<\/td>\n<\/tr>\n<tr>\n<td height=\"41\">\u00a0V\u00e1lvula<\/td>\n<td>\u00a0Civacon, EMCO, HELI, JLME, HENGE<\/td>\n<\/tr>\n<tr>\n<td height=\"41\">\u00a0Eje<\/td>\n<td>\u00a0BPW, FUWA, L1, HO'S, SAF, PDME<\/td>\n<\/tr>\n<tr>\n<td height=\"41\">\u00a0Suspensi\u00f3n<\/td>\n<td>\u00a0Suspensi\u00f3n neum\u00e1tica, Mec\u00e1nica, Bogie<\/td>\n<\/tr>\n<tr>\n<td height=\"41\">\u00a0Sistema de frenos<\/td>\n<td>\u00a0Sistema de frenos Dual Line, c\u00e1mara T30\/30, v\u00e1lvula de emergencia Wabco, ABS\/EBS opcional<\/td>\n<\/tr>\n<tr>\n<td height=\"41\">\u00a0Remolque cisterna de aceite de palma Piezas<\/td>\n<td>\u00a0Guardabarros, Escalera, 1 caja de herramientas est\u00e1ndar, 1 capa de imprimaci\u00f3n anticorrosiva, 2 capas de pintura final, Pintura de poliuretano, Tren de aterrizaje, Llanta de acero 9.0-22.5, Extintor, V\u00e1lvula de fondo neum\u00e1tica de 4 pulgadas, Tapa de registro de aleaci\u00f3n de aluminio de 500mm, Chapa de acero Q345\/6mm, conforme ADR (Seg\u00fan necesidades del cliente).<\/td>\n<\/tr>\n<\/tbody>\n<\/table>\n<h2>Im\u00e1genes de una cisterna doble<\/h2>\n<p><img decoding=\"async\" src=\"\/wp-content\/uploads\/u_file\/a1ee35cc6d.jpg\" alt=\"Un remolque cisterna doble\" title=\"\"><\/p>\n<p><img decoding=\"async\" src=\"\/wp-content\/uploads\/u_file\/cb77b21119.jpg\" alt=\"Un cami\u00f3n cisterna doble\" title=\"\"><\/p>\n<p><img decoding=\"async\" src=\"\/wp-content\/uploads\/u_file\/9232a42848.jpg\" alt=\"Un remolque doble\" title=\"\"><\/p>\n<h2>Una doble aplicaci\u00f3n:<\/h2>\n<p>El remolque cisterna de combustible se utiliza generalmente para transportar gasolina, queroseno, diesel, aceite vegetal, aceite comestible, aceite pesado, alquitr\u00e1n de hulla y productos no derivados del petr\u00f3leo como alcohol, aldeh\u00eddo, benceno, \u00e9ter y otras sustancias l\u00edquidas.<\/p>\n<p>El remolque cisterna de combustible tiene una capacidad de 30000-60000 litros, que se utiliza generalmente para el transporte de larga distancia, el transporte de sustancias l\u00edquidas a todo el mundo, a fin de realizar la distribuci\u00f3n razonable y el uso de los recursos.<\/p>\n<h2>Una doble funci\u00f3n:<\/h2>\n<p>1. Dibujo 3D e HyperMesh &amp; Ansys<\/p>\n<p>Aprovechar al m\u00e1ximo las propiedades f\u00edsicas, aumentar el rendimiento y reducir los costes de explotaci\u00f3n.<\/p>\n<p>2. Adaptador API est\u00e1ndar ADR<\/p>\n<p>Crucial para cualquier sistema de carga inferior API, coincide con acopladores de 3\u2033 o 4\u2033.<\/p>\n<p>3. Tomas API \u00d3pticas<\/p>\n<p>Sistema de carga inferior del soporte<\/p>\n<p>4. Est\u00e1ndar ADR Boca de hombre con ventilaci\u00f3n de vapor<\/p>\n<p>16\u2033 o 20\u2033, Material de aluminio para una mayor vida \u00fatil.<\/p>\n<p>5. M\u00e1s seguridad por 7ntro de gravedad m\u00e1s bajo Dise\u00f1o de cuello de cisne<\/p>\n<p>6. 12% Mayor volumen gracias al dise\u00f1o del ca\u00f1\u00f3n de secci\u00f3n semiel\u00edptica<\/p>\n<p>7. Larga vida \u00fatil gracias a la soldadura por arco autom\u00e1tica de cisternas<\/p>\n<h2>Transporte mar\u00edtimo<\/h2>\n<p>Para evitar que la pintura del remolque cisterna de combustible se corroa por el agua de mar, rociaremos una capa de cera en la superficie del remolque cisterna de combustible antes del transporte.<\/p>","protected":false},"excerpt":{"rendered":"<p>Tipo: un remolque cisterna doble para combustible<\/p>\n<p>Gama de precios: $16.900-32.500<\/p>\n<p>Plazo de entrega: 7-25 d\u00edas<\/p>\n<p>Material: acero al carbono<\/p>\n<p>Aplicaciones: transporte de gasolina, gasolina l\u00edquida<\/p>","protected":false},"featured_media":58791,"template":"","meta":{"_acf_changed":false,"_kad_blocks_custom_css":"","_kad_blocks_head_custom_js":"","_kad_blocks_body_custom_js":"","_kad_blocks_footer_custom_js":"","_kad_post_transparent":"default","_kad_post_title":"","_kad_post_layout":"default","_kad_post_sidebar_id":"","_kad_post_content_style":"default","_kad_post_vertical_padding":"default","_kad_post_feature":"","_kad_post_feature_position":"","_kad_post_header":false,"_kad_post_footer":false,"_kad_post_classname":""},"product_brand":[],"product_cat":[109],"product_tag":[],"class_list":{"0":"post-21338","1":"product","2":"type-product","3":"status-publish","4":"has-post-thumbnail","6":"product_cat-fuel-tanker","8":"first","9":"instock","10":"sold-individually","11":"shipping-taxable","12":"purchasable","13":"product-type-simple","14":"entry","15":"content-bg","16":"loop-entry"},"acf":[],"taxonomy_info":{"product_cat":[{"value":109,"label":"Fuel Tanker Trailer"}]},"featured_image_src_large":["https:\/\/www.pandamech.com\/wp-content\/uploads\/2023\/02\/3-2-500x500.jpg",500,500,true],"author_info":[],"comment_info":"","_links":{"self":[{"href":"https:\/\/www.pandamech.com\/spanish\/wp-json\/wp\/v2\/product\/21338","targetHints":{"allow":["GET"]}}],"collection":[{"href":"https:\/\/www.pandamech.com\/spanish\/wp-json\/wp\/v2\/product"}],"about":[{"href":"https:\/\/www.pandamech.com\/spanish\/wp-json\/wp\/v2\/types\/product"}],"version-history":[{"count":1,"href":"https:\/\/www.pandamech.com\/spanish\/wp-json\/wp\/v2\/product\/21338\/revisions"}],"predecessor-version":[{"id":91265,"href":"https:\/\/www.pandamech.com\/spanish\/wp-json\/wp\/v2\/product\/21338\/revisions\/91265"}],"wp:featuredmedia":[{"embeddable":true,"href":"https:\/\/www.pandamech.com\/spanish\/wp-json\/wp\/v2\/media\/58791"}],"wp:attachment":[{"href":"https:\/\/www.pandamech.com\/spanish\/wp-json\/wp\/v2\/media?parent=21338"}],"wp:term":[{"taxonomy":"product_brand","embeddable":true,"href":"https:\/\/www.pandamech.com\/spanish\/wp-json\/wp\/v2\/product_brand?post=21338"},{"taxonomy":"product_cat","embeddable":true,"href":"https:\/\/www.pandamech.com\/spanish\/wp-json\/wp\/v2\/product_cat?post=21338"},{"taxonomy":"product_tag","embeddable":true,"href":"https:\/\/www.pandamech.com\/spanish\/wp-json\/wp\/v2\/product_tag?post=21338"}],"curies":[{"name":"wp","href":"https:\/\/api.w.org\/{rel}","templated":true}]}}