{"id":21337,"date":"2022-05-12T19:02:23","date_gmt":"2022-05-12T11:02:23","guid":{"rendered":"http:\/\/pandamech.com\/?post_type=product&#038;p=21337"},"modified":"2026-01-05T15:02:54","modified_gmt":"2026-01-05T07:02:54","slug":"3-axles-transport-grain-semi-trailer-p00273p1-html","status":"publish","type":"product","link":"https:\/\/www.pandamech.com\/spanish\/product\/3-axles-transport-grain-semi-trailer-p00273p1-html\/","title":{"rendered":"Semi remolque de 3 ejes para transporte de granos"},"content":{"rendered":"<p>El remolque para granos es un remolque tirado por un semirremolque y utilizado para transportar productos a granel, como granos. Estos semirremolques para granos se utilizan ampliamente para transportar productos agr\u00edcolas, as\u00ed como cualquier otro producto que pueda transportarse a granel, cargarse y descargarse a trav\u00e9s del remolque.<\/p>\n<p>El fabricante Panda Mech ofrece a la venta semirremolques de 3 ejes para el transporte de granos. Podemos personalizarlos seg\u00fan sus necesidades.<\/p>\n<p>&nbsp;<\/p>\n<h2>Im\u00e1genes de semirremolques para granos<\/h2>\n<figure id=\"attachment_58552\" aria-describedby=\"caption-attachment-58552\" style=\"width: 800px\" class=\"wp-caption alignnone\"><img fetchpriority=\"high\" decoding=\"async\" class=\"size-full wp-image-58552\" title=\"Semi remolque de 3 ejes para transporte de granos\" src=\"https:\/\/pandamech.com\/wp-content\/uploads\/2022\/05\/2.jpg\" alt=\"Semi remolque de 3 ejes para transporte de granos\" width=\"800\" height=\"594\" srcset=\"https:\/\/www.pandamech.com\/wp-content\/uploads\/2022\/05\/2.jpg 800w, https:\/\/www.pandamech.com\/wp-content\/uploads\/2022\/05\/2-300x223.jpg 300w, https:\/\/www.pandamech.com\/wp-content\/uploads\/2022\/05\/2-500x371.jpg 500w, https:\/\/www.pandamech.com\/wp-content\/uploads\/2022\/05\/2-16x12.jpg 16w\" sizes=\"(max-width: 800px) 100vw, 800px\" \/><figcaption id=\"caption-attachment-58552\" class=\"wp-caption-text\">Semi remolque de 3 ejes para transporte de granos<\/figcaption><\/figure>\n<figure id=\"attachment_58553\" aria-describedby=\"caption-attachment-58553\" style=\"width: 800px\" class=\"wp-caption alignnone\"><img decoding=\"async\" class=\"size-full wp-image-58553\" title=\"Semi remolque de 3 ejes para transporte de granos\" src=\"https:\/\/pandamech.com\/wp-content\/uploads\/2022\/05\/8-1.jpg\" alt=\"Semi remolque de 3 ejes para transporte de granos\" width=\"800\" height=\"561\" srcset=\"https:\/\/www.pandamech.com\/wp-content\/uploads\/2022\/05\/8-1.jpg 800w, https:\/\/www.pandamech.com\/wp-content\/uploads\/2022\/05\/8-1-300x210.jpg 300w, https:\/\/www.pandamech.com\/wp-content\/uploads\/2022\/05\/8-1-500x351.jpg 500w, https:\/\/www.pandamech.com\/wp-content\/uploads\/2022\/05\/8-1-18x12.jpg 18w\" sizes=\"(max-width: 800px) 100vw, 800px\" \/><figcaption id=\"caption-attachment-58553\" class=\"wp-caption-text\">Remolques con caja para granos en venta<\/figcaption><\/figure>\n<figure id=\"attachment_58554\" aria-describedby=\"caption-attachment-58554\" style=\"width: 800px\" class=\"wp-caption alignnone\"><img decoding=\"async\" class=\"size-full wp-image-58554\" title=\"Semi remolque de 3 ejes para transporte de granos\" src=\"https:\/\/pandamech.com\/wp-content\/uploads\/2022\/05\/9.jpg\" alt=\"Semi remolque de 3 ejes para transporte de granos\" width=\"800\" height=\"561\" srcset=\"https:\/\/www.pandamech.com\/wp-content\/uploads\/2022\/05\/9.jpg 800w, https:\/\/www.pandamech.com\/wp-content\/uploads\/2022\/05\/9-300x210.jpg 300w, https:\/\/www.pandamech.com\/wp-content\/uploads\/2022\/05\/9-500x351.jpg 500w, https:\/\/www.pandamech.com\/wp-content\/uploads\/2022\/05\/9-18x12.jpg 18w\" sizes=\"(max-width: 800px) 100vw, 800px\" \/><figcaption id=\"caption-attachment-58554\" class=\"wp-caption-text\">Remolque para granos en venta<\/figcaption><\/figure>\n<h2>Especificaciones del semirremolque para granos:<\/h2>\n<table style=\"width: 800px;\" border=\"1\" cellspacing=\"1\" cellpadding=\"1\">\n<tbody>\n<tr>\n<td width=\"155\" height=\"36\">Fabricante<\/td>\n<td width=\"636\">\u00a0Semirremolque granero Panda Mech<\/td>\n<\/tr>\n<tr>\n<td width=\"155\" height=\"36\">\u00a0Carga \u00fatil<\/td>\n<td width=\"636\">\u00a040.000 kg<\/td>\n<\/tr>\n<tr>\n<td width=\"155\" height=\"36\">\u00a0Peso de tara<\/td>\n<td width=\"636\">\u00a073,00kg<\/td>\n<\/tr>\n<tr>\n<td width=\"155\" height=\"36\">\u00a0Dimensi\u00f3n<\/td>\n<td width=\"636\">\u00a013000x2500x1550mm+(con valla desmontable 2200mm)<\/td>\n<\/tr>\n<tr>\n<td width=\"155\" height=\"36\">\u00a0Haz principal<\/td>\n<td width=\"636\">\u00a0Altura de la viga 500mm, placa superior-14mm, placa inferior doble 8mm, placa intermedia-16mm, de acero Q345<\/td>\n<\/tr>\n<tr>\n<td width=\"155\" height=\"36\">\u00a0Viga transversal\/lateral<\/td>\n<td width=\"636\">\u00a0Q235, canal de acero<\/td>\n<\/tr>\n<tr>\n<td width=\"155\" height=\"36\">\u00a0Pintura<\/td>\n<td width=\"636\">\u00a0Chasis completo con chorro de arena para limpiar el \u00f3xido, capa de imprimaci\u00f3n anticorrosiva, 2 capas de pintura final.<\/td>\n<\/tr>\n<tr>\n<td width=\"155\" height=\"36\">\u00a0Soldadura<\/td>\n<td width=\"636\">\u00a0Las vigas largas se sueldan con arco de CO2 mediante penetraci\u00f3n 80% en el lado exterior y el cord\u00f3n.<\/td>\n<\/tr>\n<tr>\n<td width=\"155\" height=\"36\">\u00a0Eje<\/td>\n<td width=\"636\">\u00a0Eje FUWA de 3x13 toneladas<\/td>\n<\/tr>\n<tr>\n<td width=\"155\" height=\"36\">\u00a0Suspensi\u00f3n<\/td>\n<td width=\"636\">\u00a0Suspensi\u00f3n mec\u00e1nica<\/td>\n<\/tr>\n<tr>\n<td width=\"155\" height=\"36\">\u00a0Neum\u00e1tico<\/td>\n<td width=\"636\">\u00a012R22.5 ,13pcs,Neum\u00e1tico triangular<\/td>\n<\/tr>\n<tr>\n<td width=\"155\" height=\"36\">\u00a0Llanta<\/td>\n<td width=\"636\">\u00a09.0-22.5<\/td>\n<\/tr>\n<tr>\n<td width=\"155\" height=\"36\">\u00a0Kingpin<\/td>\n<td width=\"636\">\u00a0JOST King Pin tipo atornillado 50mm<\/td>\n<\/tr>\n<tr>\n<td width=\"155\" height=\"36\">\u00a0Tren de aterrizaje<\/td>\n<td width=\"636\">\u00a0Doble velocidad, 28 toneladas externas,<\/td>\n<\/tr>\n<tr>\n<td width=\"155\" height=\"36\">\u00a0Sistema de frenos<\/td>\n<td width=\"636\">\u00a0V\u00e1lvula WABCO Sistema de frenado de doble l\u00ednea<\/td>\n<\/tr>\n<tr>\n<td width=\"155\" height=\"36\">\u00a0Sistema el\u00e9ctrico<\/td>\n<td width=\"636\">\u00a01 voltaje 24v 2 recept\u00e1culo: 7ways(7wire arn\u00e9s), luz trasera con intermitente, luz de freno y reflectores, luz lateral, etc. Un conjunto de 6 n\u00facleos de cable est\u00e1ndar.<\/td>\n<\/tr>\n<\/tbody>\n<\/table>\n<p>&nbsp;<\/p>\n<h2>Caracter\u00edsticas:<\/h2>\n<p>1) Transporta principalmente granos y carga a granel.<\/p>\n<p>2) Incorpora un nuevo sistema de suspensi\u00f3n que proporciona una gran resistencia y una alta capacidad de impacto. Cada eje tiene una carga equilibrada.<\/p>\n<p>3) El \u00e1ngulo del tirante del sistema est\u00e1 dise\u00f1ado de manera razonable, lo que reduce la fricci\u00f3n y la distancia de deslizamiento entre los neum\u00e1ticos y el suelo durante el proceso de conducci\u00f3n frecuente.<\/p>\n<p>4) El subchasis de aluminio con soportes de acero galvanizado proporciona resistencia a la corrosi\u00f3n.<\/p>\n<p>5) La t\u00e9cnica es exquisita, la parte principal est\u00e1 formada por un dispositivo avanzado.<\/p>\n<p>6) Procesamiento externo de chorro de arena del tanque, tratamiento anticorrosivo interno, superficie externa con pintura de poliuretano avanzada, apariencia atractiva.<\/p>\n<p>7) Precio competitivo, rentable.<\/p>\n<p>8) El suministro r\u00e1pido y eficiente de piezas de repuesto le brinda mayor comodidad.<\/p>\n<p>9) Plazo de entrega r\u00e1pido, podemos organizar la producci\u00f3n de acuerdo con sus necesidades de forma precisa y r\u00e1pida.<\/p>\n<p>10) Procedimiento profesional de importaci\u00f3n y exportaci\u00f3n, que aumenta la eficiencia del despacho de aduanas.<\/p>\n<p>&nbsp;<\/p>\n<h2>Remolque para granos en venta<\/h2>\n<p>Somos un fabricante de remolques para granos de China. Suministramos remolques para granos a la venta. Podemos personalizarlos seg\u00fan sus necesidades. El precio del remolque para granos depende de las especificaciones.<\/p>\n<p>El equipo de ingenieros de PANDA estar\u00e1 listo para proporcionarle un conjunto de soluciones bien integradas que satisfagan sus necesidades de transporte y tambi\u00e9n sus normativas locales. El equipo de ingenier\u00eda de PANDA puede comunicarse con usted en l\u00ednea para comprender plenamente sus necesidades, las soluciones incluyen el dise\u00f1o del producto, el material del producto, los dibujos del producto, los v\u00eddeos del producto.<\/p>\n<p>Los fabricantes de Panda Mech han tenido \u00e9xito en el Sudeste Asi\u00e1tico, Oriente Medio, \u00c1frica y Sudam\u00e9rica, como Filipinas, Tanzania, etc.\u00a0\u00a0<u><a href=\"https:\/\/www.pandamech.com\/spanish\/about\/\" rel=\"nofollow noopener\" name=\"662ae8fb-4e4e-4cc5-876a-6bfaecae5a2d\" target=\"_blank\">M\u00e1s sobre el panda<\/a><\/u><\/p>\n<p><a href=\"\/spanish\/contact-us\/\" rel=\"nofollow\"><img decoding=\"async\" src=\"https:\/\/pandamech.com\/wp-content\/uploads\/u_file\/db8ce19fe3.jpg\" alt=\"\u00bfRemolque para granos? En venta\" title=\"\"><\/a><\/p>","protected":false},"excerpt":{"rendered":"<p>PANDA MECH es un fabricante chino de remolques para granos. Ofrecemos remolques contenedores para granos a la venta. Tambi\u00e9n podemos personalizarlos seg\u00fan sus necesidades.<\/p>\n<p>Capacidad de suministro: 200 unidades\/juegos al mes.<\/p>","protected":false},"featured_media":57785,"template":"","meta":{"_acf_changed":false,"_kad_blocks_custom_css":"","_kad_blocks_head_custom_js":"","_kad_blocks_body_custom_js":"","_kad_blocks_footer_custom_js":"","_kad_post_transparent":"default","_kad_post_title":"","_kad_post_layout":"default","_kad_post_sidebar_id":"","_kad_post_content_style":"default","_kad_post_vertical_padding":"default","_kad_post_feature":"","_kad_post_feature_position":"","_kad_post_header":false,"_kad_post_footer":false,"_kad_post_classname":""},"product_brand":[],"product_cat":[71],"product_tag":[],"class_list":{"0":"post-21337","1":"product","2":"type-product","3":"status-publish","4":"has-post-thumbnail","6":"product_cat-cargo-trailer","8":"first","9":"instock","10":"sold-individually","11":"shipping-taxable","12":"purchasable","13":"product-type-simple","14":"entry","15":"content-bg","16":"loop-entry"},"acf":[],"taxonomy_info":{"product_cat":[{"value":71,"label":"Bulk Cargo Trailer"}]},"featured_image_src_large":["https:\/\/www.pandamech.com\/wp-content\/uploads\/2022\/08\/2-89-500x500.jpg",500,500,true],"author_info":[],"comment_info":"","_links":{"self":[{"href":"https:\/\/www.pandamech.com\/spanish\/wp-json\/wp\/v2\/product\/21337","targetHints":{"allow":["GET"]}}],"collection":[{"href":"https:\/\/www.pandamech.com\/spanish\/wp-json\/wp\/v2\/product"}],"about":[{"href":"https:\/\/www.pandamech.com\/spanish\/wp-json\/wp\/v2\/types\/product"}],"version-history":[{"count":1,"href":"https:\/\/www.pandamech.com\/spanish\/wp-json\/wp\/v2\/product\/21337\/revisions"}],"predecessor-version":[{"id":91418,"href":"https:\/\/www.pandamech.com\/spanish\/wp-json\/wp\/v2\/product\/21337\/revisions\/91418"}],"wp:featuredmedia":[{"embeddable":true,"href":"https:\/\/www.pandamech.com\/spanish\/wp-json\/wp\/v2\/media\/57785"}],"wp:attachment":[{"href":"https:\/\/www.pandamech.com\/spanish\/wp-json\/wp\/v2\/media?parent=21337"}],"wp:term":[{"taxonomy":"product_brand","embeddable":true,"href":"https:\/\/www.pandamech.com\/spanish\/wp-json\/wp\/v2\/product_brand?post=21337"},{"taxonomy":"product_cat","embeddable":true,"href":"https:\/\/www.pandamech.com\/spanish\/wp-json\/wp\/v2\/product_cat?post=21337"},{"taxonomy":"product_tag","embeddable":true,"href":"https:\/\/www.pandamech.com\/spanish\/wp-json\/wp\/v2\/product_tag?post=21337"}],"curies":[{"name":"wp","href":"https:\/\/api.w.org\/{rel}","templated":true}]}}