{"id":21335,"date":"2025-09-01T19:02:23","date_gmt":"2025-09-01T11:02:23","guid":{"rendered":"http:\/\/pandamech.com\/?post_type=product&#038;p=21335"},"modified":"2025-09-06T15:19:45","modified_gmt":"2025-09-06T07:19:45","slug":"side-tippers-for-sale-manufacturer-p00250p1-html","status":"publish","type":"product","link":"https:\/\/www.pandamech.com\/spanish\/product\/side-tippers-for-sale-manufacturer-p00250p1-html\/","title":{"rendered":"6 ejes 80 toneladas lateral remolque volquete para la venta"},"content":{"rendered":"<p>Remolque basculante lateral de 80 toneladas, tambi\u00e9n conocido como remolque basculante lateral de 80 toneladas, la estructura incluye chasis, caja y sistema de elevaci\u00f3n. Trabajo por PTO suministra aceite al cilindro, levantando la caja al \u00e1ngulo deseado, carga se desliza hacia fuera, mejorar la eficiencia de descarga.<\/p>\n<p>Ampliamente utilizado en plantas de arenisca, obra y mina, transporte de arena, grava, movimiento de tierras y miner\u00eda.<\/p>\n<h2>80 ton side tipper trailer images<\/h2>\n<p><img fetchpriority=\"high\" decoding=\"async\" class=\"alignnone wp-image-40531 size-full\" src=\"https:\/\/pandamech.com\/wp-content\/uploads\/2022\/05\/8.jpg\" alt=\"6 ejes 80 toneladas remolque volquete lateral para la venta\" width=\"800\" height=\"533\" title=\"\"><\/p>\n<p>Semirremolques basculantes laterales de 6 ejes y 80 toneladas en China<\/p>\n<p><img decoding=\"async\" class=\"alignnone\" src=\"https:\/\/pandamech.com\/wp-content\/uploads\/u_file\/c273fffa17.jpg\" alt=\"Venta de semirremolque basculante lateral de 6 ejes\" width=\"800\" height=\"533\" title=\"\"><\/p>\n<p>6 ejes 80 toneladas <a href=\"https:\/\/www.pandamech.com\/spanish\/category\/tipper-trailer\/side-tipper\/\">remolques basculantes laterales<\/a> f\u00e1brica<\/p>\n<h2>Especificaciones del remolque basculante lateral de 80 toneladas<\/h2>\n<table style=\"width: 800px;\" border=\"1\" cellspacing=\"1\" cellpadding=\"1\">\n<tbody>\n<tr>\n<td valign=\"top\" width=\"284\">Marca<\/td>\n<td valign=\"top\" width=\"411\">Panda Mech<\/td>\n<\/tr>\n<tr>\n<td valign=\"top\" width=\"284\">Dimensi\u00f3n<\/td>\n<td valign=\"top\" width=\"411\">9.300\u00d72.500\u00d73.230 mm<\/td>\n<\/tr>\n<tr>\n<td valign=\"top\" width=\"284\">Cuerpo interior<\/td>\n<td valign=\"top\" width=\"411\">8.500\u00d72.300\u00d71.500 mm<\/td>\n<\/tr>\n<tr>\n<td valign=\"top\" width=\"284\">Volumen<\/td>\n<td valign=\"top\" width=\"411\">80 toneladas<\/td>\n<\/tr>\n<tr>\n<td valign=\"top\" width=\"284\">Suelo<\/td>\n<td valign=\"top\" width=\"411\">6-8 mm<\/td>\n<\/tr>\n<tr>\n<td valign=\"top\" width=\"284\">Pared lateral<\/td>\n<td valign=\"top\" width=\"411\">3-5 mm<\/td>\n<\/tr>\n<tr>\n<td valign=\"top\" width=\"284\">Viga<\/td>\n<td valign=\"top\" width=\"411\">Domex 600 o igual secci\u00f3n en \u201cI\u201d de acero de doble alma<\/td>\n<\/tr>\n<tr>\n<td valign=\"top\" width=\"284\">Cilindro<\/td>\n<td valign=\"top\" width=\"411\">6 juego cilindro inferior<\/td>\n<\/tr>\n<tr>\n<td valign=\"top\" width=\"284\">Eje<\/td>\n<td valign=\"top\" width=\"411\">6 ejes<\/td>\n<\/tr>\n<tr>\n<td valign=\"top\" width=\"284\">Neum\u00e1tico<\/td>\n<td valign=\"top\" width=\"411\">12.00R20 \/ 13R22.5 o personalizado<\/td>\n<\/tr>\n<tr>\n<td valign=\"top\" width=\"284\">Suspensi\u00f3n<\/td>\n<td valign=\"top\" width=\"411\">Mec\u00e1nica \/ Aire \/ Bogie opcional<\/td>\n<\/tr>\n<tr>\n<td valign=\"top\" width=\"284\">Pierna<\/td>\n<td valign=\"top\" width=\"411\">Tipo intercambiable JOST<\/td>\n<\/tr>\n<tr>\n<td valign=\"top\" width=\"284\">Freno<\/td>\n<td valign=\"top\" width=\"411\">Sistema de freno neum\u00e1tico doble, c\u00e1mara y v\u00e1lvula WABCO<\/td>\n<\/tr>\n<tr>\n<td valign=\"top\" width=\"284\">Sistema el\u00e9ctrico<\/td>\n<td>12v\/24v, cable de 7 l\u00edneas, luz Led<\/td>\n<\/tr>\n<tr>\n<td valign=\"top\" width=\"284\"><a href=\"\/spanish\/contact-us\/\"><u>Consulta<\/u><\/a><\/td>\n<td><a href=\"\/spanish\/contact-us\/\"><u>Obtener presupuesto gratuito<\/u><\/a><\/td>\n<\/tr>\n<\/tbody>\n<\/table>\n<p>&nbsp;<\/p>\n<h2>Ventaja del remolque basculante lateral de 80 toneladas<\/h2>\n<h3 data-start=\"380\" data-end=\"402\">\ud83d\udccf Caja de secci\u00f3n en U<\/h3>\n<p data-start=\"403\" data-end=\"620\">En <strong data-start=\"407\" data-end=\"431\">Dise\u00f1o del cuerpo en forma de U<\/strong> proporciona una <strong data-start=\"443\" data-end=\"505\">mayor secci\u00f3n transversal con un centro de gravedad m\u00e1s bajo<\/strong>. Esto permite <strong data-start=\"533\" data-end=\"556\">transportar m\u00e1s material<\/strong>, descargar m\u00e1s r\u00e1pido y operar <strong data-start=\"585\" data-end=\"615\">de forma m\u00e1s segura y eficaz<\/strong> \u2705.<\/p>\n<h3 data-start=\"622\" data-end=\"639\">\ud83c\udfd7\ufe0f Chasis<\/h3>\n<p data-start=\"640\" data-end=\"785\">A <strong data-start=\"642\" data-end=\"676\">estructura de la viga maestra de doble alma<\/strong> refuerza el chasis, proporcionando <strong data-start=\"712\" data-end=\"747\">mayor resistencia y durabilidad<\/strong> en m\u00faltiples condiciones de la carretera \ud83c\udf0d.<\/p>\n<h3 data-start=\"787\" data-end=\"805\">\ud83d\udee0\ufe0f Cilindro<\/h3>\n<p data-start=\"806\" data-end=\"1040\">Equipado con <strong data-start=\"820\" data-end=\"858\">Cilindros HYVA FC o FE (opcional)<\/strong>, ofreciendo <strong data-start=\"869\" data-end=\"898\">mayor presi\u00f3n de funcionamiento<\/strong>. Esto permite hasta un <strong data-start=\"920\" data-end=\"938\">\u00c1ngulo de inclinaci\u00f3n de 45<\/strong>, El resultado es <strong data-start=\"953\" data-end=\"973\">descarga m\u00e1s r\u00e1pida<\/strong>, tiempos de entrega reducidos e intervalos de mantenimiento ampliados \ud83d\udd0b.<\/p>\n<h3 data-start=\"1042\" data-end=\"1059\">\ud83d\udd29 Par\u00e9ntesis<\/h3>\n<p data-start=\"1060\" data-end=\"1217\">Los soportes de elevaci\u00f3n y chasis redise\u00f1ados mejoran la distribuci\u00f3n de la tensi\u00f3n y aumentan la resistencia a la fatiga, lo que garantiza un rendimiento fiable a largo plazo \ud83d\udd27.<\/p>\n<h3 data-start=\"1219\" data-end=\"1244\">\ud83d\udee1\ufe0f V\u00e1lvula Knock-off<\/h3>\n<p data-start=\"1245\" data-end=\"1369\">Un robusto y preciso sistema de desconexi\u00f3n protege el cilindro y garantiza que la caja se detenga con seguridad en el \u00e1ngulo dise\u00f1ado \u26a0\ufe0f.<\/p>\n<p>&nbsp;<\/p>\n<h2>Venta de remolque volquete lateral de 80 toneladas<\/h2>\n<p>Panda Mech es un fabricante de semirremolques basculantes laterales de 6 ejes y 80 toneladas de China. Suministramos semirremolques basculantes laterales de 6 ejes y 80 toneladas para la venta. Los fabricantes de Panda Mech han tenido \u00e9xito en el sudeste asi\u00e1tico, Oriente Medio, \u00c1frica y Am\u00e9rica del Sur, como Filipinas, Tanzania, Nigeria, etc ...<\/p>\n<p><a href=\"\/spanish\/contact-us\/\" rel=\"nofollow\"><img decoding=\"async\" class=\"alignnone\" src=\"https:\/\/pandamech.com\/wp-content\/uploads\/u_file\/db8ce19fe3.jpg\" alt=\"6 ejes 80 toneladas remolque basculante lateral cotizaci\u00f3n\" width=\"864\" height=\"213\" title=\"\"><\/a><\/p>\n<p>Referencia: <a href=\"https:\/\/en.wikipedia.org\/wiki\/Dump_truck\" target=\"_blank\" rel=\"nofollow noopener\">https:\/\/en.wikipedia.org\/wiki\/Dump_truck<\/a><\/p>\n<p><!--\u04bb?\u043d, ?--><\/p>","protected":false},"excerpt":{"rendered":"<p><strong>Modelo<\/strong>: 6 ejes 80 toneladas<\/p>\n<p><strong>Precios<\/strong>: USD 17.000-25.000<\/p>\n<p><strong>Fecha de entrega<\/strong>7-25 d\u00edas<\/p>\n<p><strong>Aplicaci\u00f3n<\/strong>Transporte Carb\u00f3n, mineral, materiales de construcci\u00f3n<\/p>\n<p><strong>Sistema hidr\u00e1ulico<\/strong>: Marca HYVA Holland<\/p>\n<p><strong>Caja<\/strong>: Hardox450 e iguales<\/p>","protected":false},"featured_media":57749,"template":"","meta":{"_acf_changed":false,"_kad_blocks_custom_css":"","_kad_blocks_head_custom_js":"","_kad_blocks_body_custom_js":"","_kad_blocks_footer_custom_js":"","_kad_post_transparent":"default","_kad_post_title":"","_kad_post_layout":"default","_kad_post_sidebar_id":"","_kad_post_content_style":"default","_kad_post_vertical_padding":"default","_kad_post_feature":"","_kad_post_feature_position":"","_kad_post_header":false,"_kad_post_footer":false,"_kad_post_classname":""},"product_brand":[],"product_cat":[113],"product_tag":[],"class_list":{"0":"post-21335","1":"product","2":"type-product","3":"status-publish","4":"has-post-thumbnail","6":"product_cat-side-tipper","8":"first","9":"instock","10":"sold-individually","11":"shipping-taxable","12":"purchasable","13":"product-type-simple","14":"entry","15":"content-bg","16":"loop-entry"},"acf":[],"taxonomy_info":{"product_cat":[{"value":113,"label":"Side Tipper"}]},"featured_image_src_large":["https:\/\/www.pandamech.com\/wp-content\/uploads\/2022\/08\/2-29-500x500.jpg",500,500,true],"author_info":[],"comment_info":"","_links":{"self":[{"href":"https:\/\/www.pandamech.com\/spanish\/wp-json\/wp\/v2\/product\/21335","targetHints":{"allow":["GET"]}}],"collection":[{"href":"https:\/\/www.pandamech.com\/spanish\/wp-json\/wp\/v2\/product"}],"about":[{"href":"https:\/\/www.pandamech.com\/spanish\/wp-json\/wp\/v2\/types\/product"}],"version-history":[{"count":3,"href":"https:\/\/www.pandamech.com\/spanish\/wp-json\/wp\/v2\/product\/21335\/revisions"}],"predecessor-version":[{"id":91571,"href":"https:\/\/www.pandamech.com\/spanish\/wp-json\/wp\/v2\/product\/21335\/revisions\/91571"}],"wp:featuredmedia":[{"embeddable":true,"href":"https:\/\/www.pandamech.com\/spanish\/wp-json\/wp\/v2\/media\/57749"}],"wp:attachment":[{"href":"https:\/\/www.pandamech.com\/spanish\/wp-json\/wp\/v2\/media?parent=21335"}],"wp:term":[{"taxonomy":"product_brand","embeddable":true,"href":"https:\/\/www.pandamech.com\/spanish\/wp-json\/wp\/v2\/product_brand?post=21335"},{"taxonomy":"product_cat","embeddable":true,"href":"https:\/\/www.pandamech.com\/spanish\/wp-json\/wp\/v2\/product_cat?post=21335"},{"taxonomy":"product_tag","embeddable":true,"href":"https:\/\/www.pandamech.com\/spanish\/wp-json\/wp\/v2\/product_tag?post=21335"}],"curies":[{"name":"wp","href":"https:\/\/api.w.org\/{rel}","templated":true}]}}