{"id":21331,"date":"2025-08-28T15:02:22","date_gmt":"2025-08-28T07:02:22","guid":{"rendered":"http:\/\/pandamech.com\/?post_type=product&#038;p=21331"},"modified":"2025-08-29T11:14:13","modified_gmt":"2025-08-29T03:14:13","slug":"a-double-tipper-trailer-p00251p1-html","status":"publish","type":"product","link":"https:\/\/www.pandamech.com\/spanish\/product\/a-double-tipper-trailer-p00251p1-html\/","title":{"rendered":"40 Ton barra de tracci\u00f3n remolque volquete para la venta"},"content":{"rendered":"<p>El remolque volquete con barra de tracci\u00f3n es adecuado para el transporte a granel de mercanc\u00edas como carb\u00f3n, mineral y materiales de construcci\u00f3n.<\/p>\n<p>Los remolques volquete con barra de tracci\u00f3n pueden dividirse en dos categor\u00edas seg\u00fan su uso: Uno es de servicio pesado y super pesado para el transporte fuera de carretera. Se utilizan principalmente para tareas de transporte de miner\u00eda e ingenier\u00eda a gran escala y suelen utilizarse junto con excavadoras.<\/p>\n<p>La otra es ligera y de tama\u00f1o medio para el transporte por carretera, transportando mercanc\u00edas sueltas como arena, tierra, carb\u00f3n, etc. Suele utilizarse con pala cargadora.<\/p>\n<p style=\"text-align: center;\"><a class=\"product_button\" href=\"#elementor-action%3Aaction%3Dpopup%3Aopen%26settings%3DeyJpZCI6Ijk5MDciLCJ0b2dnbGUiOmZhbHNlfQ%3D%3D\">Haga clic para m\u00e1s detalles<\/a><\/p>\n<h2>4 ejes 40 toneladas remolque volquete con barra de tracci\u00f3n ventaja<\/h2>\n<p data-start=\"154\" data-end=\"401\"><strong data-start=\"154\" data-end=\"166\">Material<\/strong><br data-start=\"166\" data-end=\"169\" \/>Para la caja utilizamos Hardox 450 o un acero igualmente resistente al desgaste, combinado con una viga de alta tensi\u00f3n T700. Esto significa que el remolque es unas 2 toneladas m\u00e1s ligero que los est\u00e1ndar, funciona durante m\u00e1s tiempo e incluso ahorra combustible a largo plazo.<\/p>\n<p data-start=\"403\" data-end=\"635\"><strong data-start=\"403\" data-end=\"420\">Caja de secci\u00f3n en U<\/strong><br data-start=\"420\" data-end=\"423\" \/>La caja en forma de U no es s\u00f3lo est\u00e9tica: ofrece un mayor espacio de carga y mantiene el centro de gravedad m\u00e1s bajo. En pocas palabras: puede cargar m\u00e1s, descargar m\u00e1s r\u00e1pido y hacerlo todo con mayor seguridad y eficiencia.<\/p>\n<p data-start=\"637\" data-end=\"784\"><strong data-start=\"637\" data-end=\"648\">Chasis<\/strong><br data-start=\"648\" data-end=\"651\" \/>Construido con una viga principal de doble alma, el chasis es lo suficientemente s\u00f3lido como para soportar las duras y variadas condiciones de la carretera sin sudar.<\/p>\n<p data-start=\"786\" data-end=\"970\"><strong data-start=\"786\" data-end=\"798\">Cilindro<\/strong><br data-start=\"798\" data-end=\"801\" \/>Puede elegir entre cilindros hidr\u00e1ulicos FC o FE. Ambos ofrecen alta presi\u00f3n, admiten una inclinaci\u00f3n de hasta 45\u00b0 y aceleran la descarga. Menos tiempo de espera, m\u00e1s tiempo de trabajo.<\/p>\n<p data-start=\"972\" data-end=\"1116\"><strong data-start=\"972\" data-end=\"984\">Soportes<\/strong><br data-start=\"984\" data-end=\"987\" \/>Hemos reforzado el dise\u00f1o del soporte para que resista mejor la tensi\u00f3n y la fatiga, lo que significa menos tiempo de inactividad y una vida \u00fatil m\u00e1s larga.<\/p>\n<p data-start=\"1118\" data-end=\"1250\"><strong data-start=\"1118\" data-end=\"1138\">Sistema Knock-Off<\/strong><br data-start=\"1138\" data-end=\"1141\" \/>El sistema de desconexi\u00f3n es resistente y preciso, lo que garantiza que la caja funcione siempre en un \u00e1ngulo seguro durante el vuelco.<\/p>\n<p data-start=\"1252\" data-end=\"1396\"><strong data-start=\"1252\" data-end=\"1266\">Eje de inclinaci\u00f3n<\/strong><br data-start=\"1266\" data-end=\"1269\" \/>Este eje de alta resistencia mantiene todo estable mientras se inclina. Est\u00e1 dise\u00f1ado para ofrecer durabilidad y seguridad, incluso con cargas pesadas.<\/p>\n<p data-start=\"1398\" data-end=\"1548\"><strong data-start=\"1398\" data-end=\"1418\">Sistema de fijaci\u00f3n<\/strong><br data-start=\"1418\" data-end=\"1421\" \/>La puerta trasera incorpora un sistema de cierre autom\u00e1tico. Es ajustable, fiable y f\u00e1cil de mantener o sustituir cuando sea necesario.<\/p>\n<p data-start=\"1550\" data-end=\"1713\"><strong data-start=\"1550\" data-end=\"1577\">Bastidor de soporte auxiliar<\/strong><br data-start=\"1577\" data-end=\"1580\" \/>Hemos a\u00f1adido un bastidor auxiliar que une la caja y el chasis, evitando problemas de inclinaci\u00f3n y haciendo que toda la operaci\u00f3n sea m\u00e1s segura.<\/p>\n<p style=\"text-align: center;\"><a class=\"product_button\" href=\"#elementor-action%3Aaction%3Dpopup%3Aopen%26settings%3DeyJpZCI6Ijk5MDciLCJ0b2dnbGUiOmZhbHNlfQ%3D%3D\">Haga clic para m\u00e1s detalles<\/a><\/p>\n<h2>4 ejes 40 toneladas remolque basculante barra de tracci\u00f3n especificaci\u00f3n<\/h2>\n<table style=\"width: 800px;\" border=\"1\" cellspacing=\"1\" cellpadding=\"1\">\n<tbody>\n<tr>\n<td width=\"214\" height=\"29\">Art\u00edculo<\/td>\n<td width=\"489\">40 Ton un remolque volquete de doble contenedor<\/td>\n<\/tr>\n<tr>\n<td>Una carga de remolque volquete doble<\/td>\n<td>Personalice<\/td>\n<\/tr>\n<tr>\n<td>Dimensiones de un remolque volquete doble<\/td>\n<td>Opcional<\/td>\n<\/tr>\n<tr>\n<td>Utilice<\/td>\n<td>Arena, piedra, mineral<\/td>\n<\/tr>\n<tr>\n<td>Eje<\/td>\n<td>6 ejes<\/td>\n<\/tr>\n<tr>\n<td>Neum\u00e1tico<\/td>\n<td>12R 22.5, 315\/80 R22.5<\/td>\n<\/tr>\n<tr>\n<td>Alfiler de rey<\/td>\n<td>Tipo desmontable JOST 2\u2033 o 3,5<\/td>\n<\/tr>\n<tr>\n<td>Suspensi\u00f3n<\/td>\n<td>Suspensi\u00f3n mec\u00e1nica o neum\u00e1tica<\/td>\n<\/tr>\n<tr>\n<td>Sistema de frenos<\/td>\n<td>ABS o EBS (opcional)<\/td>\n<\/tr>\n<tr>\n<td>Material<\/td>\n<td>Acero<\/td>\n<\/tr>\n<tr>\n<td>Tren de aterrizaje<\/td>\n<td>JOST 28T<\/td>\n<\/tr>\n<tr>\n<td>Cilindro<\/td>\n<td>175, 191, 202, 214 \/ 4TG, 5TG<\/td>\n<\/tr>\n<tr>\n<td>C\u00e1maras de freno<\/td>\n<td>T30\/30<\/td>\n<\/tr>\n<tr>\n<td>Piezas de un remolque volquete doble<\/td>\n<td>Sistema el\u00e9ctrico, sistema de frenos, eje, neum\u00e1tico, suspensi\u00f3n, pestillo, kit, mandos hidr\u00e1ulicos del volquete lateral, esquema hidr\u00e1ulico del volquete lateral<\/td>\n<\/tr>\n<tr>\n<td><u><a href=\"\/spanish\/contact-us\/\">Consulta<\/a><\/u><\/td>\n<td><u><a href=\"\/spanish\/contact-us\/\">Obtener presupuesto gratuito<\/a><\/u><\/td>\n<\/tr>\n<\/tbody>\n<\/table>\n<p>&nbsp;<\/p>\n<h2>Remolque basculante con lanza de 40 toneladas<\/h2>\n<p><img fetchpriority=\"high\" decoding=\"async\" class=\"alignnone wp-image-31167 size-full\" title=\"remolque volquete con lanza en venta\" src=\"https:\/\/pandamech.com\/wp-content\/uploads\/2022\/08\/7-drawbar-tipper-trailer.jpg\" alt=\"a doble \/ remolque basculante barra de tracci\u00f3n para la venta\" width=\"750\" height=\"496\" \/><\/p>\n<p>4 ejes 40 toneladas remolque basculante hardox para la venta<\/p>\n<p><img decoding=\"async\" class=\"alignnone wp-image-31168 size-full\" title=\"remolque volquete con lanza en venta\" src=\"https:\/\/pandamech.com\/wp-content\/uploads\/2022\/08\/8-drawbar-tipper-trailer.jpg\" alt=\"fabricante de remolques volquete con lanza\" width=\"750\" height=\"502\" \/><\/p>\n<p>4 ejes 40 toneladas remolque volquete con lanza para la venta<\/p>\n<p>Relacionado: <a href=\"https:\/\/www.pandamech.com\/product\/2-3-4-axle-dump-semi-trailer\/\" target=\"_blank\" rel=\"noopener\"><span style=\"color: #0000ff;\">Semirremolque basculante de 2\/3\/4 ejes<\/span><\/a>, <a href=\"https:\/\/www.pandamech.com\/product\/45-cbm-dump-semi-trailer\/\" target=\"_blank\" rel=\"noopener\"><span style=\"color: #0000ff;\">45cbm cami\u00f3n volquete remolque<\/span><\/a><\/p>\n<p style=\"text-align: center;\"><a class=\"product_button\" href=\"#elementor-action%3Aaction%3Dpopup%3Aopen%26settings%3DeyJpZCI6Ijk5MDciLCJ0b2dnbGUiOmZhbHNlfQ%3D%3D\">Obtenga un presupuesto instant\u00e1neo<\/a><\/p>\n<h2>Venta de remolques basculantes con lanza<\/h2>\n<p>Panda Mech es un fabricante de remolques volquete con barra de tracci\u00f3n de 40 toneladas de China. Suministramos 40 toneladas remolque volquete con barra de tracci\u00f3n para la venta. Los fabricantes de Panda Mech han tenido \u00e9xito en el sudeste asi\u00e1tico, Oriente Medio, \u00c1frica y Am\u00e9rica del Sur, como Filipinas, Tanzania, Costa de Marfil, etc ...<\/p>\n<p><a href=\"\/spanish\/contact-us\/\" rel=\"nofollow\"><img decoding=\"async\" src=\"https:\/\/pandamech.com\/wp-content\/uploads\/u_file\/db8ce19fe3.jpg\" alt=\"un remolque volquete de doble contenedor\" title=\"\"><\/a><\/p>\n<p>FAQ<\/p>\n<h2 data-start=\"2166\" data-end=\"2242\">\u00bfCu\u00e1l es la diferencia entre un remolque con lanza y un semirremolque volquete?<\/h2>\n<p>Un remolque con lanza tiene su propio eje delantero y se conecta al cami\u00f3n con una barra de remolque, por lo que puede mantenerse en pie de forma independiente cuando est\u00e1 separado y suele transportar cargas ligeras o medianas; un semirremolque basculante, en cambio, no tiene eje delantero y depende de la quinta rueda del cami\u00f3n para apoyarse, lo que lo hace m\u00e1s estable, permite cargas m\u00e1s pesadas y es la elecci\u00f3n habitual para el transporte a granel a gran escala.<\/p>\n<h2 data-start=\"2166\" data-end=\"2242\">\u00bfQu\u00e9 materiales se utilizan?<\/h2>\n<p data-start=\"2166\" data-end=\"2242\">Hardox o acero est\u00e1ndar.<\/p>","protected":false},"excerpt":{"rendered":"<p><strong>Modelo<\/strong>: Una doble \/ barra de tracci\u00f3n<\/p>\n<p><strong>Precios<\/strong>: USD 16.000-25.000<\/p>\n<p><strong>Fecha de entrega<\/strong>7-25 d\u00edas<\/p>\n<p><strong>Aplicaci\u00f3n<\/strong>Transporte Carb\u00f3n, mineral, materiales de construcci\u00f3n<\/p>\n<p><strong>Cuerpo de la caja:<\/strong>\u00a0Hardox450 e iguales<\/p>","protected":false},"featured_media":58814,"template":"","meta":{"_acf_changed":false,"_kad_blocks_custom_css":"","_kad_blocks_head_custom_js":"","_kad_blocks_body_custom_js":"","_kad_blocks_footer_custom_js":"","_kad_post_transparent":"default","_kad_post_title":"","_kad_post_layout":"default","_kad_post_sidebar_id":"","_kad_post_content_style":"default","_kad_post_vertical_padding":"default","_kad_post_feature":"","_kad_post_feature_position":"","_kad_post_header":false,"_kad_post_footer":false,"_kad_post_classname":""},"product_brand":[],"product_cat":[106],"product_tag":[],"class_list":{"0":"post-21331","1":"product","2":"type-product","3":"status-publish","4":"has-post-thumbnail","6":"product_cat-semi-dump-trailer","8":"first","9":"instock","10":"sold-individually","11":"shipping-taxable","12":"purchasable","13":"product-type-simple","14":"entry","15":"content-bg","16":"loop-entry"},"acf":[],"taxonomy_info":{"product_cat":[{"value":106,"label":"End Dump Trailer"}]},"featured_image_src_large":["https:\/\/www.pandamech.com\/wp-content\/uploads\/2022\/05\/2-27cbm-A-double-dump-trailer-500x500.jpg",500,500,true],"author_info":[],"comment_info":"","_links":{"self":[{"href":"https:\/\/www.pandamech.com\/spanish\/wp-json\/wp\/v2\/product\/21331","targetHints":{"allow":["GET"]}}],"collection":[{"href":"https:\/\/www.pandamech.com\/spanish\/wp-json\/wp\/v2\/product"}],"about":[{"href":"https:\/\/www.pandamech.com\/spanish\/wp-json\/wp\/v2\/types\/product"}],"version-history":[{"count":3,"href":"https:\/\/www.pandamech.com\/spanish\/wp-json\/wp\/v2\/product\/21331\/revisions"}],"predecessor-version":[{"id":91559,"href":"https:\/\/www.pandamech.com\/spanish\/wp-json\/wp\/v2\/product\/21331\/revisions\/91559"}],"wp:featuredmedia":[{"embeddable":true,"href":"https:\/\/www.pandamech.com\/spanish\/wp-json\/wp\/v2\/media\/58814"}],"wp:attachment":[{"href":"https:\/\/www.pandamech.com\/spanish\/wp-json\/wp\/v2\/media?parent=21331"}],"wp:term":[{"taxonomy":"product_brand","embeddable":true,"href":"https:\/\/www.pandamech.com\/spanish\/wp-json\/wp\/v2\/product_brand?post=21331"},{"taxonomy":"product_cat","embeddable":true,"href":"https:\/\/www.pandamech.com\/spanish\/wp-json\/wp\/v2\/product_cat?post=21331"},{"taxonomy":"product_tag","embeddable":true,"href":"https:\/\/www.pandamech.com\/spanish\/wp-json\/wp\/v2\/product_tag?post=21331"}],"curies":[{"name":"wp","href":"https:\/\/api.w.org\/{rel}","templated":true}]}}