{"id":21326,"date":"2023-02-06T19:02:22","date_gmt":"2023-02-06T11:02:22","guid":{"rendered":"http:\/\/pandamech.com\/?post_type=product&#038;p=21326"},"modified":"2025-08-23T01:07:07","modified_gmt":"2025-08-22T17:07:07","slug":"45000-liters-palm-oil-tanker","status":"publish","type":"product","link":"https:\/\/www.pandamech.com\/spanish\/product\/45000-liters-palm-oil-tanker\/","title":{"rendered":"Petrolero de aceite de palma de 45000 litros"},"content":{"rendered":"<p>El remolque cisterna de aceite de palma se utiliza principalmente para el transporte de aceite de palma, que es generalmente adecuado para el transporte de larga distancia. El remolque cisterna de aceite de palma con una capa de aislamiento puede asegurar que el aceite de palma no se solidifique.<\/p>\n<h2>45000 Litros de aceite de palma tanque remolque im\u00e1genes<\/h2>\n<p><img decoding=\"async\" src=\"\/wp-content\/uploads\/u_file\/4a81945d0c.jpg\" alt=\"remolque cisterna para aceite de palma\" title=\"\"><\/p>\n<p><img decoding=\"async\" src=\"\/wp-content\/uploads\/u_file\/904969d0ce.jpg\" alt=\"petrolero de palma\" title=\"\"><\/p>\n<h2>Especificaciones del remolque cisterna para aceite de palma<\/h2>\n<table style=\"width: 800px;\" border=\"1\" cellspacing=\"1\" cellpadding=\"1\">\n<tbody>\n<tr>\n<td width=\"300\" height=\"41\">\u00a0Fabricante<\/td>\n<td width=\"706\">\u00a0Petrolero de aceite de palma Panda Mech<\/td>\n<\/tr>\n<tr>\n<td height=\"41\">\u00a0Art\u00edculo<\/td>\n<td>\u00a0Petrolero de aceite de palma de 45000 litros<\/td>\n<\/tr>\n<tr>\n<td height=\"41\">\u00a0Dimensi\u00f3n de la cisterna de palma<\/td>\n<td>\u00a011600*2500*1800 (Referencia, personalizado seg\u00fan necesidades)<\/td>\n<\/tr>\n<tr>\n<td height=\"41\">\u00a0Capacidad de la cisterna de palma<\/td>\n<td>\u00a030-60 KL<\/td>\n<\/tr>\n<tr>\n<td height=\"41\">\u00a0Compartimento<\/td>\n<td>\u00a02-10<\/td>\n<\/tr>\n<tr>\n<td height=\"41\">\u00a0Carga \u00fatil<\/td>\n<td>\u00a039-41T (Referencia)<\/td>\n<\/tr>\n<tr>\n<td height=\"41\">\u00a0Peso del remolque del dep\u00f3sito de combustible<\/td>\n<td>\u00a010.6T<\/td>\n<\/tr>\n<tr>\n<td height=\"41\">\u00a0Material<\/td>\n<td>\u00a0Hierro Acero, Acero inoxidable<\/td>\n<\/tr>\n<tr>\n<td height=\"41\">\u00a0Chasis<\/td>\n<td>\u00a0Acero de alta resistencia<\/td>\n<\/tr>\n<tr>\n<td height=\"41\">\u00a0V\u00e1lvula<\/td>\n<td>\u00a0Civacon, EMCO, HELI, JLME, HENGE<\/td>\n<\/tr>\n<tr>\n<td height=\"41\">\u00a0Eje<\/td>\n<td>\u00a02\/3\/4 ejes; BPW, FUWA, L1, HO'S, SAF, PDME<\/td>\n<\/tr>\n<tr>\n<td height=\"41\">\u00a0Suspensi\u00f3n<\/td>\n<td>\u00a0Suspensi\u00f3n neum\u00e1tica, Mec\u00e1nica, Bogie<\/td>\n<\/tr>\n<tr>\n<td height=\"41\">\u00a0Sistema de frenos<\/td>\n<td>\u00a0Sistema de frenos Dual Line, c\u00e1mara T30\/30, v\u00e1lvula de emergencia Wabco, ABS\/EBS opcional<\/td>\n<\/tr>\n<tr>\n<td height=\"41\">\u00a0Piezas de remolques cisterna de combustible<\/td>\n<td>\u00a0Guardabarros, Escalera, 1 caja de herramientas est\u00e1ndar, 1 capa de imprimaci\u00f3n anticorrosiva, 2 capas de pintura final, Pintura de poliuretano, Tren de aterrizaje, Llanta de acero 9.0-22.5, Extintor, V\u00e1lvula de fondo neum\u00e1tica de 4 pulgadas, Tapa de registro de aleaci\u00f3n de aluminio de 500mm, Chapa de acero Q345\/6mm, conforme ADR (Seg\u00fan necesidades del cliente).<\/td>\n<\/tr>\n<tr>\n<td height=\"41\">\u00a0Aplicaci\u00f3n<\/td>\n<td>\u00a0Combustible, petr\u00f3leo, crudo, gas\u00f3leo, gasolina, petr\u00f3leo, gasolina<\/td>\n<\/tr>\n<tr>\n<td height=\"41\"><a href=\"\/spanish\/contact-us\/\">Consulta<\/a><\/td>\n<td><a href=\"https:\/\/www.pandamech.com\/spanish\/about\/\" target=\"_blank\" rel=\"noopener\">Acerca de Panda Mech<\/a><\/td>\n<\/tr>\n<\/tbody>\n<\/table>\n<h2>Aplicaci\u00f3n:<\/h2>\n<p>El remolque cisterna de aceite de palma se utiliza generalmente para transportar gasolina, queroseno, diesel, aceite vegetal, aceite comestible, aceite pesado, alquitr\u00e1n de hulla y productos no derivados del petr\u00f3leo como alcohol, aldeh\u00eddo, benceno, \u00e9ter y otras sustancias l\u00edquidas.<\/p>\n<p>El remolque cisterna de aceite de palma tiene una capacidad de 30000-60000 litros, que se utiliza generalmente para el transporte de larga distancia, el transporte de sustancias l\u00edquidas a todo el mundo, a fin de realizar la distribuci\u00f3n razonable y el uso de los recursos.<\/p>\n<h2>Caracter\u00edsticas:<\/h2>\n<p>1. Dibujo 3D e HyperMesh &amp; Ansys<\/p>\n<p>Aprovechar al m\u00e1ximo las propiedades f\u00edsicas, aumentar el rendimiento y reducir los costes de explotaci\u00f3n.<\/p>\n<p>2. Adaptador API est\u00e1ndar ADR<\/p>\n<p>Crucial para cualquier sistema de carga inferior API, coincide con acopladores de 3\u2033 o 4\u2033.<\/p>\n<p>3. Tomas API \u00d3pticas<\/p>\n<p>Sistema de carga inferior del soporte<\/p>\n<p>4. Est\u00e1ndar ADR Boca de hombre con ventilaci\u00f3n de vapor<\/p>\n<p>16\u2033 o 20\u2033, Material de aluminio para una mayor vida \u00fatil.<\/p>\n<p>5. M\u00e1s seguridad por 7ntro de gravedad m\u00e1s bajo Dise\u00f1o de cuello de cisne<\/p>\n<p>6. 12% Mayor volumen gracias al dise\u00f1o del ca\u00f1\u00f3n de secci\u00f3n semiel\u00edptica<\/p>\n<p>7. Larga vida \u00fatil gracias a la soldadura por arco autom\u00e1tica de cisternas<\/p>\n<h2>Panda Mech<\/h2>\n<p>Somos fabricantes de remolques cisterna de aceite de palma en China. Suministramos 30-60 KL remolques cisterna de aceite de palma para la venta. Podemos personalizarlo de acuerdo a sus necesidades. El precio del remolque cisterna de aceite de palma depende de las especificaciones. Podemos personalizarlo de acuerdo a sus necesidades.<\/p>\n<p>Los fabricantes de Panda Mech han tenido \u00e9xito en el Sudeste Asi\u00e1tico, Oriente Medio, \u00c1frica y Sudam\u00e9rica, como Filipinas, Tanzania, Nigeria, etc.<a href=\"https:\/\/www.pandamech.com\/spanish\/about\/\" rel=\"nofollow noopener\" name=\"662ae8fb-4e4e-4cc5-876a-6bfaecae5a2d\" target=\"_blank\">M\u00e1s sobre el panda<\/a><\/p>","protected":false},"excerpt":{"rendered":"<p>Tipo: Remolque cisterna para aceite de palma<\/p>\n<p>Gama de precios: $26,000-46,000<\/p>\n<p>Plazo de entrega: 7-25 d\u00edas<\/p>\n<p>Ejes: 3 ejes<\/p>\n<p>Aplicaci\u00f3n: transporte de aceite de palma<\/p>","protected":false},"featured_media":57737,"template":"","meta":{"_acf_changed":false,"_kad_blocks_custom_css":"","_kad_blocks_head_custom_js":"","_kad_blocks_body_custom_js":"","_kad_blocks_footer_custom_js":"","_kad_post_transparent":"default","_kad_post_title":"","_kad_post_layout":"default","_kad_post_sidebar_id":"","_kad_post_content_style":"default","_kad_post_vertical_padding":"default","_kad_post_feature":"","_kad_post_feature_position":"","_kad_post_header":false,"_kad_post_footer":false,"_kad_post_classname":""},"product_brand":[],"product_cat":[109,114],"product_tag":[],"class_list":{"0":"post-21326","1":"product","2":"type-product","3":"status-publish","4":"has-post-thumbnail","6":"product_cat-fuel-tanker","7":"product_cat-stainless-tank-trailer","9":"first","10":"instock","11":"sold-individually","12":"shipping-taxable","13":"purchasable","14":"product-type-simple","15":"entry","16":"content-bg","17":"loop-entry"},"acf":[],"taxonomy_info":{"product_cat":[{"value":109,"label":"Fuel Tanker Trailer"},{"value":114,"label":"Stainless Steel Tank Trailer"}]},"featured_image_src_large":["https:\/\/www.pandamech.com\/wp-content\/uploads\/2022\/08\/2-112-500x500.jpg",500,500,true],"author_info":[],"comment_info":"","_links":{"self":[{"href":"https:\/\/www.pandamech.com\/spanish\/wp-json\/wp\/v2\/product\/21326","targetHints":{"allow":["GET"]}}],"collection":[{"href":"https:\/\/www.pandamech.com\/spanish\/wp-json\/wp\/v2\/product"}],"about":[{"href":"https:\/\/www.pandamech.com\/spanish\/wp-json\/wp\/v2\/types\/product"}],"version-history":[{"count":1,"href":"https:\/\/www.pandamech.com\/spanish\/wp-json\/wp\/v2\/product\/21326\/revisions"}],"predecessor-version":[{"id":91264,"href":"https:\/\/www.pandamech.com\/spanish\/wp-json\/wp\/v2\/product\/21326\/revisions\/91264"}],"wp:featuredmedia":[{"embeddable":true,"href":"https:\/\/www.pandamech.com\/spanish\/wp-json\/wp\/v2\/media\/57737"}],"wp:attachment":[{"href":"https:\/\/www.pandamech.com\/spanish\/wp-json\/wp\/v2\/media?parent=21326"}],"wp:term":[{"taxonomy":"product_brand","embeddable":true,"href":"https:\/\/www.pandamech.com\/spanish\/wp-json\/wp\/v2\/product_brand?post=21326"},{"taxonomy":"product_cat","embeddable":true,"href":"https:\/\/www.pandamech.com\/spanish\/wp-json\/wp\/v2\/product_cat?post=21326"},{"taxonomy":"product_tag","embeddable":true,"href":"https:\/\/www.pandamech.com\/spanish\/wp-json\/wp\/v2\/product_tag?post=21326"}],"curies":[{"name":"wp","href":"https:\/\/api.w.org\/{rel}","templated":true}]}}