{"id":21325,"date":"2022-05-06T19:02:22","date_gmt":"2022-05-06T11:02:22","guid":{"rendered":"http:\/\/pandamech.com\/?post_type=product&#038;p=21325"},"modified":"2025-08-23T01:08:28","modified_gmt":"2025-08-22T17:08:28","slug":"curtain-side-trailer-for-sale-html","status":"publish","type":"product","link":"https:\/\/www.pandamech.com\/spanish\/product\/curtain-side-trailer-for-sale-html\/","title":{"rendered":"Venta de remolques laterales de cortina"},"content":{"rendered":"<h2>\u00bfQu\u00e9 es el transporte en cortina?<\/h2>\n<p>El transporte de remolques con cortina lateral debe considerarse como uno de los m\u00e9todos de transporte m\u00e1s comunes, y tambi\u00e9n ser\u00e1 una tendencia de desarrollo en el futuro, que ser\u00e1 cada vez m\u00e1s popular.<\/p>\n<h3>1. Carga y descarga r\u00e1pidas<\/h3>\n<p>Desde el punto de vista del peso, adem\u00e1s de sustituir el hierro por el aluminio, la mejor forma de conseguir ligereza es colocar cortinas de tela en lugar de hierro. Las telas para cortinas tienen ventajas \u00fanicas en t\u00e9rminos de flexibilidad y m\u00e1xima asistencia. Esto es especialmente cierto cuando hay que recoger y entregar mercanc\u00edas con frecuencia en el transporte de mercanc\u00edas.<\/p>\n<h3>2. Entregas parciales simplificadas<\/h3>\n<p>Desde el punto de vista de la eficacia de la carga y descarga, el vag\u00f3n con cortinas puede mejorar enormemente la eficacia de la carga y descarga de las mercanc\u00edas. Cuando se abre el vag\u00f3n con cortinas, adem\u00e1s de nuestras habituales operaciones de carga y descarga por la parte trasera del vag\u00f3n, las mercanc\u00edas pueden cargarse y descargarse por ambos lados o por la parte superior del veh\u00edculo. Esto da mayor juego al papel de las herramientas de manipulaci\u00f3n (como carretillas elevadoras, herramientas de elevaci\u00f3n, etc.), reduciendo as\u00ed la intensidad de trabajo de los operarios.<\/p>\n<h3>3. No necesita lona<\/h3>\n<p>Desde el punto de vista de la apariencia, el lado integrado de la impresora de inyecci\u00f3n de tinta o el patr\u00f3n es m\u00e1s bonito que los remolques convencionales.<\/p>\n<p>El transporte con remolque lateral de cortina puede proporcionar a la carga protecci\u00f3n para la furgoneta y flexibilidad para la carga en plataforma. El transporte con remolque lateral tiene muchas ventajas.<br \/>\nLas numerosas ventajas del remolque lateral de cortina han atra\u00eddo a m\u00e1s clientes a elegir y utilizar este modo de transporte, y tambi\u00e9n puede permitir que la mayor\u00eda de las empresas de transporte de mercanc\u00edas adopten el concepto de cortina.<\/p>\n<h2>Qu\u00e9 es el remolque lateral con cortina<\/h2>\n<p>El chasis, la columna, la viga y la cortina forman el cuerpo principal de la cortina lateral, y las cortinas de ambos lados se pueden abrir r\u00e1pidamente, y la carga y descarga de las mercanc\u00edas son muy c\u00f3modas.<\/p>\n<p>Gracias a su eficaz eficiencia de transporte y a su equipamiento multifuncional de estado s\u00f3lido, el vag\u00f3n de cortina lateral presenta grandes ventajas en seis campos de transporte, como el transporte multimodal, electrodom\u00e9sticos, bebidas, rollos de papel, piezas de autom\u00f3vil, placas y productos envasados.<\/p>\n<h2>20 Ft remolque cargador lateral im\u00e1genes<\/h2>\n<p><img fetchpriority=\"high\" decoding=\"async\" class=\"size-full wp-image-22111\" src=\"https:\/\/pandamech.com\/wp-content\/uploads\/2021\/08\/7-113.jpg\" alt=\"venta de remolques laterales de cortina\" width=\"800\" height=\"533\" title=\"\"><\/p>\n<p>40ft curtainsider cami\u00f3n para la venta<br \/>\n<img decoding=\"async\" class=\"size-full wp-image-22112\" src=\"https:\/\/pandamech.com\/wp-content\/uploads\/2021\/08\/8-96.jpg\" alt=\"venta de remolques laterales de cortina\" width=\"800\" height=\"533\" title=\"\"><\/p>\n<p>40ft lado cortina remolques para la venta<\/p>\n<p><img decoding=\"async\" class=\"size-full wp-image-22113\" src=\"https:\/\/pandamech.com\/wp-content\/uploads\/2021\/08\/9-52.jpg\" alt=\"venta de remolques laterales de cortina\" width=\"800\" height=\"533\" title=\"\"><\/p>\n<p>3 ejes de cortina lateral remolques de camiones para la venta<\/p>\n<h2>40 Ft cortina lateral remolque especificaciones<\/h2>\n<table style=\"width: 800px;\" border=\"1\" cellspacing=\"1\" cellpadding=\"1\">\n<tbody>\n<tr>\n<td width=\"289\" height=\"28\">\u00a0Fabricante<\/td>\n<td width=\"503\">\u00a0Panda Mech 3 Eje cortina Side Trailer<\/td>\n<\/tr>\n<tr>\n<td height=\"28\">\u00a0Dimensiones del remolque lateral de cortina<\/td>\n<td width=\"503\">\u00a011000-13000\u00d72490\u00d73250mm-3900mm (customized)<\/td>\n<\/tr>\n<tr>\n<td height=\"28\">\u00a0Capacidad de remolque lateral de cortina<\/td>\n<td width=\"503\">\u00a025T-60T<\/td>\n<\/tr>\n<tr>\n<td height=\"28\">\u00a0Marca del eje<\/td>\n<td width=\"503\">\u00a0Capacidad de carga de 13T\/16T, marca FUWA (marca BPW y marca China para opciones)<\/td>\n<\/tr>\n<tr>\n<td height=\"28\">\u00a0Ejes<\/td>\n<td width=\"503\">\u00a02-4 ejes<\/td>\n<\/tr>\n<tr>\n<td height=\"28\">\u00a0Llanta<\/td>\n<td width=\"503\">\u00a09,00-22,5 (8,0-20 u otros seg\u00fan sea necesario)<\/td>\n<\/tr>\n<tr>\n<td height=\"28\">\u00a0N\u00ba de llantas<\/td>\n<td width=\"503\">\u00a0En consecuencia<\/td>\n<\/tr>\n<tr>\n<td height=\"28\">\u00a0Neum\u00e1tico<\/td>\n<td width=\"503\">\u00a012R22.5 (315\/80R22.5, 11R20 u otros seg\u00fan sea necesario)<\/td>\n<\/tr>\n<tr>\n<td height=\"28\">\u00a0N\u00ba de neum\u00e1ticos<\/td>\n<td width=\"503\">\u00a0En consecuencia<\/td>\n<\/tr>\n<tr>\n<td height=\"28\">\u00a0Suspensi\u00f3n<\/td>\n<td width=\"503\">\u00a0Suspensi\u00f3n mec\u00e1nica o neum\u00e1tica<\/td>\n<\/tr>\n<tr>\n<td height=\"28\">\u00a0Ballestas<\/td>\n<td width=\"503\">\u00a090mm\u00d713mm\u00d710 o 100mm\u00d712mm\u00d712 u otros por la f\u00e1brica para caber el semirremolque<\/td>\n<\/tr>\n<tr>\n<td height=\"28\">\u00a0Kingpin<\/td>\n<td width=\"503\">\u00a02.0 o 3.5 pulgadas seg\u00fan requerimiento, marca JOST, tipo pernos o tipo soldadura<\/td>\n<\/tr>\n<tr>\n<td height=\"28\">\u00a0Tren de aterrizaje<\/td>\n<td width=\"503\">\u00a0D200T marca JOST o 28Tons (dos velocidades) marca China<\/td>\n<\/tr>\n<tr>\n<td height=\"28\">\u00a0Stringer<\/td>\n<td width=\"503\">\u00a0Altura: 500mm, la placa superior es de 14mm, la placa media es de 8mm, la placa inferior es de 16mm; El material es acero al carbono Q345 (llamado tambi\u00e9n acero al manganeso).<\/td>\n<\/tr>\n<tr>\n<td height=\"28\">\u00a0Viga lateral<\/td>\n<td width=\"503\">\u00a0Canal de acero de 16 mm o 18 mm de grosor (el material es acero al carbono Q235)<\/td>\n<\/tr>\n<tr>\n<td height=\"36\">\u00a0Altura de la caja<\/td>\n<td width=\"503\">\u00a01500-2700mm para su elecci\u00f3n<\/td>\n<\/tr>\n<tr>\n<td height=\"28\">\u00a0C\u00e1mara de frenado<\/td>\n<td width=\"503\">\u00a0V\u00e1lvula de rel\u00e9 WABCO RE 6; c\u00e1mara de frenado de muelle T30\/30+T30 (marca TKL);<\/td>\n<\/tr>\n<tr>\n<td height=\"28\">\u00a0ABS<\/td>\n<td width=\"503\">\u00a0Opcional<\/td>\n<\/tr>\n<tr>\n<td height=\"28\">\u00a0V\u00e1lvula<\/td>\n<td width=\"503\">\u00a0V\u00e1lvula WABCO<\/td>\n<\/tr>\n<tr>\n<td height=\"28\">\u00a0Luz<\/td>\n<td width=\"503\">\u00a0Luz LED seg\u00fan normas internacionales o europeas<\/td>\n<\/tr>\n<tr>\n<td height=\"28\">\u00a0Tensi\u00f3n<\/td>\n<td width=\"503\">\u00a024V<\/td>\n<\/tr>\n<tr>\n<td height=\"28\">\u00a0Recept\u00e1culo<\/td>\n<td width=\"503\">\u00a07 v\u00edas (mazo de 7 cables)<\/td>\n<\/tr>\n<tr>\n<td height=\"28\">\u00a0Caja de herramientas<\/td>\n<td width=\"503\">\u00a0Una unidad con un juego de herramientas est\u00e1ndar de f\u00e1brica<\/td>\n<\/tr>\n<tr>\n<td height=\"28\">\u00a0Pintura<\/td>\n<td width=\"503\">\u00a0Chorro de arena completo del chasis para limpiar el \u00f3xido, 1 capa de imprimaci\u00f3n anticorrosiva, 2 capas de pintura final.<\/td>\n<\/tr>\n<\/tbody>\n<\/table>\n<h2>\u00bfQu\u00e9 tipo de mercanc\u00edas transportamos con los remolques laterales de cortina?<\/h2>\n<p>Muchas personas se preguntan antes de comprar, qu\u00e9 tipo de mercanc\u00edas se pueden transportar mediante el uso de un remolque de cortina lateral La respuesta es b\u00e1sicamente cualquier mercanc\u00eda puede ser transportada.<\/p>\n<p>En t\u00e9rminos generales, un remolque lateral de crucero se suele utilizar para mercanc\u00edas transportadas por veh\u00edculos de transporte de plataforma, pero el entorno cerrado puede ampliar el alcance de las mercanc\u00edas transportables, por lo que b\u00e1sicamente se puede transportar cualquier mercanc\u00eda.<\/p>\n<h2>Panda Mech<\/h2>\n<p>Panda Mech es un fabricante de remolques laterales de cortina de 40 pies de China. Suministramos remolques laterales de cortina de 40 pies para la venta. Panda Mech fabricantes han tenido \u00e9xito en el sudeste de Asia, Oriente Medio, \u00c1frica y Am\u00e9rica del Sur, como Filipinas, Tanzania, etc....<\/p>\n<p><a href=\"https:\/\/www.pandamech.com\/spanish\/contact-us\/\" target=\"_blank\" rel=\"noopener\"><img loading=\"lazy\" decoding=\"async\" src=\"https:\/\/pandamech.com\/wp-content\/uploads\/2021\/08\/quotation.jpg\" alt=\"presupuesto\" width=\"864\" height=\"213\" title=\"\"><\/a><\/p>","protected":false},"excerpt":{"rendered":"<p>Tipo: Remolque lateral con cortina de 3 ejes<\/p>\n<p>Gama de precios: $16,000-28,000<\/p>\n<p>Entrega: 7-25d\u00edas<\/p>\n<p>Carga \u00fatil: 40, 000kg<\/p>\n<p>Aplicaciones: carga a granel y materiales de construcci\u00f3n<\/p>","protected":false},"featured_media":57778,"template":"","meta":{"_acf_changed":false,"_kad_blocks_custom_css":"","_kad_blocks_head_custom_js":"","_kad_blocks_body_custom_js":"","_kad_blocks_footer_custom_js":"","_kad_post_transparent":"default","_kad_post_title":"","_kad_post_layout":"default","_kad_post_sidebar_id":"","_kad_post_content_style":"default","_kad_post_vertical_padding":"default","_kad_post_feature":"","_kad_post_feature_position":"","_kad_post_header":false,"_kad_post_footer":false,"_kad_post_classname":""},"product_brand":[],"product_cat":[71],"product_tag":[],"class_list":{"0":"post-21325","1":"product","2":"type-product","3":"status-publish","4":"has-post-thumbnail","6":"product_cat-cargo-trailer","8":"first","9":"instock","10":"sold-individually","11":"shipping-taxable","12":"purchasable","13":"product-type-simple","14":"entry","15":"content-bg","16":"loop-entry"},"acf":[],"taxonomy_info":{"product_cat":[{"value":71,"label":"Bulk Cargo Trailer"}]},"featured_image_src_large":["https:\/\/www.pandamech.com\/wp-content\/uploads\/2022\/08\/2-81-500x500.jpg",500,500,true],"author_info":[],"comment_info":"","_links":{"self":[{"href":"https:\/\/www.pandamech.com\/spanish\/wp-json\/wp\/v2\/product\/21325","targetHints":{"allow":["GET"]}}],"collection":[{"href":"https:\/\/www.pandamech.com\/spanish\/wp-json\/wp\/v2\/product"}],"about":[{"href":"https:\/\/www.pandamech.com\/spanish\/wp-json\/wp\/v2\/types\/product"}],"version-history":[{"count":1,"href":"https:\/\/www.pandamech.com\/spanish\/wp-json\/wp\/v2\/product\/21325\/revisions"}],"predecessor-version":[{"id":91424,"href":"https:\/\/www.pandamech.com\/spanish\/wp-json\/wp\/v2\/product\/21325\/revisions\/91424"}],"wp:featuredmedia":[{"embeddable":true,"href":"https:\/\/www.pandamech.com\/spanish\/wp-json\/wp\/v2\/media\/57778"}],"wp:attachment":[{"href":"https:\/\/www.pandamech.com\/spanish\/wp-json\/wp\/v2\/media?parent=21325"}],"wp:term":[{"taxonomy":"product_brand","embeddable":true,"href":"https:\/\/www.pandamech.com\/spanish\/wp-json\/wp\/v2\/product_brand?post=21325"},{"taxonomy":"product_cat","embeddable":true,"href":"https:\/\/www.pandamech.com\/spanish\/wp-json\/wp\/v2\/product_cat?post=21325"},{"taxonomy":"product_tag","embeddable":true,"href":"https:\/\/www.pandamech.com\/spanish\/wp-json\/wp\/v2\/product_tag?post=21325"}],"curies":[{"name":"wp","href":"https:\/\/api.w.org\/{rel}","templated":true}]}}