{"id":21324,"date":"2026-01-12T18:35:22","date_gmt":"2026-01-12T10:35:22","guid":{"rendered":"http:\/\/pandamech.com\/?post_type=product&#038;p=21324"},"modified":"2026-01-19T11:46:12","modified_gmt":"2026-01-19T03:46:12","slug":"30-ton-bulk-flour-tanker-trailer","status":"publish","type":"product","link":"https:\/\/www.pandamech.com\/spanish\/product\/30-ton-bulk-flour-tanker-trailer\/","title":{"rendered":"30 Ton Harina Cisterna Remolque (Harina de trigo \/ trigo en polvo)"},"content":{"rendered":"<p>Si mueve harina todos los d\u00edas, ya conoce las partes dif\u00edciles: mantenerla limpia, descargarla r\u00e1pido y evitar que se ensucie de polvo. Este <strong data-start=\"1139\" data-end=\"1170\">Remolque cisterna para harina de 30 toneladas<\/strong> est\u00e1 construido para el transporte de harina a granel con una opci\u00f3n de tanque de grado alimenticio y un sistema de descarga neum\u00e1tica. Algunos clientes informan de un mantenimiento muy bajo durante varios a\u00f1os, pero los resultados reales depender\u00e1n de las condiciones de funcionamiento y mantenimiento.<\/p>\n<p data-start=\"1461\" data-end=\"1556\"><strong data-start=\"1539\" data-end=\"1554\">Especificaciones r\u00e1pidas<\/strong><\/p>\n<ul data-start=\"1557\" data-end=\"1849\">\n<li data-start=\"1557\" data-end=\"1603\">\n<p data-start=\"1744\" data-end=\"1888\">Carga \u00fatil t\u00edpica: <strong data-start=\"1822\" data-end=\"1846\">Configuraci\u00f3n de 30 toneladas<\/strong> (el final depende de la densidad y de los l\u00edmites locales)<\/p>\n<\/li>\n<li data-start=\"1604\" data-end=\"1654\">\n<p data-start=\"1606\" data-end=\"1654\">Rango de volumen: <strong data-start=\"1620\" data-end=\"1632\">30-60 m\u00b3<\/strong> (depende de la densidad)<\/p>\n<\/li>\n<li data-start=\"1655\" data-end=\"1720\">\n<p data-start=\"1657\" data-end=\"1720\">Dimensiones (L\u00d7A\u00d7H): <strong data-start=\"1677\" data-end=\"1718\">8.500-10.800 \u00d7 2.500 \u00d7 3.300-3.800 mm<\/strong><\/p>\n<\/li>\n<li data-start=\"1721\" data-end=\"1783\">\n<p data-start=\"1723\" data-end=\"1783\">Descarga: <strong data-start=\"1734\" data-end=\"1781\">Neum\u00e1tica (aire comprimido), con control de polvo<\/strong><\/p>\n<\/li>\n<li data-start=\"1784\" data-end=\"1849\">\n<p data-start=\"1786\" data-end=\"1849\">Opciones de material: <strong data-start=\"1804\" data-end=\"1847\">Aluminio \/ Acero inoxidable (apto para alimentos)<\/strong><\/p>\n<\/li>\n<\/ul>\n<h2>Especificaciones del remolque cisterna para harina<\/h2>\n<table style=\"width: 800px;\" border=\"1\" cellspacing=\"1\" cellpadding=\"1\">\n<tbody>\n<tr>\n<td width=\"202\" height=\"38\">\u00a0Marca<\/td>\n<td width=\"691\">\u00a0Panda Mech<\/td>\n<\/tr>\n<tr>\n<td width=\"202\" height=\"38\">\u00a0Longitud*anchura*altura<\/td>\n<td width=\"691\">\u00a08500- 10800 x 2500 x 3300- 3800 mm<\/td>\n<\/tr>\n<tr>\n<td width=\"202\" height=\"38\">\u00a0Capacidad<\/td>\n<td width=\"691\">\u00a030-60 m3, Hasta 30 toneladas<\/td>\n<\/tr>\n<tr>\n<td width=\"202\" height=\"38\">\u00a0Motor<\/td>\n<td width=\"691\">\u00a0Motor diesel Weichai\/Deutz (opcional)<\/td>\n<\/tr>\n<tr>\n<td width=\"202\" height=\"38\">\u00a0Peso de tara<\/td>\n<td width=\"691\">\u00a06-8 toneladas<\/td>\n<\/tr>\n<tr>\n<td width=\"202\" height=\"38\">\u00a0Tapa de alcantarilla<\/td>\n<td width=\"691\">\u00a0De 2 a 4 juegos de 500 mm de di\u00e1metro<\/td>\n<\/tr>\n<tr>\n<td width=\"202\" height=\"38\">\u00a0V\u00e1lvula de descarga<\/td>\n<td width=\"691\">\u00a0V\u00e1lvula de disco de 4<\/td>\n<\/tr>\n<tr>\n<td width=\"202\" height=\"38\">\u00a0Suspensi\u00f3n<\/td>\n<td width=\"691\">\u00a0Suspensi\u00f3n mec\u00e1nica, suspensi\u00f3n neum\u00e1tica<\/td>\n<\/tr>\n<tr>\n<td width=\"202\" height=\"38\">\u00a0Sistema de frenos<\/td>\n<td width=\"691\">\u00a0V\u00e1lvula de emergencia WABCO<\/td>\n<\/tr>\n<tr>\n<td width=\"202\" height=\"38\">\u00a0Eje<\/td>\n<td width=\"691\">\u00a02-4 juegos (BPW\/FUWA), capacidad del eje 13\/16\/20T<\/td>\n<\/tr>\n<tr>\n<td width=\"202\" height=\"38\">\u00a0Neum\u00e1tico<\/td>\n<td width=\"691\">\u00a012R22.5, 385\/65R22.5, 13R22.5, 12.00R24, 315\/80R22.5<\/td>\n<\/tr>\n<\/tbody>\n<\/table>\n<p style=\"text-align: center;\"><a class=\"product_button\" href=\"#elementor-action%3Aaction%3Dpopup%3Aopen%26settings%3DeyJpZCI6Ijk5MDciLCJ0b2dnbGUiOmZhbHNlfQ%3D%3D\">Obtenga un presupuesto instant\u00e1neo<\/a><\/p>\n<h2>Im\u00e1genes del remolque cisterna de harina<\/h2>\n<p data-start=\"3340\" data-end=\"3583\">Aqu\u00ed tiene fotos reales de la construcci\u00f3n para que pueda comprobar la forma del dep\u00f3sito, las bocas de acceso, las tuber\u00edas de descarga, la disposici\u00f3n de la escalera y el acabado general. Si necesita un plano que se adapte a la entrada\/salida de su silo, d\u00edganos las condiciones de su emplazamiento y le recomendaremos una configuraci\u00f3n.<\/p>\n<p><img fetchpriority=\"high\" decoding=\"async\" class=\"alignnone wp-image-31498 size-full\" src=\"https:\/\/pandamech.com\/wp-content\/uploads\/2022\/06\/60cbm-30-ton-flour-tanker-trailer-2.jpg\" alt=\"Venta de remolque cisterna para harina de 30 toneladas\" width=\"800\" height=\"533\" title=\"\"><\/p>\n<p><img decoding=\"async\" class=\"alignnone wp-image-31497 size-full\" src=\"https:\/\/pandamech.com\/wp-content\/uploads\/2022\/06\/60cbm-30-ton-flour-tanker-trailer-1.jpg\" alt=\"30 toneladas de harina de trigo a granel remolque cisterna de transporte precio\" width=\"800\" height=\"584\" title=\"\"><\/p>\n<p><img decoding=\"async\" class=\"alignnone wp-image-31499 size-full\" src=\"https:\/\/pandamech.com\/wp-content\/uploads\/2022\/06\/60cbm-30-ton-flour-tanker-trailer.jpg\" alt=\"30 toneladas de harina a granel cisterna remolque para la venta China\" width=\"800\" height=\"600\" title=\"\"><\/p>\n<p style=\"text-align: center;\"><a class=\"product_button\" href=\"#elementor-action%3Aaction%3Dpopup%3Aopen%26settings%3DeyJpZCI6Ijk5MDciLCJ0b2dnbGUiOmZhbHNlfQ%3D%3D\">Haga clic para m\u00e1s detalles<\/a><\/p>\n<h2>V\u00eddeo del remolque cisterna de harina<\/h2>\n<p><iframe title=\"Reproductor de v\u00eddeo YouTube\" src=\"https:\/\/www.youtube.com\/embed\/GVioVm4GG_8\" width=\"800\" height=\"533\" frameborder=\"0\" allowfullscreen=\"allowfullscreen\" data-mce-fragment=\"1\"><\/iframe><\/p>\n<p style=\"text-align: center;\"><a class=\"product_button\" href=\"#elementor-action%3Aaction%3Dpopup%3Aopen%26settings%3DeyJpZCI6Ijk5MDciLCJ0b2dnbGUiOmZhbHNlfQ%3D%3D\">Obtenga un presupuesto instant\u00e1neo<\/a><\/p>\n<h2>Sistema de dep\u00f3sito de harina y descarga neum\u00e1tica (C\u00f3mo funciona)<\/h2>\n<p data-start=\"1716\" data-end=\"1969\">Un remolque cisterna de harina descarga utilizando aire comprimido para fluidificar la harina dentro de la cisterna y empujarla a trav\u00e9s de los conductos de descarga hasta un silo. En buenas condiciones (harina seca, filtros limpios, conductos cortos), la descarga suele ser <strong data-start=\"1935\" data-end=\"1952\">30-60 minutos<\/strong> para una carga completa.<\/p>\n<ul>\n<li data-start=\"1009\" data-end=\"1095\">\n<p data-start=\"1011\" data-end=\"1095\"><strong>Lo mejor para<\/strong>: distribuci\u00f3n de molino a panader\u00eda, entrega de silo a silo, log\u00edstica de harina a granel<\/p>\n<\/li>\n<li data-start=\"1096\" data-end=\"1155\">\n<p data-start=\"1098\" data-end=\"1155\"><strong>Funciona con<\/strong>: silos de recepci\u00f3n y sistemas de filtrado est\u00e1ndar<\/p>\n<\/li>\n<li data-start=\"1156\" data-end=\"1248\">\n<p data-start=\"1158\" data-end=\"1248\"><strong>No es ideal para<\/strong>Harina muy h\u00fameda o lugares con mangueras largas y restrictivas (a menos que se mejoren).<\/p>\n<\/li>\n<\/ul>\n<h3 data-start=\"1971\" data-end=\"2009\">Qu\u00e9 incluye una instalaci\u00f3n t\u00edpica<\/h3>\n<ul data-start=\"2010\" data-end=\"2242\">\n<li data-start=\"2010\" data-end=\"2075\">\n<p data-start=\"2012\" data-end=\"2075\">Sistema de aire para descarga neum\u00e1tica (opci\u00f3n soplante\/compresor)<\/p>\n<\/li>\n<li data-start=\"2076\" data-end=\"2116\">\n<p data-start=\"2078\" data-end=\"2116\"><strong data-start=\"2078\" data-end=\"2086\">4-6\u2033<\/strong> tuber\u00edas y v\u00e1lvulas de descarga<\/p>\n<\/li>\n<li data-start=\"2117\" data-end=\"2174\">\n<p data-start=\"2119\" data-end=\"2174\">Arquetas y accesorios sellados para mantener limpia la harina<\/p>\n<\/li>\n<li data-start=\"2175\" data-end=\"2242\">\n<p data-start=\"2177\" data-end=\"2242\">El control del polvo depende del filtro del silo receptor y de la disposici\u00f3n de la l\u00ednea<\/p>\n<\/li>\n<\/ul>\n<h3 data-start=\"2244\" data-end=\"2273\">Lo que ralentiza la descarga<\/h3>\n<p data-start=\"2274\" data-end=\"2397\">Los largos recorridos de las mangueras, la alta contrapresi\u00f3n del silo, la harina h\u00fameda o los filtros de tama\u00f1o insuficiente pueden reducir el caudal y aumentar el tiempo de descarga.<\/p>\n<h2>Caracter\u00edsticas del remolque cisterna para harina<\/h2>\n<h3 data-start=\"2554\" data-end=\"2581\">Opciones de dep\u00f3sito de calidad alimentaria<\/h3>\n<p data-start=\"2582\" data-end=\"2733\">Elija aluminio o acero inoxidable para un transporte higi\u00e9nico de la harina. Los cierres herm\u00e9ticos y las superficies limpiables ayudan a reducir el riesgo de contaminaci\u00f3n y la captaci\u00f3n de humedad.<\/p>\n<h3 data-start=\"2735\" data-end=\"2762\">Dise\u00f1o de cono de bajo residuo<\/h3>\n<p data-start=\"2763\" data-end=\"2875\">La geometr\u00eda c\u00f3nica permite una descarga m\u00e1s suave y menos restos de harina, lo que ayuda a reducir los residuos y el tiempo de limpieza.<\/p>\n<h3 data-start=\"2877\" data-end=\"2916\">Descarga neum\u00e1tica controlada por polvo<\/h3>\n<p data-start=\"2917\" data-end=\"3055\">La descarga neum\u00e1tica mantiene el proceso m\u00e1s limpio que el vertido abierto y favorece una entrega eficaz en los silos cuando la configuraci\u00f3n del emplazamiento es correcta.<\/p>\n<h3 data-start=\"3057\" data-end=\"3079\">Componentes duraderos<\/h3>\n<p data-start=\"3080\" data-end=\"3181\">La calidad de los componentes de los frenos y las v\u00e1lvulas y la solidez de las soldaduras contribuyen a mantener la fiabilidad del remolque durante un uso prolongado.<\/p>\n<h2>Por qu\u00e9 Panda Mech (Lo que suelen preguntar los compradores)<\/h2>\n<p data-start=\"3690\" data-end=\"3910\">Construimos remolques de carga seca a granel para el transporte diario en el mundo real. En los proyectos de camiones cisterna para harina, los compradores suelen preocuparse por tres cosas: la configuraci\u00f3n adecuada para su ruta, una calidad de construcci\u00f3n constante y asistencia despu\u00e9s de la entrega.<\/p>\n<ul>\n<li data-start=\"3851\" data-end=\"3946\">\n<p data-start=\"3853\" data-end=\"3946\"><strong>Ayuda a la configuraci\u00f3n<\/strong>volumen de recogida, ejes y disposici\u00f3n de descarga para su ruta y configuraci\u00f3n de silo.<\/p>\n<\/li>\n<li data-start=\"3947\" data-end=\"4042\">\n<p data-start=\"3949\" data-end=\"4042\"><strong>Control de calidad<\/strong>: consistencia de la soldadura, comprobaciones de estanqueidad y selecci\u00f3n de piezas para una descarga estable.<\/p>\n<\/li>\n<li data-start=\"4043\" data-end=\"4118\">\n<p data-start=\"4045\" data-end=\"4118\"><strong>Posventa<\/strong>: asistencia en piezas de repuesto y gu\u00eda de configuraci\u00f3n para reducir el tiempo de inactividad.<\/p>\n<\/li>\n<\/ul>\n<h2>Transporte mar\u00edtimo de harina por cami\u00f3n cisterna<\/h2>\n<p data-start=\"4166\" data-end=\"4399\">Aplicamos una capa protectora de cera para reducir el riesgo de corrosi\u00f3n por sal durante el transporte mar\u00edtimo, y envolvemos los motores y los componentes sensibles con tela impermeable para mayor protecci\u00f3n.<\/p>\n<p style=\"text-align: center;\"><a class=\"product_button\" href=\"#elementor-action%3Aaction%3Dpopup%3Aopen%26settings%3DeyJpZCI6Ijk5MDciLCJ0b2dnbGUiOmZhbHNlfQ%3D%3D\">Haga clic para m\u00e1s detalles<\/a><\/p>\n<h2>FAQ<\/h2>\n<p><strong data-start=\"4245\" data-end=\"4296\">\u00bfCu\u00e1l es la capacidad de un remolque cisterna para harina?<\/strong><\/p>\n<p data-start=\"4245\" data-end=\"4469\">La mayor\u00eda de los buques cisterna de harina <strong data-start=\"4322\" data-end=\"4334\">30-60 m\u00b3<\/strong> y a menudo llevan <strong data-start=\"4351\" data-end=\"4365\">20-40 toneladas<\/strong> (depende de la densidad). La capacidad final depende de la densidad aparente de la harina, la capacidad por eje y los l\u00edmites de las carreteras locales.<\/p>\n<h3>\u00bfPor qu\u00e9 el transporte de harina debe ser alimentario?<\/h3>\n<p><strong data-start=\"0\" data-end=\"145\" data-is-only-node=\"\">Dado que la harina es consumida por los seres humanos, debe transportarse en equipos de calidad alimentaria para evitar la contaminaci\u00f3n, la absorci\u00f3n de humedad y los malos olores. <\/strong>Las opciones de aluminio\/inoxidable de calidad alimentaria y las tuber\u00edas higi\u00e9nicas tambi\u00e9n ayudan a reducir los residuos.<\/p>\n<h3>\u00bfCu\u00e1nto se tarda en descargar harina de un remolque cisterna?<\/h3>\n<p>Normalmente <strong data-start=\"4895\" data-end=\"4912\">30-60 minutos<\/strong> para una carga completa. El tiempo depende del caudal de aire, la longitud de la l\u00ednea (normalmente <strong data-start=\"4976\" data-end=\"4984\">4-6\u2033<\/strong>), la contrapresi\u00f3n del silo y la sequedad de la harina.<\/p>\n<div>\n<h3 class=\"JlqpRe\"><strong data-start=\"5115\" data-end=\"5173\">\u00bfQu\u00e9 debo preparar in situ para la descarga neum\u00e1tica?<\/strong><\/h3>\n<p data-start=\"5115\" data-end=\"5341\">Una entrada de silo receptora compatible y un sistema de filtrado del tama\u00f1o adecuado son la clave. Corto, limpio <strong data-start=\"5267\" data-end=\"5275\">4-6\u2033<\/strong> y una contrapresi\u00f3n estable ayudan a que la descarga sea r\u00e1pida y limpia.<\/p>\n<h3><strong data-start=\"5279\" data-end=\"5327\">\u00bfDebo elegir acero inoxidable o aluminio?<\/strong><\/h3>\n<\/div>\n<p data-start=\"5279\" data-end=\"5500\">Elija <strong data-start=\"5337\" data-end=\"5349\">aluminio<\/strong> para una mayor carga \u00fatil y eficiencia de combustible. Elija <strong data-start=\"5397\" data-end=\"5416\">acero inoxidable<\/strong> cuando la higiene, los lavados frecuentes o los entornos dif\u00edciles importan m\u00e1s que el peso.<\/p>\n<h3 data-start=\"5279\" data-end=\"5500\">\u00bfEs lo mismo un remolque cisterna de harina que un cami\u00f3n de harina?<\/h3>\n<p data-start=\"1365\" data-end=\"1677\"><strong>No siempre<\/strong>. Un cami\u00f3n cisterna de harina <strong data-start=\"1465\" data-end=\"1476\">remolque<\/strong> es la unidad cisterna tirada por un tractor, construida para la descarga neum\u00e1tica a granel en silos. Un \u201ccami\u00f3n de harina\u201d tambi\u00e9n puede ser un cami\u00f3n r\u00edgido o incluso un cami\u00f3n de harina ensacada, por lo que las especificaciones y los m\u00e9todos de descarga pueden variar.<\/p>","protected":false},"excerpt":{"rendered":"<p><strong>Capacidad<\/strong>: 30-60 m3, 20-40 toneladas<\/p>\n<p><strong>Precio<\/strong>: USD 21.800- 49.500<\/p>\n<p><strong>Entrega<\/strong>7-25 d\u00edas<\/p>\n<p><strong>Aplicaci\u00f3n<\/strong>: harina de transporte<\/p>","protected":false},"featured_media":57760,"template":"","meta":{"_acf_changed":false,"_kad_blocks_custom_css":"","_kad_blocks_head_custom_js":"","_kad_blocks_body_custom_js":"","_kad_blocks_footer_custom_js":"","_kad_post_transparent":"default","_kad_post_title":"","_kad_post_layout":"default","_kad_post_sidebar_id":"","_kad_post_content_style":"default","_kad_post_vertical_padding":"default","_kad_post_feature":"","_kad_post_feature_position":"","_kad_post_header":false,"_kad_post_footer":false,"_kad_post_classname":""},"product_brand":[],"product_cat":[101],"product_tag":[],"class_list":{"0":"post-21324","1":"product","2":"type-product","3":"status-publish","4":"has-post-thumbnail","6":"product_cat-cement-tanker","8":"first","9":"instock","10":"sold-individually","11":"shipping-taxable","12":"purchasable","13":"product-type-simple","14":"entry","15":"content-bg","16":"loop-entry"},"acf":[],"taxonomy_info":{"product_cat":[{"value":101,"label":"Cement Tanker For Sale"}]},"featured_image_src_large":["https:\/\/www.pandamech.com\/wp-content\/uploads\/2022\/08\/2-43-500x500.jpg",500,500,true],"author_info":[],"comment_info":"","_links":{"self":[{"href":"https:\/\/www.pandamech.com\/spanish\/wp-json\/wp\/v2\/product\/21324","targetHints":{"allow":["GET"]}}],"collection":[{"href":"https:\/\/www.pandamech.com\/spanish\/wp-json\/wp\/v2\/product"}],"about":[{"href":"https:\/\/www.pandamech.com\/spanish\/wp-json\/wp\/v2\/types\/product"}],"version-history":[{"count":6,"href":"https:\/\/www.pandamech.com\/spanish\/wp-json\/wp\/v2\/product\/21324\/revisions"}],"predecessor-version":[{"id":87399,"href":"https:\/\/www.pandamech.com\/spanish\/wp-json\/wp\/v2\/product\/21324\/revisions\/87399"}],"wp:featuredmedia":[{"embeddable":true,"href":"https:\/\/www.pandamech.com\/spanish\/wp-json\/wp\/v2\/media\/57760"}],"wp:attachment":[{"href":"https:\/\/www.pandamech.com\/spanish\/wp-json\/wp\/v2\/media?parent=21324"}],"wp:term":[{"taxonomy":"product_brand","embeddable":true,"href":"https:\/\/www.pandamech.com\/spanish\/wp-json\/wp\/v2\/product_brand?post=21324"},{"taxonomy":"product_cat","embeddable":true,"href":"https:\/\/www.pandamech.com\/spanish\/wp-json\/wp\/v2\/product_cat?post=21324"},{"taxonomy":"product_tag","embeddable":true,"href":"https:\/\/www.pandamech.com\/spanish\/wp-json\/wp\/v2\/product_tag?post=21324"}],"curies":[{"name":"wp","href":"https:\/\/api.w.org\/{rel}","templated":true}]}}