{"id":21320,"date":"2022-04-27T19:02:21","date_gmt":"2022-04-27T11:02:21","guid":{"rendered":"http:\/\/pandamech.com\/?post_type=product&#038;p=21320"},"modified":"2025-08-23T01:08:43","modified_gmt":"2025-08-22T17:08:43","slug":"18000l-concentrated-sulfuric-acid-tanker","status":"publish","type":"product","link":"https:\/\/www.pandamech.com\/spanish\/product\/18000l-concentrated-sulfuric-acid-tanker\/","title":{"rendered":"Cisterna de \u00e1cido sulf\u00farico concentrado de 18000L"},"content":{"rendered":"<p>El remolque cisterna para \u00e1cido sulf\u00farico concentrado se utiliza generalmente para el transporte de larga distancia, el prop\u00f3sito es transportar \u00e1cido sulf\u00farico concentrado o algunos otros productos qu\u00edmicos. Generalmente se utiliza para el transporte entre plantas qu\u00edmicas.<\/p>\n<h2>Especificaciones del remolque cisterna de \u00e1cido sulf\u00farico de 18.000 litros<\/h2>\n<p>A continuaci\u00f3n se tratan principalmente las especificaciones del remolque cisterna para \u00e1cido sulf\u00farico.<\/p>\n<table style=\"width: 800px;\" border=\"1\" cellspacing=\"1\" cellpadding=\"1\">\n<tbody>\n<tr>\n<td width=\"249\" height=\"36\">Marca<\/td>\n<td width=\"417\">Panda Mech<\/td>\n<\/tr>\n<tr>\n<td width=\"249\" height=\"36\">Art\u00edculo<\/td>\n<td width=\"417\">Remolque cisterna de \u00e1cido sulf\u00farico<\/td>\n<\/tr>\n<tr>\n<td width=\"249\" height=\"36\">Dimensiones del remolque cisterna de \u00e1cido sulf\u00farico<\/td>\n<td width=\"417\">10500*2500*3500 (mm)<\/td>\n<\/tr>\n<tr>\n<td width=\"249\" height=\"36\">Capacidad del remolque cisterna de \u00e1cido sulf\u00farico<\/td>\n<td width=\"417\">28000 litros, 7397 galones (US), 6159 galones (UK)<\/td>\n<\/tr>\n<tr>\n<td width=\"249\" height=\"36\">Compartimento<\/td>\n<td width=\"417\">1-6 compartimentos<\/td>\n<\/tr>\n<tr>\n<td width=\"249\" height=\"36\">Carga \u00fatil<\/td>\n<td width=\"417\">No m\u00e1s de 28KL<\/td>\n<\/tr>\n<tr>\n<td width=\"249\" height=\"36\">Peso de tara<\/td>\n<td width=\"417\">9.2T<\/td>\n<\/tr>\n<tr>\n<td width=\"249\" height=\"36\">Material de la carrocer\u00eda<\/td>\n<td width=\"417\">Acero al carbono, acero inoxidable 316, revestimiento de acero<\/td>\n<\/tr>\n<tr>\n<td width=\"249\" height=\"36\">Chasis<\/td>\n<td width=\"417\">Acero de alta resistencia<\/td>\n<\/tr>\n<tr>\n<td width=\"249\" height=\"36\">V\u00e1lvula<\/td>\n<td width=\"417\">V\u00e1lvula de bola<\/td>\n<\/tr>\n<tr>\n<td width=\"249\" height=\"36\">Eje<\/td>\n<td width=\"417\">2\/3\/4 ejes; BPW, FUWA, L1, HO'S, SAF, PDME<\/td>\n<\/tr>\n<tr>\n<td width=\"249\" height=\"36\">Suspensi\u00f3n<\/td>\n<td width=\"417\">Suspensi\u00f3n neum\u00e1tica, Suspensi\u00f3n mec\u00e1nica, Muelle<\/td>\n<\/tr>\n<tr>\n<td width=\"249\" height=\"36\">Sistema de frenos<\/td>\n<td width=\"417\">Sistema de frenos Dual Line, c\u00e1mara T30\/30, v\u00e1lvula de emergencia Wabco, ABS\/EBS opcional<\/td>\n<\/tr>\n<tr>\n<td width=\"249\" height=\"34\">Aplicaci\u00f3n<\/td>\n<td width=\"417\">\u00c1cido clorh\u00eddrico, \u00e1cido sulf\u00farico diluido, l\u00edquido qu\u00edmico, etc.<\/td>\n<\/tr>\n<tr>\n<td width=\"249\" height=\"90\">Piezas de remolques qu\u00edmicos<\/td>\n<td width=\"417\">Guardabarros, Escalera, 1 caja de herramientas est\u00e1ndar, 1 capa de imprimaci\u00f3n anticorrosiva, 2 capas de pintura final, Pintura de poliuretano, Tren de aterrizaje, Llanta de acero 9.0-22.5, Extintor, V\u00e1lvula de fondo neum\u00e1tica de 4 pulgadas, Tapa de registro de aleaci\u00f3n de aluminio de 500mm, Chapa de acero Q345\/6mm, conforme ADR (Seg\u00fan necesidades del cliente).<\/td>\n<\/tr>\n<tr>\n<td width=\"249\" height=\"36\"><a title=\"\/contacto\/\" href=\"\/spanish\/contact-us\/\">Consulta<\/a><\/td>\n<td width=\"417\"><a title=\"https:\/\/pandamech.com\/about\/\" href=\"https:\/\/www.pandamech.com\/spanish\/about\/\" target=\"_blank\" rel=\"noopener\">Acerca de Panda Mech<\/a><\/td>\n<\/tr>\n<\/tbody>\n<\/table>\n<h2>Im\u00e1genes del remolque cisterna de \u00e1cido sulf\u00farico<\/h2>\n<p><img decoding=\"async\" src=\"\/wp-content\/uploads\/u_file\/18dd725ba5.jpg\" alt=\"Remolque cisterna de \u00e1cido sulf\u00farico\" title=\"\"><\/p>\n<p><img decoding=\"async\" src=\"\/wp-content\/uploads\/u_file\/3fc430d94f.jpg\" alt=\"Remolque cisterna de \u00e1cido sulf\u00farico concentrado de 18000 litros\" title=\"\"><\/p>\n<h2>Caracter\u00edsticas:<\/h2>\n<p>1. Dibujo 3D e HyperMesh &amp; Ansys<\/p>\n<p>Aprovechar al m\u00e1ximo las propiedades f\u00edsicas, aumentar el rendimiento y reducir los costes de explotaci\u00f3n.<\/p>\n<p>2. Adaptador API est\u00e1ndar ADR<\/p>\n<p>Crucial para cualquier sistema de carga inferior API, coincide con acopladores de 3\u2033 o 4\u2033.<\/p>\n<p>3. Tomas API \u00d3pticas<\/p>\n<p>Sistema de carga inferior del soporte<\/p>\n<p>4. Est\u00e1ndar ADR Boca de hombre con ventilaci\u00f3n de vapor<\/p>\n<p>16\u2033 o 20\u2033, Material de aluminio para una mayor vida \u00fatil.<\/p>\n<p>5. M\u00e1s seguridad por 7ntro de gravedad m\u00e1s bajo Dise\u00f1o de cuello de cisne<\/p>\n<p>6. 12% Mayor volumen gracias al dise\u00f1o del ca\u00f1\u00f3n de secci\u00f3n semiel\u00edptica<\/p>\n<p>7. Larga vida \u00fatil gracias a la soldadura por arco autom\u00e1tica de cisternas<\/p>\n<h2>Panda Mech<\/h2>\n<p>Somos fabricantes de remolques cisterna para \u00e1cido sulf\u00farico en China. Suministramos 18000 litros de remolques cisterna de \u00e1cido sulf\u00farico para la venta. Podemos personalizar de acuerdo a sus necesidades. El precio del remolque cisterna de \u00e1cido sulf\u00farico depende de las especificaciones. Podemos personalizarlo de acuerdo a sus necesidades.<\/p>\n<p>Los fabricantes de Panda Mech han tenido \u00e9xito en el Sudeste Asi\u00e1tico, Oriente Medio, \u00c1frica y Sudam\u00e9rica, como Filipinas, Tanzania, Nigeria, etc.<a href=\"https:\/\/www.pandamech.com\/spanish\/about\/\" rel=\"nofollow noopener\" name=\"662ae8fb-4e4e-4cc5-876a-6bfaecae5a2d\" target=\"_blank\"><\/a><\/p>","protected":false},"excerpt":{"rendered":"<p>Tipo: 18 KL concentrado de \u00e1cido sulf\u00farico remolque cisterna para la venta<\/p>\n<p>Rango de precios: $25,000-45000<\/p>\n<p>Plazo de entrega: 7-25 d\u00edas<\/p>\n<p>Ejes: 3 ejes<\/p>\n<p>Aplicaci\u00f3n: transporte de \u00e1cido sulf\u00farico concentrado<\/p>","protected":false},"featured_media":57765,"template":"","meta":{"_acf_changed":false,"_kad_blocks_custom_css":"","_kad_blocks_head_custom_js":"","_kad_blocks_body_custom_js":"","_kad_blocks_footer_custom_js":"","_kad_post_transparent":"default","_kad_post_title":"","_kad_post_layout":"default","_kad_post_sidebar_id":"","_kad_post_content_style":"default","_kad_post_vertical_padding":"default","_kad_post_feature":"","_kad_post_feature_position":"","_kad_post_header":false,"_kad_post_footer":false,"_kad_post_classname":""},"product_brand":[],"product_cat":[102],"product_tag":[],"class_list":{"0":"post-21320","1":"product","2":"type-product","3":"status-publish","4":"has-post-thumbnail","6":"product_cat-chemical-tanker","8":"first","9":"instock","10":"sold-individually","11":"shipping-taxable","12":"purchasable","13":"product-type-simple","14":"entry","15":"content-bg","16":"loop-entry"},"acf":[],"taxonomy_info":{"product_cat":[{"value":102,"label":"Chemical Tanker"}]},"featured_image_src_large":["https:\/\/www.pandamech.com\/wp-content\/uploads\/2022\/08\/2-50-500x500.jpg",500,500,true],"author_info":[],"comment_info":"","_links":{"self":[{"href":"https:\/\/www.pandamech.com\/spanish\/wp-json\/wp\/v2\/product\/21320","targetHints":{"allow":["GET"]}}],"collection":[{"href":"https:\/\/www.pandamech.com\/spanish\/wp-json\/wp\/v2\/product"}],"about":[{"href":"https:\/\/www.pandamech.com\/spanish\/wp-json\/wp\/v2\/types\/product"}],"version-history":[{"count":1,"href":"https:\/\/www.pandamech.com\/spanish\/wp-json\/wp\/v2\/product\/21320\/revisions"}],"predecessor-version":[{"id":91434,"href":"https:\/\/www.pandamech.com\/spanish\/wp-json\/wp\/v2\/product\/21320\/revisions\/91434"}],"wp:featuredmedia":[{"embeddable":true,"href":"https:\/\/www.pandamech.com\/spanish\/wp-json\/wp\/v2\/media\/57765"}],"wp:attachment":[{"href":"https:\/\/www.pandamech.com\/spanish\/wp-json\/wp\/v2\/media?parent=21320"}],"wp:term":[{"taxonomy":"product_brand","embeddable":true,"href":"https:\/\/www.pandamech.com\/spanish\/wp-json\/wp\/v2\/product_brand?post=21320"},{"taxonomy":"product_cat","embeddable":true,"href":"https:\/\/www.pandamech.com\/spanish\/wp-json\/wp\/v2\/product_cat?post=21320"},{"taxonomy":"product_tag","embeddable":true,"href":"https:\/\/www.pandamech.com\/spanish\/wp-json\/wp\/v2\/product_tag?post=21320"}],"curies":[{"name":"wp","href":"https:\/\/api.w.org\/{rel}","templated":true}]}}