{"id":21318,"date":"2022-04-28T19:02:21","date_gmt":"2022-04-28T11:02:21","guid":{"rendered":"http:\/\/pandamech.com\/?post_type=product&#038;p=21318"},"modified":"2026-01-05T14:38:10","modified_gmt":"2026-01-05T06:38:10","slug":"2-axle-a-double-flatbed-trailer-with-front-board-p00312p1-html","status":"publish","type":"product","link":"https:\/\/www.pandamech.com\/spanish\/product\/2-axle-a-double-flatbed-trailer-with-front-board-p00312p1-html\/","title":{"rendered":"Un remolque de plataforma con doble Frontboard"},"content":{"rendered":"<p>Panda Mech utiliza un m\u00e9todo autom\u00e1tico de soldadura por arco sumergido para soldar la viga principal, por lo que \u00e9sta es m\u00e1s resistente y duradera.<\/p>\n<p>Para asegurar la vida \u00fatil de los semirremolques, todas las piezas de repuesto que adoptamos son de la marca mundialmente famosa.<\/p>\n<h2>Especificaciones de un remolque de doble plataforma<\/h2>\n<table style=\"width: 800px;\" border=\"1\" cellspacing=\"1\" cellpadding=\"1\">\n<tbody>\n<tr>\n<td width=\"297\" height=\"30\">\u00a0Fabricante<\/td>\n<td width=\"495\">\u00a0Panda Mech un remolque de doble plataforma<\/td>\n<\/tr>\n<tr>\n<td width=\"297\" height=\"30\">\u00a0Ejes<\/td>\n<td width=\"495\">\u00a02-4 ejes BPW\/SAF\/FUWA Marca<\/td>\n<\/tr>\n<tr>\n<td width=\"297\" height=\"30\">\u00a0Dimensiones<\/td>\n<td width=\"495\">\u00a012500 \/ 13500\u00d72500\u00d71500 mm<\/td>\n<\/tr>\n<tr>\n<td width=\"297\" height=\"30\">\u00a0Peso<\/td>\n<td width=\"495\">\u00a07-9 toneladas<\/td>\n<\/tr>\n<tr>\n<td width=\"297\" height=\"30\">\u00a0Cierre giratorio<\/td>\n<td width=\"495\">\u00a08-12 series<\/td>\n<\/tr>\n<tr>\n<td width=\"297\" height=\"30\">\u00a0Material<\/td>\n<td width=\"495\">\u00a0Vigas principales Q345B, brida superior:14mm, media:8mm, inferior:16mm<\/td>\n<\/tr>\n<tr>\n<td width=\"297\" height=\"30\">\u00a0Alfiler de rey<\/td>\n<td width=\"495\">\u00a02 pulgadas o 3,5 pulgadas Marca JOST<\/td>\n<\/tr>\n<tr>\n<td width=\"297\" height=\"30\">\u00a0Chasis<\/td>\n<td width=\"495\">\u00a03mm,4mm,6mm, acero al carbono o aleaci\u00f3n de aluminio<\/td>\n<\/tr>\n<tr>\n<td width=\"297\" height=\"30\">\u00a0Suspensi\u00f3n<\/td>\n<td width=\"495\">\u00a0Suspensi\u00f3n mec\u00e1nica, neum\u00e1tica, de bogies<\/td>\n<\/tr>\n<tr>\n<td width=\"297\" height=\"36\">\u00a0Neum\u00e1tico<\/td>\n<td width=\"495\">\u00a011.00R20, 12.00R20,12R22.5, 385\/65R22.5 Triangle\/Hankook\/ Marca Bridgestone<\/td>\n<\/tr>\n<tr>\n<td width=\"297\" height=\"30\">\u00a0Sistema de frenos<\/td>\n<td width=\"495\">\u00a0V\u00e1lvula WABCO con c\u00e1mara grande<\/td>\n<\/tr>\n<\/tbody>\n<\/table>\n<p style=\"text-align: center;\"><a class=\"product_button\" href=\"#elementor-action%3Aaction%3Dpopup%3Aopen%26settings%3DeyJpZCI6Ijk5MDciLCJ0b2dnbGUiOmZhbHNlfQ%3D%3D\">Haga clic para m\u00e1s detalles<\/a><\/p>\n<h2>Caracter\u00edstica<\/h2>\n<p><strong>Piezas multisoporte<\/strong><\/p>\n<p>8, 12 juegos de esclusas de contenedor para transportar 1 unidad de contenedor de 30 pies, 40 pies, 45 pies y 2 unidades de contenedor de 20 pies.<\/p>\n<p>Los eufros de cuerda y los ganchos ayudan a sujetar la carga, por lo que son adecuados para el transporte de varias cargas.<\/p>\n<p><strong>Buena pintura<\/strong><\/p>\n<p>Las superficies se limpian mediante granallado. Un revestimiento epoxi y un revestimiento de acabado acr\u00edlico.<\/p>\n<p>Duradero contra el \u00f3xido, soporta m\u00e1s tiempo el buen aspecto y la vida \u00fatil.<\/p>\n<p><strong>Soldadura autom\u00e1tica<\/strong><\/p>\n<p>Arco sumergido Construcci\u00f3n de soldadura autom\u00e1tica, Keypoint refuerza y soldadura prop\u00f3sito evita algunas partes m\u00e1s f\u00e1cil perder la soldadura de acuerdo a la experiencia de apoyo veh\u00edculo m\u00e1s tiempo trabajando sin reparar.<\/p>\n<p><strong>Ejes, suspensiones y sistemas de frenado de calidad<\/strong><\/p>\n<p>BPW, FUWA en todo el mundo mejores ejes de trabajo con v\u00e1lvula de freno WABCO, m\u00e1s eficaz de freno para la seguridad y ahorrar costes de neum\u00e1ticos<\/p>\n<p>Fijar muelles y suspensiones de calidad, apoyar una vida \u00fatil m\u00e1s larga, ahorrar costes de mantenimiento.<\/p>\n<p style=\"text-align: center;\"><a class=\"product_button\" href=\"#elementor-action%3Aaction%3Dpopup%3Aopen%26settings%3DeyJpZCI6Ijk5MDciLCJ0b2dnbGUiOmZhbHNlfQ%3D%3D\">Haga clic para m\u00e1s detalles<\/a><\/p>\n<h2>Aplicaci\u00f3n<\/h2>\n<p>Un remolque de doble plataforma se utiliza generalmente para el transporte de contenedores, carga a granel, cemento, arroz, etc. Se utiliza principalmente para el transporte de larga distancia. Generalmente, el <span style=\"color: #0000ff;\"><a style=\"color: #0000ff;\" href=\"https:\/\/www.pandamech.com\/spanish\/category\/cargo-trailer\/flatbed-semi-trailer\/\" target=\"_blank\" rel=\"noopener\">remolques planos para camiones<\/a><\/span> puede transportar 40 toneladas.<\/p>\n<p>Si se trata de una gran cantidad de transporte o diferentes necesidades, podemos personalizarlo, o remolque de plataforma algunos veh\u00edculos deformados.<\/p>\n<p style=\"text-align: center;\"><a class=\"product_button\" href=\"#elementor-action%3Aaction%3Dpopup%3Aopen%26settings%3DeyJpZCI6Ijk5MDciLCJ0b2dnbGUiOmZhbHNlfQ%3D%3D\">Haga clic para m\u00e1s detalles<\/a><\/p>\n<h2>Un remolque de doble plataforma con imagen de tablero delantero<\/h2>\n<p><img fetchpriority=\"high\" decoding=\"async\" class=\"wp-image-31170 size-full\" title=\"un remolque de doble plataforma\" src=\"https:\/\/pandamech.com\/wp-content\/uploads\/2022\/08\/7-drawbar-flatbed-trailer.jpg\" alt=\"un remolque de doble plataforma\" width=\"800\" height=\"533\" \/><\/p>\n<p>un remolque de doble plataforma con front\u00f3n<\/p>\n<p>Relacionado: <a href=\"https:\/\/www.pandamech.com\/spanish\/product\/3-axle-40-foot-flatbed-semi-trailer\/\" target=\"_blank\" rel=\"noopener\"><span style=\"color: #0000ff;\">Remolque de cami\u00f3n de plataforma de 40 pies<\/span><\/a>, <a href=\"https:\/\/www.pandamech.com\/spanish\/product\/40-shipping-container-chassis-trailers\/\" target=\"_blank\" rel=\"noopener\"><span style=\"color: #0000ff;\">Chasis de contenedor de 40 pies<\/span><\/a><\/p>\n<p style=\"text-align: center;\"><a class=\"product_button\" href=\"#elementor-action%3Aaction%3Dpopup%3Aopen%26settings%3DeyJpZCI6Ijk5MDciLCJ0b2dnbGUiOmZhbHNlfQ%3D%3D\">Haga clic para m\u00e1s detalles<\/a><\/p>\n<h2>Panda Mech<\/h2>\n<p>Somos un fabricante de remolques portacontenedores de doble plataforma con tabla frontal de China. Suministramos remolques a-doble con los tableros delanteros para la venta. Podemos personalizarlo de acuerdo a sus necesidades.<\/p>\n<p>Los fabricantes de Panda Mech han tenido \u00e9xito en el Sudeste Asi\u00e1tico, Oriente Medio, \u00c1frica y Sudam\u00e9rica, como Filipinas, Tanzania, etc.<\/p>\n<p><a href=\"\/spanish\/contact-us\/\" rel=\"nofollow\"><img decoding=\"async\" src=\"https:\/\/pandamech.com\/wp-content\/uploads\/u_file\/db8ce19fe3.jpg\" alt=\"un remolque de doble plataforma con tablero delantero\" title=\"\"><\/a><\/p>\n<p>Relacionado:<\/p>\n<p><a href=\"https:\/\/www.pandamech.com\/spanish\/product\/24-25m-flat-bed-deck-tractor-semi-truck-trailer\/\" target=\"_blank\" rel=\"noopener\"><span style=\"color: #0000ff;\">remolque de plataforma extensible<\/span><\/a><\/p>\n<p><a href=\"https:\/\/www.pandamech.com\/spanish\/product\/single-axle-flatbed-semi-trailer\/\" target=\"_blank\" rel=\"noopener\"><span style=\"color: #0000ff;\">remolque de plataforma con suspensi\u00f3n neum\u00e1tica<\/span><\/a><\/p>","protected":false},"excerpt":{"rendered":"<p>Tipo: Remolque de plataforma doble de 2 ejes<\/p>\n<p>Gama de precios: $9,990-19,500<\/p>\n<p>Plazo de entrega: 7-25 d\u00edas<\/p>\n<p>Capacidad de carga: 20-60 toneladas<\/p>\n<p>Aplicaci\u00f3n: carga a granel, contenedores<\/p>","protected":false},"featured_media":57713,"template":"","meta":{"_acf_changed":false,"_kad_blocks_custom_css":"","_kad_blocks_head_custom_js":"","_kad_blocks_body_custom_js":"","_kad_blocks_footer_custom_js":"","_kad_post_transparent":"default","_kad_post_title":"","_kad_post_layout":"default","_kad_post_sidebar_id":"","_kad_post_content_style":"default","_kad_post_vertical_padding":"default","_kad_post_feature":"","_kad_post_feature_position":"","_kad_post_header":false,"_kad_post_footer":false,"_kad_post_classname":""},"product_brand":[],"product_cat":[77],"product_tag":[],"class_list":{"0":"post-21318","1":"product","2":"type-product","3":"status-publish","4":"has-post-thumbnail","6":"product_cat-flatbed-semi-trailer","8":"first","9":"instock","10":"sold-individually","11":"shipping-taxable","12":"purchasable","13":"product-type-simple","14":"entry","15":"content-bg","16":"loop-entry"},"acf":[],"taxonomy_info":{"product_cat":[{"value":77,"label":"Flatbed Semi Trailer"}]},"featured_image_src_large":["https:\/\/www.pandamech.com\/wp-content\/uploads\/2022\/08\/0-89-500x500.jpg",500,500,true],"author_info":[],"comment_info":"","_links":{"self":[{"href":"https:\/\/www.pandamech.com\/spanish\/wp-json\/wp\/v2\/product\/21318","targetHints":{"allow":["GET"]}}],"collection":[{"href":"https:\/\/www.pandamech.com\/spanish\/wp-json\/wp\/v2\/product"}],"about":[{"href":"https:\/\/www.pandamech.com\/spanish\/wp-json\/wp\/v2\/types\/product"}],"version-history":[{"count":1,"href":"https:\/\/www.pandamech.com\/spanish\/wp-json\/wp\/v2\/product\/21318\/revisions"}],"predecessor-version":[{"id":91433,"href":"https:\/\/www.pandamech.com\/spanish\/wp-json\/wp\/v2\/product\/21318\/revisions\/91433"}],"wp:featuredmedia":[{"embeddable":true,"href":"https:\/\/www.pandamech.com\/spanish\/wp-json\/wp\/v2\/media\/57713"}],"wp:attachment":[{"href":"https:\/\/www.pandamech.com\/spanish\/wp-json\/wp\/v2\/media?parent=21318"}],"wp:term":[{"taxonomy":"product_brand","embeddable":true,"href":"https:\/\/www.pandamech.com\/spanish\/wp-json\/wp\/v2\/product_brand?post=21318"},{"taxonomy":"product_cat","embeddable":true,"href":"https:\/\/www.pandamech.com\/spanish\/wp-json\/wp\/v2\/product_cat?post=21318"},{"taxonomy":"product_tag","embeddable":true,"href":"https:\/\/www.pandamech.com\/spanish\/wp-json\/wp\/v2\/product_tag?post=21318"}],"curies":[{"name":"wp","href":"https:\/\/api.w.org\/{rel}","templated":true}]}}