{"id":21288,"date":"2025-08-28T19:01:59","date_gmt":"2025-08-28T11:01:59","guid":{"rendered":"http:\/\/pandamech.com\/?post_type=product&#038;p=21288"},"modified":"2025-08-29T10:43:34","modified_gmt":"2025-08-29T02:43:34","slug":"50-ton-rear-dump-semi-trailer","status":"publish","type":"product","link":"https:\/\/www.pandamech.com\/spanish\/product\/50-ton-rear-dump-semi-trailer\/","title":{"rendered":"50 Ton Remolque Volquete Trasero En Venta"},"content":{"rendered":"<p style=\"text-align: left;\">50 Ton Rear Tipper Trailer tambi\u00e9n conocido como 50 toneladas <a href=\"https:\/\/www.pandamech.com\/spanish\/category\/tipper-trailer\/\">remolque volquete<\/a>, La estructura incluye chasis, caja y sistema de elevaci\u00f3n. El trabajo por PTO suministra aceite al cilindro, levantando la caja hasta el \u00e1ngulo deseado, la carga se desliza hacia fuera, mejorando la eficiencia de descarga.<\/p>\n<p style=\"text-align: left;\">Ampliamente utilizado en plantas de arenisca, obras de construcci\u00f3n y minas, transporte de arena, grava, movimiento de tierras y miner\u00eda.<\/p>\n<h2>50 Ton 3 ejes remolque volquete trasero im\u00e1genes<\/h2>\n<p><img fetchpriority=\"high\" decoding=\"async\" class=\"alignnone\" src=\"\/wp-content\/uploads\/u_file\/cc98034475.jpg\" alt=\"Remolque basculante trasero de 50 toneladas\" width=\"800\" height=\"533\" title=\"\"><\/p>\n<p>50 toneladas remolque volquete trasero para la venta en China<\/p>\n<p><img decoding=\"async\" class=\"alignnone\" src=\"\/wp-content\/uploads\/u_file\/ae57e85ec2.jpg\" alt=\"50 ton volquete semirremolque para la venta fabricante\" width=\"800\" height=\"533\" title=\"\"><\/p>\n<p>Semirremolque volquete trasero de 50 toneladas Fabricante<\/p>\n<p><img decoding=\"async\" class=\"alignnone wp-image-58281 size-full\" src=\"https:\/\/www.pandamech.com\/wp-content\/uploads\/2022\/10\/8-1.jpg\" alt=\"F\u00e1brica de semirremolques basculantes de 50 toneladas\" width=\"800\" height=\"533\" title=\"\" srcset=\"https:\/\/www.pandamech.com\/wp-content\/uploads\/2022\/10\/8-1.jpg 800w, https:\/\/www.pandamech.com\/wp-content\/uploads\/2022\/10\/8-1-300x200.jpg 300w, https:\/\/www.pandamech.com\/wp-content\/uploads\/2022\/10\/8-1-500x333.jpg 500w, https:\/\/www.pandamech.com\/wp-content\/uploads\/2022\/10\/8-1-18x12.jpg 18w\" sizes=\"(max-width: 800px) 100vw, 800px\" \/><\/p>\n<p>4 ejes 50 toneladas volquete semirremolque para la venta<\/p>\n<p style=\"text-align: center;\"><a class=\"product_button\" href=\"#elementor-action%3Aaction%3Dpopup%3Aopen%26settings%3DeyJpZCI6Ijk5MDciLCJ0b2dnbGUiOmZhbHNlfQ%3D%3D\">Haga clic para m\u00e1s detalles<\/a><\/p>\n<h2>V\u00eddeo del remolque basculante trasero<\/h2>\n<p><iframe title=\"Reproductor de v\u00eddeo YouTube\" src=\"https:\/\/www.youtube.com\/embed\/uV4awegJhLI\" width=\"800\" height=\"533\" frameborder=\"0\" allowfullscreen=\"allowfullscreen\" data-mce-fragment=\"1\"><\/iframe><\/p>\n<h2>Especificaciones del remolque volquete trasero de 50 toneladas<\/h2>\n<table style=\"width: 800px;\" border=\"1\" cellspacing=\"1\" cellpadding=\"1\">\n<tbody>\n<tr>\n<td width=\"313\">\u00a0Fabricante<\/td>\n<td width=\"425\">\u00a0Panda Mech<\/td>\n<\/tr>\n<tr>\n<td>\u00a0Dimensi\u00f3n (longitud*anchura*altura)<\/td>\n<td>\u00a010500\u00d72.500\u00d73.230 mm<\/td>\n<\/tr>\n<tr>\n<td>\u00a0Cuerpo interior<\/td>\n<td>\u00a09750\u00d72.300\u00d71.500 mm<\/td>\n<\/tr>\n<tr>\n<td>\u00a0Volumen<\/td>\n<td>\u00a050 toneladas<\/td>\n<\/tr>\n<tr>\n<td>\u00a0Suelo<\/td>\n<td>\u00a06-8mm Acero de alta resistencia<\/td>\n<\/tr>\n<tr>\n<td>\u00a0Pared lateral<\/td>\n<td>\u00a03-5mm Acero de alta resistencia<\/td>\n<\/tr>\n<tr>\n<td>\u00a0Viga<\/td>\n<td>\u00a0Domex 600 o igual secci\u00f3n en \u201cI\u201d de acero de doble alma<\/td>\n<\/tr>\n<tr>\n<td>\u00a0Cilindro<\/td>\n<td>\u00a06 juego cilindro inferior<\/td>\n<\/tr>\n<tr>\n<td>\u00a0Eje<\/td>\n<td>\u00a0Ejes 3\/4<\/td>\n<\/tr>\n<tr>\n<td>\u00a0Neum\u00e1tico<\/td>\n<td>\u00a012.00R20 \/ 13R22.5 o personalizado<\/td>\n<\/tr>\n<tr>\n<td>\u00a0Suspensi\u00f3n<\/td>\n<td>\u00a0Mec\u00e1nica \/ Aire \/ Bogie opcional<\/td>\n<\/tr>\n<tr>\n<td>\u00a0Pierna<\/td>\n<td>\u00a0Tipo intercambiable JOST<\/td>\n<\/tr>\n<tr>\n<td>\u00a0Freno<\/td>\n<td>\u00a0Sistema de freno neum\u00e1tico doble, c\u00e1mara y v\u00e1lvula WABCO<\/td>\n<\/tr>\n<tr>\n<td>\u00a0Sistema el\u00e9ctrico<\/td>\n<td>\u00a012v\/24v, cable de 7 l\u00edneas, luz LED<\/td>\n<\/tr>\n<tr>\n<td>\u00a0Piezas<\/td>\n<td>\u00a0Sistema el\u00e9ctrico, sistema de frenos, eje, neum\u00e1tico, suspensi\u00f3n, pestillo, kit.<\/td>\n<\/tr>\n<\/tbody>\n<\/table>\n<p style=\"text-align: center;\"><a class=\"product_button\" href=\"#elementor-action%3Aaction%3Dpopup%3Aopen%26settings%3DeyJpZCI6Ijk5MDciLCJ0b2dnbGUiOmZhbHNlfQ%3D%3D\">Haga clic para m\u00e1s detalles<\/a><\/p>\n<h2>50 Ton remolque volquete trasero ventaja<\/h2>\n<h3>Material \ud83c\udfd7\ufe0f<\/h3>\n<p>El carro est\u00e1 fabricado con Hardox 450 o acero similar resistente al desgaste, y la viga principal, con acero de alta resistencia T700. Esto reduce el peso en dos toneladas en comparaci\u00f3n con los materiales convencionales, aumenta la vida \u00fatil y mejora la eficiencia del combustible.<\/p>\n<h3>Caja de secci\u00f3n en U \ud83d\udce6<\/h3>\n<p>El dise\u00f1o del carro en forma de U ofrece un centro de gravedad m\u00e1s bajo, lo que permite una mayor capacidad de carga, una descarga m\u00e1s suave y una mayor seguridad.<\/p>\n<h3>Chasis \ud83d\ude9a<\/h3>\n<p>La viga principal utiliza una estructura de alma de doble capa para aumentar la resistencia y la capacidad de afrontar condiciones de carretera complejas.<\/p>\n<h3>Cilindro \ud83d\udd27<\/h3>\n<p>Los cilindros hidr\u00e1ulicos est\u00e1n disponibles en dos modelos: FC y FE. Ofrecen mayor presi\u00f3n y pueden alcanzar un \u00e1ngulo de inclinaci\u00f3n de 45\u00b0, lo que acelera la descarga, ahorra tiempo y ampl\u00eda los intervalos de mantenimiento.<\/p>\n<h3>Soportes \ud83d\udee0\ufe0f<\/h3>\n<p>La estructura de soporte optimizada proporciona una mayor resistencia a la presi\u00f3n y es menos susceptible a los da\u00f1os por fatiga.<\/p>\n<h3>Knock-off \u2699\ufe0f<\/h3>\n<p>El mecanismo de descarga es m\u00e1s robusto, con movimientos m\u00e1s precisos y \u00e1ngulos de protecci\u00f3n para un funcionamiento m\u00e1s seguro.<\/p>\n<h3>Eje de inclinaci\u00f3n \ud83d\udd29<\/h3>\n<p>El eje de inclinaci\u00f3n es m\u00e1s grueso y est\u00e1 m\u00e1s reforzado, lo que garantiza una mayor estabilidad al elevar la carrocer\u00eda del veh\u00edculo y evita da\u00f1os, garantizando un uso m\u00e1s prolongado y seguro.<\/p>\n<h3>Sistema de fijaci\u00f3n \ud83d\udd12<\/h3>\n<p>La puerta trasera incorpora un mecanismo de bloqueo autom\u00e1tico para aumentar la eficacia y un dise\u00f1o ajustable para facilitar el mantenimiento y la sustituci\u00f3n.<\/p>\n<h3>Marco de soporte auxiliar \ud83e\uddf1<\/h3>\n<p>Se instala un bastidor de soporte auxiliar entre la carrocer\u00eda y el chasis del veh\u00edculo para evitar el vuelco y mejorar la seguridad general.<\/p>\n<h2>50 Ton Remolque volquete trasero para la venta<\/h2>\n<p style=\"text-align: left;\">Panda Mech es un fabricante de remolques basculantes traseros de 50 toneladas de China. Suministramos remolques volquete trasero de 50 toneladas para la venta en Sud\u00e1frica, Nigeria, Tanzania, etc.<\/p>\n<p style=\"text-align: left;\"><a href=\"\/spanish\/contact-us\/\" rel=\"nofollow\"><img decoding=\"async\" src=\"https:\/\/pandamech.com\/wp-content\/uploads\/u_file\/db8ce19fe3.jpg\" alt=\"Semirremolques basculantes\" title=\"\"><\/a><\/p>\n<p>Relacionado\uff1a<\/p>\n<p><a href=\"https:\/\/www.pandamech.com\/spanish\/product\/wholesale-40-cbm-dump-trailers\/\">Semirremolque volquete de 40cbm<\/a><\/p>\n<p><a href=\"https:\/\/www.pandamech.com\/spanish\/product\/china-45m3-tipper-trailer-wholesale\/\">Remolque basculante trasero de 45 CBM<\/a><\/p>\n<p><a href=\"https:\/\/www.pandamech.com\/product\/dump-truck-p00128p1-html\/\">Remolque volquete de 60 toneladas<\/a><\/p>\n<p>FAQ<\/p>\n<h2 data-start=\"2031\" data-end=\"2082\">\u00bfCu\u00e1ntos ejes tiene un volquete de 50 toneladas?<\/h2>\n<p>3 ejes \/ 4 ejes<\/p>\n<h2 data-start=\"2031\" data-end=\"2082\">\u00bfCu\u00e1l es la diferencia entre los remolques basculantes traseros y los laterales?<\/h2>\n<p data-start=\"2031\" data-end=\"2082\"><strong>Los remolques basculantes traseros descargan la carga hacia atr\u00e1s en un \u00e1ngulo pronunciado, lo que los hace ideales para arena, grava y materiales de miner\u00eda en espacios abiertos, mientras que los remolques basculantes laterales descargan hacia los lados.<\/strong>, que es m\u00e1s seguro y eficaz en espacios reducidos o en terrenos irregulares, reduciendo el riesgo de vuelco.<\/p>","protected":false},"excerpt":{"rendered":"<p>Modelo: 3 ejes 50 toneladas<\/p>\n<p>Rango de precios: USD 15.500-25.000<\/p>\n<p>Plazo de entrega: 7-25 d\u00edas<\/p>\n<p>Aplicaci\u00f3n: transporte Carb\u00f3n, mineral, materiales de construcci\u00f3n<\/p>\n<p>\u00c1ngulo de inclinaci\u00f3n: 45\u00b0<\/p>\n<p>Sistema hidr\u00e1ulico: Cilindro HYVA<\/p>","protected":false},"featured_media":57742,"template":"","meta":{"_acf_changed":false,"_kad_blocks_custom_css":"","_kad_blocks_head_custom_js":"","_kad_blocks_body_custom_js":"","_kad_blocks_footer_custom_js":"","_kad_post_transparent":"default","_kad_post_title":"","_kad_post_layout":"default","_kad_post_sidebar_id":"","_kad_post_content_style":"default","_kad_post_vertical_padding":"default","_kad_post_feature":"","_kad_post_feature_position":"","_kad_post_header":false,"_kad_post_footer":false,"_kad_post_classname":""},"product_brand":[],"product_cat":[106],"product_tag":[],"class_list":{"0":"post-21288","1":"product","2":"type-product","3":"status-publish","4":"has-post-thumbnail","6":"product_cat-semi-dump-trailer","8":"first","9":"instock","10":"sold-individually","11":"shipping-taxable","12":"purchasable","13":"product-type-simple","14":"entry","15":"content-bg","16":"loop-entry"},"acf":[],"taxonomy_info":{"product_cat":[{"value":106,"label":"End Dump Trailer"}]},"featured_image_src_large":["https:\/\/www.pandamech.com\/wp-content\/uploads\/2022\/08\/2-20-500x500.jpg",500,500,true],"author_info":[],"comment_info":"","_links":{"self":[{"href":"https:\/\/www.pandamech.com\/spanish\/wp-json\/wp\/v2\/product\/21288","targetHints":{"allow":["GET"]}}],"collection":[{"href":"https:\/\/www.pandamech.com\/spanish\/wp-json\/wp\/v2\/product"}],"about":[{"href":"https:\/\/www.pandamech.com\/spanish\/wp-json\/wp\/v2\/types\/product"}],"version-history":[{"count":6,"href":"https:\/\/www.pandamech.com\/spanish\/wp-json\/wp\/v2\/product\/21288\/revisions"}],"predecessor-version":[{"id":91557,"href":"https:\/\/www.pandamech.com\/spanish\/wp-json\/wp\/v2\/product\/21288\/revisions\/91557"}],"wp:featuredmedia":[{"embeddable":true,"href":"https:\/\/www.pandamech.com\/spanish\/wp-json\/wp\/v2\/media\/57742"}],"wp:attachment":[{"href":"https:\/\/www.pandamech.com\/spanish\/wp-json\/wp\/v2\/media?parent=21288"}],"wp:term":[{"taxonomy":"product_brand","embeddable":true,"href":"https:\/\/www.pandamech.com\/spanish\/wp-json\/wp\/v2\/product_brand?post=21288"},{"taxonomy":"product_cat","embeddable":true,"href":"https:\/\/www.pandamech.com\/spanish\/wp-json\/wp\/v2\/product_cat?post=21288"},{"taxonomy":"product_tag","embeddable":true,"href":"https:\/\/www.pandamech.com\/spanish\/wp-json\/wp\/v2\/product_tag?post=21288"}],"curies":[{"name":"wp","href":"https:\/\/api.w.org\/{rel}","templated":true}]}}