{"id":21284,"date":"2025-12-01T15:01:58","date_gmt":"2025-12-01T07:01:58","guid":{"rendered":"http:\/\/pandamech.com\/?post_type=product&#038;p=21284"},"modified":"2025-12-07T09:53:50","modified_gmt":"2025-12-07T01:53:50","slug":"b-double-container-trailer","status":"publish","type":"product","link":"https:\/\/www.pandamech.com\/spanish\/product\/b-double-container-trailer\/","title":{"rendered":"Venta de chasis de contenedor de tren B"},"content":{"rendered":"<h2>\u00bfQu\u00e9 es un chasis de contenedor de tren B?<\/h2>\n<p>Chasis de contenedor de tren B tambi\u00e9n conocido como remolque de chasis esquel\u00e9tico doble B, etc. Generalmente utilizado para el transporte de contenedores ISO en puerto, astillero, rutas, puentes, t\u00faneles, estaci\u00f3n de transferencia, apoyando el sistema log\u00edstico de transporte multimodal. 40 pies de largo encajan de 4 a 14 juegos de esclusas de contenedores adecuados para 10\u2032, 20\u2032, 40\u2032 contenedor seco, contenedor cisterna y contenedor refrigerado, etc.<\/p>\n<h3>Aplicaciones en el transporte de contenedores y puertos (chasis de contenedor doble B)<\/h3>\n<ul>\n<li data-start=\"80\" data-end=\"222\">\n<p data-start=\"82\" data-end=\"222\"><strong data-start=\"82\" data-end=\"112\">V\u00edas de acarreo puerto-interior:<\/strong> Mueva dos cajas por viaje (por ejemplo, 2\u00d740\u2032 o 1\u00d740\u2032+1\u00d720\u2032 donde sea legal) para reducir los movimientos de puerta, el combustible y las horas de conductor.<\/p>\n<\/li>\n<li data-start=\"223\" data-end=\"340\" data-is-last-node=\"\">\n<p data-start=\"225\" data-end=\"340\" data-is-last-node=\"\"><strong data-start=\"225\" data-end=\"248\">Lanzaderas de rampa ferroviaria:<\/strong> Transferencias de alto rendimiento entre patios intermodales y dep\u00f3sitos con menos env\u00edos por TEU<\/p>\n<\/li>\n<\/ul>\n<h2>B Im\u00e1genes de chasis de contenedor de tren<\/h2>\n<p><img fetchpriority=\"high\" decoding=\"async\" class=\"alignnone wp-image-22252 size-full\" src=\"https:\/\/pandamech.com\/wp-content\/uploads\/2021\/08\/7-126.jpg\" alt=\"b doble remolque contenedor fors venta\" width=\"800\" height=\"533\" title=\"\"><\/p>\n<h2>V\u00eddeo de chasis de contenedor de tren b<\/h2>\n<p><iframe title=\"Reproductor de v\u00eddeo YouTube\" src=\"https:\/\/www.youtube.com\/embed\/nu4rd7lOvqQ?si=chw778PkYhbibxwO\" width=\"800\" height=\"533\" frameborder=\"0\" allowfullscreen=\"allowfullscreen\"><\/iframe><\/p>\n<h2>B Chasis de contenedor de tren Especificaciones<\/h2>\n<table style=\"width: 800px;\" border=\"1\" cellspacing=\"1\" cellpadding=\"1\">\n<tbody>\n<tr>\n<td width=\"457\" height=\"32\">Dimensi\u00f3n<\/td>\n<td width=\"492\">(12500*2500*1550 mm) * 2<\/td>\n<\/tr>\n<tr>\n<td width=\"457\" height=\"32\">Altura<\/td>\n<td>1550 mm<\/td>\n<\/tr>\n<tr>\n<td width=\"457\" height=\"32\">Anchura<\/td>\n<td>2500mm<\/td>\n<\/tr>\n<tr>\n<td width=\"457\" height=\"32\">Peso<\/td>\n<td>11200Kg<\/td>\n<\/tr>\n<tr>\n<td width=\"457\" height=\"32\">Viga principal<\/td>\n<td>\u201cSecci\u00f3n \u201dI\" 500mm altura Q345\/T700 material<\/td>\n<\/tr>\n<tr>\n<td width=\"457\" height=\"32\">Bloqueo giratorio<\/td>\n<td>12\/14 set Norma ISO<\/td>\n<\/tr>\n<tr>\n<td width=\"457\" height=\"32\">Suspensi\u00f3n<\/td>\n<td>Suspensi\u00f3n mec\u00e1nica<\/td>\n<\/tr>\n<tr>\n<td width=\"457\" height=\"32\">Eje<\/td>\n<td>2 ejes BPW\/FUWA\/PDME, etc.<\/td>\n<\/tr>\n<tr>\n<td width=\"457\" height=\"32\">Llanta<\/td>\n<td>8\/12\/16 piezas 9,0-22,5 Acero\/Aluminio<\/td>\n<\/tr>\n<tr>\n<td width=\"457\" height=\"32\">Neum\u00e1tico<\/td>\n<td>8\/12\/16 piezas 12R22.5 Bridgeston\/Triangle\/Linglong etc.<\/td>\n<\/tr>\n<tr>\n<td width=\"457\" height=\"32\">V\u00e1lvula de freno<\/td>\n<td>WABCO<\/td>\n<\/tr>\n<tr>\n<td width=\"457\" height=\"32\">C\u00e1mara de frenado<\/td>\n<td>4\/6\/8 series T30\/30<\/td>\n<\/tr>\n<tr>\n<td width=\"457\" height=\"32\">Dep\u00f3sito de aire<\/td>\n<td>28L<\/td>\n<\/tr>\n<tr>\n<td width=\"457\" height=\"32\">Tubo de freno<\/td>\n<td>Tubo de alambre de nailon<\/td>\n<\/tr>\n<tr>\n<td width=\"457\" height=\"32\">Tren de aterrizaje<\/td>\n<td>28T Elevaci\u00f3n JOST\/YAHUA<\/td>\n<\/tr>\n<tr>\n<td width=\"457\" height=\"32\">Kingpin<\/td>\n<td>2\u2033(50mm)\/3.5\u2033(90mm) Tipo de atornillado JOST<\/td>\n<\/tr>\n<tr>\n<td width=\"457\" height=\"32\">Luces<\/td>\n<td>12v\/24v LED estancos<\/td>\n<\/tr>\n<tr>\n<td width=\"457\" height=\"32\">Color<\/td>\n<td>Personalizado<\/td>\n<\/tr>\n<\/tbody>\n<\/table>\n<h2>Caracter\u00edsticas del chasis portacontenedores b Train<\/h2>\n<p data-start=\"143\" data-end=\"355\"><strong data-start=\"143\" data-end=\"177\">1) Estructura y capacidad de carga<\/strong><\/p>\n<p data-start=\"143\" data-end=\"355\">Un chasis portacontenedores B Train empareja una quinta rueda trasera del bastidor A con el bastidor B; vigas de alta resistencia a la tracci\u00f3n, opciones de cuello recto\/cuello de cisne; disposiciones de cierre para 2\u00d740\u2032 o 1\u00d740\u2032+1\u00d720\u2032.<\/p>\n<p data-start=\"357\" data-end=\"548\"><strong data-start=\"357\" data-end=\"381\">2) Eficacia y costes<\/strong><\/p>\n<p data-start=\"357\" data-end=\"548\">Un chasis portacontenedores B Train desplaza dos cajas por viaje, reduciendo el combustible por TEU, los desplazamientos por puerta y las horas de conductor, al tiempo que se reducen los retornos en vac\u00edo y la complejidad de la expedici\u00f3n.<\/p>\n<p data-start=\"550\" data-end=\"751\"><strong data-start=\"550\" data-end=\"575\">3) Estabilidad y seguridad<\/strong><\/p>\n<p data-start=\"550\" data-end=\"751\">El chasis del contenedor B Train traza limpiamente las curvas; m\u00e1s ejes mejoran la distribuci\u00f3n del frenado. Los frenos neum\u00e1ticos de doble l\u00ednea, ABS\/EBS y los ejes elevables\/deslizantes mejoran el control.<\/p>\n<p data-start=\"753\" data-end=\"965\"><strong data-start=\"753\" data-end=\"781\">4) Equipamiento y mantenimiento<\/strong><\/p>\n<p data-start=\"753\" data-end=\"965\">Arn\u00e9s sellado, luces LED, m\u00f3dulos atornillables, cajas de herramientas, soportes para ruedas de repuesto. <strong data-start=\"862\" data-end=\"876\">Panda Mech<\/strong> admite llantas de acero\/aluminio, neum\u00e1ticos de marca y acceso de servicio abierto para minimizar el tiempo de inactividad.<\/p>\n<h2>B Chasis de contenedor de tren Fabricante<\/h2>\n<p>Panda Mech es un fabricante de chasis portacontenedores de tren B de China. Suministramos chasis de contenedor de tren B para la venta. Los fabricantes de PANDA MECH han tenido \u00e9xito en el sudeste asi\u00e1tico, Oriente Medio, \u00c1frica y Am\u00e9rica del Sur, como Filipinas, Tanzania, etc....<u><a href=\"https:\/\/www.pandamech.com\/spanish\/about\/\" rel=\"nofollow noopener\" name=\"662ae8fb-4e4e-4cc5-876a-6bfaecae5a2d\" target=\"_blank\">M\u00e1s sobre el panda<\/a><\/u><\/p>\n<p><a href=\"\/spanish\/contact-us\/\" rel=\"nofollow\"><img decoding=\"async\" src=\"https:\/\/pandamech.com\/wp-content\/uploads\/u_file\/db8ce19fe3.jpg\" alt=\"Chasis de contenedor de 40 pies\" title=\"\"><\/a><\/p>\n<h2>FAQ<\/h2>\n<h3>\u00bfC\u00f3mo funciona un chasis de contenedor doble B?<\/h3>\n<p>Un chasis portacontenedores doble B es un tractor-remolque con un bastidor portacontenedores de tracci\u00f3n delantera (A) y una quinta rueda incorporada en la parte trasera. A continuaci\u00f3n, se conecta a un segundo bastidor de tracci\u00f3n trasera (B), eliminando la necesidad de un remolque de transferencia central. El bastidor delantero distribuye parte de la carga vertical al tractor y comparte m\u00e1s ejes, lo que mejora el frenado y el contrapeso. Las tuber\u00edas y el cableado el\u00e9ctrico discurren por ambos bastidores para garantizar la sincronizaci\u00f3n del frenado y el alumbrado.<\/p>\n<h3>Doble B vs Tren de carretera - \u00bfCu\u00e1l es la diferencia?<\/h3>\n<p data-start=\"2104\" data-end=\"2320\">Un B Doble utiliza una conexi\u00f3n de quinta rueda entre remolques para mayor estabilidad, mientras que un Tren de Carretera utiliza plataformas rodantes convertidoras, lo que lo hace m\u00e1s largo pero menos estable.<\/p>\n<h3 data-start=\"2325\" data-end=\"2452\"><strong data-start=\"2325\" data-end=\"2370\">\u00bfQu\u00e9 longitud tiene un remolque contenedor B Doble?<\/strong><\/h3>\n<p data-start=\"2325\" data-end=\"2452\">La longitud total t\u00edpica es de 25-26 metros, seg\u00fan la regi\u00f3n y el dise\u00f1o del chasis.<\/p>\n<h3 data-start=\"2457\" data-end=\"2596\"><strong data-start=\"2457\" data-end=\"2499\">\u00bfCu\u00e1nto cuesta un chasis doble B?<\/strong><\/h3>\n<p data-start=\"2457\" data-end=\"2596\">Precios de f\u00e1brica <strong data-start=\"2523\" data-end=\"2540\">$7.800-20.600<\/strong>, seg\u00fan el tipo de eje, el material y la personalizaci\u00f3n.<\/p>\n<h3 data-start=\"2457\" data-end=\"2596\"><strong data-start=\"2601\" data-end=\"2642\">\u00bfPuede un remolque portacontenedores B Double transportar contenedores de 40 pies?<\/strong><\/h3>\n<p data-start=\"2457\" data-end=\"2596\">S\u00ed. El remolque A suele llevar 1\u00d740 pies o 2\u00d720 pies, y el remolque B de doble contenedor, otro de 1\u00d740 pies.<\/p>\n<p><!--\u04bb?\u043f?\u02bc--><\/p>","protected":false},"excerpt":{"rendered":"<p><strong>Tipo<\/strong>: Venta de remolque chasis contenedor doble B<\/p>\n<p><strong>Precios<\/strong>: $7,800-20,600<\/p>\n<p><strong>Entrega<\/strong>7-26 d\u00edas<\/p>\n<p><strong>Aplicaci\u00f3n<\/strong>: contenedor de transporte<\/p>\n<p>Capacidad de carga: 20-50 toneladas<\/p>","protected":false},"featured_media":57818,"template":"","meta":{"_acf_changed":false,"_kad_blocks_custom_css":"","_kad_blocks_head_custom_js":"","_kad_blocks_body_custom_js":"","_kad_blocks_footer_custom_js":"","_kad_post_transparent":"default","_kad_post_title":"","_kad_post_layout":"default","_kad_post_sidebar_id":"","_kad_post_content_style":"default","_kad_post_vertical_padding":"default","_kad_post_feature":"","_kad_post_feature_position":"","_kad_post_header":false,"_kad_post_footer":false,"_kad_post_classname":""},"product_brand":[],"product_cat":[103],"product_tag":[],"class_list":{"0":"post-21284","1":"product","2":"type-product","3":"status-publish","4":"has-post-thumbnail","6":"product_cat-container-chassis-trailer","8":"first","9":"instock","10":"sold-individually","11":"shipping-taxable","12":"purchasable","13":"product-type-simple","14":"entry","15":"content-bg","16":"loop-entry"},"acf":[],"taxonomy_info":{"product_cat":[{"value":103,"label":"Container Chassis"}]},"featured_image_src_large":["https:\/\/www.pandamech.com\/wp-content\/uploads\/2022\/08\/3-88-500x500.jpg",500,500,true],"author_info":[],"comment_info":"","_links":{"self":[{"href":"https:\/\/www.pandamech.com\/spanish\/wp-json\/wp\/v2\/product\/21284","targetHints":{"allow":["GET"]}}],"collection":[{"href":"https:\/\/www.pandamech.com\/spanish\/wp-json\/wp\/v2\/product"}],"about":[{"href":"https:\/\/www.pandamech.com\/spanish\/wp-json\/wp\/v2\/types\/product"}],"version-history":[{"count":6,"href":"https:\/\/www.pandamech.com\/spanish\/wp-json\/wp\/v2\/product\/21284\/revisions"}],"predecessor-version":[{"id":92438,"href":"https:\/\/www.pandamech.com\/spanish\/wp-json\/wp\/v2\/product\/21284\/revisions\/92438"}],"wp:featuredmedia":[{"embeddable":true,"href":"https:\/\/www.pandamech.com\/spanish\/wp-json\/wp\/v2\/media\/57818"}],"wp:attachment":[{"href":"https:\/\/www.pandamech.com\/spanish\/wp-json\/wp\/v2\/media?parent=21284"}],"wp:term":[{"taxonomy":"product_brand","embeddable":true,"href":"https:\/\/www.pandamech.com\/spanish\/wp-json\/wp\/v2\/product_brand?post=21284"},{"taxonomy":"product_cat","embeddable":true,"href":"https:\/\/www.pandamech.com\/spanish\/wp-json\/wp\/v2\/product_cat?post=21284"},{"taxonomy":"product_tag","embeddable":true,"href":"https:\/\/www.pandamech.com\/spanish\/wp-json\/wp\/v2\/product_tag?post=21284"}],"curies":[{"name":"wp","href":"https:\/\/api.w.org\/{rel}","templated":true}]}}