{"id":21282,"date":"2022-04-15T19:01:58","date_gmt":"2022-04-15T11:01:58","guid":{"rendered":"http:\/\/pandamech.com\/?post_type=product&#038;p=21282"},"modified":"2025-08-23T01:08:44","modified_gmt":"2025-08-22T17:08:44","slug":"3-4-axle-low-bed-trailers","status":"publish","type":"product","link":"https:\/\/www.pandamech.com\/spanish\/product\/3-4-axle-low-bed-trailers\/","title":{"rendered":"Dimensiones del remolque de cami\u00f3n de plataforma baja de 20-120 toneladas"},"content":{"rendered":"<h2>Significado de remolque de plataforma baja<\/h2>\n<p><strong>remolque de plataforma baja<\/strong> se conoce como <span style=\"color: #0000ff;\"><a style=\"color: #0000ff;\" href=\"https:\/\/www.pandamech.com\/spanish\/category\/low-bed-trailers\/low-boy-trailer\/\" target=\"_blank\" rel=\"noopener\">remolque bajo<\/a><\/span>, <a href=\"https:\/\/www.pandamech.com\/spanish\/category\/low-bed-trailers\/\" target=\"_blank\" rel=\"noopener\"><span style=\"color: #0000ff;\">remolque bajo<\/span><\/a>, cami\u00f3n de plataforma baja o cami\u00f3n de plataforma baja. Generalmente se utilizan para transportar maquinaria de construcci\u00f3n y equipos de gran tama\u00f1o. T\u00edpicamente, muchos lugares son limitados, especialmente en algunos puentes. El uso de remolques de plataforma plana no se puede transportar, por lo que la gente utiliza remolques de cama baja para el transporte.<\/p>\n<h2>Especificaciones del remolque de plataforma baja<\/h2>\n<h3>Marcas de remolques bajos para camiones<\/h3>\n<p>- Panda Mech<\/p>\n<h3>Capacidad de carga del remolque de plataforma baja: 20-120 toneladas<\/h3>\n<p>- Semirremolque de plataforma baja de 2 ejes capacidad: 20-40 toneladas<\/p>\n<p>- Remolque de plataforma baja de 3 ejes capacidad: 40-70 toneladas<\/p>\n<p>- Capacidad de carga del cami\u00f3n remolque de plataforma baja de 4 ejes: 70-90 toneladas<\/p>\n<p>Todas las capacidades de camiones de plataforma baja pueden personalizarse.<\/p>\n<h3>Dimensiones del remolque de plataforma baja<\/h3>\n<p>- Cami\u00f3n remolque de plataforma baja de 2 ejes dimensiones: 13000x3000x1750\/1250 mm<\/p>\n<p>- Remolque de 3 ejes de carga baja medidas: 13500x3000x1700\/1250 mm<\/p>\n<p>- Remolque de plataforma baja de 3 ejes para cargas pesadas Dimensiones est\u00e1ndar: 14000x3000x1750\/1250 mm<\/p>\n<p>Todas las dimensiones de los remolques de plataforma baja pueden personalizarse.<\/p>\n<h3>Peso del remolque de plataforma baja<\/h3>\n<p>- Remolque de plataforma baja de 2 ejes peso: 9-11 ton<\/p>\n<p>- Peso del remolque lowboy de triple eje: 10-11 toneladas<\/p>\n<p>- Remolque de plataforma baja de 4 ejes peso: 10-12 toneladas<\/p>\n<p>- remolque lowboy 5 ejes peso: 11-12 ton<\/p>\n<p>- Remolques de 8 ejes de plataforma baja y alta peso: 12-14 toneladas<\/p>\n<p>Todos los pesos de camiones de plataforma baja se pueden personalizar.<\/p>\n<h3>Anchura del remolque de plataforma baja<\/h3>\n<p>- 3000mm, 3 metros, M\u00e1s utilizados<\/p>\n<h3>longitud m\u00e1xima del remolque de plataforma baja<\/h3>\n<p>- 16000 mm<\/p>\n<h3>altura del remolque de plataforma baja desde el suelo: 850-1250 mm<\/h3>\n<p>- altura m\u00e1xima del remolque bajo: 1750 mm<\/p>\n<h3>Longitud del remolque semirrebajado<\/h3>\n<p>- 850-1250 mm, adaptado a sus necesidades.<\/p>\n<p>- remolque de plataforma baja altura m\u00e1xima: 1250 mm, 1,25 metros<\/p>\n<h3>Viga principal del remolque de plataforma baja<\/h3>\n<p>Viga principal engrosada: 500 mm.<\/p>\n<p>Anchura de la viga principal: 300 mm.<\/p>\n<h3>Viga lateral<\/h3>\n<p>Altura: 300 mm;<\/p>\n<p>Grosor: 10 mm.<\/p>\n<p><img fetchpriority=\"high\" decoding=\"async\" class=\"alignnone size-full wp-image-39019\" src=\"https:\/\/pandamech.com\/wp-content\/uploads\/2022\/04\/beam.jpg\" alt=\"remolque de plataforma baja altura de la viga principal gruesa\" width=\"750\" height=\"547\" title=\"\"><\/p>\n<h3>Ruedas de remolque de plataforma baja<\/h3>\n<p>- dos ejes: 2\u00d74+1<\/p>\n<p>- Eje triple: 3\u00d74+1<\/p>\n<p>- eje de harina: 4\u00d74+1<\/p>\n<p>- Remolque de plataforma baja de 6 ejes: 6\u00d74+1<\/p>\n<h3>Eje de remolque de plataforma baja<\/h3>\n<p>- BPW, FUWA, 2-10 ejes<\/p>\n<h3>Suspensi\u00f3n de remolque de plataforma baja<\/h3>\n<p>- Suspensi\u00f3n mec\u00e1nica \/ suspensi\u00f3n neum\u00e1tica<\/p>\n<h3>Neum\u00e1ticos para remolques de plataforma baja<\/h3>\n<p>- 235\/70 R 17.5<\/p>\n<p>- 245\/70 R 17.5<\/p>\n<p>- 295\/60 R 22.5<\/p>\n<p>- 11 R 22.5<\/p>\n<p>- 12 R 22.5<\/p>\n<p>- 315\/80 R 22.5<\/p>\n<h3>Nombres de las piezas del remolque de plataforma baja<\/h3>\n<p>- Rampas para semirremolques de plataforma baja, bomba hidr\u00e1ulica, v\u00e1lvula para semirremolques de plataforma baja, reforzador, zapatas de freno, tambores de freno, estabilizadores, suspensi\u00f3n, tren de aterrizaje, neum\u00e1ticos, luces,<\/p>\n<h3>Tipos de remolques de plataforma baja<\/h3>\n<p>- Remolques de plataforma baja con cuello de cisne desmontable, remolques de plataforma baja con cuello de cisne, remolques de plataforma baja extensible, remolques de plataforma baja con cuello, remolques de plataforma baja con escalones, remolques de plataforma baja con rampas hidr\u00e1ulicas y remolques de plataforma baja especiales (personalizados).<\/p>\n<h2>3\/4 Eje remolque cama baja im\u00e1genes<\/h2>\n<p><img decoding=\"async\" class=\"alignnone wp-image-22218 size-full\" src=\"https:\/\/pandamech.com\/wp-content\/uploads\/2021\/08\/7-122.jpg\" alt=\"Remolques de cama baja de 3\/4 de eje\" width=\"800\" height=\"533\" title=\"\"><\/p>\n<p>ejes triples <span style=\"color: #0000ff;\"><a style=\"color: #0000ff;\" href=\"https:\/\/www.pandamech.com\/spanish\/product\/3-axle-low-bed-trailer-p00122p1-html\/\" target=\"_blank\" rel=\"noopener\">Remolque de plataforma baja de 40 pies<\/a><\/span> en venta<\/p>\n<p><img decoding=\"async\" class=\"alignnone wp-image-22217 size-full\" src=\"https:\/\/pandamech.com\/wp-content\/uploads\/2021\/08\/7-121.jpg\" alt=\"Remolques de cama baja de 3\/4 de eje\" width=\"800\" height=\"533\" title=\"\"><\/p>\n<p>4 ejes lowboy cami\u00f3n remolque para la venta<\/p>\n<p><strong>M\u00e1s tipo: <\/strong><\/p>\n<p><span style=\"color: #0000ff;\"><a style=\"color: #0000ff;\" href=\"https:\/\/www.pandamech.com\/spanish\/product\/2-axle-low-bed-trailer\/\" target=\"_blank\" rel=\"noopener\">Venta de remolques de 2 ejes de plataforma baja<\/a><\/span><\/p>\n<p><span style=\"color: #0000ff;\"><a style=\"color: #0000ff;\" href=\"https:\/\/www.pandamech.com\/spanish\/product\/10-axle-lowboy-trailer\/\" target=\"_blank\" rel=\"noopener\">Semirremolque de plataforma baja de 10 ejes y 150 toneladas<\/a><\/span><\/p>\n<h2>Fabricantes de remolques de plataforma baja<\/h2>\n<p>Panda Mech es un fabricante de remolques de plataforma baja de China. Tenemos una amplia experiencia en la fabricaci\u00f3n de semirremolques. Ofrecemos una variedad de remolques de plataforma baja para la venta. Podemos personalizarlo de acuerdo a sus necesidades. Hemos tenido \u00e9xito en \u00c1frica, Am\u00e9rica del Sur y el Sudeste Asi\u00e1tico, como Tanzania, Nigeria, Kenia...<\/p>\n<p>Suministramos 20 toneladas 50 toneladas 60 toneladas 100 toneladas, 200 toneladas, 2 ejes 3 ejes 4 ejes remolques de plataforma baja para la venta.<\/p>\n<h2>venta de remolques de plataforma baja<\/h2>\n<p>Coste de los semirremolques bajos de 2 ejes: $13.800-17.800<\/p>\n<p>cami\u00f3n de 3 ejes con remolque lowboy para la venta: $15,800-19,800<\/p>\n<p>4 ejes de cama baja cami\u00f3n remolque cargos: $18,800-22,800<\/p>\n<p>Remolque de cama baja de 5-10 ejes Precio: Contacte con nosotros para un presupuesto.<\/p>\n<p>Remolque de cami\u00f3n de plataforma baja desmontable: $21.000-45.000<\/p>\n<p>remolque de cuello de cisne de carga baja para la venta: P\u00f3ngase en contacto con nosotros para un presupuesto.<\/p>\n<p>Especial remolque de cama baja para la venta:\u00a0<a href=\"\/spanish\/contact-us\/\">P\u00f3ngase en contacto con nosotros<\/a> para obtener un presupuesto.<\/p>\n<p><a href=\"\/spanish\/contact-us\/\"><img loading=\"lazy\" decoding=\"async\" src=\"\/wp-content\/uploads\/u_file\/db8ce19fe3.jpg\" alt=\"venta de remolques bajos para camiones\" width=\"864\" height=\"213\" title=\"\"><\/a><\/p>\n<p>Relacionado: <span style=\"color: #0000ff;\"><a style=\"color: #0000ff;\" href=\"https:\/\/www.pandamech.com\/spanish\/category\/low-bed-trailers\/detachable-gooseneck-trailer\/\" target=\"_blank\" rel=\"noopener\">Se vende remolque desmontable de cuello de cisne y plataforma baja<\/a><\/span><\/p>\n<p>&nbsp;<\/p>\n<p>Otros:<\/p>\n<h2>\u00bfC\u00f3mo de bajo es un remolque de plataforma baja?<\/h2>\n<p>La altura baja del remolque lowboy: es de 800 mm.<\/p>\n<h2>A qu\u00e9 altura del suelo se encuentra un remolque lowboy<\/h2>\n<p>El remolque lowboy de la parte inferior 750-1250 mm.<\/p>\n<h2>\u00bfCu\u00e1l es el tama\u00f1o de un remolque de plataforma abatible?<\/h2>\n<p>El tama\u00f1o del remolque de plataforma abatible: es de 750-1250 mm.<\/p>\n<h2>carga de remolques de plataforma baja<\/h2>\n<p>En general, el cami\u00f3n de plataforma baja se carga por la parte trasera. La principal diferencia entre el cami\u00f3n de plataforma baja con cuello de cisne m\u00f3vil y el cami\u00f3n de plataforma baja ordinario es que el cami\u00f3n de plataforma baja con cuello de cisne m\u00f3vil carga el equipo o la carga desde la parte delantera.<\/p>\n<p>Idealmente, el cami\u00f3n de plataforma baja con cuello de cisne m\u00f3vil es complejo, pero los equipos\/mercanc\u00edas del cami\u00f3n se conducen f\u00e1cilmente. El equipo es m\u00e1s seguro y estable durante la carga, el transporte y la descarga.<\/p>\n<h2>Diferentes tipos de remolques de plataforma baja<\/h2>\n<p><strong>Cuello de cisne desmontable: Remolque RGN<\/strong><\/p>\n<p>El cuello de cisne desmontable tambi\u00e9n se denomina remolque de cuello de cisne de cintura baja. El bastidor general es escalonado, y la parte portante se encuentra detr\u00e1s del cuello de cisne, lo que reduce el plano principal de la plataforma de carga, lo que facilita el transporte y la carga y descarga de la carga.<\/p>\n<p><img loading=\"lazy\" decoding=\"async\" class=\"alignnone wp-image-31794 size-full\" src=\"https:\/\/pandamech.com\/wp-content\/uploads\/2022\/04\/hydraulic-detachable-gooseneck-lowboy-trailer1.jpg\" alt=\"remolque bajo hidr\u00e1ulico desmontable con cuello de cisne\" width=\"800\" height=\"533\" title=\"\"><\/p>\n<p>El dise\u00f1o desmontable del cuello de cisne puede evitar que el remolque vuelque al transportar equipos pesados, garantizando en cierta medida la seguridad del veh\u00edculo y del conductor.<\/p>\n<p>El cuello de cisne desmontable es un semirremolque de plataforma baja muy utilizado. El RGN hidr\u00e1ulico es un semirremolque de plataforma baja m\u00e1s utilizado. En general, el remolque utiliza cilindros hidr\u00e1ulicos para controlar el cuello de cisne.<\/p>\n<p><strong>Remolque ordinario de plataforma baja<\/strong><\/p>\n<p>El remolque de plataforma baja se utiliza para transportar mercanc\u00edas pesadas ordinarias. En comparaci\u00f3n con el remolque de plataforma plana, tiene una plataforma de carga m\u00e1s baja, pero su altura de transporte es relativamente baja en comparaci\u00f3n con otros tipos de remolques de plataforma baja.<\/p>\n<p>Generalmente, un remolque de plataforma baja est\u00e1ndar de dos ejes puede transportar hasta 40.000 libras de mercanc\u00edas, pero podemos aumentar la capacidad de carga a\u00f1adiendo ejes. La capacidad de carga del remolque de plataforma baja depende del modelo del remolque.<\/p>\n<p><img loading=\"lazy\" decoding=\"async\" class=\"alignnone size-full wp-image-22219\" src=\"https:\/\/pandamech.com\/wp-content\/uploads\/2021\/08\/8-lowbed-trailer.jpg\" alt=\"20 200 toneladas camiones de carga baja para la venta\" width=\"800\" height=\"533\" title=\"\"><\/p>\n<p>Por supuesto, se recomienda ponerse en contacto con la empresa antes de comprar. El gerente comunica que algunas f\u00e1bricas pueden producir camiones de plataforma baja con mayor resistencia y mayor carga. Puedes personalizarlos en funci\u00f3n de la mercanc\u00eda que necesites transportar.<\/p>\n<p><strong>Remolque de plataforma baja de tipo viga c\u00f3ncava;<\/strong><\/p>\n<p>Este tipo de remolque de cami\u00f3n de plataforma baja se utiliza generalmente para el transporte de equipos de gran tama\u00f1o y equipos ultra-alta, y su plano de apoyo es poco profundo.<\/p>\n<p><strong>Transporte de carga excesivamente larga remolque de plataforma baja<\/strong><\/p>\n<p>Este tipo de remolque se utiliza principalmente para transportar cargas largas, palas e\u00f3licas y otras cargas.<\/p>\n<p>Si tiene alg\u00fan problema t\u00e9cnico de reparaci\u00f3n y mantenimiento, env\u00ede un correo electr\u00f3nico a <u><a href=\"mailto:sales@pandamech.com\">sales@pandamech.com<\/a><\/u>, y le responderemos lo antes posible para solucionar el problema en cuanto lo recibamos.<\/p>\n<p>Si desea recibir un presupuesto, haga clic a continuaci\u00f3n para ponerse en contacto con nosotros.<\/p>\n<p><a href=\"\/spanish\/contact-us\/\"><img loading=\"lazy\" decoding=\"async\" src=\"\/wp-content\/uploads\/u_file\/db8ce19fe3.jpg\" alt=\"Remolque de cama baja de 4 ejes en venta\" width=\"864\" height=\"213\" title=\"\"><\/a><\/p>","protected":false},"excerpt":{"rendered":"<p>Tipo: 3\/4 ejes 50\/70 toneladas remolque de plataforma baja<\/p>\n<p>Gama de precios: $16.500-26.500<\/p>\n<p>Entrega: 7-28 d\u00edas<\/p>\n<p>Dimensiones: a medida<\/p>\n<p>Aplicaci\u00f3n: para transportar excavadoras, cargadoras de ruedas u otra maquinaria.<\/p>","protected":false},"featured_media":58709,"template":"","meta":{"_acf_changed":false,"_kad_blocks_custom_css":"","_kad_blocks_head_custom_js":"","_kad_blocks_body_custom_js":"","_kad_blocks_footer_custom_js":"","_kad_post_transparent":"default","_kad_post_title":"","_kad_post_layout":"default","_kad_post_sidebar_id":"","_kad_post_content_style":"default","_kad_post_vertical_padding":"default","_kad_post_feature":"","_kad_post_feature_position":"","_kad_post_header":false,"_kad_post_footer":false,"_kad_post_classname":""},"product_brand":[],"product_cat":[112],"product_tag":[],"class_list":{"0":"post-21282","1":"product","2":"type-product","3":"status-publish","4":"has-post-thumbnail","6":"product_cat-low-boy-trailer","8":"first","9":"instock","10":"sold-individually","11":"shipping-taxable","12":"purchasable","13":"product-type-simple","14":"entry","15":"content-bg","16":"loop-entry"},"acf":[],"taxonomy_info":{"product_cat":[{"value":112,"label":"Low Boy Trailer"}]},"featured_image_src_large":["https:\/\/www.pandamech.com\/wp-content\/uploads\/2022\/08\/3-5-500x500.jpg",500,500,true],"author_info":[],"comment_info":"","_links":{"self":[{"href":"https:\/\/www.pandamech.com\/spanish\/wp-json\/wp\/v2\/product\/21282","targetHints":{"allow":["GET"]}}],"collection":[{"href":"https:\/\/www.pandamech.com\/spanish\/wp-json\/wp\/v2\/product"}],"about":[{"href":"https:\/\/www.pandamech.com\/spanish\/wp-json\/wp\/v2\/types\/product"}],"version-history":[{"count":1,"href":"https:\/\/www.pandamech.com\/spanish\/wp-json\/wp\/v2\/product\/21282\/revisions"}],"predecessor-version":[{"id":91445,"href":"https:\/\/www.pandamech.com\/spanish\/wp-json\/wp\/v2\/product\/21282\/revisions\/91445"}],"wp:featuredmedia":[{"embeddable":true,"href":"https:\/\/www.pandamech.com\/spanish\/wp-json\/wp\/v2\/media\/58709"}],"wp:attachment":[{"href":"https:\/\/www.pandamech.com\/spanish\/wp-json\/wp\/v2\/media?parent=21282"}],"wp:term":[{"taxonomy":"product_brand","embeddable":true,"href":"https:\/\/www.pandamech.com\/spanish\/wp-json\/wp\/v2\/product_brand?post=21282"},{"taxonomy":"product_cat","embeddable":true,"href":"https:\/\/www.pandamech.com\/spanish\/wp-json\/wp\/v2\/product_cat?post=21282"},{"taxonomy":"product_tag","embeddable":true,"href":"https:\/\/www.pandamech.com\/spanish\/wp-json\/wp\/v2\/product_tag?post=21282"}],"curies":[{"name":"wp","href":"https:\/\/api.w.org\/{rel}","templated":true}]}}