{"id":21280,"date":"2022-04-16T19:01:58","date_gmt":"2022-04-16T11:01:58","guid":{"rendered":"http:\/\/pandamech.com\/?post_type=product&#038;p=21280"},"modified":"2025-08-23T01:08:44","modified_gmt":"2025-08-22T17:08:44","slug":"3-axle-fence-semi-trailer","status":"publish","type":"product","link":"https:\/\/www.pandamech.com\/spanish\/product\/3-axle-fence-semi-trailer\/","title":{"rendered":"Semirremolque valla de carga de 3 ejes"},"content":{"rendered":"<p>El semirremolque valla se utiliza principalmente en sistemas log\u00edsticos de apoyo a buques, puertos, rutas, autopistas, estaciones de transferencia, puentes, t\u00faneles y transporte multimodal.<\/p>\n<h2>3 Eje Cerca remolque de carga caracter\u00edstica<\/h2>\n<ul>\n<li>1. El cuerpo general del remolque de carga de valla est\u00e1 hecho de acero de alta calidad, tecnolog\u00eda avanzada, estricto proceso de producci\u00f3n, rendimiento fiable y estructura razonable.<\/li>\n<li>2. Estructura de viga transversal, la viga longitudinal generalmente puede elegir viga recta o viga de cuello de cisne.<\/li>\n<li>3. La suspensi\u00f3n adopta una suspensi\u00f3n r\u00edgida prensada de chapa de acero no vertical, hecha de ballestas en t\u00e1ndem y cojinetes de suspensi\u00f3n, con una estructura razonable, alta rigidez y resistencia, utilizada para soportar la carga para mitigar el impacto.<\/li>\n<\/ul>\n<h2>Especificaciones del semirremolque valla de 3 ejes<\/h2>\n<table style=\"width: 800px;\" border=\"1\" cellspacing=\"1\" cellpadding=\"1\">\n<tbody>\n<tr>\n<td width=\"155\" height=\"36\">\u00a0Fabricante<\/td>\n<td width=\"636\">\u00a0Semirremolque valla de carga Panda Mech<\/td>\n<\/tr>\n<tr>\n<td height=\"36\">\u00a0Carga \u00fatil<\/td>\n<td>\u00a040.000 kg<\/td>\n<\/tr>\n<tr>\n<td height=\"36\">\u00a0Peso de tara<\/td>\n<td>\u00a073,00kg<\/td>\n<\/tr>\n<tr>\n<td height=\"36\">\u00a0Dimensi\u00f3n<\/td>\n<td>\u00a013000x2500x1550mm+(con valla desmontable 2200mm)<\/td>\n<\/tr>\n<tr>\n<td height=\"36\">\u00a0Distancia entre ejes<\/td>\n<td>\u00a01310 mm<\/td>\n<\/tr>\n<tr>\n<td height=\"36\">\u00a0Haz principal<\/td>\n<td>\u00a0Altura de la viga 500mm, placa superior-14mm, placa inferior doble 8mm, placa intermedia-16mm, de acero Q345<\/td>\n<\/tr>\n<tr>\n<td height=\"36\">\u00a0Viga transversal\/lateral<\/td>\n<td>\u00a0Q235, canal de acero<\/td>\n<\/tr>\n<tr>\n<td height=\"36\">\u00a0Suelo<\/td>\n<td>\u00a0Placa de acero diamantada de 3 mm<\/td>\n<\/tr>\n<tr>\n<td height=\"36\">\u00a0Pintura<\/td>\n<td>\u00a0Chasis completo con chorro de arena para limpiar el \u00f3xido, capa de imprimaci\u00f3n anticorrosiva, 2 capas de pintura final.<\/td>\n<\/tr>\n<tr>\n<td height=\"36\">\u00a0Caja de herramientas<\/td>\n<td>\u00a01piecs<\/td>\n<\/tr>\n<tr>\n<td height=\"36\">\u00a0Soldadura<\/td>\n<td>\u00a0Las vigas largas se sueldan con arco de CO2 mediante penetraci\u00f3n 80% en el lado exterior y el cord\u00f3n.<\/td>\n<\/tr>\n<tr>\n<td height=\"36\">\u00a0Eje<\/td>\n<td>\u00a0Eje FUWA de 3x13 toneladas<\/td>\n<\/tr>\n<tr>\n<td height=\"36\">\u00a0Suspensi\u00f3n<\/td>\n<td>\u00a0Suspensi\u00f3n mec\u00e1nica<\/td>\n<\/tr>\n<tr>\n<td height=\"36\">\u00a0Ballesta<\/td>\n<td>\u00a090(ancho)mm*13(grosor)mm*10Capas<\/td>\n<\/tr>\n<tr>\n<td height=\"36\">\u00a0Neum\u00e1tico<\/td>\n<td>\u00a012R22.5 ,13pcs,Neum\u00e1tico triangular<\/td>\n<\/tr>\n<tr>\n<td height=\"36\">\u00a0Llanta<\/td>\n<td>\u00a09.0-22.5<\/td>\n<\/tr>\n<tr>\n<td height=\"36\">\u00a0Kingpin<\/td>\n<td>\u00a0JOST King Pin tipo atornillado 50mm<\/td>\n<\/tr>\n<tr>\n<td height=\"36\">\u00a0Tren de aterrizaje<\/td>\n<td>\u00a0Doble velocidad, 28 toneladas externas,<\/td>\n<\/tr>\n<tr>\n<td height=\"36\">\u00a0Sistema de frenos<\/td>\n<td>\u00a0V\u00e1lvula WABCO Sistema de frenado de doble l\u00ednea<\/td>\n<\/tr>\n<tr>\n<td height=\"36\">\u00a0Sistema el\u00e9ctrico<\/td>\n<td>\u00a01 voltaje 24v 2 recept\u00e1culo: 7ways(7wire arn\u00e9s), luz trasera con intermitente, luz de freno y reflectores, luz lateral, etc. Un conjunto de 6 n\u00facleos de cable est\u00e1ndar.<\/td>\n<\/tr>\n<\/tbody>\n<\/table>\n<p style=\"text-align: center;\"><a class=\"product_button\" href=\"#elementor-action%3Aaction%3Dpopup%3Aopen%26settings%3DeyJpZCI6Ijk5MDciLCJ0b2dnbGUiOmZhbHNlfQ%3D%3D\">Obtenga un presupuesto instant\u00e1neo<\/a><\/p>\n<h2>Aplicaci\u00f3n semirremolque valla 3 ejes<\/h2>\n<p>Un semirremolque valla se utiliza generalmente para el transporte de carga a granel. Se utiliza principalmente para el transporte de larga distancia. Generalmente, el remolque plataforma puede transportar 30-80 toneladas.<br \/>\nSi se trata de una gran cantidad de transporte o diferentes necesidades, podemos personalizarlo, o remolque de plataforma algunos veh\u00edculos deformados.<\/p>\n<h2>Semirremolques de valla plana de 3 ejes im\u00e1genes<\/h2>\n<p><img fetchpriority=\"high\" decoding=\"async\" class=\"alignnone size-full wp-image-22106\" src=\"https:\/\/pandamech.com\/wp-content\/uploads\/2021\/08\/fence-semi-trailer.jpg\" alt=\"semirremolque valla de carga de 3 ejes\" width=\"800\" height=\"533\" title=\"\"><\/p>\n<p>Relacionado: <a href=\"https:\/\/www.pandamech.com\/product\/removable-sidewall-trailer\/\" target=\"_blank\" rel=\"noopener\"><span style=\"color: #0000ff;\">remolque de pared lateral desmontable<\/span><\/a>, <a href=\"https:\/\/www.pandamech.com\/spanish\/product\/3-axle-40ft-dropside-flatbed-trailers\/\" target=\"_blank\" rel=\"noopener\"><span style=\"color: #0000ff;\">Remolque lateral abatible de 40 pies<\/span><\/a><\/p>\n<p style=\"text-align: center;\"><a class=\"product_button\" href=\"#elementor-action%3Aaction%3Dpopup%3Aopen%26settings%3DeyJpZCI6Ijk5MDciLCJ0b2dnbGUiOmZhbHNlfQ%3D%3D\">Obtenga un presupuesto instant\u00e1neo<\/a><\/p>\n<h2>Venta de semirremolques Fence de 3 ejes<\/h2>\n<p>Somos fabricantes de semirremolques para vallas en China. Suministramos semirremolques valla de 3 ejes para la venta. Podemos personalizar de acuerdo a sus necesidades. Los fabricantes de Panda Mech han tenido \u00e9xito en el sudeste de Asia, Oriente Medio, \u00c1frica y Am\u00e9rica del Sur, como Filipinas, Tanzania, etc ...<u><\/u><\/p>\n<p><a href=\"\/spanish\/contact-us\/\" rel=\"nofollow\"><img decoding=\"async\" src=\"https:\/\/pandamech.com\/wp-content\/uploads\/u_file\/db8ce19fe3.jpg\" alt=\"venta de semirremolques para vallas\" title=\"\"><\/a><\/p>","protected":false},"excerpt":{"rendered":"<p>Tipo: semirremolque valla<\/p>\n<p>Rango de precios: $9900-22,900<\/p>\n<p>Plazo de entrega: 7-25 d\u00edas<\/p>\n<p>Peso de la carga: 20-60 toneladas<\/p>\n<p>Aplicaci\u00f3n: Para transportar carga a granel, cemento en sacos<\/p>","protected":false},"featured_media":57779,"template":"","meta":{"_acf_changed":false,"_kad_blocks_custom_css":"","_kad_blocks_head_custom_js":"","_kad_blocks_body_custom_js":"","_kad_blocks_footer_custom_js":"","_kad_post_transparent":"default","_kad_post_title":"","_kad_post_layout":"default","_kad_post_sidebar_id":"","_kad_post_content_style":"default","_kad_post_vertical_padding":"default","_kad_post_feature":"","_kad_post_feature_position":"","_kad_post_header":false,"_kad_post_footer":false,"_kad_post_classname":""},"product_brand":[],"product_cat":[75],"product_tag":[],"class_list":{"0":"post-21280","1":"product","2":"type-product","3":"status-publish","4":"has-post-thumbnail","6":"product_cat-side-wall-trailer","8":"first","9":"instock","10":"sold-individually","11":"shipping-taxable","12":"purchasable","13":"product-type-simple","14":"entry","15":"content-bg","16":"loop-entry"},"acf":[],"taxonomy_info":{"product_cat":[{"value":75,"label":"Drop Side Trailer"}]},"featured_image_src_large":["https:\/\/www.pandamech.com\/wp-content\/uploads\/2022\/08\/2-82-500x500.jpg",500,500,true],"author_info":[],"comment_info":"","_links":{"self":[{"href":"https:\/\/www.pandamech.com\/spanish\/wp-json\/wp\/v2\/product\/21280","targetHints":{"allow":["GET"]}}],"collection":[{"href":"https:\/\/www.pandamech.com\/spanish\/wp-json\/wp\/v2\/product"}],"about":[{"href":"https:\/\/www.pandamech.com\/spanish\/wp-json\/wp\/v2\/types\/product"}],"version-history":[{"count":1,"href":"https:\/\/www.pandamech.com\/spanish\/wp-json\/wp\/v2\/product\/21280\/revisions"}],"predecessor-version":[{"id":91443,"href":"https:\/\/www.pandamech.com\/spanish\/wp-json\/wp\/v2\/product\/21280\/revisions\/91443"}],"wp:featuredmedia":[{"embeddable":true,"href":"https:\/\/www.pandamech.com\/spanish\/wp-json\/wp\/v2\/media\/57779"}],"wp:attachment":[{"href":"https:\/\/www.pandamech.com\/spanish\/wp-json\/wp\/v2\/media?parent=21280"}],"wp:term":[{"taxonomy":"product_brand","embeddable":true,"href":"https:\/\/www.pandamech.com\/spanish\/wp-json\/wp\/v2\/product_brand?post=21280"},{"taxonomy":"product_cat","embeddable":true,"href":"https:\/\/www.pandamech.com\/spanish\/wp-json\/wp\/v2\/product_cat?post=21280"},{"taxonomy":"product_tag","embeddable":true,"href":"https:\/\/www.pandamech.com\/spanish\/wp-json\/wp\/v2\/product_tag?post=21280"}],"curies":[{"name":"wp","href":"https:\/\/api.w.org\/{rel}","templated":true}]}}