{"id":21277,"date":"2022-04-18T19:01:58","date_gmt":"2022-04-18T11:01:58","guid":{"rendered":"http:\/\/pandamech.com\/?post_type=product&#038;p=21277"},"modified":"2025-08-23T01:08:44","modified_gmt":"2025-08-22T17:08:44","slug":"2-axle-30-ton-bulk-cement-tanker-trailer","status":"publish","type":"product","link":"https:\/\/www.pandamech.com\/spanish\/product\/2-axle-30-ton-bulk-cement-tanker-trailer\/","title":{"rendered":"Remolque para cami\u00f3n de cemento de 2 ejes y 30 toneladas"},"content":{"rendered":"<p>Camiones cisterna de cemento, remolques de cemento, camiones cisterna de cemento en polvo y camiones cisterna de cemento. <a href=\"https:\/\/www.pandamech.com\/spanish\/category\/pneumatic-trailer\/cement-tanker\/\" target=\"_blank\" rel=\"noopener\"><span style=\"color: #0000ff;\">Petroleros de cemento PANDA<\/span><\/a> se utilizan para transportar cemento seco a granel, cal en polvo, arena y otros tipos de materiales en polvo a granel de di\u00e1metro \u2264 0,1 mm. La invenci\u00f3n del cami\u00f3n de cemento en polvo supuso un avance significativo en la industria del transporte.<\/p>\n<p>Cami\u00f3n hormigonera de 25-27 metros c\u00fabicos y 35 toneladas de capacidad.<\/p>\n<h2>30 Ton remolque cisterna de cemento caracter\u00edstica<\/h2>\n<ul>\n<li>1. El mejor acero en bruto: El cuerpo y la construcci\u00f3n del tanque hechos de acero de alta resistencia YP \u2265 620, garantizan una vida \u00fatil m\u00e1s larga y una tara m\u00e1s ligera.<\/li>\n<li>2. Excelente rendimiento, dise\u00f1o \u00fanico asegura la tasa de descarga, 1.3t\/min, 30m distancia de descarga vertical.<\/li>\n<li>3. Soldadura de calidad:  Buen acero con soporte de soldadura de calidad garant\u00eda m\u00e1s larga para 30 toneladas. <span style=\"color: #0000ff;\"><a style=\"color: #0000ff;\" href=\"https:\/\/www.pandamech.com\/spanish\/product\/48-ton-cement-tanker-p00103p1-html\/\" target=\"_blank\" rel=\"noopener\">cami\u00f3n cisterna de cemento<\/a><\/span>.<\/li>\n<li>4. Pintura duradera: Todo el veh\u00edculo Shot blasting base limpia para la pintura, dos veces imprimaci\u00f3n apoyo m\u00e1s larga vida de la pintura.<\/li>\n<li>5. Dise\u00f1o del cami\u00f3n de transporte de cemento: dibujo en 3D con Ansys e Hypermesh Analizar el dise\u00f1o razonable del soporte.<\/li>\n<\/ul>\n<p style=\"text-align: center;\"><a class=\"product_button\" href=\"#elementor-action%3Aaction%3Dpopup%3Aopen%26settings%3DeyJpZCI6Ijk5MDciLCJ0b2dnbGUiOmZhbHNlfQ%3D%3D\">Haga clic para m\u00e1s detalles<\/a><\/p>\n<h2>V\u00eddeo de un cami\u00f3n cisterna de cemento de 30 toneladas<\/h2>\n<p><iframe title=\"Reproductor de v\u00eddeo YouTube\" src=\"https:\/\/www.youtube.com\/embed\/BTWUTGFj4aA\" width=\"800\" height=\"533\" frameborder=\"0\" allowfullscreen=\"allowfullscreen\"><span data-mce-type=\"bookmark\" style=\"display: inline-block; width: 0px; overflow: hidden; line-height: 0;\" class=\"mce_SELRES_start\"><\/span><\/iframe><\/p>\n<h2>Especificaciones del remolque cisterna de cemento de 30 toneladas<\/h2>\n<table style=\"width: 800px;\" border=\"1\" cellspacing=\"1\" cellpadding=\"1\">\n<tbody>\n<tr>\n<td width=\"221\" height=\"40\">Marca<\/td>\n<td width=\"515\">PANDA Mech 30 toneladas de cemento cami\u00f3n cisterna remolque<\/td>\n<\/tr>\n<tr>\n<td width=\"221\" height=\"40\">Capacidad de los buques cisterna de cemento a granel<\/td>\n<td width=\"515\">25cbm\/m3, 30 ton<\/td>\n<\/tr>\n<tr>\n<td width=\"221\" height=\"40\">Motor<\/td>\n<td width=\"515\">WeiCai Deutz diesel moto<\/td>\n<\/tr>\n<tr>\n<td width=\"221\" height=\"40\">Compresor<\/td>\n<td width=\"515\">SK 12m3<\/td>\n<\/tr>\n<tr>\n<td width=\"221\" height=\"40\">Tapa de alcantarilla<\/td>\n<td width=\"515\">De 2 a 4 juegos de 300 mm de di\u00e1metro<\/td>\n<\/tr>\n<tr>\n<td width=\"221\" height=\"40\">V\u00e1lvula de descarga<\/td>\n<td width=\"515\">V\u00e1lvula de disco de 4<\/td>\n<\/tr>\n<tr>\n<td width=\"221\" height=\"40\">Material del dep\u00f3sito<\/td>\n<td width=\"515\">Acero de alta resistencia de 5 mm o 6 mm<\/td>\n<\/tr>\n<tr>\n<td width=\"221\" height=\"40\">Estructura<\/td>\n<td width=\"515\">Acero Q330 de alta rectitud<\/td>\n<\/tr>\n<tr>\n<td width=\"221\" height=\"40\">Tren de aterrizaje<\/td>\n<td width=\"515\">JOST 28T<\/td>\n<\/tr>\n<tr>\n<td width=\"221\" height=\"40\">Suspensi\u00f3n<\/td>\n<td width=\"515\">Suspensi\u00f3n mec\u00e1nica o neum\u00e1tica<\/td>\n<\/tr>\n<tr>\n<td width=\"221\" height=\"40\">Eje de remolque a granel<\/td>\n<td width=\"515\">1 a 4 juegos, ejes de 13,16,20 toneladas, BPW o SAF<\/td>\n<\/tr>\n<tr>\n<td width=\"221\" height=\"40\">Neum\u00e1tico<\/td>\n<td width=\"515\">12R22.5, 385\/65R22.5, 13R22.5, 12.00R24, 315\/80R22.5<\/td>\n<\/tr>\n<\/tbody>\n<\/table>\n<p style=\"text-align: center;\"><a class=\"product_button\" href=\"#elementor-action%3Aaction%3Dpopup%3Aopen%26settings%3DeyJpZCI6Ijk5MDciLCJ0b2dnbGUiOmZhbHNlfQ%3D%3D\">Haga clic para m\u00e1s detalles<\/a><\/p>\n<h2>30 Ton remolque cisterna de cemento im\u00e1genes<\/h2>\n<p><img fetchpriority=\"high\" decoding=\"async\" class=\"alignnone wp-image-33045 size-full\" src=\"https:\/\/pandamech.com\/wp-content\/uploads\/2022\/08\/3-3.jpg\" alt=\"Remolque de cami\u00f3n de cemento de 2 ejes y 30 toneladas\" width=\"800\" height=\"800\" title=\"\"><\/p>\n<p>25cbm 30 toneladas de cemento a granel seco remolque de transporte<\/p>\n<p>Relacionado: <span style=\"color: #0000ff;\"><a style=\"color: #0000ff;\" href=\"https:\/\/www.pandamech.com\/spanish\/product\/50-ton-cement-bulk-trailer-for-sale\/\" target=\"_blank\" rel=\"noopener\">cami\u00f3n cisterna de cemento de 50 toneladas<\/a><\/span>, <span style=\"color: #0000ff;\"><a style=\"color: #0000ff;\" href=\"https:\/\/www.pandamech.com\/spanish\/product\/40-ton-cement-tanker-trailer-for-sale\/\" target=\"_blank\" rel=\"noopener\">Remolque de cemento de 40 toneladas<\/a><\/span><\/p>\n<p style=\"text-align: center;\"><a class=\"product_button\" href=\"#elementor-action%3Aaction%3Dpopup%3Aopen%26settings%3DeyJpZCI6Ijk5MDciLCJ0b2dnbGUiOmZhbHNlfQ%3D%3D\">Obtenga un presupuesto instant\u00e1neo<\/a><\/p>\n<h2>Transporte mar\u00edtimo del remolque cisterna de cemento<\/h2>\n<p>Pediremos el Freightliner por adelantado antes de que se complete la producci\u00f3n, y realizaremos una inspecci\u00f3n despu\u00e9s de que se complete la producci\u00f3n. El remolque cisterna de polvo de cal de silo de cemento inspeccionado ser\u00e1 enviado a usted seg\u00fan el \u00faltimo tiempo de env\u00edo.<\/p>\n<p>Con el fin de evitar que la pintura del remolque de cami\u00f3n de transporte de cemento de 25cbm se corroa por el agua de mar, rociaremos una capa de cera en la superficie del remolque de cami\u00f3n de cemento de 25m3 antes del transporte.<\/p>\n<p>Envolveremos los motores di\u00e9sel de todos los veh\u00edculos de transporte de cemento de 25 m3 con tela impermeable.<\/p>\n<p><img decoding=\"async\" class=\"alignnone size-full wp-image-33094\" src=\"https:\/\/pandamech.com\/wp-content\/uploads\/2022\/10\/cement-trailer-transport-1.jpg\" alt=\"remolque cisterna para el transporte de cemento\" width=\"750\" height=\"400\" title=\"\"><\/p>\n<h2>Panda Mech<\/h2>\n<p>Panda Mech es un fabricante de 25cbm 30 toneladas remolque cisterna de cemento de China. Suministramos un remolque cisterna de cemento de 25m3 30 toneladas para la venta. Los fabricantes de Panda Mech han tenido \u00e9xito en el sudeste de Asia, Oriente Medio, \u00c1frica y Am\u00e9rica del Sur, como Filipinas, Tanzania, etc ...<\/p>\n<p><a href=\"https:\/\/www.pandamech.com\/spanish\/contact-us\/\" target=\"_blank\" rel=\"noopener\"><img decoding=\"async\" class=\"alignnone\" src=\"https:\/\/pandamech.com\/wp-content\/uploads\/2021\/08\/quotation.jpg\" alt=\"25m3 30 toneladas de cemento a granel cami\u00f3n cisterna remolque cotizaci\u00f3n\" width=\"864\" height=\"213\" title=\"\"><\/a><\/p>","protected":false},"excerpt":{"rendered":"<p>Tipo: Buque de cemento de 2 ejes y 30 toneladas<\/p>\n<p>Rango de precios: $14.900-30.500<\/p>\n<p>Plazo de entrega: 7-25 d\u00edas<\/p>\n<p>Descarga m\u00e1s r\u00e1pida: &gt;1,5 toneladas\/min<\/p>\n<p>Aplicaci\u00f3n: transporte de cemento, part\u00edculas de PVC, cenizas volantes, materiales granulares, etc.<\/p>","protected":false},"featured_media":57809,"template":"","meta":{"_acf_changed":false,"_kad_blocks_custom_css":"","_kad_blocks_head_custom_js":"","_kad_blocks_body_custom_js":"","_kad_blocks_footer_custom_js":"","_kad_post_transparent":"default","_kad_post_title":"","_kad_post_layout":"default","_kad_post_sidebar_id":"","_kad_post_content_style":"default","_kad_post_vertical_padding":"default","_kad_post_feature":"","_kad_post_feature_position":"","_kad_post_header":false,"_kad_post_footer":false,"_kad_post_classname":""},"product_brand":[],"product_cat":[101],"product_tag":[],"class_list":{"0":"post-21277","1":"product","2":"type-product","3":"status-publish","4":"has-post-thumbnail","6":"product_cat-cement-tanker","8":"first","9":"instock","10":"sold-individually","11":"shipping-taxable","12":"purchasable","13":"product-type-simple","14":"entry","15":"content-bg","16":"loop-entry"},"acf":[],"taxonomy_info":{"product_cat":[{"value":101,"label":"Cement Tanker For Sale"}]},"featured_image_src_large":["https:\/\/www.pandamech.com\/wp-content\/uploads\/2022\/08\/3-3-500x500.jpg",500,500,true],"author_info":[],"comment_info":"","_links":{"self":[{"href":"https:\/\/www.pandamech.com\/spanish\/wp-json\/wp\/v2\/product\/21277","targetHints":{"allow":["GET"]}}],"collection":[{"href":"https:\/\/www.pandamech.com\/spanish\/wp-json\/wp\/v2\/product"}],"about":[{"href":"https:\/\/www.pandamech.com\/spanish\/wp-json\/wp\/v2\/types\/product"}],"version-history":[{"count":1,"href":"https:\/\/www.pandamech.com\/spanish\/wp-json\/wp\/v2\/product\/21277\/revisions"}],"predecessor-version":[{"id":91441,"href":"https:\/\/www.pandamech.com\/spanish\/wp-json\/wp\/v2\/product\/21277\/revisions\/91441"}],"wp:featuredmedia":[{"embeddable":true,"href":"https:\/\/www.pandamech.com\/spanish\/wp-json\/wp\/v2\/media\/57809"}],"wp:attachment":[{"href":"https:\/\/www.pandamech.com\/spanish\/wp-json\/wp\/v2\/media?parent=21277"}],"wp:term":[{"taxonomy":"product_brand","embeddable":true,"href":"https:\/\/www.pandamech.com\/spanish\/wp-json\/wp\/v2\/product_brand?post=21277"},{"taxonomy":"product_cat","embeddable":true,"href":"https:\/\/www.pandamech.com\/spanish\/wp-json\/wp\/v2\/product_cat?post=21277"},{"taxonomy":"product_tag","embeddable":true,"href":"https:\/\/www.pandamech.com\/spanish\/wp-json\/wp\/v2\/product_tag?post=21277"}],"curies":[{"name":"wp","href":"https:\/\/api.w.org\/{rel}","templated":true}]}}