{"id":21273,"date":"2022-04-10T19:01:57","date_gmt":"2022-04-10T11:01:57","guid":{"rendered":"http:\/\/pandamech.com\/?post_type=product&#038;p=21273"},"modified":"2025-08-23T01:08:45","modified_gmt":"2025-08-22T17:08:45","slug":"50-ton-detachable-lowboy-trailer","status":"publish","type":"product","link":"https:\/\/www.pandamech.com\/spanish\/product\/50-ton-detachable-lowboy-trailer\/","title":{"rendered":"Remolque de plataforma baja desmontable de 50 toneladas"},"content":{"rendered":"<p>Los remolques de plataforma baja desmontables de 50 toneladas se utilizan generalmente para transportar maquinaria de construcci\u00f3n y equipos de gran tama\u00f1o. Generalmente, muchos lugares son limitados, especialmente en algunos puentes.<\/p>\n<h2>50 Ton remolque de plataforma baja desmontable im\u00e1genes<\/h2>\n<p><img fetchpriority=\"high\" decoding=\"async\" class=\"alignnone size-full wp-image-22186\" src=\"https:\/\/pandamech.com\/wp-content\/uploads\/2021\/08\/7-118.jpg\" alt=\"lowboy remolques de cuello de cisne para la venta\" width=\"800\" height=\"533\" title=\"\"><\/p>\n<p><img decoding=\"async\" class=\"alignnone size-full wp-image-22187\" src=\"https:\/\/pandamech.com\/wp-content\/uploads\/2021\/08\/8-101.jpg\" alt=\"lowboy remolques de cuello de cisne para la venta\" width=\"800\" height=\"533\" title=\"\"><\/p>\n<figure id=\"attachment_22189\" aria-describedby=\"caption-attachment-22189\" style=\"width: 800px\" class=\"wp-caption alignnone\"><img decoding=\"async\" class=\"size-full wp-image-22189\" src=\"https:\/\/pandamech.com\/wp-content\/uploads\/2021\/08\/9-54.jpg\" alt=\"Remolque de plataforma baja desmontable de 50 toneladas\" width=\"800\" height=\"533\" title=\"\"><figcaption id=\"caption-attachment-22189\" class=\"wp-caption-text\">Remolque de plataforma baja desmontable de 50 toneladas<\/figcaption><\/figure>\n<h2>Especificaciones del remolque de plataforma baja desmontable de 50 toneladas<\/h2>\n<p><strong>Dimensi\u00f3n<\/strong>: 16500mm x 3000mm x 1200mm<\/p>\n<p><strong>Eje<\/strong>: 3 ejes<\/p>\n<p><strong>Capacidad de carga<\/strong>: 50T<\/p>\n<p><strong>Neum\u00e1tico<\/strong>: 15\/80R 22.5<\/p>\n<p><strong>Suspensi\u00f3n<\/strong>: Suspensi\u00f3n mec\u00e1nica<\/p>\n<p><strong>Kingpin<\/strong>: Marca JOST 2,0 o 3,5 pulgadas<\/p>\n<p><strong>Peso de tara<\/strong>: 10 T<\/p>\n<p><strong>Cilindro hidr\u00e1ulico<\/strong>: Motor diesel de 12KW con estaci\u00f3n hidr\u00e1ulica<\/p>\n<p><strong>Haz principal<\/strong>: Altura: 500mm; Anchura: 230mm; Viga lateral: 250 I-beam 10\/8\/10; Material: Acero de alta resistencia HG60.<\/p>\n<p><strong>Rampa<\/strong>: tipo hidr\u00e1ulico<\/p>\n<p><strong>Plataforma inferior<\/strong>: Placa cuadriculada de 5 mm de espesor<\/p>\n<p><strong>ABS<\/strong>: Opcional<\/p>\n<h2>Caracter\u00edstica<\/h2>\n<p>1. <strong>Gran capacidad de carga<\/strong><\/p>\n<p>Remolque de cuello de cisne desmontable hidr\u00e1ulico est\u00e1 dise\u00f1ado para cierta maquinaria pesada, el dise\u00f1o general del compartimiento de carga arqueado, la viga longitudinal es una estructura de acero de alta resistencia, el dise\u00f1o general, para mejorar la capacidad de carga, sino tambi\u00e9n para reducir su peso.<\/p>\n<p>2. <strong>Centro de gravedad general m\u00e1s bajo<\/strong><\/p>\n<p>La altura total del coche es de s\u00f3lo 1200 mm, 300-400 mm m\u00e1s bajo que el remolque lowboy ordinario, por lo que su centro de gravedad general ser\u00e1 a\u00fan m\u00e1s bajo, por lo que el centro de gravedad de las mercanc\u00edas cargadas es a\u00fan m\u00e1s bajo, y el conjunto es m\u00e1s estable y m\u00e1s seguro.<\/p>\n<p>3. <strong>Mantenimiento c\u00f3modo<\/strong><\/p>\n<p>La superficie de apoyo se puede levantar, de modo que los neum\u00e1ticos del eje pueden tocar directamente el suelo o salir de \u00e9l, de modo que cuando realizamos el mantenimiento, puede ser m\u00e1s c\u00f3modo y sencillo de manejar.<\/p>\n<h2>Panda Mech<\/h2>\n<p>Panda Mech es un fabricante de remolques bajos desmontables de 50 toneladas de China. Suministramos remolques bajos desmontables de 50 toneladas para la venta. Los fabricantes de Panda Mech han tenido \u00e9xito en el sudeste asi\u00e1tico, Oriente Medio, \u00c1frica y Am\u00e9rica del Sur, como Filipinas, Tanzania, etc ...<\/p>\n<p><a href=\"https:\/\/www.pandamech.com\/spanish\/contact-us\/\" target=\"_blank\" rel=\"noopener\"><img loading=\"lazy\" decoding=\"async\" src=\"https:\/\/pandamech.com\/wp-content\/uploads\/2021\/08\/quotation.jpg\" alt=\"presupuesto\" width=\"864\" height=\"213\" title=\"\"><\/a><\/p>\n<h2>M\u00e1s v\u00eddeos de remolques bajos desmontables<\/h2>\n<div class=\"entry-content-asset videofit\"><iframe title=\"Remolque de 3 ejes 60T Low Boy y Remolque de cuello de cisne desmontable\" width=\"720\" height=\"405\" src=\"https:\/\/www.youtube.com\/embed\/jzzLi25o0qU?feature=oembed\" frameborder=\"0\" allow=\"accelerometer; autoplay; clipboard-write; encrypted-media; gyroscope; picture-in-picture; web-share\" allowfullscreen><\/iframe><\/div>\n<p><a>Entra en vigor la configuraci\u00f3n de la estructura del remolque de plataforma baja desmontable de 50 toneladas<\/a><\/p>\n<p>El remolque bajo con cuello de cisne desmontable es ideal para manipular y transportar grandes dispositivos m\u00f3viles. Esto puede hacerse gracias a su chasis o bastidor de remolque m\u00e1s bajo y a su funci\u00f3n de cuello de cisne.<\/p>\n<p>Lo m\u00e1s importante a tener en cuenta es que hay una rueda m\u00f3vil colocada hacia atr\u00e1s en el chasis del remolque.<\/p>\n<p>A continuaci\u00f3n se indican las partes m\u00e1s importantes del uso de remolques de perfil bajo para aumentar la eficacia operativa.<\/p>\n<p>En primer lugar, hay dos pares de ganchos de enlace primario entrelazados.<\/p>\n<p><a>Diferencias entre remolques desmontables y remolques bajos comunes<\/a><\/p>\n<p>La principal diferencia entre cargar un remolque de perfil bajo con cuello de cisne m\u00f3vil y un remolque de perfil bajo convencional es que el remolque con cuello de cisne m\u00f3vil carga el equipo o la carga por la parte delantera.<\/p>\n<p>Idealmente, el remolque de cuello de cisne m\u00f3vil es complejo de manejar, pero los equipos\/mercanc\u00edas se conducen f\u00e1cilmente sobre el remolque. El equipo es m\u00e1s seguro y estable durante la carga, el transporte y la descarga.<\/p>\n<p><a>Remolque de plataforma baja con neum\u00e1ticos expuestos<\/a><\/p>\n<p>A diferencia de un remolque bajo de cuello de cisne desmontable, un remolque de plataforma baja convencional se carga por la parte trasera. Esencialmente, el equipo debe ser conducido en el remolque a trav\u00e9s de la rampa del remolque de cama baja.<\/p>\n<p>Sin embargo, cualquier equipo o maquinaria que se transporte debe conducirse con cuidado sobre el remolque.<\/p>","protected":false},"excerpt":{"rendered":"<p>Tipo: Remolque de plataforma baja desmontable de 50 toneladas<\/p>\n<p>Gama de precios: $22.500-36.500<\/p>\n<p>Entrega: 7-28 d\u00edas<\/p>\n<p>Dimensiones: a medida<\/p>\n<p>Aplicaci\u00f3n: para transportar orugas, gr\u00faas, excavadoras, cargadoras sobre orugas u otra maquinaria.<\/p>","protected":false},"featured_media":57771,"template":"","meta":{"_acf_changed":false,"_kad_blocks_custom_css":"","_kad_blocks_head_custom_js":"","_kad_blocks_body_custom_js":"","_kad_blocks_footer_custom_js":"","_kad_post_transparent":"default","_kad_post_title":"","_kad_post_layout":"default","_kad_post_sidebar_id":"","_kad_post_content_style":"default","_kad_post_vertical_padding":"default","_kad_post_feature":"","_kad_post_feature_position":"","_kad_post_header":false,"_kad_post_footer":false,"_kad_post_classname":""},"product_brand":[],"product_cat":[91,112],"product_tag":[],"class_list":{"0":"post-21273","1":"product","2":"type-product","3":"status-publish","4":"has-post-thumbnail","6":"product_cat-detachable-gooseneck-trailer","7":"product_cat-low-boy-trailer","9":"first","10":"instock","11":"sold-individually","12":"shipping-taxable","13":"purchasable","14":"product-type-simple","15":"entry","16":"content-bg","17":"loop-entry"},"acf":[],"taxonomy_info":{"product_cat":[{"value":91,"label":"Detachable Gooseneck Trailer"},{"value":112,"label":"Low Boy Trailer"}]},"featured_image_src_large":["https:\/\/www.pandamech.com\/wp-content\/uploads\/2022\/08\/2-71-500x500.jpg",500,500,true],"author_info":[],"comment_info":"","_links":{"self":[{"href":"https:\/\/www.pandamech.com\/spanish\/wp-json\/wp\/v2\/product\/21273","targetHints":{"allow":["GET"]}}],"collection":[{"href":"https:\/\/www.pandamech.com\/spanish\/wp-json\/wp\/v2\/product"}],"about":[{"href":"https:\/\/www.pandamech.com\/spanish\/wp-json\/wp\/v2\/types\/product"}],"version-history":[{"count":1,"href":"https:\/\/www.pandamech.com\/spanish\/wp-json\/wp\/v2\/product\/21273\/revisions"}],"predecessor-version":[{"id":91450,"href":"https:\/\/www.pandamech.com\/spanish\/wp-json\/wp\/v2\/product\/21273\/revisions\/91450"}],"wp:featuredmedia":[{"embeddable":true,"href":"https:\/\/www.pandamech.com\/spanish\/wp-json\/wp\/v2\/media\/57771"}],"wp:attachment":[{"href":"https:\/\/www.pandamech.com\/spanish\/wp-json\/wp\/v2\/media?parent=21273"}],"wp:term":[{"taxonomy":"product_brand","embeddable":true,"href":"https:\/\/www.pandamech.com\/spanish\/wp-json\/wp\/v2\/product_brand?post=21273"},{"taxonomy":"product_cat","embeddable":true,"href":"https:\/\/www.pandamech.com\/spanish\/wp-json\/wp\/v2\/product_cat?post=21273"},{"taxonomy":"product_tag","embeddable":true,"href":"https:\/\/www.pandamech.com\/spanish\/wp-json\/wp\/v2\/product_tag?post=21273"}],"curies":[{"name":"wp","href":"https:\/\/api.w.org\/{rel}","templated":true}]}}