{"id":1169,"date":"2025-08-29T09:59:23","date_gmt":"2025-08-29T01:59:23","guid":{"rendered":"https:\/\/pandamech.com\/product\/34-ton-side-tipper-trailer\/"},"modified":"2025-08-29T10:21:58","modified_gmt":"2025-08-29T02:21:58","slug":"new-side-tipper-semi-trailer-for-sale-p00246p1-html","status":"publish","type":"product","link":"https:\/\/www.pandamech.com\/spanish\/product\/new-side-tipper-semi-trailer-for-sale-p00246p1-html\/","title":{"rendered":"34 Ton Side Tipper Remolque En Venta en Sud\u00e1frica"},"content":{"rendered":"<p>34 toneladas remolque volquete lateral como se conoce como 34 toneladas cami\u00f3n volquete lateral, la estructura incluye chasis, caja y elevaci\u00f3n sys. Trabajo por PTO suministro de aceite al cilindro, caja de elevaci\u00f3n hasta el \u00e1ngulo de dise\u00f1o, deslizamiento de carga hacia fuera, mejorar la eficiencia de descarga.<\/p>\n<p>Ampliamente utilizado en planta de arenisca, obra y mina, transporte de arena, grava, movimiento de tierras y miner\u00eda.<\/p>\n<p>&nbsp;<\/p>\n<h2>34 Ton remolque volquete lateral im\u00e1genes<\/h2>\n<p><img fetchpriority=\"high\" decoding=\"async\" class=\"wp-image-30736 size-full\" style=\"font-size: 16px;\" title=\"Remolque basculante lateral de 34 toneladas\" src=\"https:\/\/pandamech.com\/wp-content\/uploads\/2021\/08\/8-34-ton-side-tipper-trailer.jpg\" alt=\"remolque basculante lateral de 8-34 toneladas\" width=\"800\" height=\"533\" \/><\/p>\n<p>Precios de los volquetes laterales de 34 toneladas<\/p>\n<p><img decoding=\"async\" class=\"wp-image-30735 size-full\" title=\"Remolque basculante lateral de 34 toneladas\" src=\"https:\/\/pandamech.com\/wp-content\/uploads\/2021\/08\/7-34-ton-side-tipper-trailer.jpg\" alt=\"7-34-toneladas-lateral-volquete-remolque\" width=\"800\" height=\"533\" \/><\/p>\n<p>Se vende remolque volquete lateral de 34 toneladas<\/p>\n<p><img decoding=\"async\" class=\"wp-image-30737 size-full\" title=\"Remolque basculante lateral de 34 toneladas\" src=\"https:\/\/pandamech.com\/wp-content\/uploads\/2021\/08\/9-34-ton-side-tipper-trailer.jpg\" alt=\"9-34-toneladas-lateral-volquete-remolque\" width=\"800\" height=\"533\" \/><\/p>\n<p>Fabricante de remolques basculantes laterales de 34 toneladas<\/p>\n<h2>34 Ton remolque basculante lateral Especificaciones Dimensiones y Capacidad<\/h2>\n<table border=\"1\" width=\"695\" cellspacing=\"1\" cellpadding=\"1\">\n<tbody>\n<tr>\n<td valign=\"top\" width=\"284\">Marca<\/td>\n<td valign=\"top\" width=\"411\">Remolque basculante lateral Panda Mech de 34 toneladas<\/td>\n<\/tr>\n<tr>\n<td valign=\"top\" width=\"284\">\n<p data-start=\"1254\" data-end=\"1293\">Dimensiones del remolque basculante lateral de 34 toneladas<\/p>\n<\/td>\n<td valign=\"top\" width=\"411\">9,300-11500\u00d72,500\u00d73,230mm<\/td>\n<\/tr>\n<tr>\n<td valign=\"top\" width=\"284\">Cuerpo interior<\/td>\n<td valign=\"top\" width=\"411\">8,500-10500\u00d72,300\u00d71,500mm<\/td>\n<\/tr>\n<tr>\n<td valign=\"top\" width=\"284\">Capacidad de carga del volquete lateral de 34 toneladas<\/td>\n<td valign=\"top\" width=\"411\">32 ton 34 ton 35 ton<\/td>\n<\/tr>\n<tr>\n<td valign=\"top\" width=\"284\">Suelo<\/td>\n<td valign=\"top\" width=\"411\">6-12mm Handox 450 o acero equivalente<\/td>\n<\/tr>\n<tr>\n<td valign=\"top\" width=\"284\">Pared lateral<\/td>\n<td valign=\"top\" width=\"411\">3,5-6 mm Domex 600 o acero equivalente<\/td>\n<\/tr>\n<tr>\n<td valign=\"top\" width=\"284\">Viga<\/td>\n<td valign=\"top\" width=\"411\">Domex 600 o igual secci\u00f3n en \u201cI\u201d de acero de doble alma<\/td>\n<\/tr>\n<tr>\n<td valign=\"top\" width=\"284\">Cilindro<\/td>\n<td valign=\"top\" width=\"411\">Sistema hidr\u00e1ulico HYVA FC\/EZ<\/td>\n<\/tr>\n<tr>\n<td valign=\"top\" width=\"284\">Eje<\/td>\n<td valign=\"top\" width=\"411\">3 ejes<\/td>\n<\/tr>\n<tr>\n<td valign=\"top\" width=\"284\">Neum\u00e1tico<\/td>\n<td valign=\"top\" width=\"411\">12.00R20 \/ 13R22.5 o personalizado<\/td>\n<\/tr>\n<tr>\n<td valign=\"top\" width=\"284\">Suspensi\u00f3n<\/td>\n<td valign=\"top\" width=\"411\">Mec\u00e1nica \/ Aire \/ Bogie opcional<\/td>\n<\/tr>\n<tr>\n<td valign=\"top\" width=\"284\">Pierna<\/td>\n<td valign=\"top\" width=\"411\">Tipo intercambiable JOST<\/td>\n<\/tr>\n<tr>\n<td valign=\"top\" width=\"284\">Freno<\/td>\n<td valign=\"top\" width=\"411\">Sistema de freno neum\u00e1tico doble, c\u00e1mara y v\u00e1lvula WABCO<\/td>\n<\/tr>\n<tr>\n<td valign=\"top\" width=\"284\">Sistema el\u00e9ctrico<\/td>\n<td>12v\/24v, cable de 7 l\u00edneas, luz Led<\/td>\n<\/tr>\n<tr>\n<td valign=\"top\" width=\"284\"><a href=\"\/spanish\/contact-us\/\">Consulta<\/a><\/td>\n<td><a href=\"\/spanish\/contact-us\/\">Solicitar presupuesto<\/a><\/td>\n<\/tr>\n<\/tbody>\n<\/table>\n<p>&nbsp;<\/p>\n<h2>Ventaja del remolque basculante lateral<\/h2>\n<p><strong>Material:<\/strong><\/p>\n<p>Caja de material Hardox 450 o igual resistente al desgaste y a la abrasi\u00f3n, viga de alta tensi\u00f3n T700, tara m\u00e1s ligera 2000kg que el volquete de material normal, mayor tiempo de servicio y menor consumo de combustible.<\/p>\n<p><strong>Caja de secci\u00f3n en U:<\/strong><\/p>\n<p>Dise\u00f1o y an\u00e1lisis de la caja modelo U, mayor \u00e1rea de secci\u00f3n con menor baricentro, carga m\u00e1s y descarga m\u00e1s f\u00e1cil, segura y eficiente.<\/p>\n<p><strong>Chasis:<\/strong><\/p>\n<p>Doble alma para el dise\u00f1o de la viga principal, m\u00e1s fuerte para condiciones de carreteras m\u00faltiples<\/p>\n<p><strong>Cilindro:<\/strong><\/p>\n<p>Modelo FC y FE opcional, mayor presi\u00f3n de funcionamiento, ayuda \u00c1ngulo de inclinaci\u00f3n m\u00e1x. 45\u00b0, reducci\u00f3n del tiempo de giro con mayor velocidad de rasgado, aumento del tiempo de funcionamiento con largos intervalos de servicio<\/p>\n<p><strong>Soportes<\/strong>:<\/p>\n<p>Dise\u00f1o mejorado con mayor resistencia a la tensi\u00f3n y la fatiga<\/p>\n<p><strong>Knock off:<\/strong><\/p>\n<p>Dise\u00f1o robusto accionamiento preciso proteger la caja trabajando en \u00e1ngulo de seguridad<\/p>\n<p><strong>Eje de inclinaci\u00f3n:<\/strong><\/p>\n<p>Dise\u00f1o resistente que permite trabajar de forma estable cuando se inclina, m\u00e1s duradero y seguro<\/p>\n<p><strong>Fijar Sys:<\/strong><\/p>\n<p>Cierre autom\u00e1tico de la puerta trasera, dise\u00f1o ajustable para mantener la situaci\u00f3n adecuada, f\u00e1cil mantenimiento y sustituci\u00f3n.<\/p>\n<p><strong>Bastidor de soporte auxiliar:<\/strong><\/p>\n<p>Un bastidor auxiliar de soporte de la caja con el chasis, evitar la inclinaci\u00f3n de la caja, con el fin de trabajar con mayor seguridad<\/p>\n<p>&nbsp;<\/p>\n<h2>34 Ton remolque volquete lateral para la venta<\/h2>\n<p>Panda Mech es un fabricante de remolques volquete lateral de China. Suministramos 34 toneladas volquete lateral para la venta en Sud\u00e1frica.<\/p>\n<p>Los fabricantes de Panda Mech han tenido \u00e9xito en el Sudeste Asi\u00e1tico, Oriente Medio, \u00c1frica y Sudam\u00e9rica, como Filipinas, Tanzania, Nigeria, etc.<u><a href=\"https:\/\/www.pandamech.com\/spanish\/about\/\" rel=\"nofollow noopener\" name=\"662ae8fb-4e4e-4cc5-876a-6bfaecae5a2d\" target=\"_blank\">M\u00e1s sobre el panda<\/a><\/u><\/p>\n<p><a href=\"\/spanish\/contact-us\/\" rel=\"nofollow\"><img loading=\"lazy\" decoding=\"async\" class=\"alignnone\" title=\"Remolque basculante lateral de 34 toneladas\" src=\"https:\/\/pandamech.com\/wp-content\/uploads\/u_file\/db8ce19fe3.jpg\" alt=\"\" width=\"864\" height=\"213\"><\/a><\/p>\n<p>FAQ<\/p>\n<h2>\u00bfCu\u00e1ntas toneladas puede transportar un volquete lateral?<\/h2>\n<p>El volquete lateral puede transportar 32, 34 y 35 toneladas de mercanc\u00edas.<\/p>","protected":false},"excerpt":{"rendered":"<p>Modelo: 3 ejes 34 toneladas<\/p>\n<p>Rango de precios: USD 15.000-25.000<\/p>\n<p>Plazo de entrega: 7-25 d\u00edas<\/p>\n<p>Aplicaci\u00f3n: transporte Carb\u00f3n, mineral, materiales de construcci\u00f3n<\/p>\n<p>sistema hidr\u00e1ulico Marca HYVA Holland<\/p>\n<p>Cuerpo de la caja: Hardox450 e igual<\/p>","protected":false},"featured_media":56192,"template":"","meta":{"_acf_changed":false,"_kad_blocks_custom_css":"","_kad_blocks_head_custom_js":"","_kad_blocks_body_custom_js":"","_kad_blocks_footer_custom_js":"","_kad_post_transparent":"default","_kad_post_title":"","_kad_post_layout":"default","_kad_post_sidebar_id":"","_kad_post_content_style":"default","_kad_post_vertical_padding":"default","_kad_post_feature":"","_kad_post_feature_position":"","_kad_post_header":false,"_kad_post_footer":false,"_kad_post_classname":""},"product_brand":[],"product_cat":[113],"product_tag":[],"class_list":{"0":"post-1169","1":"product","2":"type-product","3":"status-publish","4":"has-post-thumbnail","6":"product_cat-side-tipper","8":"first","9":"instock","10":"sold-individually","11":"shipping-taxable","12":"purchasable","13":"product-type-simple","14":"entry","15":"content-bg","16":"loop-entry"},"acf":[],"taxonomy_info":{"product_cat":[{"value":113,"label":"Side Tipper"}]},"featured_image_src_large":["https:\/\/www.pandamech.com\/wp-content\/uploads\/2021\/08\/2-34-ton-side-tipper-trailer-500x500.jpg",500,500,true],"author_info":[],"comment_info":"","_links":{"self":[{"href":"https:\/\/www.pandamech.com\/spanish\/wp-json\/wp\/v2\/product\/1169","targetHints":{"allow":["GET"]}}],"collection":[{"href":"https:\/\/www.pandamech.com\/spanish\/wp-json\/wp\/v2\/product"}],"about":[{"href":"https:\/\/www.pandamech.com\/spanish\/wp-json\/wp\/v2\/types\/product"}],"version-history":[{"count":3,"href":"https:\/\/www.pandamech.com\/spanish\/wp-json\/wp\/v2\/product\/1169\/revisions"}],"predecessor-version":[{"id":91552,"href":"https:\/\/www.pandamech.com\/spanish\/wp-json\/wp\/v2\/product\/1169\/revisions\/91552"}],"wp:featuredmedia":[{"embeddable":true,"href":"https:\/\/www.pandamech.com\/spanish\/wp-json\/wp\/v2\/media\/56192"}],"wp:attachment":[{"href":"https:\/\/www.pandamech.com\/spanish\/wp-json\/wp\/v2\/media?parent=1169"}],"wp:term":[{"taxonomy":"product_brand","embeddable":true,"href":"https:\/\/www.pandamech.com\/spanish\/wp-json\/wp\/v2\/product_brand?post=1169"},{"taxonomy":"product_cat","embeddable":true,"href":"https:\/\/www.pandamech.com\/spanish\/wp-json\/wp\/v2\/product_cat?post=1169"},{"taxonomy":"product_tag","embeddable":true,"href":"https:\/\/www.pandamech.com\/spanish\/wp-json\/wp\/v2\/product_tag?post=1169"}],"curies":[{"name":"wp","href":"https:\/\/api.w.org\/{rel}","templated":true}]}}