{"id":1159,"date":"2025-09-17T11:40:22","date_gmt":"2025-09-17T03:40:22","guid":{"rendered":"https:\/\/pandamech.com\/product\/2-axle-40ft-container-chassis-trailers\/"},"modified":"2025-12-07T15:38:52","modified_gmt":"2025-12-07T07:38:52","slug":"2-axle-40ft-skeletal-semi-trailers-p00293p1-html","status":"publish","type":"product","link":"https:\/\/www.pandamech.com\/spanish\/product\/2-axle-40ft-skeletal-semi-trailers-p00293p1-html\/","title":{"rendered":"2 Eje 40Ft Chasis Remolque En Venta"},"content":{"rendered":"<p>Remolques chasis de 2 ejes, tambi\u00e9n llamados semirremolque esqueleto de 2 ejes, chasis portacontenedores de 2 ejes, etc. Generalmente utilizado para el transporte de contenedores ISO en puertos, astilleros, rutas, puentes, t\u00faneles, estaciones de transferencia, y el apoyo a los sistemas log\u00edsticos de transporte multimodal. 40 pies de largo caben de 4 a 14 juegos de esclusas de contenedores adecuados para 10\u2032, 20\u2032, 40 contenedores secos, contenedores cisterna contenedores frigor\u00edficos, etc.<\/p>\n<h2>2 Eje 40Ft chasis remolque im\u00e1genes<\/h2>\n<p><img fetchpriority=\"high\" decoding=\"async\" class=\"alignnone wp-image-59164 size-full\" src=\"https:\/\/www.pandamech.com\/wp-content\/uploads\/2022\/08\/8-1.jpg\" alt=\"Remolque chasis de 2 ejes en venta en China\" width=\"800\" height=\"533\" title=\"\" srcset=\"https:\/\/www.pandamech.com\/wp-content\/uploads\/2022\/08\/8-1.jpg 800w, https:\/\/www.pandamech.com\/wp-content\/uploads\/2022\/08\/8-1-300x200.jpg 300w, https:\/\/www.pandamech.com\/wp-content\/uploads\/2022\/08\/8-1-500x333.jpg 500w, https:\/\/www.pandamech.com\/wp-content\/uploads\/2022\/08\/8-1-18x12.jpg 18w\" sizes=\"(max-width: 800px) 100vw, 800px\" \/><\/p>\n<p>2 ejes 40Ft chasis remolques para la venta<\/p>\n<p><img decoding=\"async\" class=\"alignnone wp-image-31476 size-full\" src=\"https:\/\/pandamech.com\/wp-content\/uploads\/2021\/08\/7-129.jpg\" alt=\"Remolques chasis portacontenedores de 2 ejes y 40 pies\" width=\"800\" height=\"533\" title=\"\"><\/p>\n<p>2 ejes 40Ft contenedor chasis remolque para la venta<\/p>\n<p>Relacionado: <a href=\"https:\/\/www.pandamech.com\/spanish\/product\/20ft-container-chassis-trailer-for-sale\/\" target=\"_blank\" rel=\"noopener\">Chasis de contenedor de 3 ejes<\/a>, <a href=\"https:\/\/www.pandamech.com\/spanish\/product\/20ft-container-chassis-trailer-for-sale\/\" target=\"_blank\" rel=\"noopener\">Chasis de contenedor de 20 pies<\/a><\/p>\n<h2>2 Eje 40Ft chasis remolque video<\/h2>\n<p><iframe style=\"width: 800px;\" src=\"https:\/\/www.youtube.com\/embed\/gpYCqZAGdAk?rel=0\" height=\"533\" frameborder=\"0\" scrolling=\"no\" allowfullscreen=\"allowfullscreen\"><\/iframe><\/p>\n<h2>2 Eje 40Ft chasis remolque especificaci\u00f3n<\/h2>\n<table style=\"width: 800px;\" border=\"1\" cellspacing=\"1\" cellpadding=\"1\">\n<tbody>\n<tr>\n<td width=\"208\" height=\"32\">Dimensi\u00f3n<\/td>\n<td width=\"457\">12500*2500*1550mm<\/td>\n<\/tr>\n<tr>\n<td height=\"32\">Peso<\/td>\n<td>6000Kg<\/td>\n<\/tr>\n<tr>\n<td height=\"32\">Viga principal<\/td>\n<td>\u201cSecci\u00f3n \u201dI\" altura 500mm Material Q345\/T700<\/td>\n<\/tr>\n<tr>\n<td height=\"32\">Bloqueo giratorio<\/td>\n<td>12\/14 set Norma ISO<\/td>\n<\/tr>\n<tr>\n<td height=\"32\">Suspensi\u00f3n<\/td>\n<td>Mec\u00e1nica \/ Aire \/ Bogie<\/td>\n<\/tr>\n<tr>\n<td height=\"32\">Eje<\/td>\n<td>2 ejes BPW\/FUWA\/PDME, etc.<\/td>\n<\/tr>\n<tr>\n<td height=\"32\">Llanta<\/td>\n<td>8\/12 piezas 9,0-22,5 Acero\/Aluminio<\/td>\n<\/tr>\n<tr>\n<td height=\"32\">Neum\u00e1tico<\/td>\n<td>8\/12 piezas 12R22.5 Bridgestone\/Triangle\/Linglong etc.<\/td>\n<\/tr>\n<tr>\n<td height=\"32\">V\u00e1lvula de freno<\/td>\n<td>WABCO<\/td>\n<\/tr>\n<tr>\n<td height=\"32\">C\u00e1mara de frenado<\/td>\n<td>4\/6 juegos T30\/30<\/td>\n<\/tr>\n<tr>\n<td height=\"32\">Tubo de freno<\/td>\n<td>Tubo de alambre de nailon<\/td>\n<\/tr>\n<tr>\n<td height=\"32\">Tren de aterrizaje<\/td>\n<td>28T Elevaci\u00f3n JOST\/YAHUA<\/td>\n<\/tr>\n<tr>\n<td height=\"32\">Kingpin<\/td>\n<td>2\u2033(50mm)\/3.5\u2033(90mm) Tipo de atornillado JOST<\/td>\n<\/tr>\n<tr>\n<td height=\"32\">Luces<\/td>\n<td>12v\/24v LED estancos<\/td>\n<\/tr>\n<\/tbody>\n<\/table>\n<h2>2 Eje 40Ft chasis remolque aplicaci\u00f3n<\/h2>\n<p>El remolque chasis de 2 ejes y 40 pies se utiliza generalmente en puertos, barcos, carreteras, rutas, puentes, t\u00faneles y estaciones de transferencia, apoyando los sistemas log\u00edsticos de transporte multimodal.<\/p>\n<p>El remolque esqueleto de 2 ejes de 40 pies se utiliza principalmente para el transporte de media y larga distancia y se utiliza generalmente para el transporte de contenedores. Seg\u00fan sus necesidades, proporcionamos de 4 a 14 juegos de cerraduras.<\/p>\n<h2>2 Eje 40Ft chasis remolque caracter\u00edsticas<\/h2>\n<ul>\n<li data-start=\"343\" data-end=\"523\">\n<p data-start=\"345\" data-end=\"523\"><strong data-start=\"345\" data-end=\"357\" data-is-only-node=\"\">Kingpin:<\/strong> Pivote atornillado JOST, intercambiable sobre el terreno entre 2 y 3,5 pulgadas, compatible con flotas mixtas y requisitos y normativas regionales de cumplimiento de peso por eje en todo el mundo.<\/p>\n<\/li>\n<li data-start=\"525\" data-end=\"703\">\n<p data-start=\"527\" data-end=\"703\"><strong data-start=\"527\" data-end=\"536\" data-is-only-node=\"\">Eje:<\/strong> Ejes BPW, FUWA o PD disponibles; los cojinetes y juntas de larga duraci\u00f3n reducen los intervalos de mantenimiento y permiten un alto kilometraje con un rendimiento de alineaci\u00f3n fiable.<\/p>\n<\/li>\n<li data-start=\"705\" data-end=\"864\">\n<p data-start=\"707\" data-end=\"864\"><strong data-start=\"707\" data-end=\"716\" data-is-only-node=\"\">Neum\u00e1tico:<\/strong> Neum\u00e1ticos Tier-one opcionales; tama\u00f1os y clasificaciones de lonas personalizables seg\u00fan los l\u00edmites de peso de la ruta, los objetivos de eficiencia de combustible y las exigencias de las condiciones de las carreteras regionales.<\/p>\n<\/li>\n<li data-start=\"866\" data-end=\"1050\">\n<p data-start=\"868\" data-end=\"1050\"><strong data-start=\"868\" data-end=\"876\" data-is-only-node=\"\">Llanta:<\/strong> Llantas de acero o aluminio de alta calidad, montadas en buje, protegidas contra la corrosi\u00f3n, seleccionadas para reducir el peso, disipar el calor y ofrecer durabilidad a larga distancia en ciclos de carga pesada.<\/p>\n<\/li>\n<li data-start=\"1052\" data-end=\"1218\">\n<p data-start=\"1054\" data-end=\"1218\"><strong data-start=\"1054\" data-end=\"1069\" data-is-only-node=\"\">Suspensi\u00f3n:<\/strong> Suspensi\u00f3n mec\u00e1nica de alta resistencia con ecualizador y muelles multihoja; mejora la estabilidad al balanceo y la absorci\u00f3n de impactos en terminales y carreteras irregulares.<\/p>\n<\/li>\n<\/ul>\n<h2>2 Eje 40Ft Chasis Remolque Fabricante<\/h2>\n<p>Panda Mech es un fabricante de remolques esqueleto de 2 ejes de China. Suministramos remolques esqueleto de 2 ejes para la venta. Los fabricantes de PANDA MECH han tenido \u00e9xito en el sudeste asi\u00e1tico, Oriente Medio, \u00c1frica y Am\u00e9rica del Sur, como Filipinas, Tanzania, Nigeria, etc ...<\/p>\n<p><a href=\"\/spanish\/contact-us\/\" rel=\"nofollow\"><img decoding=\"async\" src=\"https:\/\/pandamech.com\/wp-content\/uploads\/u_file\/db8ce19fe3.jpg\" alt=\"Chasis de contenedor de 40 pies\" title=\"\"><\/a><\/p>\n<p>FAQ<\/p>\n<h3>\u00bfPara qu\u00e9 sirve un remolque chasis de 2 ejes de 40 pies?<\/h3>\n<p data-start=\"1609\" data-end=\"1759\">Est\u00e1 dise\u00f1ado para transportar contenedores de 20 \u00f3 40 pies en puertos, terminales y transportes de larga distancia.<\/p>\n<h3 data-start=\"1764\" data-end=\"1908\"><strong data-start=\"1764\" data-end=\"1812\">\u00bfCu\u00e1nto cuesta un remolque con chasis de 2 ejes y 40 pies?<\/strong><\/h3>\n<p data-start=\"1764\" data-end=\"1908\">Precios de f\u00e1brica <strong data-start=\"1836\" data-end=\"1853\">$7.600-15.200<\/strong>, dependiendo de la suspensi\u00f3n, los neum\u00e1ticos y las piezas opcionales.<\/p>\n<h3 data-start=\"1913\" data-end=\"2106\"><strong data-start=\"1913\" data-end=\"1976\">\u00bfCu\u00e1l es la diferencia entre un chasis de 2 ejes y uno de 3 ejes?<\/strong><\/h3>\n<p data-start=\"1913\" data-end=\"2106\">Un chasis de 2 ejes es m\u00e1s ligero, ahorra costes y es adecuado para cargas ligeras, mientras que un chasis de 3 ejes soporta contenedores m\u00e1s pesados.<\/p>\n<h3 data-start=\"2111\" data-end=\"2242\"><strong data-start=\"2111\" data-end=\"2172\">\u00bfCu\u00e1les son las dimensiones de un remolque chasis de 2 ejes y 40 pies?<\/strong><\/h3>\n<p data-start=\"2111\" data-end=\"2242\">Tama\u00f1o est\u00e1ndar: 12.500 \u00d7 2.500 \u00d7 1.550 mm, tara \u2248 6.000 kg.<\/p>\n<h3 data-start=\"2247\" data-end=\"2383\"><strong data-start=\"2247\" data-end=\"2295\">\u00bfPuede un chasis de 2 ejes transportar un contenedor de 20 pies?<\/strong><\/h3>\n<p data-start=\"2247\" data-end=\"2383\">S\u00ed, puede transportar contenedores ISO de 1\u00d720 pies o 1\u00d740 pies, asegurados con cierres giratorios ISO.<\/p>\n<p><!--\u04bb?\u043f?\u02bc--><\/p>","protected":false},"excerpt":{"rendered":"<p>Tipo: Semirremolque esqueleto de 2 ejes y 40 pies<\/p>\n<p>Gama de precios: $7,600-15,200<\/p>\n<p>Plazo de entrega: 7-25 d\u00edas<\/p>\n<p>Aplicaci\u00f3n: contenedor de transporte<\/p>\n<p>Capacidad de carga: 20-50 toneladas<\/p>","protected":false},"featured_media":58500,"template":"","meta":{"_acf_changed":false,"_kad_blocks_custom_css":"","_kad_blocks_head_custom_js":"","_kad_blocks_body_custom_js":"","_kad_blocks_footer_custom_js":"","_kad_post_transparent":"default","_kad_post_title":"","_kad_post_layout":"default","_kad_post_sidebar_id":"","_kad_post_content_style":"default","_kad_post_vertical_padding":"default","_kad_post_feature":"","_kad_post_feature_position":"","_kad_post_header":false,"_kad_post_footer":false,"_kad_post_classname":""},"product_brand":[],"product_cat":[103],"product_tag":[],"class_list":{"0":"post-1159","1":"product","2":"type-product","3":"status-publish","4":"has-post-thumbnail","6":"product_cat-container-chassis-trailer","8":"first","9":"instock","10":"sold-individually","11":"shipping-taxable","12":"purchasable","13":"product-type-simple","14":"entry","15":"content-bg","16":"loop-entry"},"acf":[],"taxonomy_info":{"product_cat":[{"value":103,"label":"Container Chassis"}]},"featured_image_src_large":["https:\/\/www.pandamech.com\/wp-content\/uploads\/2023\/05\/3-500x500.jpg",500,500,true],"author_info":[],"comment_info":"","_links":{"self":[{"href":"https:\/\/www.pandamech.com\/spanish\/wp-json\/wp\/v2\/product\/1159","targetHints":{"allow":["GET"]}}],"collection":[{"href":"https:\/\/www.pandamech.com\/spanish\/wp-json\/wp\/v2\/product"}],"about":[{"href":"https:\/\/www.pandamech.com\/spanish\/wp-json\/wp\/v2\/types\/product"}],"version-history":[{"count":4,"href":"https:\/\/www.pandamech.com\/spanish\/wp-json\/wp\/v2\/product\/1159\/revisions"}],"predecessor-version":[{"id":91618,"href":"https:\/\/www.pandamech.com\/spanish\/wp-json\/wp\/v2\/product\/1159\/revisions\/91618"}],"wp:featuredmedia":[{"embeddable":true,"href":"https:\/\/www.pandamech.com\/spanish\/wp-json\/wp\/v2\/media\/58500"}],"wp:attachment":[{"href":"https:\/\/www.pandamech.com\/spanish\/wp-json\/wp\/v2\/media?parent=1159"}],"wp:term":[{"taxonomy":"product_brand","embeddable":true,"href":"https:\/\/www.pandamech.com\/spanish\/wp-json\/wp\/v2\/product_brand?post=1159"},{"taxonomy":"product_cat","embeddable":true,"href":"https:\/\/www.pandamech.com\/spanish\/wp-json\/wp\/v2\/product_cat?post=1159"},{"taxonomy":"product_tag","embeddable":true,"href":"https:\/\/www.pandamech.com\/spanish\/wp-json\/wp\/v2\/product_tag?post=1159"}],"curies":[{"name":"wp","href":"https:\/\/api.w.org\/{rel}","templated":true}]}}