{"id":91499,"date":"2025-08-19T16:48:00","date_gmt":"2025-08-19T08:48:00","guid":{"rendered":"https:\/\/www.pandamech.com\/?post_type=product&#038;p=91499"},"modified":"2025-08-24T10:03:46","modified_gmt":"2025-08-24T02:03:46","slug":"4-axle-rear-end-tipper-semi-trailer","status":"publish","type":"product","link":"https:\/\/www.pandamech.com\/france\/product\/4-axle-rear-end-tipper-semi-trailer\/","title":{"rendered":"Semi-remorque \u00e0 benne basculante \u00e0 4 essieux et extr\u00e9mit\u00e9 arri\u00e8re"},"content":{"rendered":"<p>Une semi-remorque basculante \u00e0 quatre essieux, \u00e9galement connue sous le nom de remorque \u00e0 benne basculante \u00e0 quatre essieux, est un choix id\u00e9al si vous recherchez une semi-remorque basculante durable et efficace. Con\u00e7ue sp\u00e9cialement pour le transport de charbon, de sable, de gravier et d'autres mat\u00e9riaux de construction, cette semi-remorque permet de bien faire le travail, elle est durable et abordable.<\/p>\n<h2>Semi-remorque \u00e0 benne basculante \u00e0 4 essieux Images<\/h2>\n<p><img fetchpriority=\"high\" decoding=\"async\" class=\"alignnone wp-image-58244 size-full\" src=\"https:\/\/www.pandamech.com\/wp-content\/uploads\/2022\/10\/55t-dump-trailer-8.jpg\" alt=\"Semi-remorque \u00e0 benne basculante \u00e0 4 essieux et extr\u00e9mit\u00e9 arri\u00e8re\" width=\"750\" height=\"399\" title=\"\" srcset=\"https:\/\/www.pandamech.com\/wp-content\/uploads\/2022\/10\/55t-dump-trailer-8.jpg 750w, https:\/\/www.pandamech.com\/wp-content\/uploads\/2022\/10\/55t-dump-trailer-8-300x160.jpg 300w, https:\/\/www.pandamech.com\/wp-content\/uploads\/2022\/10\/55t-dump-trailer-8-500x266.jpg 500w, https:\/\/www.pandamech.com\/wp-content\/uploads\/2022\/10\/55t-dump-trailer-8-18x10.jpg 18w\" sizes=\"(max-width: 750px) 100vw, 750px\" \/><\/p>\n<p>Train arri\u00e8re \u00e0 4 essieux <a href=\"https:\/\/www.pandamech.com\/france\/category\/tipper-trailer\/\">Semi-remorque \u00e0 benne basculante<\/a> Approvisionnement<\/p>\n<p><img decoding=\"async\" class=\"alignnone wp-image-58243 size-full\" src=\"https:\/\/www.pandamech.com\/wp-content\/uploads\/2022\/10\/55t-dump-trailer-7.jpg\" alt=\"Semi-remorque \u00e0 benne basculante \u00e0 4 essieux et extr\u00e9mit\u00e9 arri\u00e8re\" width=\"750\" height=\"399\" title=\"\" srcset=\"https:\/\/www.pandamech.com\/wp-content\/uploads\/2022\/10\/55t-dump-trailer-7.jpg 750w, https:\/\/www.pandamech.com\/wp-content\/uploads\/2022\/10\/55t-dump-trailer-7-300x160.jpg 300w, https:\/\/www.pandamech.com\/wp-content\/uploads\/2022\/10\/55t-dump-trailer-7-500x266.jpg 500w, https:\/\/www.pandamech.com\/wp-content\/uploads\/2022\/10\/55t-dump-trailer-7-18x10.jpg 18w\" sizes=\"(max-width: 750px) 100vw, 750px\" \/><\/p>\n<p>Semi-remorque \u00e0 benne basculante \u00e0 4 essieux, fabricant chinois<\/p>\n<p><img decoding=\"async\" class=\"alignnone wp-image-58164 size-full\" src=\"https:\/\/www.pandamech.com\/wp-content\/uploads\/2022\/10\/4axle-60t-tipper-12.jpg\" alt=\"Semi-remorque basculante \u00e0 4 essieux \u00e0 vendre\" width=\"750\" height=\"400\" title=\"\" srcset=\"https:\/\/www.pandamech.com\/wp-content\/uploads\/2022\/10\/4axle-60t-tipper-12.jpg 750w, https:\/\/www.pandamech.com\/wp-content\/uploads\/2022\/10\/4axle-60t-tipper-12-300x160.jpg 300w, https:\/\/www.pandamech.com\/wp-content\/uploads\/2022\/10\/4axle-60t-tipper-12-500x267.jpg 500w, https:\/\/www.pandamech.com\/wp-content\/uploads\/2022\/10\/4axle-60t-tipper-12-18x10.jpg 18w\" sizes=\"(max-width: 750px) 100vw, 750px\" \/><\/p>\n<p>Semi-remorque basculante \u00e0 4 essieux et \u00e0 l'arri\u00e8re Factory<\/p>\n<p><img loading=\"lazy\" decoding=\"async\" class=\"alignnone wp-image-58163 size-full\" src=\"https:\/\/www.pandamech.com\/wp-content\/uploads\/2022\/10\/4axle-60t-tipper-11.jpg\" alt=\"Semi-remorque \u00e0 benne basculante \u00e0 4 essieux fabricant\" width=\"750\" height=\"400\" title=\"\" srcset=\"https:\/\/www.pandamech.com\/wp-content\/uploads\/2022\/10\/4axle-60t-tipper-11.jpg 750w, https:\/\/www.pandamech.com\/wp-content\/uploads\/2022\/10\/4axle-60t-tipper-11-300x160.jpg 300w, https:\/\/www.pandamech.com\/wp-content\/uploads\/2022\/10\/4axle-60t-tipper-11-500x267.jpg 500w, https:\/\/www.pandamech.com\/wp-content\/uploads\/2022\/10\/4axle-60t-tipper-11-18x10.jpg 18w\" sizes=\"(max-width: 750px) 100vw, 750px\" \/><\/p>\n<p>Semi-remorque basculante \u00e0 4 essieux \u00e0 l'arri\u00e8re \u00e0 vendre<\/p>\n<h2>Semi-remorque basculante \u00e0 4 essieux \u00e0 l'arri\u00e8re Sp\u00e9cification<\/h2>\n<ul>\n<li data-start=\"170\" data-end=\"241\">\n<p data-start=\"172\" data-end=\"241\"><strong data-start=\"172\" data-end=\"188\">Marque<\/strong>: Panda Mech<\/p>\n<\/li>\n<li data-start=\"242\" data-end=\"273\">\n<p data-start=\"244\" data-end=\"273\"><strong data-start=\"244\" data-end=\"263\">Charge utile maximale<\/strong>: 80 tonnes<\/p>\n<\/li>\n<li data-start=\"387\" data-end=\"436\">\n<p data-start=\"389\" data-end=\"436\"><strong data-start=\"389\" data-end=\"409\">Syst\u00e8me hydraulique<\/strong>: Cylindre hydraulique HYVA<\/p>\n<\/li>\n<li data-start=\"437\" data-end=\"490\">\n<p data-start=\"439\" data-end=\"490\"><strong data-start=\"439\" data-end=\"457\">Tailles des cylindres<\/strong>: 175, 191, 202, 214 \/ 4TG, 5TG<\/p>\n<\/li>\n<li data-start=\"491\" data-end=\"558\">\n<p data-start=\"493\" data-end=\"558\"><strong data-start=\"493\" data-end=\"507\">Suspension<\/strong>: Suspension m\u00e9canique et pneumatique<\/p>\n<\/li>\n<li data-start=\"559\" data-end=\"594\">\n<p data-start=\"561\" data-end=\"594\"><strong data-start=\"561\" data-end=\"583\">Configuration des essieux<\/strong>: 4 essieux<\/p>\n<\/li>\n<li data-start=\"595\" data-end=\"642\">\n<p data-start=\"597\" data-end=\"642\"><strong data-start=\"597\" data-end=\"608\">Kingpin<\/strong>: JOST 2\u2033 ou 3.5 Type d\u00e9tachable<\/p>\n<\/li>\n<li data-start=\"643\" data-end=\"688\">\n<p data-start=\"645\" data-end=\"688\"><strong data-start=\"645\" data-end=\"663\">Syst\u00e8me de freinage<\/strong>: ABS ou EBS (en option)<\/p>\n<\/li>\n<li data-start=\"689\" data-end=\"737\">\n<p data-start=\"691\" data-end=\"737\"><strong data-start=\"691\" data-end=\"703\">Mat\u00e9riau<\/strong>: Acier haute r\u00e9sistance de 5 ou 6 mm<\/p>\n<\/li>\n<li data-start=\"738\" data-end=\"773\">\n<p data-start=\"740\" data-end=\"773\"><strong data-start=\"740\" data-end=\"748\">Pneu<\/strong>: 12R 22.5 315\/80 R22.5<\/p>\n<\/li>\n<li data-start=\"774\" data-end=\"804\">\n<p data-start=\"776\" data-end=\"804\"><strong data-start=\"776\" data-end=\"794\">Chambres de frein<\/strong>: T30\/30<\/p>\n<\/li>\n<li data-start=\"805\" data-end=\"828\">\n<p data-start=\"807\" data-end=\"828\"><strong data-start=\"807\" data-end=\"821\">Angle d'inclinaison<\/strong>: 45\u00b0<\/p>\n<\/li>\n<\/ul>\n<h2>Semi-remorque benne basculante \u00e0 4 essieux Advantage<\/h2>\n<ul>\n<li data-start=\"98\" data-end=\"264\">\n<p data-start=\"101\" data-end=\"264\"><strong data-start=\"101\" data-end=\"131\">Capacit\u00e9 de charge utile accrue<\/strong>: Avec l'essieu suppl\u00e9mentaire, la configuration \u00e0 4 essieux offre une meilleure r\u00e9partition de la charge, ce qui vous permet de transporter des charges plus lourdes avec facilit\u00e9. \ud83d\ude9b<\/p>\n<\/li>\n<li data-start=\"266\" data-end=\"432\">\n<p data-start=\"269\" data-end=\"432\"><strong data-start=\"269\" data-end=\"291\">Stabilit\u00e9 sup\u00e9rieure<\/strong>: La conception \u00e0 4 essieux offre une stabilit\u00e9 in\u00e9gal\u00e9e, ce qui la rend id\u00e9ale pour le transport de grandes quantit\u00e9s de mat\u00e9riaux sur des terrains accident\u00e9s ou irr\u00e9guliers. \u2696\ufe0f<\/p>\n<\/li>\n<li data-start=\"608\" data-end=\"796\">\n<p data-start=\"611\" data-end=\"796\"><strong data-start=\"611\" data-end=\"634\">Durabilit\u00e9 accrue<\/strong>: Construite avec de l'acier \u00e0 haute r\u00e9sistance et un cadre robuste, cette remorque est con\u00e7ue pour r\u00e9sister \u00e0 des op\u00e9rations lourdes pendant des ann\u00e9es, m\u00eame dans les conditions les plus difficiles. \ud83d\udcaa<\/p>\n<\/li>\n<\/ul>\n<h2>Panda Mech<\/h2>\n<p>Panda Mech est un fabricant chinois de semi-remorques basculantes \u00e0 4 essieux arri\u00e8re. Nous fournissons des semi-remorques basculantes \u00e0 4 essieux arri\u00e8re pour la vente. Nous pouvons personnaliser selon vos besoins.<\/p>\n<p>En rapport :<\/p>\n<p class=\"product_title entry-title elementor-heading-title elementor-size-default\"><span style=\"color: #0000ff;\"><a style=\"color: #0000ff;\" href=\"https:\/\/www.pandamech.com\/france\/product\/3-axle-rear-end-tipper-semi-trailer-price\/\">Semi-remorque \u00e0 benne basculante \u00e0 3 essieux et \u00e0 l'arri\u00e8re<\/a><\/span><\/p>\n<p><span style=\"color: #0000ff;\"><a style=\"color: #0000ff;\" href=\"https:\/\/www.pandamech.com\/france\/category\/tipper-trailer\/side-tipper\/\" target=\"_blank\" rel=\"noopener\">remorque \u00e0 benne lat\u00e9rale<\/a><\/span><\/p>","protected":false},"excerpt":{"rendered":"<p><strong>Capacit\u00e9<\/strong>: 80 tonnes<\/p>\n<p><strong>Fourchette de prix<\/strong>: 14 000-38 000 USD<\/p>\n<p><strong>Date de livraison<\/strong>7-25 jours<\/p>\n<p><strong>Application<\/strong>Transport de charbon, de minerais et de mat\u00e9riaux de construction<\/p>\n<p><strong>Angle d'inclinaison<\/strong>: 45\u00b0<\/p>","protected":false},"featured_media":58114,"template":"","meta":{"_acf_changed":false,"_kad_blocks_custom_css":"","_kad_blocks_head_custom_js":"","_kad_blocks_body_custom_js":"","_kad_blocks_footer_custom_js":"","_kad_post_transparent":"default","_kad_post_title":"","_kad_post_layout":"default","_kad_post_sidebar_id":"","_kad_post_content_style":"default","_kad_post_vertical_padding":"default","_kad_post_feature":"","_kad_post_feature_position":"","_kad_post_header":false,"_kad_post_footer":false,"_kad_post_classname":""},"product_brand":[],"product_cat":[96],"product_tag":[],"class_list":{"0":"post-91499","1":"product","2":"type-product","3":"status-publish","4":"has-post-thumbnail","6":"product_cat-tipper-trailer","8":"first","9":"instock","10":"shipping-taxable","11":"product-type-simple","12":"entry","13":"content-bg","14":"loop-entry"},"acf":[],"taxonomy_info":{"product_cat":[{"value":96,"label":"Tipper Trailer"}]},"featured_image_src_large":["https:\/\/www.pandamech.com\/wp-content\/uploads\/2022\/10\/28cbm-tipper-trailer-5-500x500.jpg",500,500,true],"author_info":[],"comment_info":"","_links":{"self":[{"href":"https:\/\/www.pandamech.com\/france\/wp-json\/wp\/v2\/product\/91499","targetHints":{"allow":["GET"]}}],"collection":[{"href":"https:\/\/www.pandamech.com\/france\/wp-json\/wp\/v2\/product"}],"about":[{"href":"https:\/\/www.pandamech.com\/france\/wp-json\/wp\/v2\/types\/product"}],"version-history":[{"count":1,"href":"https:\/\/www.pandamech.com\/france\/wp-json\/wp\/v2\/product\/91499\/revisions"}],"predecessor-version":[{"id":91501,"href":"https:\/\/www.pandamech.com\/france\/wp-json\/wp\/v2\/product\/91499\/revisions\/91501"}],"wp:featuredmedia":[{"embeddable":true,"href":"https:\/\/www.pandamech.com\/france\/wp-json\/wp\/v2\/media\/58114"}],"wp:attachment":[{"href":"https:\/\/www.pandamech.com\/france\/wp-json\/wp\/v2\/media?parent=91499"}],"wp:term":[{"taxonomy":"product_brand","embeddable":true,"href":"https:\/\/www.pandamech.com\/france\/wp-json\/wp\/v2\/product_brand?post=91499"},{"taxonomy":"product_cat","embeddable":true,"href":"https:\/\/www.pandamech.com\/france\/wp-json\/wp\/v2\/product_cat?post=91499"},{"taxonomy":"product_tag","embeddable":true,"href":"https:\/\/www.pandamech.com\/france\/wp-json\/wp\/v2\/product_tag?post=91499"}],"curies":[{"name":"wp","href":"https:\/\/api.w.org\/{rel}","templated":true}]}}