{"id":91487,"date":"2025-08-20T11:40:47","date_gmt":"2025-08-20T03:40:47","guid":{"rendered":"https:\/\/www.pandamech.com\/?post_type=product&#038;p=91487"},"modified":"2025-08-24T10:43:49","modified_gmt":"2025-08-24T02:43:49","slug":"china-45m3-tipper-trailer-wholesale","status":"publish","type":"product","link":"https:\/\/www.pandamech.com\/france\/product\/china-45m3-tipper-trailer-wholesale\/","title":{"rendered":"Chine Remorque \u00e0 benne basculante 45m3 Commerce de gros"},"content":{"rendered":"<p>La remorque \u00e0 benne basculante de 45 m3 de Panda Mech est une solution performante con\u00e7ue pour le transport de mat\u00e9riaux en vrac tels que le charbon, le gravier, le sable et les d\u00e9bris de construction. Elle est connue sous le nom de remorque \u00e0 benne basculante de 45 m\u00e8tres cubes, ou remorque \u00e0 benne basculante de 45 cbm, et elle est con\u00e7ue pour l'efficacit\u00e9 et la durabilit\u00e9. Id\u00e9ale pour les industries telles que l'exploitation mini\u00e8re, la construction et la logistique, cette remorque assure un d\u00e9chargement rapide gr\u00e2ce \u00e0 un syst\u00e8me hydraulique robuste, offrant une stabilit\u00e9 et une s\u00e9curit\u00e9 sup\u00e9rieures lors d'op\u00e9rations lourdes dans des environnements difficiles.<\/p>\n<h2>Chine 45m3 Tipper Trailer Images<\/h2>\n<p><img fetchpriority=\"high\" decoding=\"async\" class=\"alignnone wp-image-58433 size-full\" src=\"https:\/\/www.pandamech.com\/wp-content\/uploads\/2022\/10\/tipper-trailer-7.jpg\" alt=\"Remorque \u00e0 benne basculante 45m3 \u00e0 bas prix en Chine\" width=\"750\" height=\"399\" title=\"\" srcset=\"https:\/\/www.pandamech.com\/wp-content\/uploads\/2022\/10\/tipper-trailer-7.jpg 750w, https:\/\/www.pandamech.com\/wp-content\/uploads\/2022\/10\/tipper-trailer-7-300x160.jpg 300w, https:\/\/www.pandamech.com\/wp-content\/uploads\/2022\/10\/tipper-trailer-7-500x266.jpg 500w, https:\/\/www.pandamech.com\/wp-content\/uploads\/2022\/10\/tipper-trailer-7-18x10.jpg 18w\" sizes=\"(max-width: 750px) 100vw, 750px\" \/><\/p>\n<p>Chine Remorque \u00e0 benne basculante 45m3 Commerce de gros<\/p>\n<p><img decoding=\"async\" class=\"alignnone wp-image-58434 size-full\" src=\"https:\/\/www.pandamech.com\/wp-content\/uploads\/2022\/10\/tipper-trailer-8.jpg\" alt=\"ventes Remorque \u00e0 benne basculante 45m3 grossistes\" width=\"750\" height=\"400\" title=\"\" srcset=\"https:\/\/www.pandamech.com\/wp-content\/uploads\/2022\/10\/tipper-trailer-8.jpg 750w, https:\/\/www.pandamech.com\/wp-content\/uploads\/2022\/10\/tipper-trailer-8-300x160.jpg 300w, https:\/\/www.pandamech.com\/wp-content\/uploads\/2022\/10\/tipper-trailer-8-500x267.jpg 500w, https:\/\/www.pandamech.com\/wp-content\/uploads\/2022\/10\/tipper-trailer-8-18x10.jpg 18w\" sizes=\"(max-width: 750px) 100vw, 750px\" \/><\/p>\n<p>Vente Remorque \u00e0 benne basculante 45m3 de haute qualit\u00e9<\/p>\n<p><img decoding=\"async\" class=\"alignnone wp-image-58435 size-full\" src=\"https:\/\/www.pandamech.com\/wp-content\/uploads\/2022\/10\/tipper-trailer-9.jpg\" alt=\"ventes 45m3 benne basculante grossiste\" width=\"750\" height=\"399\" title=\"\" srcset=\"https:\/\/www.pandamech.com\/wp-content\/uploads\/2022\/10\/tipper-trailer-9.jpg 750w, https:\/\/www.pandamech.com\/wp-content\/uploads\/2022\/10\/tipper-trailer-9-300x160.jpg 300w, https:\/\/www.pandamech.com\/wp-content\/uploads\/2022\/10\/tipper-trailer-9-500x266.jpg 500w, https:\/\/www.pandamech.com\/wp-content\/uploads\/2022\/10\/tipper-trailer-9-18x10.jpg 18w\" sizes=\"(max-width: 750px) 100vw, 750px\" \/><\/p>\n<p>Chine Remorque \u00e0 benne basculante 45m3 personnalis\u00e9e<\/p>\n<h2>Sp\u00e9cification de la remorque \u00e0 benne basculante 45m3 en Chine<\/h2>\n<ul>\n<li data-start=\"387\" data-end=\"436\"><strong>Marque<\/strong>: Panda Mech<\/li>\n<li data-start=\"387\" data-end=\"436\">\n<p data-start=\"389\" data-end=\"436\"><strong data-start=\"389\" data-end=\"409\">Syst\u00e8me hydraulique<\/strong>: Cylindre hydraulique HYVA<\/p>\n<\/li>\n<li data-start=\"437\" data-end=\"490\">\n<p data-start=\"439\" data-end=\"490\"><strong data-start=\"439\" data-end=\"457\">Tailles des cylindres<\/strong>: 175, 191, 202, 214 \/ 4TG, 5TG<\/p>\n<\/li>\n<li data-start=\"491\" data-end=\"558\">\n<p data-start=\"493\" data-end=\"558\"><strong data-start=\"493\" data-end=\"507\">Suspension<\/strong>: Suspension m\u00e9canique (suspension pneumatique en option)<\/p>\n<\/li>\n<li data-start=\"559\" data-end=\"594\">\n<p data-start=\"561\" data-end=\"594\"><strong data-start=\"561\" data-end=\"583\">Configuration des essieux<\/strong>: 3 essieux<\/p>\n<\/li>\n<li data-start=\"595\" data-end=\"642\">\n<p data-start=\"597\" data-end=\"642\"><strong data-start=\"597\" data-end=\"608\">Kingpin<\/strong>: JOST 2\u2033 ou 3.5 Type d\u00e9tachable<\/p>\n<\/li>\n<li data-start=\"643\" data-end=\"688\">\n<p data-start=\"645\" data-end=\"688\"><strong data-start=\"645\" data-end=\"663\">Syst\u00e8me de freinage<\/strong>: ABS ou EBS (en option)<\/p>\n<\/li>\n<li data-start=\"689\" data-end=\"737\">\n<p data-start=\"691\" data-end=\"737\"><strong data-start=\"691\" data-end=\"703\">Mat\u00e9riau<\/strong>: Acier haute r\u00e9sistance de 5 ou 6 mm<\/p>\n<\/li>\n<li data-start=\"738\" data-end=\"773\">\n<p data-start=\"740\" data-end=\"773\"><strong data-start=\"740\" data-end=\"748\">Pneu<\/strong>: 12R 22.5 315\/80 R22.5<\/p>\n<\/li>\n<li data-start=\"774\" data-end=\"804\">\n<p data-start=\"776\" data-end=\"804\"><strong data-start=\"776\" data-end=\"794\">Chambres de frein<\/strong>: T30\/30<\/p>\n<\/li>\n<li data-start=\"805\" data-end=\"828\">\n<p data-start=\"807\" data-end=\"828\"><strong data-start=\"807\" data-end=\"821\">Angle d'inclinaison<\/strong>: 45\u00b0<\/p>\n<\/li>\n<\/ul>\n<h2>Avantage de la remorque \u00e0 benne basculante 45m3 en Chine<\/h2>\n<ul>\n<li data-start=\"52\" data-end=\"193\">\n<p data-start=\"55\" data-end=\"193\"><strong data-start=\"55\" data-end=\"73\">Grande capacit\u00e9<\/strong>: Le volume de 45 m\u00b3 permet de transporter de grandes quantit\u00e9s de mat\u00e9riaux, ce qui le rend id\u00e9al pour les op\u00e9rations de transport en vrac.<\/p>\n<\/li>\n<li data-start=\"194\" data-end=\"337\">\n<p data-start=\"197\" data-end=\"337\"><strong data-start=\"197\" data-end=\"211\">Efficacit\u00e9<\/strong>: Avec une capacit\u00e9 de charge plus \u00e9lev\u00e9e, moins de trajets sont n\u00e9cessaires, ce qui augmente l'efficacit\u00e9 op\u00e9rationnelle et r\u00e9duit les co\u00fbts de transport.<\/p>\n<\/li>\n<li data-start=\"465\" data-end=\"589\">\n<p data-start=\"468\" data-end=\"589\"><strong data-start=\"468\" data-end=\"482\">Durabilit\u00e9<\/strong>: Construite pour supporter de lourdes charges, la remorque est con\u00e7ue pour offrir des performances durables dans des conditions difficiles.<\/p>\n<\/li>\n<\/ul>\n<h2>Panda Mech<\/h2>\n<p>Panda Mech est de 45m3 <a href=\"https:\/\/www.pandamech.com\/france\/category\/tipper-trailer\/\">Trailer Tipper<\/a> fabricant chinois. Nous fournissons diff\u00e9rents types et tailles de remorques \u00e0 benne basculante \u00e0 vendre. Nous pouvons personnaliser selon vos besoins. Si vous avez besoin d'une remorque \u00e0 benne basculante de 45 m3, contactez-nous d\u00e8s maintenant.<\/p>","protected":false},"excerpt":{"rendered":"<p><strong>Mod\u00e8le<\/strong>: 45 cbm<\/p>\n<p><strong>Fourchette de prix<\/strong>: USD 15,500-31,500<\/p>\n<p><strong>Date de livraison<\/strong>7-25 jours<\/p>\n<p><strong>Application<\/strong>Transport de charbon, de minerais et de mat\u00e9riaux de construction<\/p>\n<p><strong>Angle d'inclinaison<\/strong>: 45<\/p>\n<p><strong>Syst\u00e8me hydraulique<\/strong>: Cylindre HYVA<\/p>","protected":false},"featured_media":58428,"template":"","meta":{"_acf_changed":false,"_kad_blocks_custom_css":"","_kad_blocks_head_custom_js":"","_kad_blocks_body_custom_js":"","_kad_blocks_footer_custom_js":"","_kad_post_transparent":"default","_kad_post_title":"","_kad_post_layout":"default","_kad_post_sidebar_id":"","_kad_post_content_style":"default","_kad_post_vertical_padding":"default","_kad_post_feature":"","_kad_post_feature_position":"","_kad_post_header":false,"_kad_post_footer":false,"_kad_post_classname":""},"product_brand":[],"product_cat":[96],"product_tag":[],"class_list":{"0":"post-91487","1":"product","2":"type-product","3":"status-publish","4":"has-post-thumbnail","6":"product_cat-tipper-trailer","8":"first","9":"instock","10":"shipping-taxable","11":"product-type-simple","12":"entry","13":"content-bg","14":"loop-entry"},"acf":[],"taxonomy_info":{"product_cat":[{"value":96,"label":"Tipper Trailer"}]},"featured_image_src_large":["https:\/\/www.pandamech.com\/wp-content\/uploads\/2022\/10\/tipper-trailer-1-500x500.jpg",500,500,true],"author_info":[],"comment_info":"","_links":{"self":[{"href":"https:\/\/www.pandamech.com\/france\/wp-json\/wp\/v2\/product\/91487","targetHints":{"allow":["GET"]}}],"collection":[{"href":"https:\/\/www.pandamech.com\/france\/wp-json\/wp\/v2\/product"}],"about":[{"href":"https:\/\/www.pandamech.com\/france\/wp-json\/wp\/v2\/types\/product"}],"version-history":[{"count":2,"href":"https:\/\/www.pandamech.com\/france\/wp-json\/wp\/v2\/product\/91487\/revisions"}],"predecessor-version":[{"id":91504,"href":"https:\/\/www.pandamech.com\/france\/wp-json\/wp\/v2\/product\/91487\/revisions\/91504"}],"wp:featuredmedia":[{"embeddable":true,"href":"https:\/\/www.pandamech.com\/france\/wp-json\/wp\/v2\/media\/58428"}],"wp:attachment":[{"href":"https:\/\/www.pandamech.com\/france\/wp-json\/wp\/v2\/media?parent=91487"}],"wp:term":[{"taxonomy":"product_brand","embeddable":true,"href":"https:\/\/www.pandamech.com\/france\/wp-json\/wp\/v2\/product_brand?post=91487"},{"taxonomy":"product_cat","embeddable":true,"href":"https:\/\/www.pandamech.com\/france\/wp-json\/wp\/v2\/product_cat?post=91487"},{"taxonomy":"product_tag","embeddable":true,"href":"https:\/\/www.pandamech.com\/france\/wp-json\/wp\/v2\/product_tag?post=91487"}],"curies":[{"name":"wp","href":"https:\/\/api.w.org\/{rel}","templated":true}]}}