{"id":91486,"date":"2025-08-19T11:54:46","date_gmt":"2025-08-19T03:54:46","guid":{"rendered":"https:\/\/www.pandamech.com\/?post_type=product&#038;p=91486"},"modified":"2025-08-24T10:02:22","modified_gmt":"2025-08-24T02:02:22","slug":"3-axle-rear-end-tipper-semi-trailer-price","status":"publish","type":"product","link":"https:\/\/www.pandamech.com\/france\/product\/3-axle-rear-end-tipper-semi-trailer-price\/","title":{"rendered":"Semi-remorque \u00e0 benne basculante \u00e0 3 essieux Prix"},"content":{"rendered":"<p>Train arri\u00e8re \u00e0 3 essieux <a href=\"https:\/\/www.pandamech.com\/france\/category\/tipper-trailer\/\">Semi-remorque \u00e0 benne basculante<\/a> connue sous le nom de semi-remorque \u00e0 benne basculante \u00e0 3 essieux. Si vous \u00eates \u00e0 la recherche d'une semi-remorque \u00e0 benne basculante durable et efficace, la semi-remorque \u00e0 benne basculante \u00e0 3 essieux est un excellent choix. Con\u00e7ue pour le transport de charges lourdes, cette remorque est id\u00e9ale pour transporter du charbon, du sable, du gravier et d'autres mat\u00e9riaux de construction. Avec une configuration robuste \u00e0 3 essieux et un m\u00e9canisme de basculement arri\u00e8re fiable, elle assure un d\u00e9chargement rapide et s\u00fbr.<\/p>\n<h2>Semi-remorque \u00e0 benne basculante \u00e0 3 essieux Images<\/h2>\n<p><img fetchpriority=\"high\" decoding=\"async\" class=\"alignnone wp-image-58115 size-full\" src=\"https:\/\/www.pandamech.com\/wp-content\/uploads\/2022\/10\/28cbm-tipper-trailer-7.jpg\" alt=\"Semi-remorque \u00e0 benne basculante \u00e0 3 essieux \u00e0 vendre\" width=\"750\" height=\"399\" title=\"\" srcset=\"https:\/\/www.pandamech.com\/wp-content\/uploads\/2022\/10\/28cbm-tipper-trailer-7.jpg 750w, https:\/\/www.pandamech.com\/wp-content\/uploads\/2022\/10\/28cbm-tipper-trailer-7-300x160.jpg 300w, https:\/\/www.pandamech.com\/wp-content\/uploads\/2022\/10\/28cbm-tipper-trailer-7-500x266.jpg 500w, https:\/\/www.pandamech.com\/wp-content\/uploads\/2022\/10\/28cbm-tipper-trailer-7-18x10.jpg 18w\" sizes=\"(max-width: 750px) 100vw, 750px\" \/><\/p>\n<p>Semi-remorque \u00e0 benne basculante \u00e0 3 essieux fabricant<\/p>\n<p><img decoding=\"async\" class=\"alignnone wp-image-58433 size-full\" src=\"https:\/\/www.pandamech.com\/wp-content\/uploads\/2022\/10\/tipper-trailer-7.jpg\" alt=\"Semi-remorque \u00e0 benne basculante \u00e0 3 essieux \u00e0 vendre\" width=\"750\" height=\"399\" title=\"\" srcset=\"https:\/\/www.pandamech.com\/wp-content\/uploads\/2022\/10\/tipper-trailer-7.jpg 750w, https:\/\/www.pandamech.com\/wp-content\/uploads\/2022\/10\/tipper-trailer-7-300x160.jpg 300w, https:\/\/www.pandamech.com\/wp-content\/uploads\/2022\/10\/tipper-trailer-7-500x266.jpg 500w, https:\/\/www.pandamech.com\/wp-content\/uploads\/2022\/10\/tipper-trailer-7-18x10.jpg 18w\" sizes=\"(max-width: 750px) 100vw, 750px\" \/><\/p>\n<p>Semi-remorque \u00e0 benne basculante \u00e0 3 essieux et extr\u00e9mit\u00e9 arri\u00e8re Wholesale<\/p>\n<p><img decoding=\"async\" class=\"alignnone wp-image-58109 size-full\" src=\"https:\/\/www.pandamech.com\/wp-content\/uploads\/2022\/10\/25cbm-tipper-8.jpg\" alt=\"Semi-remorque \u00e0 benne basculante \u00e0 3 essieux \u00e0 l&#039;arri\u00e8re de l&#039;usine\" width=\"750\" height=\"399\" title=\"\" srcset=\"https:\/\/www.pandamech.com\/wp-content\/uploads\/2022\/10\/25cbm-tipper-8.jpg 750w, https:\/\/www.pandamech.com\/wp-content\/uploads\/2022\/10\/25cbm-tipper-8-300x160.jpg 300w, https:\/\/www.pandamech.com\/wp-content\/uploads\/2022\/10\/25cbm-tipper-8-500x266.jpg 500w, https:\/\/www.pandamech.com\/wp-content\/uploads\/2022\/10\/25cbm-tipper-8-18x10.jpg 18w\" sizes=\"(max-width: 750px) 100vw, 750px\" \/><\/p>\n<p>Semi-remorque \u00e0 benne basculante \u00e0 3 essieux Chine<\/p>\n<h2>Semi-remorque basculante \u00e0 3 essieux \u00e0 l'arri\u00e8re Sp\u00e9cification<\/h2>\n<ul>\n<li data-start=\"170\" data-end=\"241\">\n<p data-start=\"172\" data-end=\"241\"><strong data-start=\"172\" data-end=\"188\">Fabricant<\/strong>: Panda Mech<\/p>\n<\/li>\n<li data-start=\"242\" data-end=\"273\">\n<p data-start=\"244\" data-end=\"273\"><strong data-start=\"244\" data-end=\"263\">Charge utile maximale<\/strong>: 30-60 tonnes<\/p>\n<\/li>\n<li data-start=\"387\" data-end=\"436\">\n<p data-start=\"389\" data-end=\"436\"><strong data-start=\"389\" data-end=\"409\">Syst\u00e8me hydraulique<\/strong>: Cylindre hydraulique HYVA<\/p>\n<\/li>\n<li data-start=\"437\" data-end=\"490\">\n<p data-start=\"439\" data-end=\"490\"><strong data-start=\"439\" data-end=\"457\">Tailles des cylindres<\/strong>: 175, 191, 202, 214 \/ 4TG, 5TG<\/p>\n<\/li>\n<li data-start=\"491\" data-end=\"558\">\n<p data-start=\"493\" data-end=\"558\"><strong data-start=\"493\" data-end=\"507\">Suspension<\/strong>: Suspension m\u00e9canique (suspension pneumatique en option)<\/p>\n<\/li>\n<li data-start=\"559\" data-end=\"594\">\n<p data-start=\"561\" data-end=\"594\"><strong data-start=\"561\" data-end=\"583\">Configuration des essieux<\/strong>: 3 essieux<\/p>\n<\/li>\n<li data-start=\"595\" data-end=\"642\">\n<p data-start=\"597\" data-end=\"642\"><strong data-start=\"597\" data-end=\"608\">Kingpin<\/strong>: JOST 2\u2033 ou 3.5 Type d\u00e9tachable<\/p>\n<\/li>\n<li data-start=\"643\" data-end=\"688\">\n<p data-start=\"645\" data-end=\"688\"><strong data-start=\"645\" data-end=\"663\">Syst\u00e8me de freinage<\/strong>: ABS ou EBS (en option)<\/p>\n<\/li>\n<li data-start=\"689\" data-end=\"737\">\n<p data-start=\"691\" data-end=\"737\"><strong data-start=\"691\" data-end=\"703\">Mat\u00e9riau<\/strong>: Acier haute r\u00e9sistance de 5 ou 6 mm<\/p>\n<\/li>\n<li data-start=\"738\" data-end=\"773\">\n<p data-start=\"740\" data-end=\"773\"><strong data-start=\"740\" data-end=\"748\">Pneu<\/strong>: 12R 22.5 315\/80 R22.5<\/p>\n<\/li>\n<li data-start=\"774\" data-end=\"804\">\n<p data-start=\"776\" data-end=\"804\"><strong data-start=\"776\" data-end=\"794\">Chambres de frein<\/strong>: T30\/30<\/p>\n<\/li>\n<li data-start=\"805\" data-end=\"828\">\n<p data-start=\"807\" data-end=\"828\"><strong data-start=\"807\" data-end=\"821\">Angle d'inclinaison<\/strong>: 45\u00b0<\/p>\n<\/li>\n<\/ul>\n<h2>Semi-remorque \u00e0 benne basculante \u00e0 3 essieux Advantage<\/h2>\n<ul>\n<li data-start=\"281\" data-end=\"433\">\n<p data-start=\"284\" data-end=\"433\"><strong data-start=\"284\" data-end=\"314\">Un basculement arri\u00e8re efficace<\/strong>: Le m\u00e9canisme de basculement par l'arri\u00e8re assure un d\u00e9chargement plus rapide, r\u00e9duisant le temps d'ex\u00e9cution et augmentant l'efficacit\u00e9 sur le site. \u23f1\ufe0f<\/p>\n<\/li>\n<li data-start=\"435\" data-end=\"609\">\n<p data-start=\"438\" data-end=\"609\"><strong data-start=\"438\" data-end=\"466\">Construction robuste et durable<\/strong>: Construite en acier haute r\u00e9sistance de 5mm\/6mm, cette remorque est con\u00e7ue pour r\u00e9sister aux conditions difficiles et offrir des performances durables. \ud83d\udcaa<\/p>\n<\/li>\n<li data-start=\"611\" data-end=\"781\">\n<p data-start=\"614\" data-end=\"781\"><strong data-start=\"614\" data-end=\"647\">Stabilit\u00e9 et s\u00e9curit\u00e9 sup\u00e9rieures<\/strong>: La configuration \u00e0 3 essieux et le cadre de support auxiliaire offrent une stabilit\u00e9 exceptionnelle, ce qui rend plus s\u00fbre l'utilisation sous de lourdes charges. \ud83d\udd12<\/p>\n<\/li>\n<\/ul>\n<h2>Panda Mech<\/h2>\n<p>Panda Mech est un fabricant chinois de semi-remorques \u00e0 benne basculante \u00e0 3 essieux. Nous sommes sp\u00e9cialis\u00e9s dans la fabrication de solutions de transport de haute qualit\u00e9, durables et efficaces. Avec plus de 20 ans d'exp\u00e9rience, nous sommes fiers d'offrir une large gamme de remorques, y compris notre semi-remorque \u00e0 benne basculante \u00e0 3 essieux, con\u00e7ue pour r\u00e9pondre aux demandes des industries telles que la construction, l'exploitation mini\u00e8re et la logistique. Nous nous engageons \u00e0 fournir des conceptions innovantes, des performances fiables et un service client exceptionnel.\ud83c\udf0d\ud83d\ude9b<\/p>","protected":false},"excerpt":{"rendered":"<p><strong>Capacit\u00e9<\/strong>: 30- 60 tonnes<\/p>\n<p><strong>Fourchette de prix<\/strong>: 12 000-34 000 USD<\/p>\n<p><strong>Date de livraison<\/strong>7-25 jours<\/p>\n<p><strong>Application<\/strong>Transport de charbon, de minerais et de mat\u00e9riaux de construction<\/p>\n<p><strong>Angle d'inclinaison<\/strong>: 45\u00b0<\/p>","protected":false},"featured_media":58114,"template":"","meta":{"_acf_changed":false,"_kad_blocks_custom_css":"","_kad_blocks_head_custom_js":"","_kad_blocks_body_custom_js":"","_kad_blocks_footer_custom_js":"","_kad_post_transparent":"default","_kad_post_title":"","_kad_post_layout":"default","_kad_post_sidebar_id":"","_kad_post_content_style":"default","_kad_post_vertical_padding":"default","_kad_post_feature":"","_kad_post_feature_position":"","_kad_post_header":false,"_kad_post_footer":false,"_kad_post_classname":""},"product_brand":[],"product_cat":[96],"product_tag":[],"class_list":{"0":"post-91486","1":"product","2":"type-product","3":"status-publish","4":"has-post-thumbnail","6":"product_cat-tipper-trailer","8":"first","9":"instock","10":"shipping-taxable","11":"product-type-simple","12":"entry","13":"content-bg","14":"loop-entry"},"acf":[],"taxonomy_info":{"product_cat":[{"value":96,"label":"Tipper Trailer"}]},"featured_image_src_large":["https:\/\/www.pandamech.com\/wp-content\/uploads\/2022\/10\/28cbm-tipper-trailer-5-500x500.jpg",500,500,true],"author_info":[],"comment_info":"","_links":{"self":[{"href":"https:\/\/www.pandamech.com\/france\/wp-json\/wp\/v2\/product\/91486","targetHints":{"allow":["GET"]}}],"collection":[{"href":"https:\/\/www.pandamech.com\/france\/wp-json\/wp\/v2\/product"}],"about":[{"href":"https:\/\/www.pandamech.com\/france\/wp-json\/wp\/v2\/types\/product"}],"version-history":[{"count":2,"href":"https:\/\/www.pandamech.com\/france\/wp-json\/wp\/v2\/product\/91486\/revisions"}],"predecessor-version":[{"id":91500,"href":"https:\/\/www.pandamech.com\/france\/wp-json\/wp\/v2\/product\/91486\/revisions\/91500"}],"wp:featuredmedia":[{"embeddable":true,"href":"https:\/\/www.pandamech.com\/france\/wp-json\/wp\/v2\/media\/58114"}],"wp:attachment":[{"href":"https:\/\/www.pandamech.com\/france\/wp-json\/wp\/v2\/media?parent=91486"}],"wp:term":[{"taxonomy":"product_brand","embeddable":true,"href":"https:\/\/www.pandamech.com\/france\/wp-json\/wp\/v2\/product_brand?post=91486"},{"taxonomy":"product_cat","embeddable":true,"href":"https:\/\/www.pandamech.com\/france\/wp-json\/wp\/v2\/product_cat?post=91486"},{"taxonomy":"product_tag","embeddable":true,"href":"https:\/\/www.pandamech.com\/france\/wp-json\/wp\/v2\/product_tag?post=91486"}],"curies":[{"name":"wp","href":"https:\/\/api.w.org\/{rel}","templated":true}]}}