{"id":87374,"date":"2025-05-30T17:03:16","date_gmt":"2025-05-30T09:03:16","guid":{"rendered":"https:\/\/pandamech.com\/?post_type=product&#038;p=87374"},"modified":"2025-08-23T01:06:36","modified_gmt":"2025-08-22T17:06:36","slug":"30-cbm-tipper-trailer-wholesale","status":"publish","type":"product","link":"https:\/\/www.pandamech.com\/france\/product\/30-cbm-tipper-trailer-wholesale\/","title":{"rendered":"Remorque \u00e0 benne basculante 30 CBM Commerce de gros"},"content":{"rendered":"<p dir=\"ltr\" data-pm-slice=\"1 3 []\">Vous recherchez une source fiable de remorque \u00e0 benne basculante 30 CBM en gros ? Chez Panda Mech, nous fabriquons des remorques \u00e0 benne basculante 30 CBM de haute qualit\u00e9, con\u00e7ues pour simplifier le transport et le d\u00e9chargement de mat\u00e9riaux en vrac tels que le gravier, le sable, le charbon et d'autres agr\u00e9gats. Nos remorques sont dot\u00e9es d'une conception robuste qui vous permet de positionner la remorque, de la soulever et de la d\u00e9charger efficacement. Avec Panda Mech, nous nous assurons que nos semi-remorques basculantes sont conviviales et construites pour un d\u00e9chargement rapide, parfaites pour les besoins de votre projet.<\/p>\n<h2 dir=\"ltr\">Images<\/h2>\n<p><img fetchpriority=\"high\" decoding=\"async\" class=\"size-full wp-image-58108\" src=\"https:\/\/pandamech.com\/wp-content\/uploads\/2022\/10\/25cbm-tipper-7.jpg\" alt=\"Remorque \u00e0 benne basculante 25cbm\" width=\"750\" height=\"400\" title=\"\" srcset=\"https:\/\/www.pandamech.com\/wp-content\/uploads\/2022\/10\/25cbm-tipper-7.jpg 750w, https:\/\/www.pandamech.com\/wp-content\/uploads\/2022\/10\/25cbm-tipper-7-300x160.jpg 300w, https:\/\/www.pandamech.com\/wp-content\/uploads\/2022\/10\/25cbm-tipper-7-500x267.jpg 500w, https:\/\/www.pandamech.com\/wp-content\/uploads\/2022\/10\/25cbm-tipper-7-18x10.jpg 18w\" sizes=\"(max-width: 750px) 100vw, 750px\" \/><\/p>\n<p><img decoding=\"async\" class=\"size-full wp-image-58109\" src=\"https:\/\/pandamech.com\/wp-content\/uploads\/2022\/10\/25cbm-tipper-8.jpg\" alt=\"Remorque \u00e0 benne basculante 25cbm\" width=\"750\" height=\"399\" title=\"\" srcset=\"https:\/\/www.pandamech.com\/wp-content\/uploads\/2022\/10\/25cbm-tipper-8.jpg 750w, https:\/\/www.pandamech.com\/wp-content\/uploads\/2022\/10\/25cbm-tipper-8-300x160.jpg 300w, https:\/\/www.pandamech.com\/wp-content\/uploads\/2022\/10\/25cbm-tipper-8-500x266.jpg 500w, https:\/\/www.pandamech.com\/wp-content\/uploads\/2022\/10\/25cbm-tipper-8-18x10.jpg 18w\" sizes=\"(max-width: 750px) 100vw, 750px\" \/><\/p>\n<h2 dir=\"ltr\">Caract\u00e9ristiques de la remorque \u00e0 benne basculante 30 CBM<\/h2>\n<ul class=\"tight\" dir=\"ltr\" data-tight=\"true\">\n<li>\n<p dir=\"ltr\"><strong>Contr\u00f4les de qualit\u00e9 approfondis<\/strong>: Chez Panda Mech, nous soumettons chaque remorque basculante 30 CBM Wholesale \u00e0 des tests approfondis pour garantir la fiabilit\u00e9 et les performances.<\/p>\n<\/li>\n<li>\n<p dir=\"ltr\"><strong>\u00c9clairage longue dur\u00e9e<\/strong>: Nous \u00e9quipons nos remorques de feux LED de derni\u00e8re g\u00e9n\u00e9ration, ce qui garantit leur durabilit\u00e9 et une excellente visibilit\u00e9.<\/p>\n<\/li>\n<li>\n<p dir=\"ltr\"><strong>Hydraulique de haut niveau<\/strong>: Nos remorques sont \u00e9quip\u00e9es de v\u00e9rins hydrauliques de premi\u00e8re qualit\u00e9, con\u00e7us pour un levage fiable et une longue dur\u00e9e de vie.<\/p>\n<\/li>\n<\/ul>\n<h2 dir=\"ltr\">Sp\u00e9cifications de la remorque benne 30 CBM<\/h2>\n<ul class=\"tight\" dir=\"ltr\" data-tight=\"true\">\n<li>\n<p dir=\"ltr\"><strong>Fabricant<\/strong>: <strong>Panda Mech<\/strong><\/p>\n<\/li>\n<li>\n<p dir=\"ltr\"><strong>Essieux<\/strong>: Trois essieux<\/p>\n<\/li>\n<li>\n<p dir=\"ltr\"><strong>Syst\u00e8me hydraulique<\/strong>: Nous utilisons des v\u00e9rins hydrauliques HYVA<\/p>\n<\/li>\n<li>\n<p dir=\"ltr\"><strong>Suspension<\/strong>Suspension : pneumatique ou \u00e0 ressorts<\/p>\n<\/li>\n<li>\n<p dir=\"ltr\"><strong>Kingpin<\/strong>: JOST 2\u2033 ou 3.5\u2033 pivot d\u00e9tachable<\/p>\n<\/li>\n<li>\n<p dir=\"ltr\"><strong>Train d'atterrissage<\/strong>: Train d'atterrissage JOST 28T<\/p>\n<\/li>\n<li>\n<p dir=\"ltr\"><strong>Syst\u00e8me de freinage<\/strong>: Syst\u00e8mes ABS ou EBS en option<\/p>\n<\/li>\n<li>\n<p dir=\"ltr\"><strong>Pneus<\/strong>: Equip\u00e9 de pneus 12R 22.5 ou 315\/80 R22.5<\/p>\n<\/li>\n<li>\n<p dir=\"ltr\"><strong>Chambres de frein<\/strong>: Les chambres T30\/30 assurent une puissance de freinage fiable.<\/p>\n<\/li>\n<\/ul>\n<h2 dir=\"ltr\">Applications<\/h2>\n<ul class=\"tight\" dir=\"ltr\" data-tight=\"true\">\n<li>\n<p dir=\"ltr\"><strong>Projets de construction<\/strong>: Chez Panda Mech, nous concevons nos remorques basculantes 30 CBM pour livrer efficacement du sable, du gravier et des agr\u00e9gats sur les chantiers de construction.<\/p>\n<\/li>\n<li>\n<p dir=\"ltr\"><strong>Op\u00e9rations mini\u00e8res<\/strong>: Nos remorques facilitent le transport du charbon, du minerai et des mat\u00e9riaux en vrac depuis les mines.<\/p>\n<\/li>\n<li>\n<p dir=\"ltr\"><strong>D\u00e9veloppement des infrastructures<\/strong>: <strong>Panda Mech<\/strong> soutient la construction de routes et les travaux publics gr\u00e2ce \u00e0 sa fiabilit\u00e9. <strong>bennage remorques de transport<\/strong>.<\/p>\n<\/li>\n<li>\n<p dir=\"ltr\"><strong>Besoins agricoles<\/strong>: Nous fournissons des remorques parfaites pour le transport de terre, d'engrais et d'autres mat\u00e9riaux agricoles en vrac.<\/p>\n<\/li>\n<li>\n<p dir=\"ltr\"><strong>Traitement des d\u00e9chets<\/strong>: Notre <strong>bennage de semi-remorques<\/strong> rationaliser le transport des d\u00e9bris de construction et des d\u00e9chets en vrac.<\/p>\n<\/li>\n<\/ul>\n<h2 dir=\"ltr\">Pourquoi choisir Panda Mech ?<\/h2>\n<ul>\n<li dir=\"ltr\"><strong>Solutions sur mesure<\/strong>: Au <strong>Panda Mech<\/strong>, Nous adaptons nos <strong>Remorque \u00e0 benne basculante 30 CBM Commerce de gros<\/strong> pour r\u00e9pondre \u00e0 vos besoins sp\u00e9cifiques, de la capacit\u00e9 \u00e0 la configuration des essieux.<\/li>\n<li dir=\"ltr\"><strong>Une qualit\u00e9 in\u00e9gal\u00e9e<\/strong>: Nous nous assurons que nos remorques r\u00e9pondent aux normes CCC, ISO9001 et SGS gr\u00e2ce \u00e0 des tests de qualit\u00e9 rigoureux.<\/li>\n<li dir=\"ltr\"><strong>Fabrication de pointe<\/strong>: Nos proc\u00e9d\u00e9s de soudage et d'assemblage avanc\u00e9s permettent de produire des remorques \u00e0 benne basculante durables et robustes.<\/li>\n<li dir=\"ltr\"><strong>Fiabilit\u00e9 mondiale<\/strong>: <strong>Panda Mech<\/strong> a gagn\u00e9 la confiance de clients dans plus de 60 pays, y compris les Philippines, le Nigeria et la Tanzanie, gr\u00e2ce \u00e0 notre <strong>remorques \u00e0 benne basculante pour produits en vrac<\/strong>.<\/li>\n<li dir=\"ltr\"><strong>Un soutien exceptionnel<\/strong>: Nous offrons un service apr\u00e8s-vente complet, y compris des pi\u00e8ces de rechange et des conseils techniques d'experts.<\/li>\n<\/ul>","protected":false},"excerpt":{"rendered":"<p><strong>Mod\u00e8le<\/strong>: 30 cbm<\/p>\n<p><strong>Fourchette de prix<\/strong>: 12 900-30 000 USD<\/p>\n<p><strong>Date de livraison<\/strong>7-25 jours<\/p>\n<p><strong>Application<\/strong>: transport de charbon, de minerais et de mat\u00e9riaux de construction<\/p>\n<p><strong>Angle d'inclinaison<\/strong>: 45<\/p>\n<p><strong>Syst\u00e8me hydraulique<\/strong>: Cylindre HYVA<\/p>","protected":false},"featured_media":58105,"template":"","meta":{"_acf_changed":false,"_kad_blocks_custom_css":"","_kad_blocks_head_custom_js":"","_kad_blocks_body_custom_js":"","_kad_blocks_footer_custom_js":"","_kad_post_transparent":"default","_kad_post_title":"","_kad_post_layout":"default","_kad_post_sidebar_id":"","_kad_post_content_style":"default","_kad_post_vertical_padding":"default","_kad_post_feature":"","_kad_post_feature_position":"","_kad_post_header":false,"_kad_post_footer":false,"_kad_post_classname":""},"product_brand":[],"product_cat":[15],"product_tag":[],"class_list":{"0":"post-87374","1":"product","2":"type-product","3":"status-publish","4":"has-post-thumbnail","6":"product_cat-uncategorized","8":"first","9":"instock","10":"sold-individually","11":"shipping-taxable","12":"product-type-simple","13":"entry","14":"content-bg","15":"loop-entry"},"acf":[],"taxonomy_info":{"product_cat":[{"value":15,"label":"Uncategorized"}]},"featured_image_src_large":["https:\/\/www.pandamech.com\/wp-content\/uploads\/2022\/10\/25cbm-tipper-4-500x500.jpg",500,500,true],"author_info":[],"comment_info":"","_links":{"self":[{"href":"https:\/\/www.pandamech.com\/france\/wp-json\/wp\/v2\/product\/87374","targetHints":{"allow":["GET"]}}],"collection":[{"href":"https:\/\/www.pandamech.com\/france\/wp-json\/wp\/v2\/product"}],"about":[{"href":"https:\/\/www.pandamech.com\/france\/wp-json\/wp\/v2\/types\/product"}],"version-history":[{"count":3,"href":"https:\/\/www.pandamech.com\/france\/wp-json\/wp\/v2\/product\/87374\/revisions"}],"predecessor-version":[{"id":88470,"href":"https:\/\/www.pandamech.com\/france\/wp-json\/wp\/v2\/product\/87374\/revisions\/88470"}],"wp:featuredmedia":[{"embeddable":true,"href":"https:\/\/www.pandamech.com\/france\/wp-json\/wp\/v2\/media\/58105"}],"wp:attachment":[{"href":"https:\/\/www.pandamech.com\/france\/wp-json\/wp\/v2\/media?parent=87374"}],"wp:term":[{"taxonomy":"product_brand","embeddable":true,"href":"https:\/\/www.pandamech.com\/france\/wp-json\/wp\/v2\/product_brand?post=87374"},{"taxonomy":"product_cat","embeddable":true,"href":"https:\/\/www.pandamech.com\/france\/wp-json\/wp\/v2\/product_cat?post=87374"},{"taxonomy":"product_tag","embeddable":true,"href":"https:\/\/www.pandamech.com\/france\/wp-json\/wp\/v2\/product_tag?post=87374"}],"curies":[{"name":"wp","href":"https:\/\/api.w.org\/{rel}","templated":true}]}}