{"id":77640,"date":"2025-03-12T14:09:51","date_gmt":"2025-03-12T06:09:51","guid":{"rendered":"https:\/\/pandamech.com\/?post_type=product&#038;p=77640"},"modified":"2025-08-23T01:06:39","modified_gmt":"2025-08-22T17:06:39","slug":"45-cbm-cement-bulk-tanker-trailer","status":"publish","type":"product","link":"https:\/\/www.pandamech.com\/france\/product\/45-cbm-cement-bulk-tanker-trailer\/","title":{"rendered":"Remorque-citerne \u00e0 ciment 45 CBM"},"content":{"rendered":"<p data-start=\"187\" data-end=\"484\">Vous recherchez une solution fiable et efficace pour transporter du ciment en vrac ? Notre <strong data-start=\"263\" data-end=\"300\">Remorque-citerne \u00e0 ciment 45 CBM<\/strong> est le choix id\u00e9al. Que vous ayez besoin de transporter du ciment pour la construction, la distribution ou la fabrication, cette remorque est con\u00e7ue pour des performances \u00e9lev\u00e9es, une grande durabilit\u00e9 et un d\u00e9chargement facile.<\/p>\n<h2 data-start=\"187\" data-end=\"484\">images<\/h2>\n<p><img fetchpriority=\"high\" decoding=\"async\" class=\"alignnone size-full wp-image-76648\" src=\"https:\/\/pandamech.com\/wp-content\/uploads\/2025\/02\/3-axles-45-cubic-meters-v-type-cement-tanker-8.jpg\" alt=\"Remorque-citerne \u00e0 poudre de 45 cbm\" width=\"750\" height=\"399\" title=\"\" srcset=\"https:\/\/www.pandamech.com\/wp-content\/uploads\/2025\/02\/3-axles-45-cubic-meters-v-type-cement-tanker-8.jpg 750w, https:\/\/www.pandamech.com\/wp-content\/uploads\/2025\/02\/3-axles-45-cubic-meters-v-type-cement-tanker-8-300x160.jpg 300w, https:\/\/www.pandamech.com\/wp-content\/uploads\/2025\/02\/3-axles-45-cubic-meters-v-type-cement-tanker-8-500x266.jpg 500w, https:\/\/www.pandamech.com\/wp-content\/uploads\/2025\/02\/3-axles-45-cubic-meters-v-type-cement-tanker-8-18x10.jpg 18w\" sizes=\"(max-width: 750px) 100vw, 750px\" \/><\/p>\n<p>45 CBM Ciment Bulk Tanker Trailer For Sale<\/p>\n<p><img decoding=\"async\" class=\"alignnone size-full wp-image-76647\" src=\"https:\/\/pandamech.com\/wp-content\/uploads\/2025\/02\/3-axles-45-cubic-meters-v-type-cement-tanker-6.jpg\" alt=\"Remorque-citerne \u00e0 poudre de 45 cbm\" width=\"750\" height=\"450\" title=\"\" srcset=\"https:\/\/www.pandamech.com\/wp-content\/uploads\/2025\/02\/3-axles-45-cubic-meters-v-type-cement-tanker-6.jpg 750w, https:\/\/www.pandamech.com\/wp-content\/uploads\/2025\/02\/3-axles-45-cubic-meters-v-type-cement-tanker-6-300x180.jpg 300w, https:\/\/www.pandamech.com\/wp-content\/uploads\/2025\/02\/3-axles-45-cubic-meters-v-type-cement-tanker-6-500x300.jpg 500w, https:\/\/www.pandamech.com\/wp-content\/uploads\/2025\/02\/3-axles-45-cubic-meters-v-type-cement-tanker-6-18x12.jpg 18w\" sizes=\"(max-width: 750px) 100vw, 750px\" \/><\/p>\n<p>45 CBM Ciment Bulk Tanker Trailer Manufacturer<\/p>\n<p><img decoding=\"async\" class=\"alignnone size-full wp-image-76646\" src=\"https:\/\/pandamech.com\/wp-content\/uploads\/2025\/02\/3-axles-45-cubic-meters-v-type-cement-tanker-5.jpg\" alt=\"Remorque-citerne \u00e0 poudre de 45 cbm\" width=\"750\" height=\"501\" title=\"\" srcset=\"https:\/\/www.pandamech.com\/wp-content\/uploads\/2025\/02\/3-axles-45-cubic-meters-v-type-cement-tanker-5.jpg 750w, https:\/\/www.pandamech.com\/wp-content\/uploads\/2025\/02\/3-axles-45-cubic-meters-v-type-cement-tanker-5-300x200.jpg 300w, https:\/\/www.pandamech.com\/wp-content\/uploads\/2025\/02\/3-axles-45-cubic-meters-v-type-cement-tanker-5-500x334.jpg 500w, https:\/\/www.pandamech.com\/wp-content\/uploads\/2025\/02\/3-axles-45-cubic-meters-v-type-cement-tanker-5-18x12.jpg 18w\" sizes=\"(max-width: 750px) 100vw, 750px\" \/><\/p>\n<p>45 CBM Cement Bulk Tanker Trailer Supplier China<\/p>\n<h2>Sp\u00e9cifications<\/h2>\n<ul>\n<li class=\"break-words\"><strong>Capacit\u00e9 :<\/strong> 45 CBM<\/li>\n<li class=\"break-words\"><strong>Charge utile :<\/strong> Jusqu'\u00e0 55 tonnes<\/li>\n<li class=\"break-words\"><strong>Mat\u00e9riau du r\u00e9servoir :<\/strong> Acier haute r\u00e9sistance de 6 mm<\/li>\n<li class=\"break-words\"><strong>Dimensions :<\/strong> 11 000 mm x 2 500 mm x 3 500 mm<\/li>\n<li class=\"break-words\"><strong>Essieux :<\/strong>\u00a03 essieux, capacit\u00e9 de 16 tonnes chacun, marque BPW<\/li>\n<li class=\"break-words\"><strong>Suspension :<\/strong>\u00a0Suspension m\u00e9canique avec ressorts \u00e0 lames<\/li>\n<li class=\"break-words\"><strong>Syst\u00e8me de freinage :<\/strong>\u00a0Chambre T30\/30, valve d'urgence WABCO<\/li>\n<li class=\"break-words\"><strong>Pneus :<\/strong>\u00a012R22.5, 12 unit\u00e9s<\/li>\n<li class=\"break-words\"><strong>Moteur :<\/strong>\u00a0Moteur diesel WeiCai Deutz<\/li>\n<li class=\"break-words\"><strong>Couvercles de trous d'homme :<\/strong>\u00a03 jeux, 500 mm de diam\u00e8tre<\/li>\n<\/ul>\n<h2 data-start=\"486\" data-end=\"501\">Caract\u00e9ristiques principales<\/h2>\n<ul data-start=\"503\" data-end=\"1152\">\n<li data-start=\"503\" data-end=\"680\">\ud83d\ude9b <strong data-start=\"508\" data-end=\"527\">45 CBM Capacit\u00e9<\/strong>: Transporter de grands volumes de ciment en un seul voyage. Les <strong data-start=\"585\" data-end=\"614\">45 CBM citerne \u00e0 ciment en vrac<\/strong> vous permet d'en faire plus avec moins de trajets, ce qui vous fait gagner du temps et du carburant.<\/li>\n<li data-start=\"681\" data-end=\"848\">\ud83d\udee0\ufe0f <strong data-start=\"687\" data-end=\"707\">Construction robuste<\/strong>: Fabriqu\u00e9 en acier de haute qualit\u00e9 pour une r\u00e9sistance durable. Cette <strong data-start=\"770\" data-end=\"800\">45 CBM remorque \u00e0 ciment en vrac<\/strong> est suffisamment r\u00e9sistant pour faire face \u00e0 des conditions exigeantes.<\/li>\n<li data-start=\"849\" data-end=\"1011\">\ud83d\udca8 <strong data-start=\"854\" data-end=\"883\">D\u00e9chargement pneumatique rapide<\/strong>: Notre syst\u00e8me de d\u00e9chargement pneumatique avanc\u00e9 rend le d\u00e9chargement plus rapide et plus propre, ce qui permet d'acheminer rapidement vos mat\u00e9riaux vers leur destination.<\/li>\n<li data-start=\"1012\" data-end=\"1152\">\ud83d\udd12 <strong data-start=\"1017\" data-end=\"1034\">S\u00fbr et stable<\/strong>: La suspension renforc\u00e9e et le syst\u00e8me de freinage fiable de la remorque lui conf\u00e8rent stabilit\u00e9 et s\u00e9curit\u00e9, m\u00eame dans des conditions difficiles.<\/li>\n<\/ul>\n<h2 data-start=\"1154\" data-end=\"1169\">Applications<\/h2>\n<p data-start=\"1171\" data-end=\"1226\">Les <strong data-start=\"1175\" data-end=\"1212\">Remorque-citerne \u00e0 ciment 45 CBM<\/strong> est id\u00e9al pour :<\/p>\n<ul data-start=\"1228\" data-end=\"1547\">\n<li data-start=\"1228\" data-end=\"1337\">\ud83c\udfd7\ufe0f <strong data-start=\"1234\" data-end=\"1256\">Chantiers de construction<\/strong>: Transporter le ciment directement sur les chantiers de construction, en assurant un flux continu de mat\u00e9riaux.<\/li>\n<li data-start=\"1338\" data-end=\"1444\">\ud83d\ude9a <strong data-start=\"1343\" data-end=\"1367\">Fabricants de ciment<\/strong>: Transporter le ciment en vrac des usines de production vers les centres de stockage ou de distribution.<\/li>\n<li data-start=\"1445\" data-end=\"1547\">\ud83c\udf0d <strong data-start=\"1450\" data-end=\"1473\">Prestataires de services logistiques<\/strong>: Transporter du ciment, des cendres volantes et d'autres mat\u00e9riaux en vrac avec facilit\u00e9 et efficacit\u00e9.<\/li>\n<\/ul>\n<h2 data-start=\"1549\" data-end=\"1566\">Pourquoi nous choisir ?<\/h2>\n<ul data-start=\"1568\" data-end=\"1975\">\n<li data-start=\"1568\" data-end=\"1697\">\ud83c\udf1f <strong data-start=\"1573\" data-end=\"1593\">Une expertise \u00e9prouv\u00e9e<\/strong>: Avec plus de 20 ans d'exp\u00e9rience dans l'industrie, nous savons ce qui fonctionne. Nous construisons des remorques qui r\u00e9sistent \u00e0 l'\u00e9preuve du temps.<\/li>\n<li data-start=\"1698\" data-end=\"1840\">\ud83d\udd27 <strong data-start=\"1703\" data-end=\"1721\">Options personnalis\u00e9es<\/strong>: Des solutions sur mesure pour r\u00e9pondre \u00e0 vos besoins, qu'il s'agisse de compartiments suppl\u00e9mentaires, de configurations sp\u00e9ciales ou de choix de couleurs.<\/li>\n<li data-start=\"1841\" data-end=\"1975\">\ud83d\udcbc <strong data-start=\"1846\" data-end=\"1864\">Service mondial<\/strong>: Nous servons des clients dans le monde entier, en assurant une livraison rapide, une assistance locale et des options de garantie pour la tranquillit\u00e9 d'esprit.<\/li>\n<\/ul>\n<h2 data-start=\"1977\" data-end=\"1992\">Prendre contact<\/h2>\n<p data-start=\"1994\" data-end=\"2183\">Pr\u00eat \u00e0 am\u00e9liorer votre transport de ciment en vrac ? Remplissez le formulaire de contact ci-dessous pour plus de d\u00e9tails, ou envoyez-nous votre demande d\u00e8s maintenant ! Obtenons votre <strong data-start=\"2133\" data-end=\"2170\">Remorque-citerne \u00e0 ciment 45 CBM<\/strong> sur la route.<\/p>\n<p data-start=\"2185\" data-end=\"2222\"><strong data-start=\"2185\" data-end=\"2222\">Remorque-citerne \u00e0 ciment 45 CBM<\/strong><\/p>","protected":false},"excerpt":{"rendered":"<p><strong>Capacit\u00e9<\/strong>: 45m3, 55ton<\/p>\n<p><strong>Fourchette de prix<\/strong>: $18,800-34,800<\/p>\n<p><strong>Date de livraison<\/strong>7-25 jours<\/p>\n<p><strong>D\u00e9chargement plus rapide<\/strong>: &gt;1,5 tonne\/min<\/p>\n<p><strong>Application<\/strong>Transport de ciment, de particules de PVC, de cendres volantes, de mat\u00e9riaux granulaires, etc.<\/p>","protected":false},"featured_media":76645,"template":"","meta":{"_acf_changed":false,"_kad_blocks_custom_css":"","_kad_blocks_head_custom_js":"","_kad_blocks_body_custom_js":"","_kad_blocks_footer_custom_js":"","_kad_post_transparent":"default","_kad_post_title":"","_kad_post_layout":"default","_kad_post_sidebar_id":"","_kad_post_content_style":"default","_kad_post_vertical_padding":"default","_kad_post_feature":"","_kad_post_feature_position":"","_kad_post_header":false,"_kad_post_footer":false,"_kad_post_classname":""},"product_brand":[],"product_cat":[15],"product_tag":[],"class_list":{"0":"post-77640","1":"product","2":"type-product","3":"status-publish","4":"has-post-thumbnail","6":"product_cat-uncategorized","8":"first","9":"instock","10":"sold-individually","11":"shipping-taxable","12":"product-type-simple","13":"entry","14":"content-bg","15":"loop-entry"},"acf":[],"taxonomy_info":{"product_cat":[{"value":15,"label":"Uncategorized"}]},"featured_image_src_large":["https:\/\/www.pandamech.com\/wp-content\/uploads\/2025\/02\/3-axles-45-cubic-meters-v-type-cement-tanker-3-500x500.jpg",500,500,true],"author_info":[],"comment_info":"","_links":{"self":[{"href":"https:\/\/www.pandamech.com\/france\/wp-json\/wp\/v2\/product\/77640","targetHints":{"allow":["GET"]}}],"collection":[{"href":"https:\/\/www.pandamech.com\/france\/wp-json\/wp\/v2\/product"}],"about":[{"href":"https:\/\/www.pandamech.com\/france\/wp-json\/wp\/v2\/types\/product"}],"version-history":[{"count":1,"href":"https:\/\/www.pandamech.com\/france\/wp-json\/wp\/v2\/product\/77640\/revisions"}],"predecessor-version":[{"id":91226,"href":"https:\/\/www.pandamech.com\/france\/wp-json\/wp\/v2\/product\/77640\/revisions\/91226"}],"wp:featuredmedia":[{"embeddable":true,"href":"https:\/\/www.pandamech.com\/france\/wp-json\/wp\/v2\/media\/76645"}],"wp:attachment":[{"href":"https:\/\/www.pandamech.com\/france\/wp-json\/wp\/v2\/media?parent=77640"}],"wp:term":[{"taxonomy":"product_brand","embeddable":true,"href":"https:\/\/www.pandamech.com\/france\/wp-json\/wp\/v2\/product_brand?post=77640"},{"taxonomy":"product_cat","embeddable":true,"href":"https:\/\/www.pandamech.com\/france\/wp-json\/wp\/v2\/product_cat?post=77640"},{"taxonomy":"product_tag","embeddable":true,"href":"https:\/\/www.pandamech.com\/france\/wp-json\/wp\/v2\/product_tag?post=77640"}],"curies":[{"name":"wp","href":"https:\/\/api.w.org\/{rel}","templated":true}]}}