{"id":77639,"date":"2025-03-11T15:09:49","date_gmt":"2025-03-11T07:09:49","guid":{"rendered":"https:\/\/pandamech.com\/?post_type=product&#038;p=77639"},"modified":"2025-08-23T01:06:39","modified_gmt":"2025-08-22T17:06:39","slug":"45-cbm-cement-bulker-truck-trailer","status":"publish","type":"product","link":"https:\/\/www.pandamech.com\/france\/product\/45-cbm-cement-bulker-truck-trailer\/","title":{"rendered":"45 CBM Ciment Bulker Truck Trailer"},"content":{"rendered":"<p>Vous recherchez une solution de transport de ciment en vrac performante qui vous permette de maintenir vos projets sur la bonne voie ? Je comprends les d\u00e9fis que repr\u00e9sente le transport efficace de tonnes de ciment sec et de poudre. C'est pourquoi, chez Panda Mech, nous avons con\u00e7u la remorque 45 CBM Cement Bulker Truck Trailer pour qu'elle soit la r\u00e9ponse ultime \u00e0 vos besoins. Ce transporteur en vrac robuste - \u00e9galement connu sous le nom de camion-citerne \u00e0 ciment de 45 CBM ou de remorque de camion-citerne \u00e0 ciment de 45 CBM - est la r\u00e9ponse id\u00e9ale \u00e0 vos besoins. <em data-start=\"518\" data-end=\"541\">remorque-citerne \u00e0 poudre<\/em> - a pour but de vous faciliter la t\u00e2che. Avec une capacit\u00e9 de 45 CBM et un syst\u00e8me de d\u00e9chargement pneumatique avanc\u00e9, il r\u00e9volutionne la logistique des mat\u00e9riaux secs en vrac en transportant plus de mat\u00e9riaux \u00e0 chaque voyage et en d\u00e9chargeant plus rapidement que jamais. Moins de trajets, un d\u00e9chargement plus rapide et une fiabilit\u00e9 \u00e0 toute \u00e9preuve vous permettent d'\u00e9conomiser du temps et de l'argent \u00e0 chaque transport.<\/p>\n<h2>images<\/h2>\n<p><img fetchpriority=\"high\" decoding=\"async\" class=\"alignnone size-full wp-image-76607\" src=\"https:\/\/pandamech.com\/wp-content\/uploads\/2025\/02\/7.jpg\" alt=\"Remorque-citerne \u00e0 ciment de 45 CBM\" width=\"800\" height=\"533\" title=\"\" srcset=\"https:\/\/www.pandamech.com\/wp-content\/uploads\/2025\/02\/7.jpg 800w, https:\/\/www.pandamech.com\/wp-content\/uploads\/2025\/02\/7-300x200.jpg 300w, https:\/\/www.pandamech.com\/wp-content\/uploads\/2025\/02\/7-500x333.jpg 500w, https:\/\/www.pandamech.com\/wp-content\/uploads\/2025\/02\/7-18x12.jpg 18w\" sizes=\"(max-width: 800px) 100vw, 800px\" \/><\/p>\n<p>45 CBM Cement Bulker Truck Trailer for sale<\/p>\n<p><img decoding=\"async\" class=\"alignnone size-full wp-image-76608\" src=\"https:\/\/pandamech.com\/wp-content\/uploads\/2025\/02\/8-cement-trailer.jpg\" alt=\"Remorque-citerne \u00e0 ciment de 45 CBM\" width=\"800\" height=\"533\" title=\"\" srcset=\"https:\/\/www.pandamech.com\/wp-content\/uploads\/2025\/02\/8-cement-trailer.jpg 800w, https:\/\/www.pandamech.com\/wp-content\/uploads\/2025\/02\/8-cement-trailer-300x200.jpg 300w, https:\/\/www.pandamech.com\/wp-content\/uploads\/2025\/02\/8-cement-trailer-500x333.jpg 500w, https:\/\/www.pandamech.com\/wp-content\/uploads\/2025\/02\/8-cement-trailer-18x12.jpg 18w\" sizes=\"(max-width: 800px) 100vw, 800px\" \/><\/p>\n<p>45 CBM Cement Bulker Truck Trailer manufacturer<\/p>\n<p><img decoding=\"async\" class=\"alignnone size-full wp-image-76611\" src=\"https:\/\/pandamech.com\/wp-content\/uploads\/2025\/02\/10.jpg\" alt=\"Remorque-citerne \u00e0 ciment de 45 CBM\" width=\"800\" height=\"533\" title=\"\" srcset=\"https:\/\/www.pandamech.com\/wp-content\/uploads\/2025\/02\/10.jpg 800w, https:\/\/www.pandamech.com\/wp-content\/uploads\/2025\/02\/10-300x200.jpg 300w, https:\/\/www.pandamech.com\/wp-content\/uploads\/2025\/02\/10-500x333.jpg 500w, https:\/\/www.pandamech.com\/wp-content\/uploads\/2025\/02\/10-18x12.jpg 18w\" sizes=\"(max-width: 800px) 100vw, 800px\" \/><\/p>\n<p>45 CBM Cement Bulker Truck Trailer supplier<\/p>\n<h2>Sp\u00e9cifications<\/h2>\n<ul>\n<li class=\"break-words\"><strong>Capacit\u00e9 :<\/strong>\u00a045 CBM (45 m\u00e8tres cubes)<\/li>\n<li class=\"break-words\"><strong>Charge utile :<\/strong>\u00a0Jusqu'\u00e0 55 tonnes (en fonction de la densit\u00e9 du mat\u00e9riau)<\/li>\n<li class=\"break-words\"><strong>Mat\u00e9riau du r\u00e9servoir :<\/strong>\u00a0Acier \u00e0 haute r\u00e9sistance de 6 mm (Q345)<\/li>\n<li class=\"break-words\"><strong>Dimensions :<\/strong>\u00a011 000 mm (L) x 2 500 mm (L) x 3 500 mm (H)<\/li>\n<li class=\"break-words\"><strong>Essieux :<\/strong>\u00a03 essieux, capacit\u00e9 de 16 tonnes chacun, marque BPW<\/li>\n<li class=\"break-words\"><strong>Suspension :<\/strong>\u00a0Suspension m\u00e9canique avec ressorts \u00e0 lames<\/li>\n<li class=\"break-words\"><strong>Syst\u00e8me de freinage :<\/strong>\u00a0Chambre T30\/30, valve d'urgence WABCO<\/li>\n<li class=\"break-words\"><strong>Pneus :<\/strong>\u00a012R22.5, 12 unit\u00e9s<\/li>\n<li class=\"break-words\"><strong>Moteur :<\/strong>\u00a0Moteur diesel WeiCai Deutz<\/li>\n<li class=\"break-words\"><strong>Couvercles de trous d'homme :<\/strong>\u00a03 jeux, 500 mm de diam\u00e8tre<\/li>\n<\/ul>\n<h2 data-start=\"882\" data-end=\"897\">Caract\u00e9ristiques principales<\/h2>\n<ul data-start=\"990\" data-end=\"2440\">\n<li data-start=\"990\" data-end=\"1258\">\ud83d\ude9b <strong data-start=\"995\" data-end=\"1020\">Capacit\u00e9 \u00e9norme de 45 CBM :<\/strong> D\u00e9placez des volumes massifs de ciment ou de poudre en une seule fois. Nos remorques <strong data-start=\"1087\" data-end=\"1105\">45 m\u00e8tres cubes<\/strong> signifie que vous transportez plus par trajet, ce qui r\u00e9duit le nombre de transports et les co\u00fbts de carburant et de main-d'\u0153uvre. Moins de chargements = plus d'efficacit\u00e9 pour votre exploitation.<\/li>\n<li data-start=\"1259\" data-end=\"1531\">\ud83d\udee1\ufe0f <strong data-start=\"1265\" data-end=\"1292\">Construction robuste et durable :<\/strong> Construite pour le long terme. Nous utilisons de l'acier \u00e0 haute r\u00e9sistance et un ch\u00e2ssis renforc\u00e9 pour que cette remorque r\u00e9siste aux routes difficiles et \u00e0 une utilisation intensive. Sa construction robuste garantit <strong data-start=\"1470\" data-end=\"1514\">des performances fiables dans des conditions difficiles<\/strong> voyage apr\u00e8s voyage.<\/li>\n<li data-start=\"1532\" data-end=\"1847\">\ud83d\udca8 <strong data-start=\"1537\" data-end=\"1577\">Syst\u00e8me de d\u00e9charge pneumatique avanc\u00e9 :<\/strong> Le d\u00e9chargement est rapide et sans effort. La remorque <strong data-start=\"1627\" data-end=\"1657\">syst\u00e8me de d\u00e9charge pneumatique<\/strong> (aliment\u00e9 par un robuste compresseur d'air embarqu\u00e9) souffle le ciment \u00e0 plus de 1,5 tonne par minute ! Vous passez moins de temps au silo de destination et plus de temps sur la route, ce qui augmente votre productivit\u00e9.<\/li>\n<li data-start=\"1848\" data-end=\"2106\">\ud83d\udd04 <strong data-start=\"1853\" data-end=\"1880\">Conception minimale des r\u00e9sidus :<\/strong> Le syst\u00e8me permet d'extraire la quasi-totalit\u00e9 de la mati\u00e8re. La conception de la tr\u00e9mie interne garantit <strong data-start=\"1954\" data-end=\"1981\">un minimum de restes de ciment<\/strong> \u00e0 l'int\u00e9rieur du r\u00e9servoir apr\u00e8s le d\u00e9chargement. Cela signifie moins de d\u00e9chets, un nettoyage facile et aucune contamination crois\u00e9e lorsque vous changez de mat\u00e9riau.<\/li>\n<li data-start=\"2107\" data-end=\"2440\">\u2699\ufe0f <strong data-start=\"2112\" data-end=\"2137\">S\u00e9curit\u00e9 et stabilit\u00e9 :<\/strong> Vos conducteurs et votre cargaison sont entre de bonnes mains. A <strong data-start=\"2182\" data-end=\"2216\">suspension renforc\u00e9e \u00e0 trois essieux<\/strong>, Le syst\u00e8me de freinage fiable (avec des soupapes et des chambres de qualit\u00e9), ainsi que les \u00e9chelles et les garde-corps antid\u00e9rapants, sont autant d'\u00e9l\u00e9ments qui contribuent \u00e0 la s\u00e9curit\u00e9 des op\u00e9rations. Que ce soit sur les autoroutes ou sur les chantiers, la remorque reste stable et s\u00fbre.<\/li>\n<\/ul>\n<h2 data-start=\"2442\" data-end=\"2457\">Applications<\/h2>\n<p data-start=\"2459\" data-end=\"2676\">La remorque \u00e0 ciment en vrac de 45 CBM n'est pas limit\u00e9e \u00e0 un seul type de travail - c'est un atout polyvalent dans tous les domaines. <strong data-start=\"2557\" data-end=\"2608\">les secteurs de la construction, de la logistique et de l'industrie<\/strong>. Voici quelques utilisations concr\u00e8tes de cette centrale de transport en vrac :<\/p>\n<ul data-start=\"2678\" data-end=\"4053\">\n<li data-start=\"2678\" data-end=\"2995\">\ud83c\udfd7\ufe0f <strong data-start=\"2684\" data-end=\"2710\">Projets de construction :<\/strong> Approvisionnez votre chantier en ciment en continu. Qu'il s'agisse de projets de construction \u00e0 grande \u00e9chelle ou de travaux d'infrastructure \u00e9loign\u00e9s, cette remorque <strong data-start=\"2849\" data-end=\"2873\">livre du ciment en vrac<\/strong> et les cendres volantes rapidement afin que vos b\u00e9tonni\u00e8res n'aient jamais \u00e0 attendre. Pas de retards, pas de goulots d'\u00e9tranglement - juste une fourniture de b\u00e9ton \u00e0 temps.<\/li>\n<li data-start=\"2996\" data-end=\"3328\">\ud83d\ude9a <strong data-start=\"3001\" data-end=\"3041\">Fabrication et distribution de ciment :<\/strong> Transportez efficacement les produits de votre cimenterie vers les centres de distribution ou les sites des clients. Les cimentiers appr\u00e9cient cette remorque pour le transport de gros volumes depuis l'usine jusqu'aux centrales de dosage ou aux installations de stockage. Elle assure <strong data-start=\"3263\" data-end=\"3288\">transport de ciment en vrac<\/strong> fonctionne sans heurts tout au long de votre cha\u00eene d'approvisionnement.<\/li>\n<li data-start=\"3329\" data-end=\"3679\">\ud83c\udf0d <strong data-start=\"3334\" data-end=\"3370\">Entreprises de logistique et de transport :<\/strong> \u00c9largissez vos services \u00e0 <strong data-start=\"3397\" data-end=\"3428\">logistique des mati\u00e8res s\u00e8ches en vrac<\/strong>. Si vous \u00eates un fournisseur de fret ou de logistique, l'ajout de cette remorque \u00e0 ciment \u00e0 votre flotte vous permet de g\u00e9rer les contrats de transport de ciment, de chaux ou d'autres produits en poudre. Sa fiabilit\u00e9 et sa capacit\u00e9 en font un choix rentable pour la livraison de marchandises en vrac.<\/li>\n<li data-start=\"3680\" data-end=\"4053\">\ud83c\udfed <strong data-start=\"3685\" data-end=\"3719\">Industrie et production d'\u00e9nergie :<\/strong> Manipulez facilement les mat\u00e9riaux en vrac sp\u00e9cialis\u00e9s. Les centrales \u00e9lectriques et les installations industrielles doivent souvent transporter des mat\u00e9riaux tels que des cendres volantes, du gypse en poudre ou de la chaux pour les traiter ou les \u00e9liminer. La remorque vrac 45 CBM transporte ces mat\u00e9riaux en toute s\u00e9curit\u00e9. <strong data-start=\"3950\" data-end=\"3972\">mati\u00e8res s\u00e8ches en vrac<\/strong>, Les entreprises peuvent ainsi contribuer au respect des normes environnementales et \u00e0 l'efficacit\u00e9 de leurs op\u00e9rations.<\/li>\n<\/ul>\n<h2 data-start=\"4240\" data-end=\"4265\">Pourquoi choisir Panda Mech ?<\/h2>\n<ul data-start=\"4535\" data-end=\"6208\">\n<li data-start=\"4535\" data-end=\"4811\">\ud83c\udfed <strong data-start=\"4540\" data-end=\"4571\">Plus de 20 ans d'expertise :<\/strong> Avec deux d\u00e9cennies d'exp\u00e9rience dans l'industrie, nous connaissons le transport en vrac sur le bout des doigts. Notre \u00e9quipe a affin\u00e9 la conception des remorques \u00e0 ciment au fil des ans, de sorte que vous b\u00e9n\u00e9ficiez d'un produit \u00e9prouv\u00e9, con\u00e7u par des experts qui comprennent vos d\u00e9fis.<\/li>\n<li data-start=\"4812\" data-end=\"5147\">\u2705 <strong data-start=\"4816\" data-end=\"4843\">Une qualit\u00e9 sans compromis :<\/strong> Chaque remorque \u00e0 ciment 45 CBM est construite selon les normes les plus strictes. Nous utilisons des mat\u00e9riaux de premi\u00e8re qualit\u00e9 tels que l'acier \u00e0 haute r\u00e9sistance Q345 et des composants de premier ordre (freins, essieux, pneus) pour garantir la durabilit\u00e9 et la long\u00e9vit\u00e9 de la remorque. Des contr\u00f4les de qualit\u00e9 rigoureux \u00e0 chaque \u00e9tape vous permettent d'obtenir une remorque sur laquelle vous pouvez compter pendant des ann\u00e9es.<\/li>\n<li data-start=\"5148\" data-end=\"5488\">\ud83d\udee0\ufe0f <strong data-start=\"5154\" data-end=\"5179\">Un service sur mesure pour vous :<\/strong> Nous comprenons qu'une taille unique ne convient pas \u00e0 tous. Vous avez besoin d'une configuration d'essieu diff\u00e9rente, d'une couleur de peinture sp\u00e9cifique ou d'accessoires sp\u00e9ciaux ? Nous proposons <strong data-start=\"5316\" data-end=\"5341\">options de personnalisation<\/strong> pour adapter la remorque \u00e0 vos besoins exacts et aux r\u00e9glementations locales. Votre camion-citerne de 45 CBM sera parfaitement adapt\u00e9 aux besoins de votre entreprise.<\/li>\n<li data-start=\"5489\" data-end=\"5847\">\ud83e\udd1d <strong data-start=\"5494\" data-end=\"5527\">Assistance et garantie d\u00e9di\u00e9es :<\/strong> En choisissant Panda Mech, vous b\u00e9n\u00e9ficiez d'une assistance compl\u00e8te. Profitez d'une tranquillit\u00e9 d'esprit avec une garantie compl\u00e8te de 12 mois et une assistance technique \u00e0 vie. Nous fournissons rapidement des pi\u00e8ces de rechange et disposons d'une \u00e9quipe d'assistance exp\u00e9riment\u00e9e pr\u00eate \u00e0 vous aider \u00e0 r\u00e9soudre les probl\u00e8mes ou \u00e0 r\u00e9pondre \u00e0 vos questions - nous sommes \u00e0 vos c\u00f4t\u00e9s \u00e0 chaque \u00e9tape du processus.<\/li>\n<li data-start=\"5848\" data-end=\"6208\">\ud83c\udf0e <strong data-start=\"5853\" data-end=\"5878\">Port\u00e9e mondiale et confiance :<\/strong> Les remorques Panda Mech sont en circulation dans plus de 100 pays, et ce n'est pas fini. Nous avons l'exp\u00e9rience n\u00e9cessaire pour exp\u00e9dier votre remorque de ciment en vrac en toute s\u00e9curit\u00e9, o\u00f9 que vous soyez. Notre client\u00e8le mondiale t\u00e9moigne de notre fiabilit\u00e9 et de notre service. Lorsque vous vous associez \u00e0 nous, vous rejoignez une famille mondiale de clients Panda Mech satisfaits.<\/li>\n<\/ul>\n<h2 data-start=\"6210\" data-end=\"6229\">Contactez-nous d\u00e8s aujourd'hui<\/h2>\n<p data-start=\"6231\" data-end=\"6712\">Ne laissez pas un \u00e9quipement obsol\u00e8te freiner votre activit\u00e9. <strong data-start=\"6285\" data-end=\"6335\">Pr\u00eat \u00e0 am\u00e9liorer l'efficacit\u00e9 de vos transports en vrac ?<\/strong> Envoyez-nous une demande de renseignements d\u00e8s aujourd'hui et commen\u00e7ons \u00e0 moderniser votre flotte ! Nous serons heureux de r\u00e9pondre \u00e0 vos questions, de vous fournir des sp\u00e9cifications d\u00e9taill\u00e9es et de vous guider tout au long du processus d'achat. Chez Panda Mech, notre \u00e9quipe s'engage \u00e0 trouver la solution de transport en vrac parfaite pour vous, et nous sommes s\u00fbrs que la remorque de camion \u00e0 ciment 45 CBM d\u00e9passera vos attentes.<\/p>","protected":false},"excerpt":{"rendered":"<p><strong>Capacit\u00e9<\/strong>: 45m3, 55ton<\/p>\n<p><strong>Fourchette de prix<\/strong>: $18,800-34,800<\/p>\n<p><strong>Date de livraison<\/strong>7-25 jours<\/p>\n<p><strong>D\u00e9chargement plus rapide<\/strong>: &gt;1,5 tonne\/min<\/p>\n<p><strong>Application<\/strong>Transport de ciment, de particules de PVC, de cendres volantes, de mat\u00e9riaux granulaires, etc.<\/p>","protected":false},"featured_media":76604,"template":"","meta":{"_acf_changed":false,"_kad_blocks_custom_css":"","_kad_blocks_head_custom_js":"","_kad_blocks_body_custom_js":"","_kad_blocks_footer_custom_js":"","_kad_post_transparent":"default","_kad_post_title":"","_kad_post_layout":"default","_kad_post_sidebar_id":"","_kad_post_content_style":"default","_kad_post_vertical_padding":"default","_kad_post_feature":"","_kad_post_feature_position":"","_kad_post_header":false,"_kad_post_footer":false,"_kad_post_classname":""},"product_brand":[],"product_cat":[15],"product_tag":[],"class_list":{"0":"post-77639","1":"product","2":"type-product","3":"status-publish","4":"has-post-thumbnail","6":"product_cat-uncategorized","8":"first","9":"instock","10":"sold-individually","11":"shipping-taxable","12":"product-type-simple","13":"entry","14":"content-bg","15":"loop-entry"},"acf":[],"taxonomy_info":{"product_cat":[{"value":15,"label":"Uncategorized"}]},"featured_image_src_large":["https:\/\/www.pandamech.com\/wp-content\/uploads\/2025\/02\/3-500x500.jpg",500,500,true],"author_info":[],"comment_info":"","_links":{"self":[{"href":"https:\/\/www.pandamech.com\/france\/wp-json\/wp\/v2\/product\/77639","targetHints":{"allow":["GET"]}}],"collection":[{"href":"https:\/\/www.pandamech.com\/france\/wp-json\/wp\/v2\/product"}],"about":[{"href":"https:\/\/www.pandamech.com\/france\/wp-json\/wp\/v2\/types\/product"}],"version-history":[{"count":1,"href":"https:\/\/www.pandamech.com\/france\/wp-json\/wp\/v2\/product\/77639\/revisions"}],"predecessor-version":[{"id":91227,"href":"https:\/\/www.pandamech.com\/france\/wp-json\/wp\/v2\/product\/77639\/revisions\/91227"}],"wp:featuredmedia":[{"embeddable":true,"href":"https:\/\/www.pandamech.com\/france\/wp-json\/wp\/v2\/media\/76604"}],"wp:attachment":[{"href":"https:\/\/www.pandamech.com\/france\/wp-json\/wp\/v2\/media?parent=77639"}],"wp:term":[{"taxonomy":"product_brand","embeddable":true,"href":"https:\/\/www.pandamech.com\/france\/wp-json\/wp\/v2\/product_brand?post=77639"},{"taxonomy":"product_cat","embeddable":true,"href":"https:\/\/www.pandamech.com\/france\/wp-json\/wp\/v2\/product_cat?post=77639"},{"taxonomy":"product_tag","embeddable":true,"href":"https:\/\/www.pandamech.com\/france\/wp-json\/wp\/v2\/product_tag?post=77639"}],"curies":[{"name":"wp","href":"https:\/\/api.w.org\/{rel}","templated":true}]}}