{"id":40154,"date":"2025-08-22T16:02:10","date_gmt":"2025-08-22T08:02:10","guid":{"rendered":"https:\/\/pandamech.com\/?post_type=product&#038;p=40154"},"modified":"2025-08-24T13:09:35","modified_gmt":"2025-08-24T05:09:35","slug":"20ft-container-tipping-skeleton-trailer-for-sale","status":"publish","type":"product","link":"https:\/\/www.pandamech.com\/france\/product\/20ft-container-tipping-skeleton-trailer-for-sale\/","title":{"rendered":"20FT Container Tipper Trailer For Sale"},"content":{"rendered":"<p>Remorque \u00e0 benne basculante pour conteneurs de 20 pieds, \u00e9galement connue sous le nom de remorque squelette \u00e0 benne basculante de 20 pieds. Elle est principalement utilis\u00e9e pour le transport de conteneurs, souvent utilis\u00e9e dans les docks (recommand\u00e9e) : <a href=\"https:\/\/www.pandamech.com\/product\/bomb-cart-chassis-trailer\/\">remorque de chariot \u00e0 bombes<\/a>), il peut faciliter la vie des gens en d\u00e9chargeant directement la cargaison du conteneur, sans qu'il soit n\u00e9cessaire de d\u00e9charger d'abord le conteneur.<\/p>\n<h2>20FT Container Tipper Trailer image<\/h2>\n<figure id=\"attachment_21420\" aria-describedby=\"caption-attachment-21420\" style=\"width: 800px\" class=\"wp-caption alignnone\"><img fetchpriority=\"high\" decoding=\"async\" class=\"size-full wp-image-21420\" title=\"Remorque \u00e0 ch\u00e2ssis basculant 20FT\" src=\"https:\/\/pandamech.com\/wp-content\/uploads\/2022\/08\/0-29.jpg\" alt=\"Remorque \u00e0 ch\u00e2ssis basculant 20FT\" width=\"800\" height=\"800\" \/><figcaption id=\"caption-attachment-21420\" class=\"wp-caption-text\">20FT Container TIpper Trailer<\/figcaption><\/figure>\n<h2>Sp\u00e9cifications de la remorque basculante pour conteneurs de 20FT<\/h2>\n<ul>\n<li><strong>Marque<\/strong>: Panda Mech<\/li>\n<li><strong>Ressort en acier<\/strong>: 10\/10\/10<\/li>\n<li><strong>Jante de roue<\/strong>: jante en acier 9.0-22.5\/8.5-20<\/li>\n<li><strong>Pneu<\/strong>: Spe:12R22.5volume 11.00R20 fil d'acier ; Nombre de pneus:8 pi\u00e8ces<\/li>\n<li><strong>Valve de frein<\/strong>: Marque KTL\/WABCO<\/li>\n<li><strong>Syst\u00e8me de freinage<\/strong>: Syst\u00e8me de freinage \u00e0 deux conduites<\/li>\n<li><strong>Engrenage principal<\/strong>28T Fonctionnement manuel, Train d'atterrissage \u00e0 usage intensif<\/li>\n<li><strong>Charge par essieu<\/strong>: 13T<\/li>\n<\/ul>\n<h2>20 Ft Container Tipper Trailer Feature<\/h2>\n<p><strong>Construction en mat\u00e9riaux de premi\u00e8re qualit\u00e9<\/strong> \ud83d\udcaa : Notre remorque basculante pour conteneurs de 20 pieds est construite avec de l'acier de haute qualit\u00e9, assurant une durabilit\u00e9 robuste et une r\u00e9sistance \u00e0 l'usure. Panda Mech n'utilise que les meilleurs mat\u00e9riaux pour garantir un produit durable. \ud83d\udee0\ufe0f<\/p>\n<p><strong>Conception hydraulique efficace<\/strong> \u2699\ufe0f : Dot\u00e9e d'un syst\u00e8me hydraulique avanc\u00e9, la remorque permet un basculement en douceur et un d\u00e9chargement rapide. Con\u00e7ue pour l'efficacit\u00e9, elle minimise les temps d'arr\u00eat et augmente la productivit\u00e9 sur tous les chantiers. \u23f1\ufe0f<\/p>\n<p><strong>Capacit\u00e9 de charge \u00e9lev\u00e9e et spacieuse<\/strong> \ud83d\ude9b : Avec un grand conteneur de 20 pieds, cette remorque peut transporter de lourdes charges avec facilit\u00e9. Qu'il s'agisse de transporter du sable, du gravier ou d'autres mat\u00e9riaux, elle assure une capacit\u00e9 de charge maximale sans compromettre la stabilit\u00e9. \ud83c\udfcb\ufe0f\u200d\u2642\ufe0f<\/p>\n<h2>Panda Mech<\/h2>\n<p>Panda Mech est un fabricant de remorque basculante pour conteneur 20FT en Chine. Nous fournissons des remorques \u00e0 benne basculante pour conteneurs de 20 pieds pour la vente. Les fabricants de PANDA MECH ont connu le succ\u00e8s en Asie du Sud-Est, au Moyen-Orient, en Afrique et en Am\u00e9rique du Sud, tels que les Philippines, la Tanzanie, le Nig\u00e9ria, etc...<u><a href=\"https:\/\/www.pandamech.com\/france\/about\/\" rel=\"nofollow noopener\" name=\"662ae8fb-4e4e-4cc5-876a-6bfaecae5a2d\" target=\"_blank\">En savoir plus sur le panda<\/a><\/u><\/p>\n<p><a href=\"\/france\/contact-us\/\" rel=\"nofollow\"><img decoding=\"async\" src=\"https:\/\/pandamech.com\/wp-content\/uploads\/u_file\/db8ce19fe3.jpg\" alt=\"Ch\u00e2ssis de conteneur de 40 pieds\" title=\"\"><\/a><\/p>\n<p><!--\u04bb?\u043f?\u02bc--><\/p>\n<p><!--\u04bb?\u043d, ?--><\/p>","protected":false},"excerpt":{"rendered":"<p>Type : Remorque \u00e0 benne basculante pour conteneurs de 20FT<\/p>\n<p>Gamme de prix : $10 000-22 900<\/p>\n<p>Livraison : 7-25 jours<\/p>\n<p>Capacit\u00e9 de chargement : 17-30 tonnes<\/p>\n<p>Applications : conteneur de transport<\/p>","protected":false},"featured_media":57704,"template":"","meta":{"_acf_changed":false,"_kad_blocks_custom_css":"","_kad_blocks_head_custom_js":"","_kad_blocks_body_custom_js":"","_kad_blocks_footer_custom_js":"","_kad_post_transparent":"default","_kad_post_title":"","_kad_post_layout":"default","_kad_post_sidebar_id":"","_kad_post_content_style":"default","_kad_post_vertical_padding":"default","_kad_post_feature":"","_kad_post_feature_position":"","_kad_post_header":false,"_kad_post_footer":false,"_kad_post_classname":""},"product_brand":[],"product_cat":[172],"product_tag":[],"class_list":{"0":"post-40154","1":"product","2":"type-product","3":"status-publish","4":"has-post-thumbnail","6":"product_cat-dump-truck-trailer","8":"first","9":"instock","10":"sold-individually","11":"shipping-taxable","12":"purchasable","13":"product-type-simple","14":"entry","15":"content-bg","16":"loop-entry"},"acf":[],"taxonomy_info":{"product_cat":[{"value":172,"label":"Dump Truck Trailer"}]},"featured_image_src_large":["https:\/\/www.pandamech.com\/wp-content\/uploads\/2022\/08\/0-29-500x500.jpg",500,500,true],"author_info":[],"comment_info":"","_links":{"self":[{"href":"https:\/\/www.pandamech.com\/france\/wp-json\/wp\/v2\/product\/40154","targetHints":{"allow":["GET"]}}],"collection":[{"href":"https:\/\/www.pandamech.com\/france\/wp-json\/wp\/v2\/product"}],"about":[{"href":"https:\/\/www.pandamech.com\/france\/wp-json\/wp\/v2\/types\/product"}],"version-history":[{"count":3,"href":"https:\/\/www.pandamech.com\/france\/wp-json\/wp\/v2\/product\/40154\/revisions"}],"predecessor-version":[{"id":91523,"href":"https:\/\/www.pandamech.com\/france\/wp-json\/wp\/v2\/product\/40154\/revisions\/91523"}],"wp:featuredmedia":[{"embeddable":true,"href":"https:\/\/www.pandamech.com\/france\/wp-json\/wp\/v2\/media\/57704"}],"wp:attachment":[{"href":"https:\/\/www.pandamech.com\/france\/wp-json\/wp\/v2\/media?parent=40154"}],"wp:term":[{"taxonomy":"product_brand","embeddable":true,"href":"https:\/\/www.pandamech.com\/france\/wp-json\/wp\/v2\/product_brand?post=40154"},{"taxonomy":"product_cat","embeddable":true,"href":"https:\/\/www.pandamech.com\/france\/wp-json\/wp\/v2\/product_cat?post=40154"},{"taxonomy":"product_tag","embeddable":true,"href":"https:\/\/www.pandamech.com\/france\/wp-json\/wp\/v2\/product_tag?post=40154"}],"curies":[{"name":"wp","href":"https:\/\/api.w.org\/{rel}","templated":true}]}}