{"id":40153,"date":"2023-05-23T21:02:06","date_gmt":"2023-05-23T13:02:06","guid":{"rendered":"https:\/\/pandamech.com\/?post_type=product&#038;p=40153"},"modified":"2025-12-10T16:46:37","modified_gmt":"2025-12-10T08:46:37","slug":"20-ft-shipping-container-chassis-with-10ft-locks","status":"publish","type":"product","link":"https:\/\/www.pandamech.com\/france\/product\/20-ft-shipping-container-chassis-with-10ft-locks\/","title":{"rendered":"20 FT Shipping Container Chassis With 10FT Locks"},"content":{"rendered":"<p>Ch\u00e2ssis de conteneur d'exp\u00e9dition de 20 pieds, \u00e9galement appel\u00e9 semi-remorque squelette, remorque \u00e0 ch\u00e2ssis de conteneur, etc. G\u00e9n\u00e9ralement utilis\u00e9 pour le transport de conteneurs ISO dans les ports, les chantiers navals, les routes, les ponts, les tunnels, les stations de transfert, pour soutenir le syst\u00e8me logistique de transport multimodal. La longueur de 20 pieds correspond \u00e0 8 ensembles de serrures de conteneurs, convenant aux conteneurs secs de 10\u2032, aux conteneurs-citernes et aux conteneurs r\u00e9frig\u00e9r\u00e9s, etc.<\/p>\n<h2>20 FT Shipping Container Chassis avec 10ft locks<\/h2>\n<p><img decoding=\"async\" style=\"width: 800px;\" src=\"https:\/\/pandamech.com\/wp-content\/uploads\/2021\/08\/7-106.jpg\" alt=\"Remorque squelettique de 20 pieds avec serrures de 10 pieds\" height=\"533\" title=\"\"><\/p>\n<p>20 ft container chassis trailer for sale<\/p>\n<h2>20 FT Shipping Container Chassis avec 10ft lock specification<\/h2>\n<table style=\"width: 800px;\" border=\"1\" cellspacing=\"1\" cellpadding=\"1\">\n<tbody>\n<tr>\n<td width=\"208\" height=\"32\">Dimension<\/td>\n<td width=\"457\">7500*2500*1550mm<\/td>\n<\/tr>\n<tr>\n<td height=\"32\">Hauteur de la remorque squelettique<\/td>\n<td>1550mm<\/td>\n<\/tr>\n<tr>\n<td height=\"32\">Largeur<\/td>\n<td>2500mm<\/td>\n<\/tr>\n<tr>\n<td height=\"32\">Poids de la remorque squelettique<\/td>\n<td>5600Kg<\/td>\n<\/tr>\n<tr>\n<td height=\"32\">Poutre principale<\/td>\n<td>\u201cSection \u201dI\" hauteur 500mm mat\u00e9riau Q345\/T700<\/td>\n<\/tr>\n<tr>\n<td height=\"32\">Serrure tournante<\/td>\n<td>8 jeux de la norme ISO<\/td>\n<\/tr>\n<tr>\n<td height=\"32\">Suspension<\/td>\n<td>M\u00e9canique \/ Air \/ Bogie<\/td>\n<\/tr>\n<tr>\n<td height=\"32\">Essieu<\/td>\n<td>2 essieux BPW\/FUWA\/PDME etc.<\/td>\n<\/tr>\n<tr>\n<td height=\"32\">Jante<\/td>\n<td>8\/12 pi\u00e8ces 9.0-22.5 Acier\/Aluminium<\/td>\n<\/tr>\n<tr>\n<td height=\"32\">Pneu<\/td>\n<td>8\/12 pi\u00e8ces 12R22.5 Bridgestone\/Triangle\/Linglong etc.<\/td>\n<\/tr>\n<tr>\n<td height=\"32\">Valve de frein<\/td>\n<td>WABCO<\/td>\n<\/tr>\n<tr>\n<td height=\"32\">Chambre de frein<\/td>\n<td>4\/6 ensembles T30\/30<\/td>\n<\/tr>\n<tr>\n<td height=\"32\">R\u00e9servoir d'air<\/td>\n<td>28L<\/td>\n<\/tr>\n<tr>\n<td height=\"32\">Tuyau de frein<\/td>\n<td>Tube en fil de nylon<\/td>\n<\/tr>\n<tr>\n<td height=\"32\">Train d'atterrissage<\/td>\n<td>28T Levage JOST\/YAHUA<\/td>\n<\/tr>\n<tr>\n<td height=\"32\">Kingpin<\/td>\n<td>2\u2033(50mm)\/3.5\u2033(90mm) JOST Type de boulonnage<\/td>\n<\/tr>\n<tr>\n<td height=\"32\">Lumi\u00e8res<\/td>\n<td>12v\/24v LED \u00e9tanche<\/td>\n<\/tr>\n<tr>\n<td height=\"32\">Couleur<\/td>\n<td>Sur mesure<\/td>\n<\/tr>\n<tr>\n<td height=\"32\"><u><a href=\"\/france\/contact-us\/\">Demande de renseignements<\/a><\/u><\/td>\n<td><u><a href=\"\/france\/contact-us\/\">Obtenir un devis<\/a><\/u><\/td>\n<\/tr>\n<\/tbody>\n<\/table>\n<h2>Fonctionnalit\u00e9 :<\/h2>\n<p><strong>Poutre principale :<\/strong><\/p>\n<p>Mat\u00e9riau en acier Q345 ou T700 \u00e0 haute r\u00e9sistance soud\u00e9 \u00e0 l'arc submerg\u00e9<\/p>\n<p><strong>Verrouillage par rotation :<\/strong><\/p>\n<p>Serrure ISO standard adapt\u00e9e aux conteneurs du monde entier, interrupteur de protection suppl\u00e9mentaire pour \u00e9viter les erreurs de manipulation.<\/p>\n<p><strong>Kingpin :<\/strong><\/p>\n<p>Type de boulonnage de la marque JOST, possibilit\u00e9 de changer entre 2\u201d ou 3,5\u2033.<\/p>\n<p><strong>Essieu :\u00a0<\/strong><\/p>\n<p>Les marques BPW, FUWA, PD en option permettent de travailler plus longtemps sans entretien.<\/p>\n<p><strong>Pneu :<\/strong><\/p>\n<p>Pneu de marque r\u00e9put\u00e9e en option, taille personnalis\u00e9e<\/p>\n<p><strong>Jambes :<\/strong><\/p>\n<p>Qualit\u00e9 de la jante en acier ou en alu sur mesure<\/p>\n<p><strong>Suspension :\u00a0<\/strong><\/p>\n<p>Suspension m\u00e9canique \u00e0 haut rendement avec ressorts de qualit\u00e9 \u00e9galisateurs<\/p>\n<p><strong>Syst\u00e8me de freinage :<\/strong><\/p>\n<p>Syst\u00e8me de freinage pneumatique \u00e0 deux conduites, chambre T30\/30 et valve d'urgence \u00e0 relais WABCO, syst\u00e8me ABS et EBS en option<\/p>\n<p><strong>Tuyau de frein :<\/strong><\/p>\n<p>Tube en fil de nylon plus s\u00fbr pour le freinage \u00e0 haute pression<\/p>\n<h2>Mech PANDA<\/h2>\n<p>Panda Mech est un fabricant chinois de ch\u00e2ssis de conteneur d'exp\u00e9dition de 20 pieds avec une serrure de 10 pieds. Nous fournissons des ch\u00e2ssis de conteneurs d'exp\u00e9dition de 20 pieds pour la vente. Les fabricants de PANDA MECH ont eu du succ\u00e8s en Asie du Sud-Est, au Moyen-Orient, en Afrique et en Am\u00e9rique du Sud, tels que les Philippines, la Tanzanie, etc...<u><a href=\"https:\/\/www.pandamech.com\/france\/about\/\" rel=\"nofollow noopener\" name=\"662ae8fb-4e4e-4cc5-876a-6bfaecae5a2d\" target=\"_blank\">En savoir plus sur le panda<\/a><\/u><\/p>\n<p><a href=\"\/france\/contact-us\/\" rel=\"nofollow\"><img decoding=\"async\" src=\"https:\/\/pandamech.com\/wp-content\/uploads\/u_file\/db8ce19fe3.jpg\" alt=\"Ch\u00e2ssis de conteneur de 40 pieds\" title=\"\"><\/a><\/p>","protected":false},"excerpt":{"rendered":"<p>Type : 20 FT<\/p>\n<p>Gamme de prix : $6 900-12 500<\/p>\n<p>Livraison : 7-23 jours<\/p>\n<p>Application : transport de conteneurs de 1*20ft ou de 2*10ft<\/p>\n<p>Mat\u00e9riau : acier au carbone \u00e0 haute r\u00e9sistance<\/p>","protected":false},"featured_media":57732,"template":"","meta":{"_acf_changed":false,"_kad_blocks_custom_css":"","_kad_blocks_head_custom_js":"","_kad_blocks_body_custom_js":"","_kad_blocks_footer_custom_js":"","_kad_post_transparent":"default","_kad_post_title":"","_kad_post_layout":"default","_kad_post_sidebar_id":"","_kad_post_content_style":"default","_kad_post_vertical_padding":"default","_kad_post_feature":"","_kad_post_feature_position":"","_kad_post_header":false,"_kad_post_footer":false,"_kad_post_classname":""},"product_brand":[],"product_cat":[103],"product_tag":[],"class_list":{"0":"post-40153","1":"product","2":"type-product","3":"status-publish","4":"has-post-thumbnail","6":"product_cat-container-chassis-trailer","8":"first","9":"instock","10":"sold-individually","11":"shipping-taxable","12":"purchasable","13":"product-type-simple","14":"entry","15":"content-bg","16":"loop-entry"},"acf":[],"taxonomy_info":{"product_cat":[{"value":103,"label":"Container Chassis"}]},"featured_image_src_large":["https:\/\/www.pandamech.com\/wp-content\/uploads\/2022\/08\/2-106-500x500.jpg",500,500,true],"author_info":[],"comment_info":"","_links":{"self":[{"href":"https:\/\/www.pandamech.com\/france\/wp-json\/wp\/v2\/product\/40153","targetHints":{"allow":["GET"]}}],"collection":[{"href":"https:\/\/www.pandamech.com\/france\/wp-json\/wp\/v2\/product"}],"about":[{"href":"https:\/\/www.pandamech.com\/france\/wp-json\/wp\/v2\/types\/product"}],"version-history":[{"count":1,"href":"https:\/\/www.pandamech.com\/france\/wp-json\/wp\/v2\/product\/40153\/revisions"}],"predecessor-version":[{"id":91247,"href":"https:\/\/www.pandamech.com\/france\/wp-json\/wp\/v2\/product\/40153\/revisions\/91247"}],"wp:featuredmedia":[{"embeddable":true,"href":"https:\/\/www.pandamech.com\/france\/wp-json\/wp\/v2\/media\/57732"}],"wp:attachment":[{"href":"https:\/\/www.pandamech.com\/france\/wp-json\/wp\/v2\/media?parent=40153"}],"wp:term":[{"taxonomy":"product_brand","embeddable":true,"href":"https:\/\/www.pandamech.com\/france\/wp-json\/wp\/v2\/product_brand?post=40153"},{"taxonomy":"product_cat","embeddable":true,"href":"https:\/\/www.pandamech.com\/france\/wp-json\/wp\/v2\/product_cat?post=40153"},{"taxonomy":"product_tag","embeddable":true,"href":"https:\/\/www.pandamech.com\/france\/wp-json\/wp\/v2\/product_tag?post=40153"}],"curies":[{"name":"wp","href":"https:\/\/api.w.org\/{rel}","templated":true}]}}