{"id":40152,"date":"2023-05-24T21:02:01","date_gmt":"2023-05-24T13:02:01","guid":{"rendered":"https:\/\/pandamech.com\/?post_type=product&#038;p=40152"},"modified":"2025-08-23T01:07:06","modified_gmt":"2025-08-22T17:07:06","slug":"45ft-skeleton-trailer-for-sale","status":"publish","type":"product","link":"https:\/\/www.pandamech.com\/france\/product\/45ft-skeleton-trailer-for-sale\/","title":{"rendered":"45FT Skeleton Trailer \u00e0 vendre"},"content":{"rendered":"<p>Remorque squelette de 45 pieds, \u00e9galement appel\u00e9e semi-remorque squelette de 45 pieds, remorque \u00e0 ch\u00e2ssis de conteneur, etc. Elles sont g\u00e9n\u00e9ralement utilis\u00e9es pour le transport de conteneurs ISO dans les ports, les chantiers navals, les routes, les ponts, les tunnels, les stations de transfert, et soutiennent le syst\u00e8me logistique de transport multimodal. Les 45ft de long conviennent \u00e0 4 \u00e0 14 ensembles d'\u00e9cluses \u00e0 conteneurs, convenant aux conteneurs secs de 45\u2032, aux conteneurs-citernes et aux conteneurs frigorifiques, etc.<\/p>\n<h2>45FT Skeleton Trailer images<\/h2>\n<p><img fetchpriority=\"high\" decoding=\"async\" class=\"size-full wp-image-40158\" src=\"https:\/\/pandamech.com\/wp-content\/uploads\/2023\/05\/45ft-chassis-7.jpg\" alt=\"Remorque squelette de 45 pieds \u00e0 vendre\" width=\"750\" height=\"399\" title=\"\"><\/p>\n<p><img decoding=\"async\" class=\"size-full wp-image-40159\" src=\"https:\/\/pandamech.com\/wp-content\/uploads\/2023\/05\/45ft-chassis-8.jpg\" alt=\"Remorque squelette de 45 pieds \u00e0 vendre\" width=\"750\" height=\"399\" title=\"\"><\/p>\n<p>Remorques de conteneurs d'exp\u00e9dition de 45 pieds \u00e0 vendre<\/p>\n<h2>Sp\u00e9cification de la remorque squelette 45FT<\/h2>\n<table style=\"width: 800px;\" border=\"1\" cellspacing=\"1\" cellpadding=\"1\">\n<tbody>\n<tr>\n<td width=\"457\" height=\"32\">Dimension<\/td>\n<td width=\"492\">13950*2500*1550mm<\/td>\n<\/tr>\n<tr>\n<td width=\"457\" height=\"32\">Hauteur<\/td>\n<td>1550mm<\/td>\n<\/tr>\n<tr>\n<td width=\"457\" height=\"32\">45 largeur du ch\u00e2ssis du conteneur<\/td>\n<td>2500mm<\/td>\n<\/tr>\n<tr>\n<td width=\"457\" height=\"32\">Poids de la remorque squelettique<\/td>\n<td>6500Kg<\/td>\n<\/tr>\n<tr>\n<td width=\"457\" height=\"32\">Poutre principale<\/td>\n<td>\u201cSection \u201dI\" hauteur 500mm mat\u00e9riau Q345\/T700<\/td>\n<\/tr>\n<tr>\n<td width=\"457\" height=\"32\">Fermeture \u00e0 glissi\u00e8re<\/td>\n<td>12\/14 fixer la norme ISO<\/td>\n<\/tr>\n<tr>\n<td width=\"457\" height=\"32\">Suspension<\/td>\n<td>M\u00e9canique \/ Air \/ Bogie<\/td>\n<\/tr>\n<tr>\n<td width=\"457\" height=\"32\">Essieu<\/td>\n<td>3 essieux BPW\/FUWA\/PDME etc.<\/td>\n<\/tr>\n<tr>\n<td width=\"457\" height=\"32\">Jante<\/td>\n<td>8\/12\/16 pi\u00e8ces 9.0-22.5 Acier\/Aluminium<\/td>\n<\/tr>\n<tr>\n<td width=\"457\" height=\"32\">Pneu<\/td>\n<td>8\/12\/16 pi\u00e8ces 12R22.5 Bridgestone\/Triangle\/Linglong etc.<\/td>\n<\/tr>\n<tr>\n<td width=\"457\" height=\"32\">Valve de frein<\/td>\n<td>WABCO<\/td>\n<\/tr>\n<tr>\n<td width=\"457\" height=\"32\">Chambre de frein<\/td>\n<td>4\/6 s\u00e9ries T30\/30<\/td>\n<\/tr>\n<tr>\n<td width=\"457\" height=\"32\">R\u00e9servoir d'air<\/td>\n<td>28L<\/td>\n<\/tr>\n<tr>\n<td width=\"457\" height=\"32\">Tuyau de frein<\/td>\n<td>Tube en fil de nylon<\/td>\n<\/tr>\n<tr>\n<td width=\"457\" height=\"32\">Train d'atterrissage<\/td>\n<td>28T Levage JOST\/YAHUA<\/td>\n<\/tr>\n<tr>\n<td width=\"457\" height=\"32\">Kingpin<\/td>\n<td>2\u2033(50mm)\/3.5\u2033(90mm) JOST Type de boulonnage<\/td>\n<\/tr>\n<tr>\n<td width=\"457\" height=\"32\">Lumi\u00e8res<\/td>\n<td>12v\/24v LED \u00e9tanche<\/td>\n<\/tr>\n<tr>\n<td width=\"457\" height=\"32\">Couleur<\/td>\n<td>Sur mesure<\/td>\n<\/tr>\n<\/tbody>\n<\/table>\n<h2>Fonctionnalit\u00e9 :<\/h2>\n<p><strong>Poutre principale :<\/strong><\/p>\n<p>Mat\u00e9riau en acier Q345 ou T700 \u00e0 haute r\u00e9sistance soud\u00e9 \u00e0 l'arc submerg\u00e9<\/p>\n<p><strong>Verrouillage par rotation :<\/strong><\/p>\n<p>Serrure ISO standard adapt\u00e9e aux conteneurs du monde entier, interrupteur de protection suppl\u00e9mentaire pour \u00e9viter les erreurs de manipulation.<\/p>\n<p><strong>Kingpin :<\/strong><\/p>\n<p>Type de boulonnage de la marque JOST, possibilit\u00e9 de changer entre 2\u201d ou 3,5\u2033.<\/p>\n<p><strong>Essieu :\u00a0<\/strong><\/p>\n<p>Les marques BPW, FUWA, PD en option permettent de travailler plus longtemps sans entretien.<\/p>\n<p><strong>Pneu :<\/strong><\/p>\n<p>Pneu de marque r\u00e9put\u00e9e en option, taille personnalis\u00e9e<\/p>\n<h2>Panda Mech<\/h2>\n<p>Panda Mech est un fabricant de remorque squelette 45FT en Chine. Nous fournissons des remorques squelettes de 45 pieds \u00e0 vendre. Les fabricants de PANDA MECH ont r\u00e9ussi en Asie du Sud-Est, au Moyen-Orient, en Afrique et en Am\u00e9rique du Sud, tels que les Philippines, la Tanzanie, etc...<u><a href=\"https:\/\/www.pandamech.com\/france\/about\/\" rel=\"nofollow noopener\" name=\"662ae8fb-4e4e-4cc5-876a-6bfaecae5a2d\" target=\"_blank\">En savoir plus sur le panda<\/a><\/u><\/p>\n<p><a href=\"\/france\/contact-us\/\" rel=\"nofollow\"><img decoding=\"async\" src=\"https:\/\/pandamech.com\/wp-content\/uploads\/u_file\/db8ce19fe3.jpg\" alt=\"Ch\u00e2ssis de conteneur de 40 pieds\" title=\"\"><\/a><\/p>","protected":false},"excerpt":{"rendered":"<p>Type : Remorque squelette 45FT<\/p>\n<p>Gamme de prix : $7 800-15 600<\/p>\n<p>Livraison : 7-25 jours<\/p>\n<p>Application : conteneur de transport<\/p>\n<p>Capacit\u00e9 de charge : 20-50 tonnes<\/p>","protected":false},"featured_media":57464,"template":"","meta":{"_acf_changed":false,"_kad_blocks_custom_css":"","_kad_blocks_head_custom_js":"","_kad_blocks_body_custom_js":"","_kad_blocks_footer_custom_js":"","_kad_post_transparent":"default","_kad_post_title":"","_kad_post_layout":"default","_kad_post_sidebar_id":"","_kad_post_content_style":"default","_kad_post_vertical_padding":"default","_kad_post_feature":"","_kad_post_feature_position":"","_kad_post_header":false,"_kad_post_footer":false,"_kad_post_classname":""},"product_brand":[],"product_cat":[164],"product_tag":[],"class_list":{"0":"post-40152","1":"product","2":"type-product","3":"status-publish","4":"has-post-thumbnail","6":"product_cat-skeletal-trailer","8":"first","9":"instock","10":"sold-individually","11":"shipping-taxable","12":"purchasable","13":"product-type-simple","14":"entry","15":"content-bg","16":"loop-entry"},"acf":[],"taxonomy_info":{"product_cat":[{"value":164,"label":"Skeletal Trailer"}]},"featured_image_src_large":["https:\/\/www.pandamech.com\/wp-content\/uploads\/2022\/06\/40ft-step-rf-container-chassis-2023-09-20_089965-500x500.jpg",500,500,true],"author_info":[],"comment_info":"","_links":{"self":[{"href":"https:\/\/www.pandamech.com\/france\/wp-json\/wp\/v2\/product\/40152","targetHints":{"allow":["GET"]}}],"collection":[{"href":"https:\/\/www.pandamech.com\/france\/wp-json\/wp\/v2\/product"}],"about":[{"href":"https:\/\/www.pandamech.com\/france\/wp-json\/wp\/v2\/types\/product"}],"version-history":[{"count":1,"href":"https:\/\/www.pandamech.com\/france\/wp-json\/wp\/v2\/product\/40152\/revisions"}],"predecessor-version":[{"id":91246,"href":"https:\/\/www.pandamech.com\/france\/wp-json\/wp\/v2\/product\/40152\/revisions\/91246"}],"wp:featuredmedia":[{"embeddable":true,"href":"https:\/\/www.pandamech.com\/france\/wp-json\/wp\/v2\/media\/57464"}],"wp:attachment":[{"href":"https:\/\/www.pandamech.com\/france\/wp-json\/wp\/v2\/media?parent=40152"}],"wp:term":[{"taxonomy":"product_brand","embeddable":true,"href":"https:\/\/www.pandamech.com\/france\/wp-json\/wp\/v2\/product_brand?post=40152"},{"taxonomy":"product_cat","embeddable":true,"href":"https:\/\/www.pandamech.com\/france\/wp-json\/wp\/v2\/product_cat?post=40152"},{"taxonomy":"product_tag","embeddable":true,"href":"https:\/\/www.pandamech.com\/france\/wp-json\/wp\/v2\/product_tag?post=40152"}],"curies":[{"name":"wp","href":"https:\/\/api.w.org\/{rel}","templated":true}]}}