{"id":40149,"date":"2023-05-27T21:01:42","date_gmt":"2023-05-27T13:01:42","guid":{"rendered":"https:\/\/pandamech.com\/?post_type=product&#038;p=40149"},"modified":"2025-08-23T01:07:06","modified_gmt":"2025-08-22T17:07:06","slug":"triple-axle-40ft-gooseneck-skel-trailer","status":"publish","type":"product","link":"https:\/\/www.pandamech.com\/france\/product\/triple-axle-40ft-gooseneck-skel-trailer\/","title":{"rendered":"Triple essieu 40FT Gooseneck Skel Trailer"},"content":{"rendered":"<p>Remorque \u00e0 col de cygne de 40 pieds \u00e0 trois essieux, \u00e9galement appel\u00e9e semi-remorque \u00e0 col de cygne, remorque \u00e0 ch\u00e2ssis de conteneur \u00e0 col de cygne, etc. G\u00e9n\u00e9ralement utilis\u00e9e pour le transport de conteneurs ISO dans les ports, les chantiers navals, les routes, les ponts, les tunnels et les stations de transfert, pour soutenir les syst\u00e8mes logistiques de transport multimodal. La longueur de 40 pieds s'adapte \u00e0 4 \u00e0 14 ensembles d'\u00e9cluses \u00e0 conteneurs convenant aux conteneurs secs 10\u2032, 20\u2032, 40\u2032, aux conteneurs-citernes et aux conteneurs frigorifiques, etc.<\/p>\n<h2>Sp\u00e9cification de la remorque \u00e0 skis \u00e0 col de cygne de 40 pieds<\/h2>\n<table style=\"width: 800px;\" border=\"1\" cellspacing=\"1\" cellpadding=\"1\">\n<tbody>\n<tr>\n<td width=\"457\" height=\"32\">Dimension<\/td>\n<td width=\"492\">12500*2500*1550mm<\/td>\n<\/tr>\n<tr>\n<td width=\"457\" height=\"32\">Hauteur<\/td>\n<td>1550mm<\/td>\n<\/tr>\n<tr>\n<td width=\"457\" height=\"32\">Largeur<\/td>\n<td>2500mm<\/td>\n<\/tr>\n<tr>\n<td width=\"457\" height=\"32\">Poids<\/td>\n<td>5600Kg<\/td>\n<\/tr>\n<tr>\n<td width=\"457\" height=\"32\">Poutre principale<\/td>\n<td>\u201cSection \u201dI\" hauteur 500mm mat\u00e9riau Q345\/T700<\/td>\n<\/tr>\n<tr>\n<td width=\"457\" height=\"32\">Serrure tournante<\/td>\n<td>12\/14 fixer la norme ISO<\/td>\n<\/tr>\n<tr>\n<td width=\"457\" height=\"32\">Suspension<\/td>\n<td>M\u00e9canique \/ Air \/ Bogie<\/td>\n<\/tr>\n<tr>\n<td width=\"457\" height=\"32\">Essieu<\/td>\n<td>Essieux 2\/3\/4 BPW\/FUWA\/PDME etc.<\/td>\n<\/tr>\n<tr>\n<td width=\"457\" height=\"32\">Jante<\/td>\n<td>8\/12\/16 pi\u00e8ces 9.0-22.5 Acier\/Aluminium<\/td>\n<\/tr>\n<tr>\n<td width=\"457\" height=\"32\">Pneu<\/td>\n<td>8\/12\/16 pi\u00e8ces 12R22.5 Bridgeston\/Triangle\/Linglong etc.<\/td>\n<\/tr>\n<tr>\n<td width=\"457\" height=\"32\">Valve de frein<\/td>\n<td>WABCO<\/td>\n<\/tr>\n<tr>\n<td width=\"457\" height=\"32\">Chambre de frein<\/td>\n<td>4\/6\/8 s\u00e9ries T30\/30<\/td>\n<\/tr>\n<tr>\n<td width=\"457\" height=\"32\">R\u00e9servoir d'air<\/td>\n<td>28L<\/td>\n<\/tr>\n<tr>\n<td width=\"457\" height=\"32\">Tuyau de frein<\/td>\n<td>Tube en fil de nylon<\/td>\n<\/tr>\n<tr>\n<td width=\"457\" height=\"32\">Train d'atterrissage<\/td>\n<td>28T Levage JOST\/YAHUA<\/td>\n<\/tr>\n<tr>\n<td width=\"457\" height=\"32\">Kingpin<\/td>\n<td>2\u2033(50mm)\/3.5\u2033(90mm) JOST Type de boulonnage<\/td>\n<\/tr>\n<tr>\n<td width=\"457\" height=\"32\">Lumi\u00e8res<\/td>\n<td>12v\/24v LED \u00e9tanche<\/td>\n<\/tr>\n<tr>\n<td width=\"457\" height=\"32\">Couleur<\/td>\n<td>Sur mesure<\/td>\n<\/tr>\n<\/tbody>\n<\/table>\n<h2>Dessin d'une remorque \u00e0 skel de 40 pieds \u00e0 col de cygne<\/h2>\n<p><img decoding=\"async\" style=\"width: 800px;\" src=\"https:\/\/pandamech.com\/wp-content\/uploads\/2022\/06\/40ft-gooseneck-skeletal-trailer-drawing.jpg\" alt=\"Dessin d&#039;une remorque squelettique de 40 pieds \u00e0 col de cygne\" height=\"598\" title=\"\"><\/p>\n<h2>40Ft gooseneck skel trailer images<\/h2>\n<p><img fetchpriority=\"high\" decoding=\"async\" class=\"alignnone size-full wp-image-22459\" src=\"https:\/\/pandamech.com\/wp-content\/uploads\/2022\/07\/6.jpg\" alt=\"3 essieux 40ft gooseneck container chassis\" width=\"800\" height=\"533\" title=\"\"><\/p>\n<p>Remorques squelettiques 40ft gooseneck \u00e0 vendre<\/p>\n<p><img decoding=\"async\" class=\"alignnone size-full wp-image-22460\" src=\"https:\/\/pandamech.com\/wp-content\/uploads\/2022\/07\/7-5.jpg\" alt=\"3 essieux 40ft gooseneck container chassis\" width=\"800\" height=\"533\" title=\"\"><\/p>\n<p>40 ft gooseneck chassis trailers for sale<\/p>\n<p><img decoding=\"async\" class=\"alignnone size-full wp-image-22461\" src=\"https:\/\/pandamech.com\/wp-content\/uploads\/2022\/07\/8-2.jpg\" alt=\"3 essieux 40ft gooseneck container chassis\" width=\"800\" height=\"533\" title=\"\"><\/p>\n<p>Ch\u00e2ssis 40ft gooseneck \u00e0 vendre<\/p>\n<h2>Vid\u00e9o de 40\u2032 gooseneck skel trailer<\/h2>\n<p><iframe title=\"Lecteur vid\u00e9o YouTube\" src=\"https:\/\/www.youtube.com\/embed\/pE3jvJZCKgM\" width=\"800\" height=\"533\" frameborder=\"0\" allowfullscreen=\"allowfullscreen\" data-mce-fragment=\"1\"><span data-mce-type=\"bookmark\" style=\"display: inline-block; width: 0px; overflow: hidden; line-height: 0;\" class=\"mce_SELRES_start\"><\/span><\/iframe><\/p>\n<h2>Fonctionnalit\u00e9<\/h2>\n<p><strong>Poutre principale :<\/strong><\/p>\n<p>Mat\u00e9riau en acier Q345 ou T700 \u00e0 haute r\u00e9sistance soud\u00e9 \u00e0 l'arc submerg\u00e9<\/p>\n<p><strong>Verrouillage par rotation :<\/strong><\/p>\n<p>Serrure ISO standard adapt\u00e9e aux conteneurs du monde entier, interrupteur de protection suppl\u00e9mentaire pour \u00e9viter les erreurs de manipulation.<\/p>\n<p><strong>Kingpin :<\/strong><\/p>\n<p>Type de boulonnage de la marque JOST, possibilit\u00e9 de changer entre 2\u201d ou 3,5\u2033.<\/p>\n<p><strong>Essieu :\u00a0<\/strong><\/p>\n<p>Les marques BPW, FUWA, PD en option permettent de travailler plus longtemps sans entretien.<\/p>\n<p><strong>Pneu :<\/strong><\/p>\n<p>Pneu de marque r\u00e9put\u00e9e en option, taille personnalis\u00e9e<\/p>\n<p><strong>Jambes :<\/strong><\/p>\n<p>Qualit\u00e9 de la jante en acier ou en alu sur mesure<\/p>\n<p><strong>Suspension :\u00a0<\/strong><\/p>\n<p>Suspension m\u00e9canique \u00e0 haut rendement avec ressorts de qualit\u00e9 \u00e9galisateurs<\/p>\n<p><strong>Syst\u00e8me de freinage :<\/strong><\/p>\n<p>Syst\u00e8me de freinage pneumatique \u00e0 deux conduites, chambre T30\/30 et valve d'urgence \u00e0 relais WABCO, syst\u00e8me ABS et EBS en option<\/p>\n<p><strong>Tuyau de frein :<\/strong><\/p>\n<p>Tube en fil de nylon plus s\u00fbr pour le freinage \u00e0 haute pression<\/p>\n<h2>Transport<\/h2>\n<p>Les remorques \u00e0 skel \u00e0 col de cygne ISO sont plus adapt\u00e9es au transport de conteneurs, \u00e0 la r\u00e9duction des co\u00fbts et \u00e0 la livraison rapide.<br \/>\n<img loading=\"lazy\" decoding=\"async\" class=\"alignnone size-full wp-image-21454\" src=\"https:\/\/pandamech.com\/wp-content\/uploads\/2021\/08\/container-chassis-trailers-transport.jpg\" alt=\"Transport de conteneurs intermodaux de 40 pieds sur ch\u00e2ssis remorque\" width=\"800\" height=\"246\" title=\"\"><\/p>\n<h2>Panda Mech<\/h2>\n<p>Panda Mech est un fabricant chinois de remorques \u00e0 col de cygne. Nous fournissons des remorques \u00e0 col de cygne de 40 pieds \u00e0 vendre. Les fabricants de PANDA MECH ont eu du succ\u00e8s en Asie du Sud-Est, au Moyen-Orient, en Afrique et en Am\u00e9rique du Sud, tels que les Philippines, la Tanzanie, etc...<\/p>\n<p><a href=\"#elementor-action%3Aaction%3Dpopup%3Aopen%26settings%3DeyJpZCI6Ijk5MDciLCJ0b2dnbGUiOmZhbHNlfQ%3D%3D\" rel=\"nofollow\"><img loading=\"lazy\" decoding=\"async\" class=\"alignnone\" src=\"https:\/\/pandamech.com\/wp-content\/uploads\/u_file\/db8ce19fe3.jpg\" alt=\"Ch\u00e2ssis de conteneur de 40 pieds\" width=\"864\" height=\"213\" title=\"\"><\/a><\/p>","protected":false},"excerpt":{"rendered":"<p>Type : 3 Essieux 40 ft gooseneck skel trailer<\/p>\n<p>Gamme de prix : $8900-17,900<\/p>\n<p>Livraison : 7-25 jours<\/p>\n<p>Capacit\u00e9 de chargement : 15-40 tonnes<\/p>\n<p>Applications : conteneur de transport, r\u00e9servoir iso<\/p>","protected":false},"featured_media":57715,"template":"","meta":{"_acf_changed":false,"_kad_blocks_custom_css":"","_kad_blocks_head_custom_js":"","_kad_blocks_body_custom_js":"","_kad_blocks_footer_custom_js":"","_kad_post_transparent":"default","_kad_post_title":"","_kad_post_layout":"default","_kad_post_sidebar_id":"","_kad_post_content_style":"default","_kad_post_vertical_padding":"default","_kad_post_feature":"","_kad_post_feature_position":"","_kad_post_header":false,"_kad_post_footer":false,"_kad_post_classname":""},"product_brand":[],"product_cat":[164],"product_tag":[60],"class_list":{"0":"post-40149","1":"product","2":"type-product","3":"status-publish","4":"has-post-thumbnail","6":"product_cat-skeletal-trailer","7":"product_tag-3-axle-trailer","9":"first","10":"instock","11":"sold-individually","12":"shipping-taxable","13":"purchasable","14":"product-type-simple","15":"entry","16":"content-bg","17":"loop-entry"},"acf":[],"taxonomy_info":{"product_cat":[{"value":164,"label":"Skeletal Trailer"}],"product_tag":[{"value":60,"label":"3 Axle Trailer"}]},"featured_image_src_large":["https:\/\/www.pandamech.com\/wp-content\/uploads\/2022\/08\/1-1-500-500.jpg",500,500,false],"author_info":[],"comment_info":"","_links":{"self":[{"href":"https:\/\/www.pandamech.com\/france\/wp-json\/wp\/v2\/product\/40149","targetHints":{"allow":["GET"]}}],"collection":[{"href":"https:\/\/www.pandamech.com\/france\/wp-json\/wp\/v2\/product"}],"about":[{"href":"https:\/\/www.pandamech.com\/france\/wp-json\/wp\/v2\/types\/product"}],"version-history":[{"count":1,"href":"https:\/\/www.pandamech.com\/france\/wp-json\/wp\/v2\/product\/40149\/revisions"}],"predecessor-version":[{"id":91244,"href":"https:\/\/www.pandamech.com\/france\/wp-json\/wp\/v2\/product\/40149\/revisions\/91244"}],"wp:featuredmedia":[{"embeddable":true,"href":"https:\/\/www.pandamech.com\/france\/wp-json\/wp\/v2\/media\/57715"}],"wp:attachment":[{"href":"https:\/\/www.pandamech.com\/france\/wp-json\/wp\/v2\/media?parent=40149"}],"wp:term":[{"taxonomy":"product_brand","embeddable":true,"href":"https:\/\/www.pandamech.com\/france\/wp-json\/wp\/v2\/product_brand?post=40149"},{"taxonomy":"product_cat","embeddable":true,"href":"https:\/\/www.pandamech.com\/france\/wp-json\/wp\/v2\/product_cat?post=40149"},{"taxonomy":"product_tag","embeddable":true,"href":"https:\/\/www.pandamech.com\/france\/wp-json\/wp\/v2\/product_tag?post=40149"}],"curies":[{"name":"wp","href":"https:\/\/api.w.org\/{rel}","templated":true}]}}