{"id":38959,"date":"2025-08-22T17:06:35","date_gmt":"2025-08-22T09:06:35","guid":{"rendered":"https:\/\/pandamech.com\/?post_type=product&#038;p=38959"},"modified":"2025-08-24T13:30:43","modified_gmt":"2025-08-24T05:30:43","slug":"40-yard-dump-trailer-for-sale","status":"publish","type":"product","link":"https:\/\/www.pandamech.com\/france\/product\/40-yard-dump-trailer-for-sale\/","title":{"rendered":"40 Yard Dump Trailer For Sale"},"content":{"rendered":"<p>La remorque \u00e0 benne basculante de 40 m\u00e8tres est \u00e9galement connue sous le nom de remorque \u00e0 benne basculante arri\u00e8re de 40 m\u00e8tres. Elle fonctionne \u00e0 l'aide d'une prise de force qui alimente le cylindre en huile, ce qui soul\u00e8ve la caisse, d\u00e9charge la cargaison et am\u00e9liore l'efficacit\u00e9 du d\u00e9chargement.<\/p>\n<p>La remorque \u00e0 benne basculante de 40 verges est largement utilis\u00e9e dans les usines de gr\u00e8s, les chantiers de construction et les mines pour le transport de mat\u00e9riaux tels que le sable, le gravier, les travaux de terrassement et les d\u00e9bris miniers.<\/p>\n<h2>40 Yard Dump Trailer Images<\/h2>\n<p><img fetchpriority=\"high\" decoding=\"async\" class=\"alignnone wp-image-32383 size-full\" src=\"https:\/\/pandamech.com\/wp-content\/uploads\/2022\/10\/tipper-trailer-9.jpg\" alt=\"Remorque de camion-benne de 40 m\u00e8tres \u00e0 vendre\" width=\"750\" height=\"399\" title=\"\"><\/p>\n<p>tri axle 40 yard semi dump trailer for sale<\/p>\n<p><img decoding=\"async\" class=\"alignnone wp-image-32384 size-full\" src=\"https:\/\/pandamech.com\/wp-content\/uploads\/2022\/10\/tipper-trailer-10.jpg\" alt=\"Semi-remorque \u00e0 benne basculante de 40 verges \u00e0 vendre\" width=\"750\" height=\"400\" title=\"\"><\/p>\n<p>Remorque de camion-benne de 40 m\u00e8tres fournisseur\/fabricant<\/p>\n<p><img decoding=\"async\" class=\"alignnone wp-image-32382 size-full\" src=\"https:\/\/pandamech.com\/wp-content\/uploads\/2022\/10\/tipper-trailer-8.jpg\" alt=\"Remorque de camion-benne de 40 verges \u00e0 vendre\" width=\"750\" height=\"400\" title=\"\"><\/p>\n<p>Remorque \u00e0 benne basculante de 40 m\u00e8tres \u00e0 vendre en Chine<\/p>\n<p style=\"text-align: center;\"><a class=\"product_button\" href=\"#elementor-action%3Aaction%3Dpopup%3Aopen%26settings%3DeyJpZCI6Ijk5MDciLCJ0b2dnbGUiOmZhbHNlfQ%3D%3D\">Cliquez pour plus de d\u00e9tails<\/a><\/p>\n<h2>40 Yard Dump TrailerVid\u00e9o<\/h2>\n<p><iframe title=\"Lecteur vid\u00e9o YouTube\" src=\"https:\/\/www.youtube.com\/embed\/uV4awegJhLI\" width=\"800\" height=\"533\" frameborder=\"0\" allowfullscreen=\"allowfullscreen\" data-mce-fragment=\"1\"><\/iframe><\/p>\n<h2>Sp\u00e9cification de la remorque \u00e0 benne basculante de 40 verges<\/h2>\n<table style=\"width: 800px;\" border=\"1\" cellspacing=\"1\" cellpadding=\"1\">\n<tbody>\n<tr>\n<td width=\"313\">\u00a0Fabricant<\/td>\n<td width=\"425\">\u00a0Panda Mech<\/td>\n<\/tr>\n<tr>\n<td>\u00a0Dimension<\/td>\n<td>\u00a026\u2019\u00d78\u2032 6\u201d\u00d711\u2032 4\u201d, 330\u201d\u00d7102\u201d\u00d7135\u201d (L*L*H)<\/td>\n<\/tr>\n<tr>\n<td>\u00a0Volume<\/td>\n<td>\u00a030-60 tonnes<\/td>\n<\/tr>\n<tr>\n<td>\u00a0Plancher<\/td>\n<td>\u00a06-8mm<\/td>\n<\/tr>\n<tr>\n<td>\u00a0Paroi lat\u00e9rale<\/td>\n<td>\u00a03-5mm<\/td>\n<\/tr>\n<tr>\n<td>\u00a0Poutre<\/td>\n<td>\u00a0Domex 600 ou \u00e9quivalent, section \u201cI\u201d en acier, double \u00e2me<\/td>\n<\/tr>\n<tr>\n<td>\u00a0Cylindre<\/td>\n<td>\u00a06 jeux de cylindres inf\u00e9rieurs<\/td>\n<\/tr>\n<tr>\n<td>\u00a0Essieu<\/td>\n<td>\u00a03 essieux<\/td>\n<\/tr>\n<tr>\n<td>\u00a0Pneu<\/td>\n<td>\u00a012.00R20 \/ 13R22.5 ou personnalis\u00e9<\/td>\n<\/tr>\n<tr>\n<td>\u00a0Suspension<\/td>\n<td>\u00a0M\u00e9canique \/ Air \/ Bogie en option<\/td>\n<\/tr>\n<tr>\n<td>\u00a0Jambes<\/td>\n<td>\u00a0Type interchangeable JOST<\/td>\n<\/tr>\n<tr>\n<td>\u00a0Frein<\/td>\n<td>\u00a0Syst\u00e8me de freinage pneumatique double, chambre et valve WABCO<\/td>\n<\/tr>\n<\/tbody>\n<\/table>\n<p style=\"text-align: center;\"><a class=\"product_button\" href=\"#elementor-action%3Aaction%3Dpopup%3Aopen%26settings%3DeyJpZCI6Ijk5MDciLCJ0b2dnbGUiOmZhbHNlfQ%3D%3D\">Cliquez pour plus de d\u00e9tails<\/a><\/p>\n<h2>Avantage de la remorque \u00e0 benne basculante de 40 verges<\/h2>\n<ul>\n<li><strong>Supports<\/strong>Ils sont plus r\u00e9sistants aux contraintes et \u00e0 la fatigue, ce qui leur permet de supporter une utilisation intensive au fil du temps.<\/li>\n<li><strong>Arbre de basculement<\/strong>: L'arbre d'inclinaison a une conception robuste qui permet un fonctionnement stable lors de l'inclinaison, ce qui le rend plus durable et plus s\u00fbr \u00e0 utiliser.<\/li>\n<li><strong>\u00c9liminer<\/strong>: Conception robuste qui permet un actionnement pr\u00e9cis et prot\u00e8ge la bo\u00eete, garantissant un travail en toute s\u00e9curit\u00e9.<\/li>\n<li><strong>Syst\u00e8me de fixation<\/strong>: Le syst\u00e8me de fixation de la porte arri\u00e8re est dot\u00e9 d'un verrouillage automatique qui am\u00e9liore l'efficacit\u00e9 du travail. Conception r\u00e9glable, entretien et remplacement faciles.<\/li>\n<\/ul>\n<h2>40 Yard dump trailer for sale<\/h2>\n<p style=\"text-align: left;\">Panda Mech est un fabricant de remorque de camion \u00e0 benne basculante de 40 verges en Chine. Nous fournissons des remorques \u00e0 benne basculante de 40 verges \u00e0 vendre. Les fabricants de PANDA MECH ont r\u00e9ussi en Asie du Sud-Est, au Moyen-Orient, en Afrique et en Am\u00e9rique du Sud, tels que les Philippines, la Tanzanie, le Nig\u00e9ria, etc...<\/p>\n<p style=\"text-align: left;\"><a href=\"\/france\/contact-us\/\" rel=\"nofollow\"><img loading=\"lazy\" decoding=\"async\" class=\"alignnone\" src=\"https:\/\/pandamech.com\/wp-content\/uploads\/u_file\/db8ce19fe3.jpg\" alt=\"40 Yard dump trailer for sale\" width=\"864\" height=\"213\" title=\"\"><\/a><\/p>\n<p>En rapport :<\/p>\n<p><a href=\"https:\/\/www.pandamech.com\/france\/category\/tipper-trailer\/\" target=\"_blank\" rel=\"noopener\">Remorque \u00e0 benne basculante \u00e0 vendre<\/a><\/p>\n<p><a href=\"https:\/\/www.pandamech.com\/france\/product\/40-ton-half-round-end-dump-trailer\/\">Semi-remorque \u00e0 benne basculante 40 tonnes Wholesale<\/a><\/p>\n<p><a href=\"https:\/\/www.pandamech.com\/product\/60-yard-dump-trailer-for-sale\/\">Remorque \u00e0 benne basculante de 60 verges<\/a><\/p>\n<p><a href=\"https:\/\/www.pandamech.com\/product\/40-cbm-dump-semi-truck-trailer\/\">Vente en gros de remorques \u00e0 benne basculante de 40 cbm<\/a><\/p>\n<p><a href=\"https:\/\/www.pandamech.com\/france\/product\/40-foot-dump-truck-trailer-for-sale\/\">Remorque \u00e0 benne basculante de 40 pieds<\/a><\/p>\n<p>FAQ<\/p>\n<h2>Combien de m\u00e8tres dans une semi-remorque \u00e0 benne basculante ?<\/h2>\n<p>40 yards. Capacit\u00e9 des autres semi-remorques \u00e0 benne basculante : 30 - 60 yards.<\/p>","protected":false},"excerpt":{"rendered":"<p>Mod\u00e8le : 40 yards<\/p>\n<p>Fourchette de prix : 15 000-34 000 USD<\/p>\n<p>D\u00e9lai de livraison : 7-25 jours<\/p>\n<p>Application : transport de charbon, de minerai, de mat\u00e9riaux de construction<\/p>\n<p>Angle d'inclinaison : 45\u00b0<\/p>\n<p>Syst\u00e8me hydraulique : Cylindre HYVA<\/p>","protected":false},"featured_media":58430,"template":"","meta":{"_acf_changed":false,"_kad_blocks_custom_css":"","_kad_blocks_head_custom_js":"","_kad_blocks_body_custom_js":"","_kad_blocks_footer_custom_js":"","_kad_post_transparent":"default","_kad_post_title":"","_kad_post_layout":"default","_kad_post_sidebar_id":"","_kad_post_content_style":"default","_kad_post_vertical_padding":"default","_kad_post_feature":"","_kad_post_feature_position":"","_kad_post_header":false,"_kad_post_footer":false,"_kad_post_classname":""},"product_brand":[],"product_cat":[172],"product_tag":[],"class_list":{"0":"post-38959","1":"product","2":"type-product","3":"status-publish","4":"has-post-thumbnail","6":"product_cat-dump-truck-trailer","8":"first","9":"instock","10":"sold-individually","11":"shipping-taxable","12":"purchasable","13":"product-type-simple","14":"entry","15":"content-bg","16":"loop-entry"},"acf":[],"taxonomy_info":{"product_cat":[{"value":172,"label":"Dump Truck Trailer"}]},"featured_image_src_large":["https:\/\/www.pandamech.com\/wp-content\/uploads\/2022\/10\/tipper-trailer-2-500x500.jpg",500,500,true],"author_info":[],"comment_info":"","_links":{"self":[{"href":"https:\/\/www.pandamech.com\/france\/wp-json\/wp\/v2\/product\/38959","targetHints":{"allow":["GET"]}}],"collection":[{"href":"https:\/\/www.pandamech.com\/france\/wp-json\/wp\/v2\/product"}],"about":[{"href":"https:\/\/www.pandamech.com\/france\/wp-json\/wp\/v2\/types\/product"}],"version-history":[{"count":3,"href":"https:\/\/www.pandamech.com\/france\/wp-json\/wp\/v2\/product\/38959\/revisions"}],"predecessor-version":[{"id":91525,"href":"https:\/\/www.pandamech.com\/france\/wp-json\/wp\/v2\/product\/38959\/revisions\/91525"}],"wp:featuredmedia":[{"embeddable":true,"href":"https:\/\/www.pandamech.com\/france\/wp-json\/wp\/v2\/media\/58430"}],"wp:attachment":[{"href":"https:\/\/www.pandamech.com\/france\/wp-json\/wp\/v2\/media?parent=38959"}],"wp:term":[{"taxonomy":"product_brand","embeddable":true,"href":"https:\/\/www.pandamech.com\/france\/wp-json\/wp\/v2\/product_brand?post=38959"},{"taxonomy":"product_cat","embeddable":true,"href":"https:\/\/www.pandamech.com\/france\/wp-json\/wp\/v2\/product_cat?post=38959"},{"taxonomy":"product_tag","embeddable":true,"href":"https:\/\/www.pandamech.com\/france\/wp-json\/wp\/v2\/product_tag?post=38959"}],"curies":[{"name":"wp","href":"https:\/\/api.w.org\/{rel}","templated":true}]}}