{"id":37935,"date":"2025-08-20T12:27:44","date_gmt":"2025-08-20T04:27:44","guid":{"rendered":"https:\/\/pandamech.com\/?post_type=product&#038;p=37935"},"modified":"2025-08-24T13:52:25","modified_gmt":"2025-08-24T05:52:25","slug":"50-yard-dump-trailer-for-sale","status":"publish","type":"product","link":"https:\/\/www.pandamech.com\/france\/product\/50-yard-dump-trailer-for-sale\/","title":{"rendered":"50 Yard Dump Trailer For Sale"},"content":{"rendered":"<p>Les 50 m\u00e8tres <a href=\"https:\/\/www.pandamech.com\/france\/category\/tipper-trailer\/semi-dump-trailer\/\" target=\"_blank\" rel=\"noopener\">semi-remorque \u00e0 benne basculante<\/a>, La remorque \u00e0 benne basculante, \u00e9galement connue sous le nom de remorque \u00e0 benne arri\u00e8re, se compose d'un ch\u00e2ssis, d'une caisse et d'un syst\u00e8me de levage. Il fonctionne en utilisant une prise de force pour alimenter en huile le cylindre, qui soul\u00e8ve la caisse, d\u00e9charge la cargaison et am\u00e9liore l'efficacit\u00e9 du d\u00e9chargement.<\/p>\n<p>La remorque \u00e0 benne de 50 yards est largement utilis\u00e9e dans les usines de gr\u00e8s, les chantiers de construction et les mines pour le transport de mat\u00e9riaux tels que le sable, le gravier, les travaux de terrassement et les d\u00e9bris miniers.<\/p>\n<h2>50 Yard dump trailer images<\/h2>\n<p><img fetchpriority=\"high\" decoding=\"async\" class=\"alignnone\" src=\"\/wp-content\/uploads\/u_file\/cc98034475.jpg\" alt=\"3 essieux 50 yard dump trailer for sale\" width=\"800\" height=\"533\" title=\"\"><\/p>\n<p>Semi-remorque \u00e0 benne basculante \u00e0 3 essieux et 50 verges<img decoding=\"async\" class=\"alignnone\" style=\"letter-spacing: 0.015em;\" src=\"\/wp-content\/uploads\/u_file\/ae57e85ec2.jpg\" alt=\"3 essieux 50 yard dump trailer for sale\" width=\"800\" height=\"533\" title=\"\"><\/p>\n<p>Semi-remorque \u00e0 benne basculante 50 yard factory<\/p>\n<p style=\"text-align: center;\"><a class=\"product_button\" href=\"#elementor-action%3Aaction%3Dpopup%3Aopen%26settings%3DeyJpZCI6Ijk5MDciLCJ0b2dnbGUiOmZhbHNlfQ%3D%3D\">Cliquez pour plus de d\u00e9tails<\/a><\/p>\n<h2>Vid\u00e9o de la remorque de la semi-remorque \u00e0 benne basculante<\/h2>\n<p><iframe title=\"Lecteur vid\u00e9o YouTube\" src=\"https:\/\/www.youtube.com\/embed\/uV4awegJhLI\" width=\"800\" height=\"533\" frameborder=\"0\" allowfullscreen=\"allowfullscreen\" data-mce-fragment=\"1\"><\/iframe><\/p>\n<h2>Sp\u00e9cification de la remorque \u00e0 benne basculante de 50 yards<\/h2>\n<table style=\"width: 800px;\" border=\"1\" cellspacing=\"1\" cellpadding=\"1\">\n<tbody>\n<tr>\n<td width=\"313\">\u00a0Fabricant<\/td>\n<td width=\"425\">\u00a0Panda Mech 50 yard dump trailer<\/td>\n<\/tr>\n<tr>\n<td>\u00a0Dimension<\/td>\n<td>\u00a026\u2019\u00d78\u2032 6\u201d\u00d711\u2032 4\u201d, 330\u201d\u00d7102\u201d\u00d7135\u201d (L*L*H)<\/td>\n<\/tr>\n<tr>\n<td>\u00a0Volume<\/td>\n<td>\u00a030-60 tonnes<\/td>\n<\/tr>\n<tr>\n<td>\u00a0Plancher<\/td>\n<td>\u00a06-8mm<\/td>\n<\/tr>\n<tr>\n<td>\u00a0Paroi lat\u00e9rale<\/td>\n<td>\u00a03-5mm<\/td>\n<\/tr>\n<tr>\n<td>\u00a0Poutre<\/td>\n<td>\u00a0Domex 600 ou \u00e9quivalent, section \u201cI\u201d en acier, double \u00e2me<\/td>\n<\/tr>\n<tr>\n<td>\u00a0Cylindre<\/td>\n<td>\u00a06 jeux de cylindres inf\u00e9rieurs<\/td>\n<\/tr>\n<tr>\n<td>\u00a0Essieu<\/td>\n<td>\u00a03 essieux<\/td>\n<\/tr>\n<tr>\n<td>\u00a0Pneu<\/td>\n<td>\u00a012.00R20 \/ 13R22.5 ou personnalis\u00e9<\/td>\n<\/tr>\n<tr>\n<td>\u00a0Suspension<\/td>\n<td>\u00a0M\u00e9canique \/ Air \/ Bogie en option<\/td>\n<\/tr>\n<tr>\n<td>\u00a0Jambes<\/td>\n<td>\u00a0Type interchangeable JOST<\/td>\n<\/tr>\n<tr>\n<td>\u00a0Frein<\/td>\n<td>\u00a0Syst\u00e8me de freinage pneumatique double, chambre et valve WABCO<\/td>\n<\/tr>\n<\/tbody>\n<\/table>\n<p style=\"text-align: center;\"><a class=\"product_button\" href=\"#elementor-action%3Aaction%3Dpopup%3Aopen%26settings%3DeyJpZCI6Ijk5MDciLCJ0b2dnbGUiOmZhbHNlfQ%3D%3D\">Cliquez pour plus de d\u00e9tails<\/a><\/p>\n<h2>Avantage de la remorque \u00e0 benne basculante de 50 verges<\/h2>\n<p><strong>Supports<\/strong>Ils sont plus r\u00e9sistants aux contraintes et \u00e0 la fatigue, ce qui leur permet de supporter une utilisation intensive au fil du temps.<\/p>\n<p><strong>Arbre de basculement<\/strong>: L'arbre d'inclinaison a une conception robuste qui permet un fonctionnement stable lors de l'inclinaison, ce qui le rend plus durable et plus s\u00fbr \u00e0 utiliser.<\/p>\n<p><strong>\u00c9liminer<\/strong>: Conception robuste qui permet un actionnement pr\u00e9cis et prot\u00e8ge la bo\u00eete, garantissant un travail en toute s\u00e9curit\u00e9.<\/p>\n<p><strong>Syst\u00e8me de fixation<\/strong>: Le syst\u00e8me de fixation de la porte arri\u00e8re est dot\u00e9 d'un verrouillage automatique qui am\u00e9liore l'efficacit\u00e9 du travail. Conception r\u00e9glable, entretien et remplacement faciles.<\/p>\n<h2>Remorque \u00e0 benne basculante 50 Yards \u00e0 vendre<\/h2>\n<p style=\"text-align: left;\">Panda Mech est un fabricant de remorques \u00e0 benne basculante de 50 verges en Chine. Nous fournissons des remorques \u00e0 benne basculante 50 yard \u00e0 vendre. Les fabricants de PANDA MECH ont r\u00e9ussi en Asie du Sud-Est, au Moyen-Orient, en Afrique et en Am\u00e9rique du Sud, tels que les Philippines, la Tanzanie, le Nig\u00e9ria, etc...<\/p>\n<p style=\"text-align: left;\"><a href=\"\/france\/contact-us\/\" rel=\"nofollow\"><img decoding=\"async\" src=\"https:\/\/pandamech.com\/wp-content\/uploads\/u_file\/db8ce19fe3.jpg\" alt=\"Semi-remorques \u00e0 benne basculante\" title=\"\"><\/a><\/p>\n<p>En rapport :<\/p>\n<p><a href=\"https:\/\/www.pandamech.com\/france\/product\/wholesale-70-ton-dump-trailer\/\">Remorque \u00e0 benne basculante de 60 verges<\/a><\/p>","protected":false},"excerpt":{"rendered":"<p><strong>Mod\u00e8le<\/strong>: 50 m\u00e8tres<\/p>\n<p><strong>Fourchette de prix<\/strong>: 16 000-35 000 USD<\/p>\n<p><strong>Date de livraison<\/strong>7-25 jours<\/p>\n<p><strong>Application<\/strong>Transport Charbon, minerai, mat\u00e9riaux de construction<\/p>\n<p><strong>Angle d'inclinaison<\/strong>: 45\u00b0<\/p>\n<p><strong>Syst\u00e8me hydraulique<\/strong>: Cylindre HYVA<\/p>","protected":false},"featured_media":57742,"template":"","meta":{"_acf_changed":false,"_kad_blocks_custom_css":"","_kad_blocks_head_custom_js":"","_kad_blocks_body_custom_js":"","_kad_blocks_footer_custom_js":"","_kad_post_transparent":"default","_kad_post_title":"","_kad_post_layout":"default","_kad_post_sidebar_id":"","_kad_post_content_style":"default","_kad_post_vertical_padding":"default","_kad_post_feature":"","_kad_post_feature_position":"","_kad_post_header":false,"_kad_post_footer":false,"_kad_post_classname":""},"product_brand":[],"product_cat":[172],"product_tag":[],"class_list":{"0":"post-37935","1":"product","2":"type-product","3":"status-publish","4":"has-post-thumbnail","6":"product_cat-dump-truck-trailer","8":"first","9":"instock","10":"sold-individually","11":"shipping-taxable","12":"purchasable","13":"product-type-simple","14":"entry","15":"content-bg","16":"loop-entry"},"acf":[],"taxonomy_info":{"product_cat":[{"value":172,"label":"Dump Truck Trailer"}]},"featured_image_src_large":["https:\/\/www.pandamech.com\/wp-content\/uploads\/2022\/08\/2-20-500x500.jpg",500,500,true],"author_info":[],"comment_info":"","_links":{"self":[{"href":"https:\/\/www.pandamech.com\/france\/wp-json\/wp\/v2\/product\/37935","targetHints":{"allow":["GET"]}}],"collection":[{"href":"https:\/\/www.pandamech.com\/france\/wp-json\/wp\/v2\/product"}],"about":[{"href":"https:\/\/www.pandamech.com\/france\/wp-json\/wp\/v2\/types\/product"}],"version-history":[{"count":3,"href":"https:\/\/www.pandamech.com\/france\/wp-json\/wp\/v2\/product\/37935\/revisions"}],"predecessor-version":[{"id":91529,"href":"https:\/\/www.pandamech.com\/france\/wp-json\/wp\/v2\/product\/37935\/revisions\/91529"}],"wp:featuredmedia":[{"embeddable":true,"href":"https:\/\/www.pandamech.com\/france\/wp-json\/wp\/v2\/media\/57742"}],"wp:attachment":[{"href":"https:\/\/www.pandamech.com\/france\/wp-json\/wp\/v2\/media?parent=37935"}],"wp:term":[{"taxonomy":"product_brand","embeddable":true,"href":"https:\/\/www.pandamech.com\/france\/wp-json\/wp\/v2\/product_brand?post=37935"},{"taxonomy":"product_cat","embeddable":true,"href":"https:\/\/www.pandamech.com\/france\/wp-json\/wp\/v2\/product_cat?post=37935"},{"taxonomy":"product_tag","embeddable":true,"href":"https:\/\/www.pandamech.com\/france\/wp-json\/wp\/v2\/product_tag?post=37935"}],"curies":[{"name":"wp","href":"https:\/\/api.w.org\/{rel}","templated":true}]}}