{"id":37933,"date":"2023-03-30T11:52:51","date_gmt":"2023-03-30T03:52:51","guid":{"rendered":"https:\/\/pandamech.com\/?post_type=product&#038;p=37933"},"modified":"2025-08-23T01:07:07","modified_gmt":"2025-08-22T17:07:07","slug":"scrap-end-dump-trailers-for-sale","status":"publish","type":"product","link":"https:\/\/www.pandamech.com\/france\/product\/scrap-end-dump-trailers-for-sale\/","title":{"rendered":"Remorques \u00e0 benne basculante pour la ferraille \u00e0 vendre"},"content":{"rendered":"<p>La remorque \u00e0 benne basculante est con\u00e7ue pour le transport et le d\u00e9versement de mat\u00e9riaux de rebut, tels que le m\u00e9tal, le plastique et le bois. Ces remorques sont couramment utilis\u00e9es dans les industries qui g\u00e9n\u00e8rent une quantit\u00e9 importante de mat\u00e9riaux de rebut, comme les chantiers de construction et les usines.<\/p>\n<p>Les remorques \u00e0 benne basculante pour la ferraille sont disponibles en diff\u00e9rentes tailles et capacit\u00e9s de poids, ce qui les rend adapt\u00e9es \u00e0 diff\u00e9rents types et quantit\u00e9s de mat\u00e9riaux de ferraille. Elles sont \u00e9galement dot\u00e9es de dispositifs de s\u00e9curit\u00e9 tels que les freins et l'\u00e9clairage, afin de garantir la s\u00e9curit\u00e9 du transport sur la route.<\/p>\n<h2>\u00a0Images de la remorque \u00e0 benne basculante<\/h2>\n<p><img fetchpriority=\"high\" decoding=\"async\" class=\"alignnone wp-image-32384 size-full\" src=\"https:\/\/pandamech.com\/wp-content\/uploads\/2022\/10\/tipper-trailer-10.jpg\" alt=\"remorque \u00e0 benne basculante pour la ferraille \u00e0 vendre\" width=\"750\" height=\"400\" title=\"\"><\/p>\n<p>bout de ferraille <a class=\"wpil_keyword_link\" title=\"remorque de camion-benne\" href=\"https:\/\/www.pandamech.com\/france\/category\/dump-truck-trailer\/\" target=\"_blank\" rel=\"noopener\" data-wpil-keyword-link=\"linked\">remorque de camion-benne<\/a> \u00e0 vendre<\/p>\n<p><img decoding=\"async\" class=\"alignnone wp-image-32383 size-full\" src=\"https:\/\/pandamech.com\/wp-content\/uploads\/2022\/10\/tipper-trailer-9.jpg\" alt=\"vente de semi-remorques \u00e0 benne basculante \u00e0 la casse\" width=\"750\" height=\"399\" title=\"\"><\/p>\n<p>rebut <a class=\"wpil_keyword_link\" title=\"remorque \u00e0 benne basculante\" href=\"https:\/\/www.pandamech.com\/france\/category\/tipper-trailer\/semi-dump-trailer\/\" target=\"_blank\" rel=\"noopener\" data-wpil-keyword-link=\"linked\">remorque \u00e0 benne basculante<\/a> fabricant<\/p>\n<p><img decoding=\"async\" class=\"alignnone wp-image-32381 size-full\" src=\"https:\/\/pandamech.com\/wp-content\/uploads\/2022\/10\/tipper-trailer-7.jpg\" alt=\"vente de semi-remorques \u00e0 benne basculante pour la ferraille\" width=\"750\" height=\"399\" title=\"\"><\/p>\n<p>Fournisseur de remorques \u00e0 benne basculante pour la ferraille<\/p>\n<p>En rapport : <a href=\"https:\/\/www.pandamech.com\/france\/product\/aggregate-tipping-trailers-for-sale\/\" target=\"_blank\" rel=\"noopener\"><span style=\"color: #0000ff;\">Remorque basculante pour agr\u00e9gats<\/span><\/a>, <a href=\"https:\/\/www.pandamech.com\/france\/product\/4-axle-tipper-trailer-for-sale\/\" target=\"_blank\" rel=\"noopener\"><span style=\"color: #0000ff;\">Remorque de camion \u00e0 benne basculante \u00e0 4 essieux<\/span><\/a><\/p>\n<p style=\"text-align: center;\"><a class=\"product_button\" href=\"#elementor-action%3Aaction%3Dpopup%3Aopen%26settings%3DeyJpZCI6Ijk5MDciLCJ0b2dnbGUiOmZhbHNlfQ%3D%3D\">Obtenir un devis imm\u00e9diat<\/a><\/p>\n<h2>Vid\u00e9o de la remorque de la benne \u00e0 ferraille<\/h2>\n<p><iframe title=\"Lecteur vid\u00e9o YouTube\" src=\"https:\/\/www.youtube.com\/embed\/d_bhwUd_um4\" width=\"750\" height=\"450\" frameborder=\"0\" allowfullscreen=\"allowfullscreen\"><span data-mce-type=\"bookmark\" style=\"display: inline-block; width: 0px; overflow: hidden; line-height: 0;\" class=\"mce_SELRES_start\"><\/span><\/iframe><\/p>\n<h2>Sp\u00e9cification de la remorque \u00e0 benne basculante pour la ferraille<\/h2>\n<table style=\"width: 750px;\" border=\"1\" cellspacing=\"1\" cellpadding=\"1\">\n<tbody>\n<tr>\n<td width=\"208\" height=\"33\">Fabricant<\/td>\n<td width=\"598\">Remorque de camion-benne \u00e0 ferraille Panda Mech<\/td>\n<\/tr>\n<tr>\n<td height=\"33\">Dimension<\/td>\n<td>8000-12000*2500-2800*3500 mm<\/td>\n<\/tr>\n<tr>\n<td height=\"33\">Capacit\u00e9<\/td>\n<td>30-150 tonnes<\/td>\n<\/tr>\n<tr>\n<td height=\"33\">Essieu<\/td>\n<td>Essieux 2\/3\/4<\/td>\n<\/tr>\n<tr>\n<td height=\"33\">Syst\u00e8me hydraulique<\/td>\n<td>Cylindre hydraulique HYVA<\/td>\n<\/tr>\n<tr>\n<td height=\"33\">Cylindre<\/td>\n<td>175, 191, 202, 214 \/ 4TG, 5TG<\/td>\n<\/tr>\n<tr>\n<td height=\"33\">Suspension<\/td>\n<td>M\u00e9canique, air, ressort<\/td>\n<\/tr>\n<tr>\n<td height=\"33\">Kingpin<\/td>\n<td>JOST 2\u2033 ou 3.5 type d\u00e9tachable<\/td>\n<\/tr>\n<tr>\n<td height=\"33\">Train d'atterrissage<\/td>\n<td>JOST 28T<\/td>\n<\/tr>\n<tr>\n<td height=\"33\">Syst\u00e8me de freinage<\/td>\n<td>ABS ou EBS (en option)<\/td>\n<\/tr>\n<tr>\n<td height=\"33\">Pneu<\/td>\n<td>12R 22.5 315\/80 R22.5<\/td>\n<\/tr>\n<tr>\n<td height=\"33\">Chambres de frein<\/td>\n<td>T30\/30<\/td>\n<\/tr>\n<\/tbody>\n<\/table>\n<p style=\"text-align: center;\"><a class=\"product_button\" href=\"#elementor-action%3Aaction%3Dpopup%3Aopen%26settings%3DeyJpZCI6Ijk5MDciLCJ0b2dnbGUiOmZhbHNlfQ%3D%3D\">Cliquez pour plus de d\u00e9tails<\/a><\/p>\n<h2>Dessin d'une semi-remorque \u00e0 benne \u00e0 ordures<\/h2>\n<p><img loading=\"lazy\" decoding=\"async\" class=\"alignnone\" style=\"width: 750px;\" src=\"https:\/\/pandamech.com\/wp-content\/uploads\/2022\/08\/tipper-semi-trailer-3.jpg\" alt=\"Dessin d&#039;une remorque \u00e0 benne basculante en bout de ferraille\" width=\"800\" height=\"420\" title=\"\"><\/p>\n<h2>Caract\u00e9ristiques de la remorque \u00e0 benne basculante pour ferraille<\/h2>\n<ul>\n<li>1. Pour garantir la qualit\u00e9, le soudage est effectu\u00e9 automatiquement par des machines. Apr\u00e8s le soudage, le sablage et le traitement de peinture garantissent que la remorque \u00e0 benne basculante pour ferraille est bien prot\u00e9g\u00e9e contre la corrosion et d'autres dommages.<\/li>\n<li>2. Nous utilisons la norme SABS.<\/li>\n<li>3. Nos produits ont un large \u00e9ventail d'applications, ce qui en fait un atout pr\u00e9cieux pour les industries.<\/li>\n<\/ul>\n<p style=\"text-align: center;\"><a class=\"product_button\" href=\"#elementor-action%3Aaction%3Dpopup%3Aopen%26settings%3DeyJpZCI6Ijk5MDciLCJ0b2dnbGUiOmZhbHNlfQ%3D%3D\">Cliquez pour plus de d\u00e9tails<\/a><\/p>\n<h2>Panda Mech<\/h2>\n<p>Panda Mech est un fabricant chinois de semi-remorques \u00e0 benne basculante pour la ferraille. Nous fournissons des semi-remorques \u00e0 benne basculante 30\/40\/50\/60\/80...150 tonnes pour la vente. Les fabricants de Panda Mech ont connu le succ\u00e8s en Asie du Sud-Est, au Moyen-Orient, en Afrique et en Am\u00e9rique du Sud, tels que les Philippines, la Tanzanie, le Nig\u00e9ria, etc...<\/p>\n<p><a href=\"\/france\/contact-us\/\" rel=\"nofollow\"><img loading=\"lazy\" decoding=\"async\" class=\"alignnone\" src=\"https:\/\/pandamech.com\/wp-content\/uploads\/u_file\/db8ce19fe3.jpg\" alt=\"devis pour remorque de camion semi-remorque \u00e0 benne basculante pour la ferraille\" width=\"864\" height=\"213\" title=\"\"><\/a><\/p>","protected":false},"excerpt":{"rendered":"<p>Mod\u00e8le : Remorque \u00e0 benne basculante pour ferraille<\/p>\n<p>Fourchette de prix : 17 000-36 000 USD<\/p>\n<p>D\u00e9lai de livraison : 7-25 jours<\/p>\n<p>Application : transport de mat\u00e9riaux de rebut<\/p>\n<p>Angle d'inclinaison : 45<\/p>\n<p>Syst\u00e8me hydraulique : Cylindre HYVA<\/p>","protected":false},"featured_media":58430,"template":"","meta":{"_acf_changed":false,"_kad_blocks_custom_css":"","_kad_blocks_head_custom_js":"","_kad_blocks_body_custom_js":"","_kad_blocks_footer_custom_js":"","_kad_post_transparent":"default","_kad_post_title":"","_kad_post_layout":"default","_kad_post_sidebar_id":"","_kad_post_content_style":"default","_kad_post_vertical_padding":"default","_kad_post_feature":"","_kad_post_feature_position":"","_kad_post_header":false,"_kad_post_footer":false,"_kad_post_classname":""},"product_brand":[],"product_cat":[172],"product_tag":[],"class_list":{"0":"post-37933","1":"product","2":"type-product","3":"status-publish","4":"has-post-thumbnail","6":"product_cat-dump-truck-trailer","8":"first","9":"instock","10":"sold-individually","11":"shipping-taxable","12":"purchasable","13":"product-type-simple","14":"entry","15":"content-bg","16":"loop-entry"},"acf":[],"taxonomy_info":{"product_cat":[{"value":172,"label":"Dump Truck Trailer"}]},"featured_image_src_large":["https:\/\/www.pandamech.com\/wp-content\/uploads\/2022\/10\/tipper-trailer-2-500x500.jpg",500,500,true],"author_info":[],"comment_info":"","_links":{"self":[{"href":"https:\/\/www.pandamech.com\/france\/wp-json\/wp\/v2\/product\/37933","targetHints":{"allow":["GET"]}}],"collection":[{"href":"https:\/\/www.pandamech.com\/france\/wp-json\/wp\/v2\/product"}],"about":[{"href":"https:\/\/www.pandamech.com\/france\/wp-json\/wp\/v2\/types\/product"}],"version-history":[{"count":1,"href":"https:\/\/www.pandamech.com\/france\/wp-json\/wp\/v2\/product\/37933\/revisions"}],"predecessor-version":[{"id":91252,"href":"https:\/\/www.pandamech.com\/france\/wp-json\/wp\/v2\/product\/37933\/revisions\/91252"}],"wp:featuredmedia":[{"embeddable":true,"href":"https:\/\/www.pandamech.com\/france\/wp-json\/wp\/v2\/media\/58430"}],"wp:attachment":[{"href":"https:\/\/www.pandamech.com\/france\/wp-json\/wp\/v2\/media?parent=37933"}],"wp:term":[{"taxonomy":"product_brand","embeddable":true,"href":"https:\/\/www.pandamech.com\/france\/wp-json\/wp\/v2\/product_brand?post=37933"},{"taxonomy":"product_cat","embeddable":true,"href":"https:\/\/www.pandamech.com\/france\/wp-json\/wp\/v2\/product_cat?post=37933"},{"taxonomy":"product_tag","embeddable":true,"href":"https:\/\/www.pandamech.com\/france\/wp-json\/wp\/v2\/product_tag?post=37933"}],"curies":[{"name":"wp","href":"https:\/\/api.w.org\/{rel}","templated":true}]}}