{"id":33630,"date":"2025-08-26T16:41:47","date_gmt":"2025-08-26T08:41:47","guid":{"rendered":"https:\/\/pandamech.com\/?post_type=product&#038;p=33630"},"modified":"2025-08-28T18:07:26","modified_gmt":"2025-08-28T10:07:26","slug":"25cbm-dump-semi-trailer","status":"publish","type":"product","link":"https:\/\/www.pandamech.com\/france\/product\/25cbm-dump-semi-trailer\/","title":{"rendered":"25CBM Dump Trailer For Sale"},"content":{"rendered":"<p>La remorque \u00e0 benne basculante 25CBM est une sorte de grande semi-remorque. En g\u00e9n\u00e9ral, lorsque nous la d\u00e9chargeons, nous la conduisons d'abord \u00e0 la position d\u00e9sign\u00e9e, puis nous la soulevons et la d\u00e9chargeons. 25M3 <span style=\"color: #0000ff;\"><a style=\"color: #0000ff;\" href=\"https:\/\/www.pandamech.com\/france\/category\/tipper-trailer\/semi-dump-trailer\/\" target=\"_blank\" rel=\"noopener\">Semi-remorques \u00e0 benne basculante<\/a><\/span> peuvent vous aider \u00e0 transporter et \u00e0 d\u00e9charger facilement des marchandises. Elles sont tr\u00e8s simples \u00e0 utiliser et leur carrosserie est con\u00e7ue pour permettre un d\u00e9chargement rapide. Une remorque basculante de 25 M3 est un autre nom pour une remorque basculante de 25 CBM.<\/p>\n<h2>25 CBM dump trailer images<\/h2>\n<p><img fetchpriority=\"high\" decoding=\"async\" class=\"alignnone\" src=\"https:\/\/pandamech.com\/wp-content\/uploads\/2022\/10\/25cbm-tipper-7.jpg\" alt=\"Remorque \u00e0 benne basculante 25 cbm \u00e0 vendre\" width=\"750\" height=\"400\" title=\"\"><\/p>\n<p>Remorque de camion-benne de 25 cbm \u00e0 vendre<\/p>\n<p><img decoding=\"async\" class=\"alignnone\" src=\"https:\/\/pandamech.com\/wp-content\/uploads\/2022\/10\/25cbm-tipper-8.jpg\" alt=\"Remorque \u00e0 benne basculante 25 cbm \u00e0 3 essieux\" width=\"750\" height=\"399\" title=\"\"><\/p>\n<p>25 cbm heavy duty dump tractor trailer manufacturer in China<\/p>\n<p>En rapport : <a href=\"https:\/\/www.pandamech.com\/product\/40-cbm-dump-semi-truck-trailer\/\" target=\"_blank\" rel=\"noopener\"><span style=\"color: #0000ff;\">Semi-remorque \u00e0 benne basculante 40 cbm<\/span><\/a>, <a href=\"https:\/\/www.pandamech.com\/product\/coal-dump-trailer-for-sale\/\" target=\"_blank\" rel=\"noopener\"><span style=\"color: #0000ff;\">remorque \u00e0 benne \u00e0 charbon<\/span><\/a><\/p>\n<p style=\"text-align: center;\"><a class=\"product_button\" href=\"#elementor-action%3Aaction%3Dpopup%3Aopen%26settings%3DeyJpZCI6Ijk5MDciLCJ0b2dnbGUiOmZhbHNlfQ%3D%3D\">Obtenir un devis imm\u00e9diat<\/a><\/p>\n<h2>Vid\u00e9o sur la remorque \u00e0 benne 25 M3<\/h2>\n<p><iframe title=\"Lecteur vid\u00e9o YouTube\" src=\"https:\/\/www.youtube.com\/embed\/9CVtJSS1v64\" width=\"800\" height=\"533\" frameborder=\"0\" allowfullscreen=\"allowfullscreen\"><span data-mce-type=\"bookmark\" style=\"display: inline-block; width: 0px; overflow: hidden; line-height: 0;\" class=\"mce_SELRES_start\"><\/span><\/iframe><\/p>\n<h2>Sp\u00e9cification de la remorque \u00e0 benne 25 CBM<\/h2>\n<table style=\"width: 800px;\" border=\"1\" cellspacing=\"1\" cellpadding=\"1\">\n<tbody>\n<tr>\n<td width=\"208\" height=\"33\">Fabricant<\/td>\n<td width=\"598\">Panda Mech 25 CBM <a class=\"wpil_keyword_link\" title=\"remorque de camion-benne\" href=\"https:\/\/www.pandamech.com\/france\/category\/dump-truck-trailer\/\" target=\"_blank\" rel=\"noopener\" data-wpil-keyword-link=\"linked\">remorque de camion-benne<\/a><\/td>\n<\/tr>\n<tr>\n<td height=\"33\">Essieu<\/td>\n<td>3 essieux<\/td>\n<\/tr>\n<tr>\n<td height=\"33\">Syst\u00e8me hydraulique<\/td>\n<td>Cylindre hydraulique HYVA<\/td>\n<\/tr>\n<tr>\n<td height=\"33\">Cylindre<\/td>\n<td>175, 191, 202, 214 \/ 4TG, 5TG<\/td>\n<\/tr>\n<tr>\n<td height=\"33\">Suspension<\/td>\n<td>M\u00e9canique, air, ressort<\/td>\n<\/tr>\n<tr>\n<td height=\"33\">Kingpin<\/td>\n<td>JOST 2\u2033 ou 3.5 type d\u00e9tachable<\/td>\n<\/tr>\n<tr>\n<td height=\"33\">Train d'atterrissage<\/td>\n<td>JOST 28T<\/td>\n<\/tr>\n<tr>\n<td height=\"33\">Syst\u00e8me de freinage<\/td>\n<td>ABS ou EBS (en option)<\/td>\n<\/tr>\n<tr>\n<td height=\"33\">Pneu<\/td>\n<td>12R 22.5 315\/80 R22.5<\/td>\n<\/tr>\n<tr>\n<td height=\"33\">Chambres de frein<\/td>\n<td>T30\/30<\/td>\n<\/tr>\n<\/tbody>\n<\/table>\n<p style=\"text-align: center;\"><a class=\"product_button\" href=\"#elementor-action%3Aaction%3Dpopup%3Aopen%26settings%3DeyJpZCI6Ijk5MDciLCJ0b2dnbGUiOmZhbHNlfQ%3D%3D\">Cliquez pour plus de d\u00e9tails<\/a><\/p>\n<h2>Dessin d'une remorque \u00e0 benne basculante de 25 CBM<\/h2>\n<p><img decoding=\"async\" style=\"width: 800px;\" src=\"https:\/\/pandamech.com\/wp-content\/uploads\/2022\/08\/tipper-semi-trailer-3.jpg\" alt=\"Dessin d&#039;une remorque de camion \u00e0 benne basculante \u00e0 trois essieux et demi-tuyau\" height=\"420\" title=\"\"><\/p>\n<p>Dessin d'une semi-remorque \u00e0 benne basculante \u00e0 trois essieux<\/p>\n<h2>Caract\u00e9ristiques de la remorque \u00e0 benne basculante 25 CBM<\/h2>\n<ul>\n<li>1. Apr\u00e8s la production de chaque remorque \u00e0 benne basculante de 25 cbm, celle-ci est soumise \u00e0 plusieurs processus de test.<\/li>\n<li>2. Les lignes adoptent toutes des lampes LED de pointe pour une longue dur\u00e9e de vie.<\/li>\n<li>3. Cylindre hydraulique de marque mondialement connue avec une longue dur\u00e9e de vie.<\/li>\n<\/ul>\n<p style=\"text-align: center;\"><a class=\"product_button\" href=\"#elementor-action%3Aaction%3Dpopup%3Aopen%26settings%3DeyJpZCI6Ijk5MDciLCJ0b2dnbGUiOmZhbHNlfQ%3D%3D\">Cliquez pour plus de d\u00e9tails<\/a><\/p>\n<h2>Panda Mech<\/h2>\n<p>Panda Mech est un fabricant de semi-remorque \u00e0 benne basculante 25 CBM en Chine. Nous fournissons des semi-remorques \u00e0 benne basculante 25 CBM \u00e0 vendre. Les fabricants de Panda Mech ont connu le succ\u00e8s en Asie du Sud-Est, au Moyen-Orient, en Afrique et en Am\u00e9rique du Sud, tels que les Philippines, la Tanzanie, le Nigeria, etc...<\/p>\n<p><a href=\"\/france\/contact-us\/\" rel=\"nofollow\"><img decoding=\"async\" src=\"https:\/\/pandamech.com\/wp-content\/uploads\/u_file\/db8ce19fe3.jpg\" alt=\"30 CBM dump transport transport semi v\u00e9hicule devis\" title=\"\"><\/a><\/p>\n<p>FAQ<\/p>\n<h2 data-start=\"1867\" data-end=\"1928\">Quelle est la diff\u00e9rence entre une benne 25CBM et une benne 30CBM ?<\/h2>\n<p>Les semi-remorques \u00e0 benne basculante 25CBM et 30CBM sont en fait diff\u00e9rentes <strong>en termes de capacit\u00e9, de dimension et de prix<\/strong>. Le 25CBM est plus flexible, adapt\u00e9 au transport de taille moyenne et moins co\u00fbteux. \u00c9videmment, le 30CBM peut transporter plus que le 25CBM, environ 20% de plus, et convient donc mieux au transport \u00e0 grande \u00e9chelle et sur de longues distances, mais le v\u00e9hicule est plus grand et a des exigences plus \u00e9lev\u00e9es en mati\u00e8re de tracteurs et de routes.<\/p>\n<h2 data-start=\"1933\" data-end=\"1982\">Quel poids une remorque \u00e0 benne basculante 25CBM peut-elle transporter ?<\/h2>\n<p data-start=\"1933\" data-end=\"1982\">A <strong data-start=\"2\" data-end=\"24\">Remorque \u00e0 benne basculante 25CBM<\/strong> transporte g\u00e9n\u00e9ralement environ <strong data-start=\"47\" data-end=\"61\">30-40 tonnes<\/strong> de chargement, en fonction de sa conception, du nombre d'essieux et des r\u00e9glementations routi\u00e8res locales.<\/p>\n<p data-start=\"1933\" data-end=\"1982\">En rapport :<\/p>\n<p data-start=\"1933\" data-end=\"1982\"><a href=\"https:\/\/www.pandamech.com\/france\/product\/china-30-cbm-tipper-trailer-wholesale\/\">Remorque \u00e0 benne 30 cbm<\/a><\/p>","protected":false},"excerpt":{"rendered":"<p><strong>Mod\u00e8le<\/strong>Remorque \u00e0 benne basculante de 25 cbm<\/p>\n<p><strong>Fourchette de prix<\/strong>: 13 900-29 000 USD<\/p>\n<p><strong>Date de livraison<\/strong>7-25 jours<\/p>\n<p><strong>Application<\/strong>Transport de charbon, de minerais et de mat\u00e9riaux de construction<\/p>\n<p><strong>Angle d'inclinaison<\/strong>: 45<\/p>\n<p><strong>Syst\u00e8me hydraulique<\/strong>: Cylindre HYVA<\/p>","protected":false},"featured_media":58103,"template":"","meta":{"_acf_changed":false,"_kad_blocks_custom_css":"","_kad_blocks_head_custom_js":"","_kad_blocks_body_custom_js":"","_kad_blocks_footer_custom_js":"","_kad_post_transparent":"default","_kad_post_title":"","_kad_post_layout":"default","_kad_post_sidebar_id":"","_kad_post_content_style":"default","_kad_post_vertical_padding":"default","_kad_post_feature":"","_kad_post_feature_position":"","_kad_post_header":false,"_kad_post_footer":false,"_kad_post_classname":""},"product_brand":[],"product_cat":[106],"product_tag":[],"class_list":{"0":"post-33630","1":"product","2":"type-product","3":"status-publish","4":"has-post-thumbnail","6":"product_cat-semi-dump-trailer","8":"first","9":"instock","10":"sold-individually","11":"shipping-taxable","12":"purchasable","13":"product-type-simple","14":"entry","15":"content-bg","16":"loop-entry"},"acf":[],"taxonomy_info":{"product_cat":[{"value":106,"label":"End Dump Trailer"}]},"featured_image_src_large":["https:\/\/www.pandamech.com\/wp-content\/uploads\/2022\/10\/25cbm-tipper-2-500x500.jpg",500,500,true],"author_info":[],"comment_info":"","_links":{"self":[{"href":"https:\/\/www.pandamech.com\/france\/wp-json\/wp\/v2\/product\/33630","targetHints":{"allow":["GET"]}}],"collection":[{"href":"https:\/\/www.pandamech.com\/france\/wp-json\/wp\/v2\/product"}],"about":[{"href":"https:\/\/www.pandamech.com\/france\/wp-json\/wp\/v2\/types\/product"}],"version-history":[{"count":4,"href":"https:\/\/www.pandamech.com\/france\/wp-json\/wp\/v2\/product\/33630\/revisions"}],"predecessor-version":[{"id":91550,"href":"https:\/\/www.pandamech.com\/france\/wp-json\/wp\/v2\/product\/33630\/revisions\/91550"}],"wp:featuredmedia":[{"embeddable":true,"href":"https:\/\/www.pandamech.com\/france\/wp-json\/wp\/v2\/media\/58103"}],"wp:attachment":[{"href":"https:\/\/www.pandamech.com\/france\/wp-json\/wp\/v2\/media?parent=33630"}],"wp:term":[{"taxonomy":"product_brand","embeddable":true,"href":"https:\/\/www.pandamech.com\/france\/wp-json\/wp\/v2\/product_brand?post=33630"},{"taxonomy":"product_cat","embeddable":true,"href":"https:\/\/www.pandamech.com\/france\/wp-json\/wp\/v2\/product_cat?post=33630"},{"taxonomy":"product_tag","embeddable":true,"href":"https:\/\/www.pandamech.com\/france\/wp-json\/wp\/v2\/product_tag?post=33630"}],"curies":[{"name":"wp","href":"https:\/\/api.w.org\/{rel}","templated":true}]}}