{"id":33042,"date":"2022-10-26T15:58:21","date_gmt":"2022-10-26T07:58:21","guid":{"rendered":"https:\/\/pandamech.com\/product\/58-60m3-bulk-cement-tanker"},"modified":"2025-11-10T18:06:52","modified_gmt":"2025-11-10T10:06:52","slug":"58-60m3-bulk-cement-tanker","status":"publish","type":"product","link":"https:\/\/www.pandamech.com\/france\/product\/58-60m3-bulk-cement-tanker\/","title":{"rendered":"Citerne \u00e0 ciment en vrac 58\/60M3"},"content":{"rendered":"<p>La remorque \u00e0 ciment PANDA est principalement utilis\u00e9e pour transporter le ciment en poudre, la chaux en poudre, les cendres volantes et d'autres mat\u00e9riaux en vrac. Sa m\u00e9thode de d\u00e9chargement est tr\u00e8s simple : le compresseur d'air augmente la pression du r\u00e9servoir jusqu'\u00e0 0,2 Mpa, puis ouvre l'orifice de d\u00e9chargement, et le tuyau de d\u00e9chargement permet le d\u00e9chargement.<\/p>\n<p>La vitesse de d\u00e9chargement est un indice tr\u00e8s important. La vitesse de d\u00e9chargement permet d'am\u00e9liorer l'efficacit\u00e9. PANDA <span style=\"color: #0000ff;\"><a style=\"color: #0000ff;\" href=\"https:\/\/www.pandamech.com\/product\/3-axle-55-ton-cement-bulker-trailer\/\" target=\"_blank\" rel=\"noopener\">vrac de ciment<\/a><\/span> l'efficacit\u00e9 du d\u00e9chargement est sup\u00e9rieure \u00e0 1,5t\/min, en g\u00e9n\u00e9ral, une capacit\u00e9 de 50t <span style=\"color: #0000ff;\"><a style=\"color: #0000ff;\" href=\"https:\/\/www.pandamech.com\/france\/product\/bulk-powder-tanker-p00149p1-html\/\" target=\"_blank\" rel=\"noopener\">camion-citerne \u00e0 ciment<\/a><\/span> Il ne faut qu'environ 30 minutes pour terminer le d\u00e9chargement.<\/p>\n<h2>Caract\u00e9ristiques de la remorque-citerne \u00e0 ciment 60CBM<\/h2>\n<ul>\n<li>1. <a class=\"wpil_keyword_link\" title=\"Remorque de ciment\" href=\"https:\/\/www.pandamech.com\/france\/category\/pneumatic-trailer\/cement-tanker\/\" target=\"_blank\" rel=\"noopener\" data-wpil-keyword-link=\"linked\">Remorque de ciment<\/a> est fabriqu\u00e9 en acier r\u00e9sistant \u00e0 l'usure, plus l\u00e9ger et plus durable.<\/li>\n<li>2. Le vraquier \u00e0 ciment adopte une structure sans plaque de guidage, ce qui le rend plus l\u00e9ger.<\/li>\n<li>3. L'int\u00e9rieur de la cuve est con\u00e7u avec un lit fluidis\u00e9, ce qui rend la vitesse de d\u00e9chargement rapide et le taux r\u00e9siduel faible.<\/li>\n<li>4. L'entr\u00e9e se trouve sur le dessus du camion et le chargement se fait par gravit\u00e9.<\/li>\n<\/ul>\n<p style=\"text-align: center;\"><a class=\"product_button\" href=\"#elementor-action%3Aaction%3Dpopup%3Aopen%26settings%3DeyJpZCI6Ijk5MDciLCJ0b2dnbGUiOmZhbHNlfQ%3D%3D\">Cliquez pour plus de d\u00e9tails<\/a><\/p>\n<h2>Vid\u00e9o de la remorque du camion de ciment<\/h2>\n<p><iframe title=\"Lecteur vid\u00e9o YouTube\" src=\"https:\/\/www.youtube.com\/embed\/6jNy8uXFBjc\" width=\"800\" height=\"533\" frameborder=\"0\" allowfullscreen=\"allowfullscreen\"><\/iframe><\/p>\n<h2>Sp\u00e9cification de la remorque-citerne \u00e0 ciment 60CBM<\/h2>\n<table style=\"width: 800px;\" border=\"1\" cellspacing=\"1\" cellpadding=\"1\">\n<tbody>\n<tr>\n<td width=\"221\" height=\"40\">Marque<\/td>\n<td width=\"515\">PANDA Mech 60m3\/cbm camion-citerne \u00e0 cendres volantes<\/td>\n<\/tr>\n<tr>\n<td width=\"221\" height=\"40\">Moteur<\/td>\n<td width=\"515\">WeiCai Deutz diesel moto<\/td>\n<\/tr>\n<tr>\n<td width=\"221\" height=\"40\">Compresseur<\/td>\n<td width=\"515\">SK 12m3<\/td>\n<\/tr>\n<tr>\n<td width=\"221\" height=\"40\">Couvercle de trou d'homme<\/td>\n<td width=\"515\">2 \u00e0 4 ensembles de 300 mm de diam\u00e8tre<\/td>\n<\/tr>\n<tr>\n<td width=\"221\" height=\"40\">Soupape de d\u00e9charge<\/td>\n<td width=\"515\">Valve \u00e0 disque de 4\u2033 (4\u2033 disc valve)<\/td>\n<\/tr>\n<tr>\n<td width=\"221\" height=\"40\">Mat\u00e9riau du r\u00e9servoir<\/td>\n<td width=\"515\">Acier \u00e0 haute r\u00e9sistance de 5 ou 6 mm<\/td>\n<\/tr>\n<tr>\n<td width=\"221\" height=\"40\">Structure<\/td>\n<td width=\"515\">Q330 acier \u00e0 haute teneur en carbone<\/td>\n<\/tr>\n<tr>\n<td width=\"221\" height=\"40\">Train d'atterrissage<\/td>\n<td width=\"515\">JOST 28T<\/td>\n<\/tr>\n<tr>\n<td width=\"221\" height=\"40\">Suspension<\/td>\n<td width=\"515\">Suspension m\u00e9canique ou suspension pneumatique<\/td>\n<\/tr>\n<tr>\n<td width=\"221\" height=\"40\">Essieu<\/td>\n<td width=\"515\">Essieu 2\/3\/4, essieux 13,16,20 tonnes, BPW ou SAF<\/td>\n<\/tr>\n<tr>\n<td width=\"221\" height=\"40\">Pneu<\/td>\n<td width=\"515\">12R22.5, 385\/65R22.5, 13R22.5, 12.00R24, 315\/80R22.5<\/td>\n<\/tr>\n<tr>\n<td width=\"221\" height=\"40\">Goupille royale<\/td>\n<td width=\"515\">JOST 2\u2033 ou 3.5 type d\u00e9tachable<\/td>\n<\/tr>\n<\/tbody>\n<\/table>\n<p style=\"text-align: center;\"><a class=\"product_button\" href=\"#elementor-action%3Aaction%3Dpopup%3Aopen%26settings%3DeyJpZCI6Ijk5MDciLCJ0b2dnbGUiOmZhbHNlfQ%3D%3D\">Cliquez pour plus de d\u00e9tails<\/a><\/p>\n<h2>Remorque-citerne \u00e0 ciment 60CBM images<\/h2>\n<p><img fetchpriority=\"high\" decoding=\"async\" class=\"alignnone wp-image-32905 size-full\" src=\"https:\/\/pandamech.com\/wp-content\/uploads\/2022\/10\/65cbm-cement-bulker-7.jpg\" alt=\"Remorque de ciment sec \u00e0 3 essieux 58cbm fabricant\" width=\"750\" height=\"400\" title=\"\"><\/p>\n<p>Fabricant de camions de transport de ciment en vrac \u00e0 trois essieux de 70 tonnes<\/p>\n<p><img decoding=\"async\" class=\"alignnone wp-image-32906 size-full\" src=\"https:\/\/pandamech.com\/wp-content\/uploads\/2022\/10\/65cbm-cement-bulker-8.jpg\" alt=\"remorque \u00e0 trois essieux 58m3 pour le transport de la chaux en poudre pour la vente\" width=\"750\" height=\"500\" title=\"\"><\/p>\n<p>58\/60cbm 70 tonnes remorque de transport de ciment fabricant<\/p>\n<p>En rapport : <a href=\"https:\/\/www.pandamech.com\/france\/product\/85-ton-cement-bulker-trailers-price\/\" target=\"_blank\" rel=\"noopener\"><span style=\"color: #0000ff;\">Vraquier \u00e0 ciment de 70 cbm<\/span><\/a>, <a href=\"https:\/\/www.pandamech.com\/france\/product\/50-ton-cement-bulk-trailer-for-sale\/\" target=\"_blank\" rel=\"noopener\"><span style=\"color: #0000ff;\">Remorque de transport de ciment de 50 tonnes<\/span><\/a><\/p>\n<p style=\"text-align: center;\"><a class=\"product_button\" href=\"#elementor-action%3Aaction%3Dpopup%3Aopen%26settings%3DeyJpZCI6Ijk5MDciLCJ0b2dnbGUiOmZhbHNlfQ%3D%3D\">Obtenir un devis imm\u00e9diat<\/a><\/p>\n<h2>Transport maritime d'une remorque-citerne \u00e0 ciment de 60 cbm<\/h2>\n<p>Nous commanderons le Freightliner \u00e0 l'avance, avant que la production ne soit achev\u00e9e, et effectuerons une inspection apr\u00e8s la production. La remorque cimenti\u00e8re de 70 tonnes inspect\u00e9e vous sera exp\u00e9di\u00e9e selon le dernier d\u00e9lai d'exp\u00e9dition.<\/p>\n<p>Afin d'\u00e9viter que la peinture du camion-citerne de 60 m3 de poudre de ciment ne soit corrod\u00e9e par l'eau de mer, nous pulv\u00e9riserons une couche de cire sur la surface de la remorque du camion de 70 tonnes de produits secs en vrac avant le transport.<\/p>\n<p>Nous envelopperons tous les moteurs diesel d'une semi-remorque de 70 tonnes de ciment d'un tissu imperm\u00e9able.<\/p>\n<p><img decoding=\"async\" class=\"alignnone size-full wp-image-33096\" src=\"https:\/\/pandamech.com\/wp-content\/uploads\/2022\/10\/cement-trailer-transport4.jpg\" alt=\"transport de ciment par camion-citerne\" width=\"750\" height=\"400\" title=\"\"><\/p>\n<p style=\"text-align: center;\"><a class=\"product_button\" href=\"#elementor-action%3Aaction%3Dpopup%3Aopen%26settings%3DeyJpZCI6Ijk5MDciLCJ0b2dnbGUiOmZhbHNlfQ%3D%3D\">Obtenir un devis imm\u00e9diat<\/a><\/p>\n<h2>Panda Mech<\/h2>\n<p>Le Panda Mech est un 58\/60cbm de 70 tonnes. <a class=\"wpil_keyword_link\" title=\"camion-citerne \u00e0 ciment\" href=\"https:\/\/www.pandamech.com\/category\/pneumatic-trailer\/cement-bulker\/\" target=\"_blank\" rel=\"noopener\" data-wpil-keyword-link=\"linked\">camion-citerne \u00e0 ciment<\/a> fabricant de remorques en Chine. Nous fournissons des remorques-citernes 58\/60m3 70 tonnes pour la vente. Les fabricants de Panda Mech ont connu le succ\u00e8s en Asie du Sud-Est, au Moyen-Orient, en Afrique et en Am\u00e9rique du Sud, notamment aux Philippines, en Tanzanie, etc...<\/p>\n<p><a href=\"https:\/\/www.pandamech.com\/france\/contact-us\/\" target=\"_blank\" rel=\"noopener\"><img loading=\"lazy\" decoding=\"async\" class=\"alignnone\" src=\"https:\/\/pandamech.com\/wp-content\/uploads\/2021\/08\/quotation.jpg\" alt=\"58\/60 cbm 70 tonnes dry bulk cement carrier trailer quotation\" width=\"864\" height=\"213\" title=\"\"><\/a><\/p>","protected":false},"excerpt":{"rendered":"<p>Type : Vraquier \u00e0 ciment de 58 cbm<\/p>\n<p>Gamme de prix : $17,900-35,900<\/p>\n<p>D\u00e9lai de livraison : 7-25 jours<\/p>\n<p>D\u00e9chargement plus rapide : &gt;1,5 tonne\/min<\/p>\n<p>Application : transport de ciment, de particules de PVC, de cendres volantes, de mat\u00e9riaux granulaires, etc.<\/p>","protected":false},"featured_media":58258,"template":"","meta":{"_acf_changed":false,"_kad_blocks_custom_css":"","_kad_blocks_head_custom_js":"","_kad_blocks_body_custom_js":"","_kad_blocks_footer_custom_js":"","_kad_post_transparent":"default","_kad_post_title":"","_kad_post_layout":"default","_kad_post_sidebar_id":"","_kad_post_content_style":"default","_kad_post_vertical_padding":"default","_kad_post_feature":"","_kad_post_feature_position":"","_kad_post_header":false,"_kad_post_footer":false,"_kad_post_classname":""},"product_brand":[],"product_cat":[101],"product_tag":[],"class_list":{"0":"post-33042","1":"product","2":"type-product","3":"status-publish","4":"has-post-thumbnail","6":"product_cat-cement-tanker","8":"first","9":"instock","10":"sold-individually","11":"shipping-taxable","12":"purchasable","13":"product-type-simple","14":"entry","15":"content-bg","16":"loop-entry"},"acf":[],"taxonomy_info":{"product_cat":[{"value":101,"label":"Cement Tanker For Sale"}]},"featured_image_src_large":["https:\/\/www.pandamech.com\/wp-content\/uploads\/2022\/10\/65cbm-cement-bulker-2-500x500.jpg",500,500,true],"author_info":[],"comment_info":"","_links":{"self":[{"href":"https:\/\/www.pandamech.com\/france\/wp-json\/wp\/v2\/product\/33042","targetHints":{"allow":["GET"]}}],"collection":[{"href":"https:\/\/www.pandamech.com\/france\/wp-json\/wp\/v2\/product"}],"about":[{"href":"https:\/\/www.pandamech.com\/france\/wp-json\/wp\/v2\/types\/product"}],"version-history":[{"count":1,"href":"https:\/\/www.pandamech.com\/france\/wp-json\/wp\/v2\/product\/33042\/revisions"}],"predecessor-version":[{"id":91279,"href":"https:\/\/www.pandamech.com\/france\/wp-json\/wp\/v2\/product\/33042\/revisions\/91279"}],"wp:featuredmedia":[{"embeddable":true,"href":"https:\/\/www.pandamech.com\/france\/wp-json\/wp\/v2\/media\/58258"}],"wp:attachment":[{"href":"https:\/\/www.pandamech.com\/france\/wp-json\/wp\/v2\/media?parent=33042"}],"wp:term":[{"taxonomy":"product_brand","embeddable":true,"href":"https:\/\/www.pandamech.com\/france\/wp-json\/wp\/v2\/product_brand?post=33042"},{"taxonomy":"product_cat","embeddable":true,"href":"https:\/\/www.pandamech.com\/france\/wp-json\/wp\/v2\/product_cat?post=33042"},{"taxonomy":"product_tag","embeddable":true,"href":"https:\/\/www.pandamech.com\/france\/wp-json\/wp\/v2\/product_tag?post=33042"}],"curies":[{"name":"wp","href":"https:\/\/api.w.org\/{rel}","templated":true}]}}