{"id":33041,"date":"2022-10-26T14:20:19","date_gmt":"2022-10-26T06:20:19","guid":{"rendered":"https:\/\/pandamech.com\/product\/55-cbm-cement-truck-trailer"},"modified":"2025-11-10T18:06:52","modified_gmt":"2025-11-10T10:06:52","slug":"55-cbm-cement-truck-trailer","status":"publish","type":"product","link":"https:\/\/www.pandamech.com\/france\/product\/55-cbm-cement-truck-trailer\/","title":{"rendered":"Remorque de camion \u00e0 ciment 3 essieux 55 M3"},"content":{"rendered":"<p>Les remorques \u00e0 ciment courantes sont divis\u00e9es en deux types : le type V et le type W. En fonction du poids \u00e0 transporter et des lois et r\u00e9glementations nationales locales, nous vous recommanderons les sp\u00e9cifications les plus raisonnables.<\/p>\n<p>Le camion-citerne \u00e0 ciment peut \u00eatre utilis\u00e9 pour transporter diff\u00e9rents mat\u00e9riaux en vrac, du ciment, des cendres volantes, de la chaux en poudre, des produits utilisables, y compris de la farine de bl\u00e9, de la farine, etc. <span style=\"color: #0000ff;\"><a style=\"color: #0000ff;\" href=\"https:\/\/www.pandamech.com\/france\/category\/pneumatic-trailer\/cement-tanker\/\" target=\"_blank\" rel=\"noopener\">remorque-citerne \u00e0 ciment<\/a><\/span>, Les mat\u00e9riaux des vraquiers \u00e0 ciment se r\u00e9partissent entre l'acier au carbone, l'acier inoxydable et l'alliage d'aluminium.<\/p>\n<h2>Vid\u00e9o de la remorque du camion de ciment<\/h2>\n<p><iframe title=\"Lecteur vid\u00e9o YouTube\" src=\"https:\/\/www.youtube.com\/embed\/6jNy8uXFBjc\" width=\"800\" height=\"533\" frameborder=\"0\" allowfullscreen=\"allowfullscreen\"><\/iframe><\/p>\n<h2>Caract\u00e9ristiques de la remorque-citerne \u00e0 ciment 55CBM<\/h2>\n<ul>\n<li>1. Pratique : <span style=\"color: #0000ff;\"><a style=\"color: #0000ff;\" href=\"https:\/\/www.pandamech.com\/france\/product\/25-80-ton-cement-silo-semi-trailer\/\" target=\"_blank\" rel=\"noopener\">Semi-remorque silo \u00e0 ciment<\/a><\/span> peut transporter jusqu'\u00e0 120 tonnes de ciment en une seule fois, ce qui repr\u00e9sente un volume de transport important et garantit la qualit\u00e9 du ciment contre l'humidit\u00e9 par rapport aux m\u00e9thodes traditionnelles, et simplifie le processus de chargement et de d\u00e9chargement.<\/li>\n<li>2. Livraison rapide : Une grande quantit\u00e9 de ciment est transport\u00e9e en m\u00eame temps, ce qui est s\u00fbr et stable, et le transport est rapide.<\/li>\n<li>3. Capacit\u00e9 de charge \u00e9lev\u00e9e, jusqu'\u00e0 120 tonnes de ciment \u00e0 la fois, ce qui constitue une solution parfaite pour le transport en toute s\u00e9curit\u00e9 de grandes quantit\u00e9s de ciment, ce qui n'est pas possible avec les m\u00e9thodes traditionnelles de transport du ciment.<\/li>\n<\/ul>\n<p style=\"text-align: center;\"><a class=\"product_button\" href=\"#elementor-action%3Aaction%3Dpopup%3Aopen%26settings%3DeyJpZCI6Ijk5MDciLCJ0b2dnbGUiOmZhbHNlfQ%3D%3D\">Cliquez pour plus de d\u00e9tails<\/a><\/p>\n<h2>Sp\u00e9cification de la remorque-citerne \u00e0 ciment 55CBM<\/h2>\n<table style=\"width: 800px;\" border=\"1\" cellspacing=\"1\" cellpadding=\"1\">\n<tbody>\n<tr>\n<td width=\"221\" height=\"40\">Marque<\/td>\n<td width=\"515\">PANDA Mech 55m3\/cbm <a class=\"wpil_keyword_link\" title=\"vrac de ciment\" href=\"https:\/\/www.pandamech.com\/category\/pneumatic-trailer\/cement-bulker\/\" target=\"_blank\" rel=\"noopener\" data-wpil-keyword-link=\"linked\">vrac de ciment<\/a> camion semi-remorque<\/td>\n<\/tr>\n<tr>\n<td width=\"221\" height=\"40\">Moteur<\/td>\n<td width=\"515\">WeiCai Deutz diesel moto<\/td>\n<\/tr>\n<tr>\n<td width=\"221\" height=\"40\">Compresseur<\/td>\n<td width=\"515\">SK 12m3<\/td>\n<\/tr>\n<tr>\n<td width=\"221\" height=\"40\">Couvercle de trou d'homme<\/td>\n<td width=\"515\">2 \u00e0 4 ensembles de 300 mm de diam\u00e8tre<\/td>\n<\/tr>\n<tr>\n<td width=\"221\" height=\"40\">Soupape de d\u00e9charge<\/td>\n<td width=\"515\">Valve \u00e0 disque de 4\u2033 (4\u2033 disc valve)<\/td>\n<\/tr>\n<tr>\n<td width=\"221\" height=\"40\">Mat\u00e9riau du r\u00e9servoir<\/td>\n<td width=\"515\">Acier \u00e0 haute r\u00e9sistance de 5 ou 6 mm<\/td>\n<\/tr>\n<tr>\n<td width=\"221\" height=\"40\">Structure<\/td>\n<td width=\"515\">Q330 acier \u00e0 haute teneur en carbone<\/td>\n<\/tr>\n<tr>\n<td width=\"221\" height=\"40\">Train d'atterrissage<\/td>\n<td width=\"515\">JOST 28T<\/td>\n<\/tr>\n<tr>\n<td width=\"221\" height=\"40\">Suspension<\/td>\n<td width=\"515\">Suspension m\u00e9canique ou suspension pneumatique<\/td>\n<\/tr>\n<tr>\n<td width=\"221\" height=\"40\">Essieu<\/td>\n<td width=\"515\">Essieu 2\/3\/4, essieux 13,16,20 tonnes, BPW ou SAF<\/td>\n<\/tr>\n<tr>\n<td width=\"221\" height=\"40\">Pneu<\/td>\n<td width=\"515\">12R22.5, 385\/65R22.5, 13R22.5, 12.00R24, 315\/80R22.5<\/td>\n<\/tr>\n<tr>\n<td width=\"221\" height=\"40\">Goupille royale<\/td>\n<td width=\"515\">JOST 2\u2033 ou 3.5 type d\u00e9tachable<\/td>\n<\/tr>\n<\/tbody>\n<\/table>\n<p style=\"text-align: center;\"><a class=\"product_button\" href=\"#elementor-action%3Aaction%3Dpopup%3Aopen%26settings%3DeyJpZCI6Ijk5MDciLCJ0b2dnbGUiOmZhbHNlfQ%3D%3D\">Cliquez pour plus de d\u00e9tails<\/a><\/p>\n<h2>Remorque citerne \u00e0 ciment 55CBM images<\/h2>\n<p><img decoding=\"async\" class=\"alignnone size-full\" src=\"https:\/\/pandamech.com\/wp-content\/uploads\/2022\/10\/55cbm-cement-truck-7.jpg\" alt=\"remorque \u00e0 trois essieux pour cendres volantes \u00e0 vendre\" title=\"\"><\/p>\n<p>55cbm 65 tonnes remorque pneumatique pour ciment fabricant<\/p>\n<p><img decoding=\"async\" class=\"alignnone size-full\" src=\"https:\/\/pandamech.com\/wp-content\/uploads\/2022\/10\/55cbm-cement-truck-8.jpg\" alt=\"Remorque de camion de ciment 55cbm fabricant\" title=\"\"><\/p>\n<p>Camion de transport de ciment en vrac 55cbm 65 tonnes fabricant<\/p>\n<p><img decoding=\"async\" class=\"alignnone size-full\" src=\"https:\/\/pandamech.com\/wp-content\/uploads\/2022\/10\/55cbm-cement-truck-9.jpg\" alt=\"Remorque-citerne \u00e0 ciment 55cbm \u00e0 3 essieux\" title=\"\"><\/p>\n<p>Camion-citerne 55cbm 65 tonnes fabricant de ciment<\/p>\n<p>En rapport : <span style=\"color: #0000ff;\"><a style=\"color: #0000ff;\" href=\"https:\/\/www.pandamech.com\/france\/product\/4-axle-60-ton-cement-bulk-trailers-for-sale\/\" target=\"_blank\" rel=\"noopener\">Citerne \u00e0 ciment \u00e0 4 essieux<\/a><\/span>, <span style=\"color: #0000ff;\"><a style=\"color: #0000ff;\" href=\"https:\/\/www.pandamech.com\/france\/product\/50-ton-cement-bulk-trailer-for-sale\/\" target=\"_blank\" rel=\"noopener\">Citerne \u00e0 ciment \u00e0 3 essieux<\/a><\/span><\/p>\n<p style=\"text-align: center;\"><a class=\"product_button\" href=\"#elementor-action%3Aaction%3Dpopup%3Aopen%26settings%3DeyJpZCI6Ijk5MDciLCJ0b2dnbGUiOmZhbHNlfQ%3D%3D\">Obtenir un devis imm\u00e9diat<\/a><\/p>\n<h2>Transport maritime d'une remorque-citerne \u00e0 ciment de 55 cbm<\/h2>\n<p>Nous commanderons le Freightliner \u00e0 l'avance, avant que la production ne soit achev\u00e9e, et effectuerons une inspection apr\u00e8s la production. La remorque \u00e0 poudre de 65 tonnes inspect\u00e9e vous sera exp\u00e9di\u00e9e selon le dernier d\u00e9lai d'exp\u00e9dition.<\/p>\n<p>Afin d'\u00e9viter que la peinture des 55m3<a href=\"https:\/\/www.pandamech.com\/france\/category\/pneumatic-trailer\/cement-tanker\/\" target=\"_blank\" rel=\"noopener\"><span style=\"color: #0000ff;\"> camion-citerne \u00e0 ciment<\/span><\/a> Pour \u00e9viter la corrosion par l'eau de mer, nous pulv\u00e9risons une couche de cire sur la surface de la remorque porteuse de 65 tonnes de ciment avant le transport.<\/p>\n<p>Nous envelopperons tous les moteurs diesel des v\u00e9hicules de transport de ciment de 65 tonnes d'un tissu imperm\u00e9able.<\/p>\n<p><img fetchpriority=\"high\" decoding=\"async\" class=\"alignnone wp-image-33095 size-full\" src=\"https:\/\/pandamech.com\/wp-content\/uploads\/2022\/10\/cement-trailer-transport-2.jpg\" alt=\"camion-citerne \u00e0 ciment transport maritime\" width=\"750\" height=\"400\" title=\"\"><\/p>\n<p style=\"text-align: center;\"><a class=\"product_button\" href=\"#elementor-action%3Aaction%3Dpopup%3Aopen%26settings%3DeyJpZCI6Ijk5MDciLCJ0b2dnbGUiOmZhbHNlfQ%3D%3D\">Obtenir un devis imm\u00e9diat<\/a><\/p>\n<h2>Panda Mech<\/h2>\n<p>Panda Mech est un 55cbm 65 tonnes <span style=\"color: #0000ff;\"><a style=\"color: #0000ff;\" href=\"https:\/\/www.pandamech.com\/product\/3-axle-55-ton-cement-bulker-trailer\/\" target=\"_blank\" rel=\"noopener\">vrac de ciment<\/a><\/span> Fabricant de remorques de camion en Chine. Nous fournissons des remorques de camion-citerne \u00e0 ciment 55cbm 65 tonnes \u00e0 vendre. Les fabricants de Panda Mech ont connu le succ\u00e8s en Asie du Sud-Est, au Moyen-Orient, en Afrique et en Am\u00e9rique du Sud, notamment aux Philippines, en Tanzanie, etc...<\/p>\n<p><a href=\"https:\/\/www.pandamech.com\/france\/contact-us\/\" target=\"_blank\" rel=\"noopener\"><img decoding=\"async\" class=\"alignnone\" src=\"https:\/\/pandamech.com\/wp-content\/uploads\/2021\/08\/quotation.jpg\" alt=\"Devis d&#039;une remorque porteuse de ciment sec de 65 tonnes\" width=\"864\" height=\"213\" title=\"\"><\/a><\/p>","protected":false},"excerpt":{"rendered":"<p>Type : Vraquier \u00e0 ciment de 55 cbm<\/p>\n<p>Gamme de prix : $17 500-35 900<\/p>\n<p>D\u00e9lai de livraison : 7-25 jours<\/p>\n<p>D\u00e9chargement plus rapide : &gt;1,5 tonne\/min<\/p>\n<p>Application : transport de ciment, de particules de PVC, de cendres volantes, de mat\u00e9riaux granulaires, etc.<\/p>","protected":false},"featured_media":58223,"template":"","meta":{"_acf_changed":false,"_kad_blocks_custom_css":"","_kad_blocks_head_custom_js":"","_kad_blocks_body_custom_js":"","_kad_blocks_footer_custom_js":"","_kad_post_transparent":"default","_kad_post_title":"","_kad_post_layout":"default","_kad_post_sidebar_id":"","_kad_post_content_style":"default","_kad_post_vertical_padding":"default","_kad_post_feature":"","_kad_post_feature_position":"","_kad_post_header":false,"_kad_post_footer":false,"_kad_post_classname":""},"product_brand":[],"product_cat":[101],"product_tag":[],"class_list":{"0":"post-33041","1":"product","2":"type-product","3":"status-publish","4":"has-post-thumbnail","6":"product_cat-cement-tanker","8":"first","9":"instock","10":"sold-individually","11":"shipping-taxable","12":"purchasable","13":"product-type-simple","14":"entry","15":"content-bg","16":"loop-entry"},"acf":[],"taxonomy_info":{"product_cat":[{"value":101,"label":"Cement Tanker For Sale"}]},"featured_image_src_large":["https:\/\/www.pandamech.com\/wp-content\/uploads\/2022\/10\/55cbm-cement-truck-2-500x500.jpg",500,500,true],"author_info":[],"comment_info":"","_links":{"self":[{"href":"https:\/\/www.pandamech.com\/france\/wp-json\/wp\/v2\/product\/33041","targetHints":{"allow":["GET"]}}],"collection":[{"href":"https:\/\/www.pandamech.com\/france\/wp-json\/wp\/v2\/product"}],"about":[{"href":"https:\/\/www.pandamech.com\/france\/wp-json\/wp\/v2\/types\/product"}],"version-history":[{"count":1,"href":"https:\/\/www.pandamech.com\/france\/wp-json\/wp\/v2\/product\/33041\/revisions"}],"predecessor-version":[{"id":91280,"href":"https:\/\/www.pandamech.com\/france\/wp-json\/wp\/v2\/product\/33041\/revisions\/91280"}],"wp:featuredmedia":[{"embeddable":true,"href":"https:\/\/www.pandamech.com\/france\/wp-json\/wp\/v2\/media\/58223"}],"wp:attachment":[{"href":"https:\/\/www.pandamech.com\/france\/wp-json\/wp\/v2\/media?parent=33041"}],"wp:term":[{"taxonomy":"product_brand","embeddable":true,"href":"https:\/\/www.pandamech.com\/france\/wp-json\/wp\/v2\/product_brand?post=33041"},{"taxonomy":"product_cat","embeddable":true,"href":"https:\/\/www.pandamech.com\/france\/wp-json\/wp\/v2\/product_cat?post=33041"},{"taxonomy":"product_tag","embeddable":true,"href":"https:\/\/www.pandamech.com\/france\/wp-json\/wp\/v2\/product_tag?post=33041"}],"curies":[{"name":"wp","href":"https:\/\/api.w.org\/{rel}","templated":true}]}}