{"id":33031,"date":"2022-10-26T08:15:48","date_gmt":"2022-10-26T00:15:48","guid":{"rendered":"https:\/\/pandamech.com\/product\/50-ton-bulk-cement-trailer"},"modified":"2025-11-10T18:06:52","modified_gmt":"2025-11-10T10:06:52","slug":"50-ton-bulk-cement-trailer","status":"publish","type":"product","link":"https:\/\/www.pandamech.com\/france\/product\/50-ton-bulk-cement-trailer\/","title":{"rendered":"Remorque de 50 tonnes de ciment en vrac"},"content":{"rendered":"<p>Les remorques \u00e0 ciment sont utilis\u00e9es dans un large \u00e9ventail d'industries, y compris l'agriculture, l'industrie, le commerce, les centrales \u00e9lectriques, la construction, etc., l'industrie de la construction \u00e9tant la plus utilis\u00e9e. Nous proposons diff\u00e9rentes tailles de citernes \u00e0 ciment \u00e0 vendre, y compris les citernes \u00e0 ciment de 20\/30\/40\/50\/60\/80\/120 tonnes.<\/p>\n<p><span style=\"color: #0000ff;\"><a style=\"color: #0000ff;\" href=\"https:\/\/www.pandamech.com\/france\/product\/bulk-powder-tanker-p00149p1-html\/\" target=\"_blank\" rel=\"noopener\">Citerne \u00e0 poudre<\/a><\/span> Le mat\u00e9riau de la remorque peut \u00eatre divis\u00e9 en acier au carbone et en alliage d'aluminium. La remorque \u00e0 ciment en alliage d'aluminium est relativement l\u00e9g\u00e8re. Pour certains pays dont le poids est limit\u00e9, elle convient parfaitement, mais son prix sera un peu plus \u00e9lev\u00e9 que celui du vraquier \u00e0 ciment en acier au carbone.<\/p>\n<h2>Vid\u00e9o de la remorque du camion de ciment<\/h2>\n<p><iframe title=\"Lecteur vid\u00e9o YouTube\" src=\"https:\/\/www.youtube.com\/embed\/6jNy8uXFBjc\" width=\"800\" height=\"533\" frameborder=\"0\" allowfullscreen=\"allowfullscreen\"><\/iframe><\/p>\n<h2>Remorque de 50 tonnes pour le transport du ciment<\/h2>\n<ul>\n<li>1. La structure du r\u00e9servoir est faite d'acier \u00e0 r\u00e9sistance rigide pour garantir la dur\u00e9e de vie et un poids plus l\u00e9ger.<\/li>\n<li>2. La qualit\u00e9 du soudage est la garantie de la dur\u00e9e de vie de l'appareil. <span style=\"color: #0000ff;\"><a style=\"color: #0000ff;\" href=\"https:\/\/www.pandamech.com\/france\/category\/pneumatic-trailer\/cement-tanker\/\" target=\"_blank\" rel=\"noopener\">remorque \u00e0 ciment<\/a><\/span>, Le processus de soudage et les essais sont particuli\u00e8rement importants.<\/li>\n<li>3. L'ensemble du v\u00e9hicule doit d'abord \u00eatre sabl\u00e9 et nettoy\u00e9, puis peint, et l'appr\u00eat secondaire peut avoir une dur\u00e9e de vie plus longue.<\/li>\n<li>4. L'analyse par \u00e9l\u00e9ments finis et le dessin en 3D permettent d'am\u00e9liorer la conception.<\/li>\n<\/ul>\n<p style=\"text-align: center;\"><a class=\"product_button\" href=\"#elementor-action%3Aaction%3Dpopup%3Aopen%26settings%3DeyJpZCI6Ijk5MDciLCJ0b2dnbGUiOmZhbHNlfQ%3D%3D\">Cliquez pour plus de d\u00e9tails<\/a><\/p>\n<h2>Sp\u00e9cification de la remorque de 50 tonnes pour le transport du ciment<\/h2>\n<table style=\"width: 800px;\" border=\"1\" cellspacing=\"1\" cellpadding=\"1\">\n<tbody>\n<tr>\n<td width=\"221\" height=\"40\">Marque<\/td>\n<td width=\"515\">PANDA Mech 38m3\/cbm camion-citerne \u00e0 ciment en vrac<\/td>\n<\/tr>\n<tr>\n<td width=\"221\" height=\"40\">Moteur<\/td>\n<td width=\"515\">WeiCai Deutz diesel moto<\/td>\n<\/tr>\n<tr>\n<td width=\"221\" height=\"40\">Compresseur<\/td>\n<td width=\"515\">SK 12m3<\/td>\n<\/tr>\n<tr>\n<td width=\"221\" height=\"40\">Couvercle de trou d'homme<\/td>\n<td width=\"515\">2 \u00e0 4 ensembles de 300 mm de diam\u00e8tre<\/td>\n<\/tr>\n<tr>\n<td width=\"221\" height=\"40\">Soupape de d\u00e9charge<\/td>\n<td width=\"515\">Valve \u00e0 disque de 4\u2033 (4\u2033 disc valve)<\/td>\n<\/tr>\n<tr>\n<td width=\"221\" height=\"40\">Mat\u00e9riau du r\u00e9servoir<\/td>\n<td width=\"515\">Acier \u00e0 haute r\u00e9sistance de 5 ou 6 mm<\/td>\n<\/tr>\n<tr>\n<td width=\"221\" height=\"40\">Structure<\/td>\n<td width=\"515\">Q330 acier \u00e0 haute teneur en carbone<\/td>\n<\/tr>\n<tr>\n<td width=\"221\" height=\"40\">Train d'atterrissage<\/td>\n<td width=\"515\">JOST 28T<\/td>\n<\/tr>\n<tr>\n<td width=\"221\" height=\"40\">Suspension<\/td>\n<td width=\"515\">Suspension m\u00e9canique ou suspension pneumatique<\/td>\n<\/tr>\n<tr>\n<td width=\"221\" height=\"40\">Essieu<\/td>\n<td width=\"515\">Essieu 2\/3\/4, essieux 13,16,20 tonnes, BPW ou SAF<\/td>\n<\/tr>\n<tr>\n<td width=\"221\" height=\"40\">Pneu<\/td>\n<td width=\"515\">12R22.5, 385\/65R22.5, 13R22.5, 12.00R24, 315\/80R22.5<\/td>\n<\/tr>\n<tr>\n<td width=\"221\" height=\"40\">Goupille royale<\/td>\n<td width=\"515\">JOST 2\u2033 ou 3.5 type d\u00e9tachable<\/td>\n<\/tr>\n<\/tbody>\n<\/table>\n<p style=\"text-align: center;\"><a class=\"product_button\" href=\"#elementor-action%3Aaction%3Dpopup%3Aopen%26settings%3DeyJpZCI6Ijk5MDciLCJ0b2dnbGUiOmZhbHNlfQ%3D%3D\">Cliquez pour plus de d\u00e9tails<\/a><\/p>\n<h2>Dessin d'une remorque \u00e0 ciment de 50 tonnes<\/h2>\n<p><img decoding=\"async\" class=\"alignnone size-full\" src=\"https:\/\/pandamech.com\/wp-content\/uploads\/2022\/06\/50-ton-cement-bulk-trailer-for-sale.jpg\" alt=\"Dessin d&#039;un vraquier \u00e0 ciment de 50 tonnes\" title=\"\"><\/p>\n<h2>50 Ton cement bulker trailer images<\/h2>\n<p><img fetchpriority=\"high\" decoding=\"async\" class=\"size-full wp-image-58218\" title=\"Citerne \u00e0 ciment de 50 tonnes 9\" src=\"https:\/\/pandamech.com\/wp-content\/uploads\/2022\/10\/50t-cement-tanker-9.jpg\" alt=\"Citerne \u00e0 ciment de 50 tonnes 9\" width=\"750\" height=\"400\" srcset=\"https:\/\/www.pandamech.com\/wp-content\/uploads\/2022\/10\/50t-cement-tanker-9.jpg 750w, https:\/\/www.pandamech.com\/wp-content\/uploads\/2022\/10\/50t-cement-tanker-9-300x160.jpg 300w, https:\/\/www.pandamech.com\/wp-content\/uploads\/2022\/10\/50t-cement-tanker-9-500x267.jpg 500w, https:\/\/www.pandamech.com\/wp-content\/uploads\/2022\/10\/50t-cement-tanker-9-18x10.jpg 18w\" sizes=\"(max-width: 750px) 100vw, 750px\" \/><\/p>\n<p>40cbm 50 tonnes <a class=\"wpil_keyword_link\" title=\"remorque \u00e0 ciment\" href=\"https:\/\/www.pandamech.com\/category\/pneumatic-trailer\/cement-bulker\/\" target=\"_blank\" rel=\"noopener\" data-wpil-keyword-link=\"linked\">remorque \u00e0 ciment<\/a> fabricant<\/p>\n<p><img decoding=\"async\" class=\"size-full wp-image-58216\" title=\"Citerne \u00e0 ciment de 50 tonnes 7\" src=\"https:\/\/pandamech.com\/wp-content\/uploads\/2022\/10\/50t-cement-tanker-7.jpg\" alt=\"Citerne \u00e0 ciment de 50 tonnes 7\" width=\"750\" height=\"399\" srcset=\"https:\/\/www.pandamech.com\/wp-content\/uploads\/2022\/10\/50t-cement-tanker-7.jpg 750w, https:\/\/www.pandamech.com\/wp-content\/uploads\/2022\/10\/50t-cement-tanker-7-300x160.jpg 300w, https:\/\/www.pandamech.com\/wp-content\/uploads\/2022\/10\/50t-cement-tanker-7-500x266.jpg 500w, https:\/\/www.pandamech.com\/wp-content\/uploads\/2022\/10\/50t-cement-tanker-7-18x10.jpg 18w\" sizes=\"(max-width: 750px) 100vw, 750px\" \/><\/p>\n<p>Remorque-citerne \u00e0 ciment 38m3 pour la vente<\/p>\n<p>En rapport : <a href=\"https:\/\/www.pandamech.com\/france\/product\/60-ton-cement-tanker-trailer\/\" target=\"_blank\" rel=\"noopener\"><span style=\"color: #0000ff;\">Bulker \u00e0 ciment de 50cbm<\/span><\/a>, <a href=\"https:\/\/www.pandamech.com\/france\/product\/40-ton-cement-bulker-trailer\/\" target=\"_blank\" rel=\"noopener\"><span style=\"color: #0000ff;\">Citerne \u00e0 ciment de 30 m3<\/span><\/a><\/p>\n<p style=\"text-align: center;\"><a class=\"product_button\" href=\"#elementor-action%3Aaction%3Dpopup%3Aopen%26settings%3DeyJpZCI6Ijk5MDciLCJ0b2dnbGUiOmZhbHNlfQ%3D%3D\">Obtenir un devis imm\u00e9diat<\/a><\/p>\n<h2>Transport maritime d'une remorque de 50 tonnes de ciment<\/h2>\n<p>Nous commanderons le Freightliner \u00e0 l'avance, avant que la production ne soit achev\u00e9e, et effectuerons une inspection une fois la production achev\u00e9e. Le v\u00e9hicule de 50 tonnes de ciment en vrac inspect\u00e9 vous sera exp\u00e9di\u00e9 selon le dernier d\u00e9lai d'exp\u00e9dition.<\/p>\n<p>Afin d'\u00e9viter que la peinture des 40m3 <span style=\"color: #0000ff;\"><a style=\"color: #0000ff;\" href=\"https:\/\/www.pandamech.com\/product\/3-axle-55-ton-cement-bulker-trailer\/\" target=\"_blank\" rel=\"noopener\">camion-citerne \u00e0 ciment<\/a><\/span> de la corrosion par l'eau de mer, nous pulv\u00e9riserons une couche de cire sur la surface des 50 tonnes. <span style=\"color: #0000ff;\"><a style=\"color: #0000ff;\" href=\"https:\/\/www.pandamech.com\/product\/3-axle-55-ton-cement-bulker-trailer\/\" target=\"_blank\" rel=\"noopener\">remorque \u00e0 ciment<\/a><\/span> avant le transport.<\/p>\n<p>Nous envelopperons tous les moteurs diesel de la remorque de 50 tonnes du transporteur de ciment d'un tissu imperm\u00e9able.<\/p>\n<p><img decoding=\"async\" class=\"alignnone size-full wp-image-33094\" src=\"https:\/\/pandamech.com\/wp-content\/uploads\/2022\/10\/cement-trailer-transport-1.jpg\" alt=\"transport de ciment par camion-citerne\" width=\"750\" height=\"400\" title=\"\"><\/p>\n<h2>Panda Mech<\/h2>\n<p>Panda Mech est un fabricant de remorques \u00e0 ciment de 50 tonnes en Chine. Nous fournissons des remorques \u00e0 ciment de 50 tonnes \u00e0 vendre. Les fabricants de Panda Mech ont connu le succ\u00e8s en Asie du Sud-Est, au Moyen-Orient, en Afrique et en Am\u00e9rique du Sud, tels que les Philippines, la Tanzanie, etc...<\/p>\n<p><a href=\"https:\/\/www.pandamech.com\/france\/contact-us\/\" target=\"_blank\" rel=\"noopener\"><img loading=\"lazy\" decoding=\"async\" class=\"alignnone\" src=\"https:\/\/pandamech.com\/wp-content\/uploads\/2021\/08\/quotation.jpg\" alt=\"Devis d&#039;un camion-citerne de 50 tonnes pour le transport de ciment en vrac\" width=\"864\" height=\"213\" title=\"\"><\/a><\/p>","protected":false},"excerpt":{"rendered":"<p>Type : Remorque \u00e0 ciment de 50 tonnes<\/p>\n<p>Gamme de prix : $17 900-33 500<\/p>\n<p>D\u00e9lai de livraison : 7-25 jours<\/p>\n<p>D\u00e9chargement plus rapide : &gt;1,5 tonne\/min<\/p>\n<p>Application : transport de ciment, de particules de PVC, de cendres volantes, de mat\u00e9riaux granulaires, etc.<\/p>","protected":false},"featured_media":58210,"template":"","meta":{"_acf_changed":false,"_kad_blocks_custom_css":"","_kad_blocks_head_custom_js":"","_kad_blocks_body_custom_js":"","_kad_blocks_footer_custom_js":"","_kad_post_transparent":"default","_kad_post_title":"","_kad_post_layout":"default","_kad_post_sidebar_id":"","_kad_post_content_style":"default","_kad_post_vertical_padding":"default","_kad_post_feature":"","_kad_post_feature_position":"","_kad_post_header":false,"_kad_post_footer":false,"_kad_post_classname":""},"product_brand":[],"product_cat":[101],"product_tag":[],"class_list":{"0":"post-33031","1":"product","2":"type-product","3":"status-publish","4":"has-post-thumbnail","6":"product_cat-cement-tanker","8":"first","9":"instock","10":"sold-individually","11":"shipping-taxable","12":"purchasable","13":"product-type-simple","14":"entry","15":"content-bg","16":"loop-entry"},"acf":[],"taxonomy_info":{"product_cat":[{"value":101,"label":"Cement Tanker For Sale"}]},"featured_image_src_large":["https:\/\/www.pandamech.com\/wp-content\/uploads\/2022\/10\/50t-cement-tanker-2-500x500.jpg",500,500,true],"author_info":[],"comment_info":"","_links":{"self":[{"href":"https:\/\/www.pandamech.com\/france\/wp-json\/wp\/v2\/product\/33031","targetHints":{"allow":["GET"]}}],"collection":[{"href":"https:\/\/www.pandamech.com\/france\/wp-json\/wp\/v2\/product"}],"about":[{"href":"https:\/\/www.pandamech.com\/france\/wp-json\/wp\/v2\/types\/product"}],"version-history":[{"count":1,"href":"https:\/\/www.pandamech.com\/france\/wp-json\/wp\/v2\/product\/33031\/revisions"}],"predecessor-version":[{"id":91283,"href":"https:\/\/www.pandamech.com\/france\/wp-json\/wp\/v2\/product\/33031\/revisions\/91283"}],"wp:featuredmedia":[{"embeddable":true,"href":"https:\/\/www.pandamech.com\/france\/wp-json\/wp\/v2\/media\/58210"}],"wp:attachment":[{"href":"https:\/\/www.pandamech.com\/france\/wp-json\/wp\/v2\/media?parent=33031"}],"wp:term":[{"taxonomy":"product_brand","embeddable":true,"href":"https:\/\/www.pandamech.com\/france\/wp-json\/wp\/v2\/product_brand?post=33031"},{"taxonomy":"product_cat","embeddable":true,"href":"https:\/\/www.pandamech.com\/france\/wp-json\/wp\/v2\/product_cat?post=33031"},{"taxonomy":"product_tag","embeddable":true,"href":"https:\/\/www.pandamech.com\/france\/wp-json\/wp\/v2\/product_tag?post=33031"}],"curies":[{"name":"wp","href":"https:\/\/api.w.org\/{rel}","templated":true}]}}